{"id":19488,"date":"2021-09-23T03:05:07","date_gmt":"2021-09-23T03:05:07","guid":{"rendered":"https:\/\/ztsports.com\/?post_type=product&#038;p=19488"},"modified":"2026-02-02T19:46:43","modified_gmt":"2026-02-02T19:46:43","slug":"nagano-skate-package-bronze","status":"publish","type":"product","link":"https:\/\/ztsports.com\/fr\/store\/nagano-skate-package-bronze\/","title":{"rendered":"Nagano Skate PACKAGE BRONZE &#8211; DIAMANT SET"},"content":{"rendered":"<pre class=\"tw-data-text tw-text-large tw-ta\" dir=\"ltr\" data-placeholder=\"Translation\"><span class=\"Y2IQFc\" lang=\"en\"><strong>Nagano Skate BRONZE PACKAGE - DIAMOND SHARPENINGSET \r\nNagano Skate BRONZE PACKAGE - THE DIAMOND SHARPENING SET sont les plaques diamant\u00e9es Signature de Frank, une r\u00e9volution dans le monde du patinage de vitesse.<\/strong> \r\nFabriqu\u00e9es avec des feuilles de diamant exclusives, elles sont extr\u00eamement efficaces. \r\nTout aussi important, elles permettent un aff\u00fbtage de pr\u00e9cision de la plus haute qualit\u00e9 avec des r\u00e9sultats constants.\r\nDiamant d'une excellente durabilit\u00e9. Ne n\u00e9cessite aucun lubrifiant et aucun entretien. \r\nUn simple coup de chiffon sec suffit \u00e0 le nettoyer.\r\nLorsque vous choisissez vos options, notez que plus le chiffre est \u00e9lev\u00e9, plus la pierre est douce.\r\nLe noir est donc plus rugueux et l'or plus doux. \r\n\r\nEn outre, les plaques diamant\u00e9es Frank's Signature sont tout simplement les meilleurs produits d'aff\u00fbtage\r\nsur le march\u00e9 et, en outre, les plus durables. Les diamants de haute qualit\u00e9 sont recherch\u00e9s sur les matrices \r\npour garantir l'uniformit\u00e9 de la surface et donc des r\u00e9sultats optimaux et constants pour l'aff\u00fbtage \r\n. \r\n\r\n<\/span><\/pre>\n<p id=\"tw-target-text\" class=\"tw-data-text tw-ta tw-text-small\" dir=\"ltr\" data-placeholder=\"Traduction\"><span lang=\"en\">L&#8217;aff\u00fbtage au diamant Signature Bronze Package de Frank comprend :<br \/>\n-1 plaque d&#8217;aff\u00fbtage 2&#8221; Noir-Bleu (140-400),<br \/>\n-1 plaque d&#8217;aff\u00fbtage 2&#8221; Rouge-Or (600-1200).<\/span><\/p>\n<p>Et le choix entre:<br \/>\n-1 Plaque de d\ufffd-burinage Bleue-Rouge (400-600)<br \/>\nou<br \/>\n-1 Plaque flexible Frank\u2019s Signature Rouge (600-600)<\/p>\n<h4><strong>Veuillez indiquer votre choix entre la plaque de d\u00e9bourrage Flex ou la plaque de d\u00e9bourrage \u00e0 deux faces dans la section commentaire du panier d&#8217;achat.<\/strong><\/h4>\n<p dir=\"ltr\" data-placeholder=\"Traduction\"><strong>Enfin, Zt Sports vous remercie de nous soutenir, nous, votre revendeur ind\u00e9pendant local.<\/strong><\/p>\n<p dir=\"ltr\" data-placeholder=\"Traduction\">ainsi qu&#8217;un lien vers une vid\u00e9o YouTube o\u00f9 <a href=\"https:\/\/www.youtube.com\/watch?v=QBY-UJy_Uak\" target=\"_blank\" rel=\"noopener\"><strong>Frank explique en d\u00e9tail les plaques diamant\u00e9es Nagano<\/strong><\/a> .<\/p>\n<p>Enfin, vous pouvez trouver tous nos  <a href=\"https:\/\/ztsports.com\/categorie-produit\/pierres-de-diamant-fr\/?lang=fr\"><strong>Pierres \u00e0 aiguiser et \u00e0 fraiser en diamant<\/strong><\/a> ici.<\/p>\n<pre id=\"tw-target-text\" class=\"tw-data-text tw-text-large tw-ta\" dir=\"ltr\" data-placeholder=\"Translation\"><span class=\"Y2IQFc\" lang=\"en\"> <\/span><\/pre>\n","protected":false},"excerpt":{"rendered":"<p>Nagano Skate BRONZE PACKAGE &#8211; DIAMOND SHARPENINGSET Nagano Skate BRONZE PACKAGE &#8211; THE DIAMOND SHARPENING SET sont les plaques diamant\u00e9es Signature de Frank, une r\u00e9volution dans le monde du patinage de vitesse. Fabriqu\u00e9es avec des feuilles de diamant exclusives, elles sont extr\u00eamement efficaces. Tout aussi important, elles permettent un aff\u00fbtage de pr\u00e9cision de la plus [&hellip;]<\/p>\n","protected":false},"featured_media":19490,"comment_status":"open","ping_status":"closed","template":"","meta":{"_acf_changed":false,"_monsterinsights_skip_tracking":false,"_monsterinsights_sitenote_active":false,"_monsterinsights_sitenote_note":"","_monsterinsights_sitenote_category":0,"_uf_show_specific_survey":0,"_uf_disable_surveys":false,"site-sidebar-layout":"default","site-content-layout":"","ast-site-content-layout":"default","site-content-style":"default","site-sidebar-style":"default","ast-global-header-display":"","ast-banner-title-visibility":"","ast-main-header-display":"","ast-hfb-above-header-display":"","ast-hfb-below-header-display":"","ast-hfb-mobile-header-display":"","site-post-title":"","ast-breadcrumbs-content":"","ast-featured-img":"","footer-sml-layout":"","ast-disable-related-posts":"","theme-transparent-header-meta":"default","adv-header-id-meta":"","stick-header-meta":"","header-above-stick-meta":"","header-main-stick-meta":"","header-below-stick-meta":"","astra-migrate-meta-layouts":"set","ast-page-background-enabled":"default","ast-page-background-meta":{"desktop":{"background-color":"","background-image":"","background-repeat":"repeat","background-position":"center center","background-size":"auto","background-attachment":"scroll","background-type":"","background-media":"","overlay-type":"","overlay-color":"","overlay-opacity":"","overlay-gradient":""},"tablet":{"background-color":"","background-image":"","background-repeat":"repeat","background-position":"center center","background-size":"auto","background-attachment":"scroll","background-type":"","background-media":"","overlay-type":"","overlay-color":"","overlay-opacity":"","overlay-gradient":""},"mobile":{"background-color":"","background-image":"","background-repeat":"repeat","background-position":"center center","background-size":"auto","background-attachment":"scroll","background-type":"","background-media":"","overlay-type":"","overlay-color":"","overlay-opacity":"","overlay-gradient":""}},"ast-content-background-meta":{"desktop":{"background-color":"var(--ast-global-color-5)","background-image":"","background-repeat":"repeat","background-position":"center center","background-size":"auto","background-attachment":"scroll","background-type":"","background-media":"","overlay-type":"","overlay-color":"","overlay-opacity":"","overlay-gradient":""},"tablet":{"background-color":"var(--ast-global-color-5)","background-image":"","background-repeat":"repeat","background-position":"center center","background-size":"auto","background-attachment":"scroll","background-type":"","background-media":"","overlay-type":"","overlay-color":"","overlay-opacity":"","overlay-gradient":""},"mobile":{"background-color":"var(--ast-global-color-5)","background-image":"","background-repeat":"repeat","background-position":"center center","background-size":"auto","background-attachment":"scroll","background-type":"","background-media":"","overlay-type":"","overlay-color":"","overlay-opacity":"","overlay-gradient":""}}},"product_brand":[3326],"product_cat":[3389,3392,3396,3393,3470,3467,3873,3469,3515],"product_tag":[],"class_list":{"0":"post-19488","1":"product","2":"type-product","3":"status-publish","4":"has-post-thumbnail","6":"product_brand-nagano","7":"product_cat-accessoires-longue-piste","8":"product_cat-accessoires-short-track","9":"product_cat-accessories","10":"product_cat-aiguisage","11":"product_cat-des-pierres","12":"product_cat-patinage-de-vitesse","13":"product_cat-pierres-de-diamant","15":"product_cat-pierres-de-ronce","16":"desktop-align-left","17":"tablet-align-left","18":"mobile-align-left","20":"first","21":"instock","22":"taxable","23":"shipping-taxable","24":"purchasable","25":"product-type-simple"},"acf":[],"_links":{"self":[{"href":"https:\/\/ztsports.com\/fr\/wp-json\/wp\/v2\/product\/19488","targetHints":{"allow":["GET"]}}],"collection":[{"href":"https:\/\/ztsports.com\/fr\/wp-json\/wp\/v2\/product"}],"about":[{"href":"https:\/\/ztsports.com\/fr\/wp-json\/wp\/v2\/types\/product"}],"replies":[{"embeddable":true,"href":"https:\/\/ztsports.com\/fr\/wp-json\/wp\/v2\/comments?post=19488"}],"version-history":[{"count":1,"href":"https:\/\/ztsports.com\/fr\/wp-json\/wp\/v2\/product\/19488\/revisions"}],"predecessor-version":[{"id":19489,"href":"https:\/\/ztsports.com\/fr\/wp-json\/wp\/v2\/product\/19488\/revisions\/19489"}],"wp:featuredmedia":[{"embeddable":true,"href":"https:\/\/ztsports.com\/fr\/wp-json\/wp\/v2\/media\/19490"}],"wp:attachment":[{"href":"https:\/\/ztsports.com\/fr\/wp-json\/wp\/v2\/media?parent=19488"}],"wp:term":[{"taxonomy":"product_brand","embeddable":true,"href":"https:\/\/ztsports.com\/fr\/wp-json\/wp\/v2\/product_brand?post=19488"},{"taxonomy":"product_cat","embeddable":true,"href":"https:\/\/ztsports.com\/fr\/wp-json\/wp\/v2\/product_cat?post=19488"},{"taxonomy":"product_tag","embeddable":true,"href":"https:\/\/ztsports.com\/fr\/wp-json\/wp\/v2\/product_tag?post=19488"}],"curies":[{"name":"wp","href":"https:\/\/api.w.org\/{rel}","templated":true}]}}