{"id":19486,"date":"2021-09-23T03:05:09","date_gmt":"2021-09-23T03:05:09","guid":{"rendered":"https:\/\/ztsports.com\/?post_type=product&#038;p=19486"},"modified":"2026-02-02T19:46:31","modified_gmt":"2026-02-02T19:46:31","slug":"plaque-daffutage-diamantee-nagano","status":"publish","type":"product","link":"https:\/\/ztsports.com\/fr\/store\/plaque-daffutage-diamantee-nagano\/","title":{"rendered":"Nagano Skate DIAMOND SHARPENING PLATE &#8211; 1 SIDE"},"content":{"rendered":"<h2>Nagano Skate DIAMOND SHARPENING PLATE &#8211; 1 SIDE<\/h2>\n<p>Les plaques d&#8217;aff\u00fbtage diamant\u00e9es de Nagano Skate sont une r\u00e9volution dans le monde du patinage de vitesse. Fabriqu\u00e9es avec des feuilles de diamant exclusives \u00e0 Nagano Skate, elles sont ultras efficaces. Elles permettent un aiguisage de pr\u00e9cision d\u2019une qualit\u00e9 optimale avec des r\u00e9sultats constants. Diamant d\u2019une excellente durabilit\u00e9<\/p>\n<p>Ne n\u00e9cessitent aucun lubrifiant, aucun entretien. La plaque demeurera toujours droite.<\/p>\n<p>Un simple coup de chiffon sec suffit pour la nettoyer au quotidien. Pour la nettoyer afin d\u2019enlever la poussi\u00e8re apr\u00e8s plusieurs aiguisages, du savon doux \u00e0 vaisselle est recommand\u00e9.<\/p>\n<p>En outre, les plaques diamant\u00e9es Frank&#8217;s Signature sont tout simplement les meilleurs produits d&#8217;aff\u00fbtage sur le march\u00e9 et les plus durables. En outre, le diamant de haute qualit\u00e9 est positionn\u00e9 sur des matrices afin d&#8217;assurer l&#8217;uniformit\u00e9 de la surface et donc des r\u00e9sultats optimaux et constants pour l&#8217;aff\u00fbtage.<\/p>\n<p>Les plaques de diamant Frank\u2019s Signature sont une r\u00e9volution dans le monde du patinage de vitesse. Fabriqu\u00e9es avec des feuilles de diamant exclusives \u00e0 Nagano Skate, elles sont ultras efficaces. Elles permettent un aiguisage de pr\u00e9cision d\u2019une qualit\u00e9 optimale avec des r\u00e9sultats constants. Diamant d\u2019une excellente durabilit\u00e9 Ne n\u00e9cessitent aucun lubrifiant, aucun entretien. Un simple coup de chiffon sec suffit \u00e0 le nettoyer.<br \/>\nLorsque vous choisissez vos options, notez que plus le chiffre est \u00e9lev\u00e9, plus la pierre est tendre. Pour la nettoyer afin d\u2019enlever la poussi\u00e8re apr\u00e8s plusieurs aiguisages, du savon doux \u00e0 vaisselle est recommand\u00e9.<\/p>\n<p>Les plaques au diamant Frank\u2019s Signature sont tout simplement les meilleurs produits d\u2019aiguisage au diamant sur le march\u00e9 en plus d\u2019\u00eatr les plus durables. Le diamant de haute qualit\u00e9 est positionn\u00e9 sur des matrices afin d\u2019assurer une uniformit\u00e9 de la surface et par cons\u00e9quent des r\u00e9sultats optimaux et constants pour l\u2019aiguisage.<\/p>\n<p><strong>Enfin, Zt Sports vous remercie de nous soutenir, nous, votre revendeur ind\u00e9pendant local.<\/strong><\/p>\n<p dir=\"ltr\" data-placeholder=\"Traduction\">En outre, vous trouverez un lien vers une vid\u00e9o YouTube dans laquelle <a href=\"https:\/\/www.youtube.com\/watch?v=QBY-UJy_Uak\" target=\"_blank\" rel=\"noopener\"><strong>Frank explique en d\u00e9tail les plaques diamant\u00e9es Nagano<\/strong><\/a> .<\/p>\n<p>Enfin, vous trouverez toutes nos  <a href=\"https:\/\/ztsports.com\/categorie-produit\/pierres-de-diamant-fr\/?lang=fr\"><strong>Pierres \u00e0 aiguiser et \u00e0 fraiser en diamant<\/strong><\/a> ici.<\/p>\n","protected":false},"excerpt":{"rendered":"<p>Nagano Skate DIAMOND SHARPENING PLATE &#8211; 1 SIDE Les plaques d&#8217;aff\u00fbtage diamant\u00e9es de Nagano Skate sont une r\u00e9volution dans le monde du patinage de vitesse. Fabriqu\u00e9es avec des feuilles de diamant exclusives \u00e0 Nagano Skate, elles sont ultras efficaces. Elles permettent un aiguisage de pr\u00e9cision d\u2019une qualit\u00e9 optimale avec des r\u00e9sultats constants. Diamant d\u2019une excellente [&hellip;]<\/p>\n","protected":false},"featured_media":18273,"comment_status":"open","ping_status":"closed","template":"","meta":{"_acf_changed":false,"_monsterinsights_skip_tracking":false,"_monsterinsights_sitenote_active":false,"_monsterinsights_sitenote_note":"","_monsterinsights_sitenote_category":0,"_uf_show_specific_survey":0,"_uf_disable_surveys":false,"site-sidebar-layout":"default","site-content-layout":"","ast-site-content-layout":"default","site-content-style":"default","site-sidebar-style":"default","ast-global-header-display":"","ast-banner-title-visibility":"","ast-main-header-display":"","ast-hfb-above-header-display":"","ast-hfb-below-header-display":"","ast-hfb-mobile-header-display":"","site-post-title":"","ast-breadcrumbs-content":"","ast-featured-img":"","footer-sml-layout":"","ast-disable-related-posts":"","theme-transparent-header-meta":"default","adv-header-id-meta":"","stick-header-meta":"","header-above-stick-meta":"","header-main-stick-meta":"","header-below-stick-meta":"","astra-migrate-meta-layouts":"set","ast-page-background-enabled":"default","ast-page-background-meta":{"desktop":{"background-color":"","background-image":"","background-repeat":"repeat","background-position":"center center","background-size":"auto","background-attachment":"scroll","background-type":"","background-media":"","overlay-type":"","overlay-color":"","overlay-opacity":"","overlay-gradient":""},"tablet":{"background-color":"","background-image":"","background-repeat":"repeat","background-position":"center center","background-size":"auto","background-attachment":"scroll","background-type":"","background-media":"","overlay-type":"","overlay-color":"","overlay-opacity":"","overlay-gradient":""},"mobile":{"background-color":"","background-image":"","background-repeat":"repeat","background-position":"center center","background-size":"auto","background-attachment":"scroll","background-type":"","background-media":"","overlay-type":"","overlay-color":"","overlay-opacity":"","overlay-gradient":""}},"ast-content-background-meta":{"desktop":{"background-color":"var(--ast-global-color-5)","background-image":"","background-repeat":"repeat","background-position":"center center","background-size":"auto","background-attachment":"scroll","background-type":"","background-media":"","overlay-type":"","overlay-color":"","overlay-opacity":"","overlay-gradient":""},"tablet":{"background-color":"var(--ast-global-color-5)","background-image":"","background-repeat":"repeat","background-position":"center center","background-size":"auto","background-attachment":"scroll","background-type":"","background-media":"","overlay-type":"","overlay-color":"","overlay-opacity":"","overlay-gradient":""},"mobile":{"background-color":"var(--ast-global-color-5)","background-image":"","background-repeat":"repeat","background-position":"center center","background-size":"auto","background-attachment":"scroll","background-type":"","background-media":"","overlay-type":"","overlay-color":"","overlay-opacity":"","overlay-gradient":""}}},"product_brand":[3326],"product_cat":[3743,3455,3393,3470,3873,3469],"product_tag":[3990,2071,2501,3991],"class_list":{"0":"post-19486","1":"product","2":"type-product","3":"status-publish","4":"has-post-thumbnail","6":"product_brand-nagano","7":"product_cat-accessoires-daffutage","8":"product_cat-accessories","9":"product_cat-aiguisage","10":"product_cat-des-pierres","11":"product_cat-pierres-de-diamant","13":"product_tag-diamant1sided","14":"product_tag-nagano","15":"product_tag-nagano-skate-diamond","16":"product_tag-plaque-daffutage","17":"desktop-align-left","18":"tablet-align-left","19":"mobile-align-left","21":"first","22":"instock","23":"taxable","24":"shipping-taxable","25":"purchasable","26":"product-type-simple"},"acf":[],"_links":{"self":[{"href":"https:\/\/ztsports.com\/fr\/wp-json\/wp\/v2\/product\/19486","targetHints":{"allow":["GET"]}}],"collection":[{"href":"https:\/\/ztsports.com\/fr\/wp-json\/wp\/v2\/product"}],"about":[{"href":"https:\/\/ztsports.com\/fr\/wp-json\/wp\/v2\/types\/product"}],"replies":[{"embeddable":true,"href":"https:\/\/ztsports.com\/fr\/wp-json\/wp\/v2\/comments?post=19486"}],"version-history":[{"count":1,"href":"https:\/\/ztsports.com\/fr\/wp-json\/wp\/v2\/product\/19486\/revisions"}],"predecessor-version":[{"id":19487,"href":"https:\/\/ztsports.com\/fr\/wp-json\/wp\/v2\/product\/19486\/revisions\/19487"}],"wp:featuredmedia":[{"embeddable":true,"href":"https:\/\/ztsports.com\/fr\/wp-json\/wp\/v2\/media\/18273"}],"wp:attachment":[{"href":"https:\/\/ztsports.com\/fr\/wp-json\/wp\/v2\/media?parent=19486"}],"wp:term":[{"taxonomy":"product_brand","embeddable":true,"href":"https:\/\/ztsports.com\/fr\/wp-json\/wp\/v2\/product_brand?post=19486"},{"taxonomy":"product_cat","embeddable":true,"href":"https:\/\/ztsports.com\/fr\/wp-json\/wp\/v2\/product_cat?post=19486"},{"taxonomy":"product_tag","embeddable":true,"href":"https:\/\/ztsports.com\/fr\/wp-json\/wp\/v2\/product_tag?post=19486"}],"curies":[{"name":"wp","href":"https:\/\/api.w.org\/{rel}","templated":true}]}}