{"id":19474,"date":"2021-09-23T03:06:58","date_gmt":"2021-09-23T03:06:58","guid":{"rendered":"https:\/\/ztsports.com\/?post_type=product&#038;p=19474"},"modified":"2026-02-02T19:31:59","modified_gmt":"2026-02-02T19:31:59","slug":"688-mini-entretoise","status":"publish","type":"product","link":"https:\/\/ztsports.com\/fr\/store\/688-mini-entretoise\/","title":{"rendered":"688 MINI ENTRETOISE \/ 688 MINI INLINE SPACER Cadomotus"},"content":{"rendered":"<h1>688 MINI ENTRETOISE EN LIGNE<\/h1>\n<p>Ces MINI INLINE SPACER sont fabriqu\u00e9s \u00e0 partir d&#8217;aluminium de qualit\u00e9 a\u00e9ronautique, ce qui les rend tr\u00e8s l\u00e9gers. Vendu \u00e0 l&#8217;unit\u00e9.<\/p>\n<p>Enfin, saviez-vous que les roulements 688 Mini peuvent \u00e9galement \u00eatre utilis\u00e9s dans un moyeu de roue standard avec une <strong><a href=\"https:\/\/ztsports.com\/product\/ninja-minimier-adaptors-608-688\/\">douille d&#8217;adaptation ?<\/a> Ninja Mini Minimier<\/strong><\/p>\n<p>D\u00e9couvrez tous nos roulements, pi\u00e8ces et outils ici. <a href=\"https:\/\/ztsports.com\/product-category\/roller-skates\/bearings-tools\/\"><strong>roulements, pi\u00e8ces et outils ici.<\/strong><\/a><\/p>\n","protected":false},"excerpt":{"rendered":"<p>688 MINI ENTRETOISE EN LIGNE Ces MINI INLINE SPACER sont fabriqu\u00e9s \u00e0 partir d&#8217;aluminium de qualit\u00e9 a\u00e9ronautique, ce qui les rend tr\u00e8s l\u00e9gers. Vendu \u00e0 l&#8217;unit\u00e9. Enfin, saviez-vous que les roulements 688 Mini peuvent \u00e9galement \u00eatre utilis\u00e9s dans un moyeu de roue standard avec une douille d&#8217;adaptation ? Ninja Mini Minimier D\u00e9couvrez tous nos roulements, [&hellip;]<\/p>\n","protected":false},"featured_media":19476,"comment_status":"open","ping_status":"closed","template":"","meta":{"_acf_changed":false,"_monsterinsights_skip_tracking":false,"_monsterinsights_sitenote_active":false,"_monsterinsights_sitenote_note":"","_monsterinsights_sitenote_category":0,"_uf_show_specific_survey":0,"_uf_disable_surveys":false,"site-sidebar-layout":"default","site-content-layout":"","ast-site-content-layout":"default","site-content-style":"default","site-sidebar-style":"default","ast-global-header-display":"","ast-banner-title-visibility":"","ast-main-header-display":"","ast-hfb-above-header-display":"","ast-hfb-below-header-display":"","ast-hfb-mobile-header-display":"","site-post-title":"","ast-breadcrumbs-content":"","ast-featured-img":"","footer-sml-layout":"","ast-disable-related-posts":"","theme-transparent-header-meta":"default","adv-header-id-meta":"","stick-header-meta":"","header-above-stick-meta":"","header-main-stick-meta":"","header-below-stick-meta":"","astra-migrate-meta-layouts":"set","ast-page-background-enabled":"default","ast-page-background-meta":{"desktop":{"background-color":"","background-image":"","background-repeat":"repeat","background-position":"center center","background-size":"auto","background-attachment":"scroll","background-type":"","background-media":"","overlay-type":"","overlay-color":"","overlay-opacity":"","overlay-gradient":""},"tablet":{"background-color":"","background-image":"","background-repeat":"repeat","background-position":"center center","background-size":"auto","background-attachment":"scroll","background-type":"","background-media":"","overlay-type":"","overlay-color":"","overlay-opacity":"","overlay-gradient":""},"mobile":{"background-color":"","background-image":"","background-repeat":"repeat","background-position":"center center","background-size":"auto","background-attachment":"scroll","background-type":"","background-media":"","overlay-type":"","overlay-color":"","overlay-opacity":"","overlay-gradient":""}},"ast-content-background-meta":{"desktop":{"background-color":"var(--ast-global-color-5)","background-image":"","background-repeat":"repeat","background-position":"center center","background-size":"auto","background-attachment":"scroll","background-type":"","background-media":"","overlay-type":"","overlay-color":"","overlay-opacity":"","overlay-gradient":""},"tablet":{"background-color":"var(--ast-global-color-5)","background-image":"","background-repeat":"repeat","background-position":"center center","background-size":"auto","background-attachment":"scroll","background-type":"","background-media":"","overlay-type":"","overlay-color":"","overlay-opacity":"","overlay-gradient":""},"mobile":{"background-color":"var(--ast-global-color-5)","background-image":"","background-repeat":"repeat","background-position":"center center","background-size":"auto","background-attachment":"scroll","background-type":"","background-media":"","overlay-type":"","overlay-color":"","overlay-opacity":"","overlay-gradient":""}}},"product_brand":[3285,3289,3319,3327],"product_cat":[3402,3381,3429,3407,3409],"product_tag":[2549,2550,3988,3989],"class_list":{"0":"post-19474","1":"product","2":"type-product","3":"status-publish","4":"has-post-thumbnail","6":"product_brand-bont","7":"product_brand-cadomotus","8":"product_brand-maplez","9":"product_brand-ninja","10":"product_cat-en-ligne","11":"product_cat-patinage-de-vitesse-en-ligne","12":"product_cat-pieces-et-outils","13":"product_cat-roulements","14":"product_cat-roulements-et-outils","15":"product_tag-2549","16":"product_tag-688-mini","17":"product_tag-espaceur-en-ligne","18":"product_tag-mini-entretoise-en-ligne","19":"desktop-align-left","20":"tablet-align-left","21":"mobile-align-left","23":"first","24":"instock","25":"taxable","26":"shipping-taxable","27":"purchasable","28":"product-type-simple"},"acf":[],"_links":{"self":[{"href":"https:\/\/ztsports.com\/fr\/wp-json\/wp\/v2\/product\/19474","targetHints":{"allow":["GET"]}}],"collection":[{"href":"https:\/\/ztsports.com\/fr\/wp-json\/wp\/v2\/product"}],"about":[{"href":"https:\/\/ztsports.com\/fr\/wp-json\/wp\/v2\/types\/product"}],"replies":[{"embeddable":true,"href":"https:\/\/ztsports.com\/fr\/wp-json\/wp\/v2\/comments?post=19474"}],"version-history":[{"count":1,"href":"https:\/\/ztsports.com\/fr\/wp-json\/wp\/v2\/product\/19474\/revisions"}],"predecessor-version":[{"id":19475,"href":"https:\/\/ztsports.com\/fr\/wp-json\/wp\/v2\/product\/19474\/revisions\/19475"}],"wp:featuredmedia":[{"embeddable":true,"href":"https:\/\/ztsports.com\/fr\/wp-json\/wp\/v2\/media\/19476"}],"wp:attachment":[{"href":"https:\/\/ztsports.com\/fr\/wp-json\/wp\/v2\/media?parent=19474"}],"wp:term":[{"taxonomy":"product_brand","embeddable":true,"href":"https:\/\/ztsports.com\/fr\/wp-json\/wp\/v2\/product_brand?post=19474"},{"taxonomy":"product_cat","embeddable":true,"href":"https:\/\/ztsports.com\/fr\/wp-json\/wp\/v2\/product_cat?post=19474"},{"taxonomy":"product_tag","embeddable":true,"href":"https:\/\/ztsports.com\/fr\/wp-json\/wp\/v2\/product_tag?post=19474"}],"curies":[{"name":"wp","href":"https:\/\/api.w.org\/{rel}","templated":true}]}}