{"id":19464,"date":"2021-09-23T02:02:15","date_gmt":"2021-09-23T02:02:15","guid":{"rendered":"https:\/\/ztsports.com\/?post_type=product&#038;p=19464"},"modified":"2026-02-02T20:58:07","modified_gmt":"2026-02-02T20:58:07","slug":"bont-patriot-fiber-glass-st-boots","status":"publish","type":"product","link":"https:\/\/ztsports.com\/fr\/store\/bont-patriot-fiber-glass-st-boots\/","title":{"rendered":"BONT PATRIOT Super Vente"},"content":{"rendered":"<h1><span data-sheets-value=\"{\"1\":2,\"2\":\"BOTTES BONT PATRIOT FIBRE DE VERRE COURTE PISTE\nPartie sup\u00e9rieure faite de mat\u00e9riaux composites. Coque en fibre de verre.\nExcellentes pour d\u00e9butant ou botte de club.\nIndice de rigidit\u00e9 : moyen.\nThermo moulable.\"}\" data-sheets-userformat=\"{\"2\":513,\"3\":{\"1\":0},\"12\":0}\"> BONT PATRIOT <\/span><\/h1>\n<p>Le Bont <span class=\"Y2IQFc\" lang=\"en\">La partie sup\u00e9rieure des PATRIOT BOOTS est constitu\u00e9e de mat\u00e9riaux composites. avec une coque en fibre de verre. Excellent pour les d\u00e9butants ou les chaussures de club. Indice de rigidit\u00e9 : moyen. Thermo-moulable.<\/span><\/p>\n<p>Les patineurs de courte piste se sentent indestructibles. C&#8217;est une attitude qui leur permet de repousser toutes les limites.<\/p>\n<p>Pr\u00e9sentation du Patriote. Il n&#8217;est pas difficile de retrouver notre riche tradition de lignes \u00e9pur\u00e9es et d&#8217;attitude franche dans notre dernier mod\u00e8le Short Track. Nous sommes une marque qui continue \u00e0 refuser les id\u00e9es re\u00e7ues tout en poussant nos propres mod\u00e8les classiques au moins un peu plus loin \u00e0 chaque fois.<\/p>\n<p>La Patriot est une chaussure qui devrait co\u00fbter plus de 1000 $, avec des fibres de carbone pos\u00e9es \u00e0 la main et le syst\u00e8me unique d&#8217;enveloppement par pression de Bonts qui \u00e9limine plus d&#8217;exc\u00e8s de r\u00e9sine que n&#8217;importe quelle autre technique de pose de carbone.<\/p>\n<p>D\u00e9couvrez les caract\u00e9ristiques avanc\u00e9es de la Patriot pour le short track &#8211; une botte de performance moyenne con\u00e7ue avec des mat\u00e9riaux composites. Thermo-moulable pour un ajustement parfait, avec un lacet de recouvrement et une bande velcro pour un soutien suppl\u00e9mentaire. Un choix \u00e9tonnant pour une botte de d\u00e9butant &#8211; de plus, vous pouvez b\u00e9n\u00e9ficier d&#8217;\u00e9conomies encore plus importantes gr\u00e2ce aux prix du club !<\/p>\n<p><strong>Maintenant \u00e0 un prix r\u00e9duit sur les tailles en stock<\/strong><\/p>\n<h5 class=\"tw-data-text tw-text-large tw-ta\" dir=\"ltr\" data-placeholder=\"Translation\">Maintenant une vid\u00e9o sur <a href=\"https:\/\/www.youtube.com\/watch?v=2AfKfzVSCWk\" target=\"_blank\" rel=\"noopener\"><strong>Le moulage \u00e0 chaud de vos bottes Bont. <\/strong><\/a> <\/h5>\n<p>Enfin, d\u00e9couvrez toutes nos <a href=\"https:\/\/ztsports.com\/categorie-produit\/bottes\/?lang=fr\"><strong>Bottes Short Track ici<\/strong><\/a>.<\/p>\n","protected":false},"excerpt":{"rendered":"<p>BONT PATRIOT Le Bont La partie sup\u00e9rieure des PATRIOT BOOTS est constitu\u00e9e de mat\u00e9riaux composites. avec une coque en fibre de verre. Excellent pour les d\u00e9butants ou les chaussures de club. Indice de rigidit\u00e9 : moyen. Thermo-moulable. Les patineurs de courte piste se sentent indestructibles. C&#8217;est une attitude qui leur permet de repousser toutes les [&hellip;]<\/p>\n","protected":false},"featured_media":19466,"comment_status":"open","ping_status":"closed","template":"","meta":{"_acf_changed":false,"_monsterinsights_skip_tracking":false,"_monsterinsights_sitenote_active":false,"_monsterinsights_sitenote_note":"","_monsterinsights_sitenote_category":0,"_uf_show_specific_survey":0,"_uf_disable_surveys":false,"site-sidebar-layout":"default","site-content-layout":"","ast-site-content-layout":"default","site-content-style":"default","site-sidebar-style":"default","ast-global-header-display":"","ast-banner-title-visibility":"","ast-main-header-display":"","ast-hfb-above-header-display":"","ast-hfb-below-header-display":"","ast-hfb-mobile-header-display":"","site-post-title":"","ast-breadcrumbs-content":"","ast-featured-img":"","footer-sml-layout":"","ast-disable-related-posts":"","theme-transparent-header-meta":"default","adv-header-id-meta":"","stick-header-meta":"","header-above-stick-meta":"","header-main-stick-meta":"","header-below-stick-meta":"","astra-migrate-meta-layouts":"set","ast-page-background-enabled":"default","ast-page-background-meta":{"desktop":{"background-color":"","background-image":"","background-repeat":"repeat","background-position":"center center","background-size":"auto","background-attachment":"scroll","background-type":"","background-media":"","overlay-type":"","overlay-color":"","overlay-opacity":"","overlay-gradient":""},"tablet":{"background-color":"","background-image":"","background-repeat":"repeat","background-position":"center center","background-size":"auto","background-attachment":"scroll","background-type":"","background-media":"","overlay-type":"","overlay-color":"","overlay-opacity":"","overlay-gradient":""},"mobile":{"background-color":"","background-image":"","background-repeat":"repeat","background-position":"center center","background-size":"auto","background-attachment":"scroll","background-type":"","background-media":"","overlay-type":"","overlay-color":"","overlay-opacity":"","overlay-gradient":""}},"ast-content-background-meta":{"desktop":{"background-color":"var(--ast-global-color-5)","background-image":"","background-repeat":"repeat","background-position":"center center","background-size":"auto","background-attachment":"scroll","background-type":"","background-media":"","overlay-type":"","overlay-color":"","overlay-opacity":"","overlay-gradient":""},"tablet":{"background-color":"var(--ast-global-color-5)","background-image":"","background-repeat":"repeat","background-position":"center center","background-size":"auto","background-attachment":"scroll","background-type":"","background-media":"","overlay-type":"","overlay-color":"","overlay-opacity":"","overlay-gradient":""},"mobile":{"background-color":"var(--ast-global-color-5)","background-image":"","background-repeat":"repeat","background-position":"center center","background-size":"auto","background-attachment":"scroll","background-type":"","background-media":"","overlay-type":"","overlay-color":"","overlay-opacity":"","overlay-gradient":""}}},"product_brand":[3285],"product_cat":[3786,3495,3721,3395,3838,3489,3467],"product_tag":[3656,1764,1765,3710,1768,1769,3983,3984,3985,1774,3986,3987],"class_list":{"0":"post-19464","1":"product","2":"type-product","3":"status-publish","4":"has-post-thumbnail","6":"product_brand-bont","7":"product_cat-bottes","9":"product_cat-bottes-de-patinage-de-vitesse","10":"product_cat-courte-piste","11":"product_cat-offres-de-club","13":"product_cat-patinage-de-vitesse","14":"product_tag-accord-de-club","15":"product_tag-bont-club-skate","16":"product_tag-bont-patriot","17":"product_tag-botte-pour-piste-courte","18":"product_tag-club-gear","19":"product_tag-club-special","20":"product_tag-offres-du-club","21":"product_tag-patins-a-vendre","22":"product_tag-prix-de-vente","23":"product_tag-speed-skate-boot","24":"product_tag-super-vente","25":"product_tag-vente-de-patins","26":"desktop-align-left","27":"tablet-align-left","28":"mobile-align-left","30":"first","31":"instock","32":"sale","33":"taxable","34":"shipping-taxable","35":"purchasable","36":"product-type-simple"},"acf":[],"_links":{"self":[{"href":"https:\/\/ztsports.com\/fr\/wp-json\/wp\/v2\/product\/19464","targetHints":{"allow":["GET"]}}],"collection":[{"href":"https:\/\/ztsports.com\/fr\/wp-json\/wp\/v2\/product"}],"about":[{"href":"https:\/\/ztsports.com\/fr\/wp-json\/wp\/v2\/types\/product"}],"replies":[{"embeddable":true,"href":"https:\/\/ztsports.com\/fr\/wp-json\/wp\/v2\/comments?post=19464"}],"version-history":[{"count":1,"href":"https:\/\/ztsports.com\/fr\/wp-json\/wp\/v2\/product\/19464\/revisions"}],"predecessor-version":[{"id":19465,"href":"https:\/\/ztsports.com\/fr\/wp-json\/wp\/v2\/product\/19464\/revisions\/19465"}],"wp:featuredmedia":[{"embeddable":true,"href":"https:\/\/ztsports.com\/fr\/wp-json\/wp\/v2\/media\/19466"}],"wp:attachment":[{"href":"https:\/\/ztsports.com\/fr\/wp-json\/wp\/v2\/media?parent=19464"}],"wp:term":[{"taxonomy":"product_brand","embeddable":true,"href":"https:\/\/ztsports.com\/fr\/wp-json\/wp\/v2\/product_brand?post=19464"},{"taxonomy":"product_cat","embeddable":true,"href":"https:\/\/ztsports.com\/fr\/wp-json\/wp\/v2\/product_cat?post=19464"},{"taxonomy":"product_tag","embeddable":true,"href":"https:\/\/ztsports.com\/fr\/wp-json\/wp\/v2\/product_tag?post=19464"}],"curies":[{"name":"wp","href":"https:\/\/api.w.org\/{rel}","templated":true}]}}