{"id":19449,"date":"2021-09-23T02:03:25","date_gmt":"2021-09-23T02:03:25","guid":{"rendered":"https:\/\/ztsports.com\/?post_type=product&#038;p=19449"},"modified":"2026-02-02T20:57:19","modified_gmt":"2026-02-02T20:57:19","slug":"las-minstral-ice-short-track-helmet","status":"publish","type":"product","link":"https:\/\/ztsports.com\/fr\/store\/las-minstral-ice-short-track-helmet\/","title":{"rendered":"CASQUE LAS MINSTRAL ICE SHORT TRACK"},"content":{"rendered":"<h1 id=\"tw-target-text\" class=\"tw-data-text tw-text-large tw-ta\" dir=\"ltr\" data-placeholder=\"Translation\"><span class=\"Y2IQFc\" lang=\"en\">LAS MINSTRAL ICE Casque Short track<\/span><\/h1>\n<p class=\"tw-data-text tw-text-large tw-ta\" dir=\"ltr\" data-placeholder=\"Translation\"><span class=\"Y2IQFc\" lang=\"en\"> Le casque Las Minstral Ice Short Track est fabriqu\u00e9 en Italie. Le premier casque approuv\u00e9 par l&#8217;ISU pour le short track. Ce casque est \u00e0 la fois s\u00fbr et \u00e9l\u00e9gant. En outre, la nouvelle version am\u00e9lior\u00e9e est disponible dans une <strong>taille unique<\/strong>.<\/span><\/p>\n<p class=\"tw-data-text tw-text-large tw-ta\" dir=\"ltr\" data-placeholder=\"Translation\">De plus, leur syst\u00e8me de r\u00e9glage autour de la t\u00eate assure un positionnement parfait. qui plus est disponible en 3 combinaisons de couleurs classiques, Noir\/Vert, Noir\/Orange, Noir\/Argent.<\/p>\n<p dir=\"ltr\" data-placeholder=\"Translation\">Casque de short-track et de skating. Compact, a\u00e9rodynamique, s\u00fbr et pr\u00eat pour la comp\u00e9tition au plus haut niveau. Plus de soucis dans la course, patinez \u00e0 votre meilleur ! Le casque <em>LAS Mistral Ice<\/em> II est un casque de patinage courte piste approuv\u00e9 par l&#8217;ISU.<\/p>\n<p dir=\"ltr\" data-placeholder=\"Translation\">Le Las Mistral est un produit artisanal italien de la plus haute qualit\u00e9. Le Las Mistral offre une protection contre les chocs et les blessures.<\/p>\n<p dir=\"ltr\" data-placeholder=\"Translation\">Le casque est livr\u00e9 avec un sac pour prot\u00e9ger votre investissement lors du transport dans votre sac \u00e0 dos de skate. <a href=\"https:\/\/ztsports.com\/?s=backpack&amp;post_type=product&amp;product_cat=0\"><strong>Sac \u00e0 dos.<\/strong><\/a><\/p>\n<p dir=\"ltr\" data-placeholder=\"Translation\">Enfin tous <a href=\"https:\/\/ztsports.com\/product-category\/protection\/helmets\/\"><strong>Casques Short Track<\/strong><\/a> ici.<\/p>\n","protected":false},"excerpt":{"rendered":"<p>LAS MINSTRAL ICE Casque Short track Le casque Las Minstral Ice Short Track est fabriqu\u00e9 en Italie. Le premier casque approuv\u00e9 par l&#8217;ISU pour le short track. Ce casque est \u00e0 la fois s\u00fbr et \u00e9l\u00e9gant. En outre, la nouvelle version am\u00e9lior\u00e9e est disponible dans une taille unique. De plus, leur syst\u00e8me de r\u00e9glage autour [&hellip;]<\/p>\n","protected":false},"featured_media":19451,"comment_status":"open","ping_status":"closed","template":"","meta":{"_acf_changed":false,"_monsterinsights_skip_tracking":false,"_monsterinsights_sitenote_active":false,"_monsterinsights_sitenote_note":"","_monsterinsights_sitenote_category":0,"_uf_show_specific_survey":0,"_uf_disable_surveys":false,"site-sidebar-layout":"default","site-content-layout":"","ast-site-content-layout":"default","site-content-style":"default","site-sidebar-style":"default","ast-global-header-display":"","ast-banner-title-visibility":"","ast-main-header-display":"","ast-hfb-above-header-display":"","ast-hfb-below-header-display":"","ast-hfb-mobile-header-display":"","site-post-title":"","ast-breadcrumbs-content":"","ast-featured-img":"","footer-sml-layout":"","ast-disable-related-posts":"","theme-transparent-header-meta":"default","adv-header-id-meta":"","stick-header-meta":"","header-above-stick-meta":"","header-main-stick-meta":"","header-below-stick-meta":"","astra-migrate-meta-layouts":"set","ast-page-background-enabled":"default","ast-page-background-meta":{"desktop":{"background-color":"","background-image":"","background-repeat":"repeat","background-position":"center center","background-size":"auto","background-attachment":"scroll","background-type":"","background-media":"","overlay-type":"","overlay-color":"","overlay-opacity":"","overlay-gradient":""},"tablet":{"background-color":"","background-image":"","background-repeat":"repeat","background-position":"center center","background-size":"auto","background-attachment":"scroll","background-type":"","background-media":"","overlay-type":"","overlay-color":"","overlay-opacity":"","overlay-gradient":""},"mobile":{"background-color":"","background-image":"","background-repeat":"repeat","background-position":"center center","background-size":"auto","background-attachment":"scroll","background-type":"","background-media":"","overlay-type":"","overlay-color":"","overlay-opacity":"","overlay-gradient":""}},"ast-content-background-meta":{"desktop":{"background-color":"var(--ast-global-color-5)","background-image":"","background-repeat":"repeat","background-position":"center center","background-size":"auto","background-attachment":"scroll","background-type":"","background-media":"","overlay-type":"","overlay-color":"","overlay-opacity":"","overlay-gradient":""},"tablet":{"background-color":"var(--ast-global-color-5)","background-image":"","background-repeat":"repeat","background-position":"center center","background-size":"auto","background-attachment":"scroll","background-type":"","background-media":"","overlay-type":"","overlay-color":"","overlay-opacity":"","overlay-gradient":""},"mobile":{"background-color":"var(--ast-global-color-5)","background-image":"","background-repeat":"repeat","background-position":"center center","background-size":"auto","background-attachment":"scroll","background-type":"","background-media":"","overlay-type":"","overlay-color":"","overlay-opacity":"","overlay-gradient":""}}},"product_brand":[3314],"product_cat":[3644,3395,3467],"product_tag":[3591,3593,1781],"class_list":{"0":"post-19449","1":"product","2":"type-product","3":"status-publish","4":"has-post-thumbnail","6":"product_brand-las","7":"product_cat-casque-short-track","8":"product_cat-courte-piste","9":"product_cat-patinage-de-vitesse","10":"product_tag-casque-de-patinage-de-vitesse-bont","11":"product_tag-casque-short-track","12":"product_tag-las-minstral-ice","13":"desktop-align-left","14":"tablet-align-left","15":"mobile-align-left","17":"first","18":"instock","19":"taxable","20":"shipping-taxable","21":"purchasable","22":"product-type-simple"},"acf":[],"_links":{"self":[{"href":"https:\/\/ztsports.com\/fr\/wp-json\/wp\/v2\/product\/19449","targetHints":{"allow":["GET"]}}],"collection":[{"href":"https:\/\/ztsports.com\/fr\/wp-json\/wp\/v2\/product"}],"about":[{"href":"https:\/\/ztsports.com\/fr\/wp-json\/wp\/v2\/types\/product"}],"replies":[{"embeddable":true,"href":"https:\/\/ztsports.com\/fr\/wp-json\/wp\/v2\/comments?post=19449"}],"version-history":[{"count":1,"href":"https:\/\/ztsports.com\/fr\/wp-json\/wp\/v2\/product\/19449\/revisions"}],"predecessor-version":[{"id":19450,"href":"https:\/\/ztsports.com\/fr\/wp-json\/wp\/v2\/product\/19449\/revisions\/19450"}],"wp:featuredmedia":[{"embeddable":true,"href":"https:\/\/ztsports.com\/fr\/wp-json\/wp\/v2\/media\/19451"}],"wp:attachment":[{"href":"https:\/\/ztsports.com\/fr\/wp-json\/wp\/v2\/media?parent=19449"}],"wp:term":[{"taxonomy":"product_brand","embeddable":true,"href":"https:\/\/ztsports.com\/fr\/wp-json\/wp\/v2\/product_brand?post=19449"},{"taxonomy":"product_cat","embeddable":true,"href":"https:\/\/ztsports.com\/fr\/wp-json\/wp\/v2\/product_cat?post=19449"},{"taxonomy":"product_tag","embeddable":true,"href":"https:\/\/ztsports.com\/fr\/wp-json\/wp\/v2\/product_tag?post=19449"}],"curies":[{"name":"wp","href":"https:\/\/api.w.org\/{rel}","templated":true}]}}