{"id":19446,"date":"2021-09-23T02:04:31","date_gmt":"2021-09-23T02:04:31","guid":{"rendered":"https:\/\/ztsports.com\/?post_type=product&#038;p=19446"},"modified":"2026-02-02T20:57:02","modified_gmt":"2026-02-02T20:57:02","slug":"dyneema-neck-guard-sebra","status":"publish","type":"product","link":"https:\/\/ztsports.com\/fr\/store\/dyneema-neck-guard-sebra\/","title":{"rendered":"DYNEEMA NECK GUARD Sebra Short Track Protection"},"content":{"rendered":"<h1 id=\"tw-target-text\" class=\"tw-data-text tw-text-large tw-ta\" dir=\"ltr\" data-placeholder=\"Translation\"><span class=\"Y2IQFc\" lang=\"en\">Prot\u00e8ge-cou DYNEEMA Sebra<\/span><\/h1>\n<p>DYNEEMA NECK GUARD Sebra\/<span class=\"Y2IQFc\" lang=\"en\">Le prot\u00e8ge-cou DYNEEMA Sebra, une <span data-sheets-value=\"{\" data-sheets-userformat=\"{\">Le prot\u00e8ge-cou r\u00e9sistant aux coupures est l&#8217;un des <strong>\u00e9l\u00e9ments obligatoires<\/strong> pour le patinage de vitesse sur courte piste. En outre, ils sont fabriqu\u00e9s \u00e0 partir de super fibres Aramid, un mat\u00e9riau offrant une protection de niveau 5 contre les chocs et les coupures. Technologie de tissage creux pour la r\u00e9gulation de la chaleur et de la transpiration. Ce prot\u00e8ge-cou est conforme aux r\u00e8glements de l&#8217;ISU ainsi qu&#8217;\u00e0 la norme internationale EN388 pour les mat\u00e9riaux r\u00e9sistants aux coupures.<\/span><\/span><\/p>\n<p>DYNEEMA NECK GUARD Sebra\/<span class=\"Y2IQFc\" lang=\"en\">Le prot\u00e8ge-cou DYNEEMA Sebra<\/span><\/p>\n<p class=\"tw-data-text tw-text-large tw-ta\" dir=\"ltr\" data-placeholder=\"Translation\">&#8211; Super fibres d&#8217;aramide.<br \/>\n&#8211; Technologie des fibres creuses.<br \/>\n&#8211; R\u00e9gulation de la chaleur et de la transpiration.<br \/>\n&#8211; Selon le r\u00e8glement de l&#8217;ISU.<\/p>\n<p><strong><span class=\"Y2IQFc\" lang=\"en\">Doit \u00eatre not\u00e9 FPVQ &amp; <a href=\"https:\/\/www.ontariospeedskating.ca\/safety-equipment\" target=\"_blank\" rel=\"noopener\">OSSA : Accessoire obligatoire<\/a> en comp\u00e9tition.<\/span><\/strong><\/p>\n<p dir=\"ltr\" data-placeholder=\"Translation\">Enfin, la s\u00e9lection compl\u00e8te <a href=\"https:\/\/ztsports.com\/product-category\/protection\/neck-guards\/\"><strong>s\u00e9lection de prot\u00e8ge-cou<\/strong><\/a> se trouve ici.<\/p>\n<table id=\"m_-8544831565185659665gmail-Maattabel Snijvaste Nekbeschermer Sebra\" dir=\"ltr\" border=\"0\" frame=\"border\" rules=\"all\" align=\"left\">\n<tbody>\n<tr>\n<td>Taille<\/td>\n<td>Tour de cou<\/td>\n<td>\u00c2ge moyen<\/td>\n<\/tr>\n<tr>\n<td>S<\/td>\n<td>33 cm<\/td>\n<td>&gt; 6 ans<\/td>\n<\/tr>\n<tr>\n<td>M<\/td>\n<td>36 cm<\/td>\n<td>&gt; 12 ans<\/td>\n<\/tr>\n<tr>\n<td>L<\/td>\n<td>38 cm<\/td>\n<td>&gt; 16 ans<\/td>\n<\/tr>\n<tr>\n<td>XL<\/td>\n<td>41 cm<\/td>\n<td>&gt; 20 ans<\/td>\n<\/tr>\n<\/tbody>\n<\/table>\n<p>&nbsp;<\/p>\n<p>&nbsp;<\/p>\n<p>&nbsp;<\/p>\n<p dir=\"ltr\" data-placeholder=\"Translation\">\n","protected":false},"excerpt":{"rendered":"<p>Prot\u00e8ge-cou DYNEEMA Sebra DYNEEMA NECK GUARD Sebra\/Le prot\u00e8ge-cou DYNEEMA Sebra, une Le prot\u00e8ge-cou r\u00e9sistant aux coupures est l&#8217;un des \u00e9l\u00e9ments obligatoires pour le patinage de vitesse sur courte piste. En outre, ils sont fabriqu\u00e9s \u00e0 partir de super fibres Aramid, un mat\u00e9riau offrant une protection de niveau 5 contre les chocs et les coupures. Technologie [&hellip;]<\/p>\n","protected":false},"featured_media":19448,"comment_status":"open","ping_status":"closed","template":"","meta":{"_acf_changed":false,"_monsterinsights_skip_tracking":false,"_monsterinsights_sitenote_active":false,"_monsterinsights_sitenote_note":"","_monsterinsights_sitenote_category":0,"_uf_show_specific_survey":0,"_uf_disable_surveys":false,"site-sidebar-layout":"default","site-content-layout":"","ast-site-content-layout":"default","site-content-style":"default","site-sidebar-style":"default","ast-global-header-display":"","ast-banner-title-visibility":"","ast-main-header-display":"","ast-hfb-above-header-display":"","ast-hfb-below-header-display":"","ast-hfb-mobile-header-display":"","site-post-title":"","ast-breadcrumbs-content":"","ast-featured-img":"","footer-sml-layout":"","ast-disable-related-posts":"","theme-transparent-header-meta":"default","adv-header-id-meta":"","stick-header-meta":"","header-above-stick-meta":"","header-main-stick-meta":"","header-below-stick-meta":"","astra-migrate-meta-layouts":"set","ast-page-background-enabled":"default","ast-page-background-meta":{"desktop":{"background-color":"","background-image":"","background-repeat":"repeat","background-position":"center center","background-size":"auto","background-attachment":"scroll","background-type":"","background-media":"","overlay-type":"","overlay-color":"","overlay-opacity":"","overlay-gradient":""},"tablet":{"background-color":"","background-image":"","background-repeat":"repeat","background-position":"center center","background-size":"auto","background-attachment":"scroll","background-type":"","background-media":"","overlay-type":"","overlay-color":"","overlay-opacity":"","overlay-gradient":""},"mobile":{"background-color":"","background-image":"","background-repeat":"repeat","background-position":"center center","background-size":"auto","background-attachment":"scroll","background-type":"","background-media":"","overlay-type":"","overlay-color":"","overlay-opacity":"","overlay-gradient":""}},"ast-content-background-meta":{"desktop":{"background-color":"var(--ast-global-color-5)","background-image":"","background-repeat":"repeat","background-position":"center center","background-size":"auto","background-attachment":"scroll","background-type":"","background-media":"","overlay-type":"","overlay-color":"","overlay-opacity":"","overlay-gradient":""},"tablet":{"background-color":"var(--ast-global-color-5)","background-image":"","background-repeat":"repeat","background-position":"center center","background-size":"auto","background-attachment":"scroll","background-type":"","background-media":"","overlay-type":"","overlay-color":"","overlay-opacity":"","overlay-gradient":""},"mobile":{"background-color":"var(--ast-global-color-5)","background-image":"","background-repeat":"repeat","background-position":"center center","background-size":"auto","background-attachment":"scroll","background-type":"","background-media":"","overlay-type":"","overlay-color":"","overlay-opacity":"","overlay-gradient":""}}},"product_brand":[3335],"product_cat":[3389,3396,3750,3981,3980],"product_tag":[],"class_list":{"0":"post-19446","1":"product","2":"type-product","3":"status-publish","4":"has-post-thumbnail","6":"product_brand-sebra","7":"product_cat-accessoires-longue-piste","8":"product_cat-accessories","9":"product_cat-equipement-de-protection-pour-le-patinage-de-vitesse","10":"product_cat-protege-cou","11":"product_cat-protege-cou-short-track","12":"desktop-align-left","13":"tablet-align-left","14":"mobile-align-left","16":"first","17":"instock","18":"taxable","19":"shipping-taxable","20":"purchasable","21":"product-type-simple"},"acf":[],"_links":{"self":[{"href":"https:\/\/ztsports.com\/fr\/wp-json\/wp\/v2\/product\/19446","targetHints":{"allow":["GET"]}}],"collection":[{"href":"https:\/\/ztsports.com\/fr\/wp-json\/wp\/v2\/product"}],"about":[{"href":"https:\/\/ztsports.com\/fr\/wp-json\/wp\/v2\/types\/product"}],"replies":[{"embeddable":true,"href":"https:\/\/ztsports.com\/fr\/wp-json\/wp\/v2\/comments?post=19446"}],"version-history":[{"count":1,"href":"https:\/\/ztsports.com\/fr\/wp-json\/wp\/v2\/product\/19446\/revisions"}],"predecessor-version":[{"id":19447,"href":"https:\/\/ztsports.com\/fr\/wp-json\/wp\/v2\/product\/19446\/revisions\/19447"}],"wp:featuredmedia":[{"embeddable":true,"href":"https:\/\/ztsports.com\/fr\/wp-json\/wp\/v2\/media\/19448"}],"wp:attachment":[{"href":"https:\/\/ztsports.com\/fr\/wp-json\/wp\/v2\/media?parent=19446"}],"wp:term":[{"taxonomy":"product_brand","embeddable":true,"href":"https:\/\/ztsports.com\/fr\/wp-json\/wp\/v2\/product_brand?post=19446"},{"taxonomy":"product_cat","embeddable":true,"href":"https:\/\/ztsports.com\/fr\/wp-json\/wp\/v2\/product_cat?post=19446"},{"taxonomy":"product_tag","embeddable":true,"href":"https:\/\/ztsports.com\/fr\/wp-json\/wp\/v2\/product_tag?post=19446"}],"curies":[{"name":"wp","href":"https:\/\/api.w.org\/{rel}","templated":true}]}}