{"id":19441,"date":"2021-09-23T02:04:32","date_gmt":"2021-09-23T02:04:32","guid":{"rendered":"https:\/\/ztsports.com\/?post_type=product&#038;p=19441"},"modified":"2026-02-02T20:56:47","modified_gmt":"2026-02-02T20:56:47","slug":"speed-skate-protective-eyewear-fr","status":"publish","type":"product","link":"https:\/\/ztsports.com\/fr\/store\/speed-skate-protective-eyewear-fr\/","title":{"rendered":"Speed Skate Protective Eyewear\/Lunettes de protection pour le patinage de vitesse BK Turbo"},"content":{"rendered":"<h2 id=\"tw-target-text\" class=\"tw-data-text tw-text-large tw-ta\" dir=\"ltr\" data-placeholder=\"Translation\"><span class=\"Y2IQFc\" lang=\"en\">Lunettes de protection pour le patinage de vitesse BK Turbo<\/span><\/h2>\n<p>Speed Skate Protective Eyewear,\u00a0<span class=\"Y2IQFc\" lang=\"en\">Les lunettes de protection pour le patinage de vitesse sont l&#8217;un des \u00e9l\u00e9ments de s\u00e9curit\u00e9 obligatoires pour le patinage de vitesse sur piste courte.<\/span><\/p>\n<p dir=\"ltr\" data-placeholder=\"Translation\">Le <strong>Black Knight Turbo<\/strong>\u00a0 (Speed Skate Protective Eyewear) est propos\u00e9 en tailles jeune et adulte. En outre, ils sont accompagn\u00e9s d&#8217;un s<span class=\"Y2IQFc\" lang=\"en\">Lentilles en polycarbonate \u00e0 haute r\u00e9silience, r\u00e9sistantes aux \u00e9raflures. Lentilles optiques neutres, sans distorsion. Branches \u00e0 ba\u00efonnette pour un ajustement pr\u00e9cis et confortable. Rev\u00eatement antibu\u00e9e et ventilation pour minimiser la formation de bu\u00e9e. Protection des yeux Lentille r\u00e9sistante aux rayures en polycarbonate \u00e0 haute r\u00e9sistance aux chocs avec rev\u00eatement antibu\u00e9e. Les trous d&#8217;a\u00e9ration perc\u00e9s au sommet de la lentille aident \u00e0 r\u00e9duire la formation de bu\u00e9e et \u00e0 augmenter la circulation de l&#8217;air.Les branches r\u00e9glables permettent un ajustement sur mesure.<\/span><\/p>\n<p dir=\"ltr\" data-placeholder=\"Translation\"><span class=\"Y2IQFc\" lang=\"en\">En outre, un bracelet en verre et un \u00e9tui sont inclus.<\/span><\/p>\n<p dir=\"ltr\" data-placeholder=\"Translation\"><strong><span class=\"Y2IQFc\" lang=\"en\">FPVQ ET <a href=\"https:\/\/www.ontariospeedskating.ca\/safety-equipment\" target=\"_blank\" rel=\"noopener\">OSSA : Accessoire obligatoire<\/a> en comp\u00e9tition.<\/span><\/strong><\/p>\n<p dir=\"ltr\" data-placeholder=\"Translation\">Enfin, veuillez consulter toutes nos lunettes de protection pour le patinage de vitesse. <a href=\"https:\/\/ztsports.com\/product-category\/protection\/glasses\/\"><strong>lunettes de protection pour le patinage de vitesse<\/strong><\/a> ici.<\/p>\n","protected":false},"excerpt":{"rendered":"<p>Lunettes de protection pour le patinage de vitesse BK Turbo Speed Skate Protective Eyewear,\u00a0Les lunettes de protection pour le patinage de vitesse sont l&#8217;un des \u00e9l\u00e9ments de s\u00e9curit\u00e9 obligatoires pour le patinage de vitesse sur piste courte. Le Black Knight Turbo\u00a0 (Speed Skate Protective Eyewear) est propos\u00e9 en tailles jeune et adulte. En outre, ils [&hellip;]<\/p>\n","protected":false},"featured_media":19443,"comment_status":"open","ping_status":"closed","template":"","meta":{"_acf_changed":false,"_monsterinsights_skip_tracking":false,"_monsterinsights_sitenote_active":false,"_monsterinsights_sitenote_note":"","_monsterinsights_sitenote_category":0,"_uf_show_specific_survey":0,"_uf_disable_surveys":false,"site-sidebar-layout":"default","site-content-layout":"","ast-site-content-layout":"default","site-content-style":"default","site-sidebar-style":"default","ast-global-header-display":"","ast-banner-title-visibility":"","ast-main-header-display":"","ast-hfb-above-header-display":"","ast-hfb-below-header-display":"","ast-hfb-mobile-header-display":"","site-post-title":"","ast-breadcrumbs-content":"","ast-featured-img":"","footer-sml-layout":"","ast-disable-related-posts":"","theme-transparent-header-meta":"default","adv-header-id-meta":"","stick-header-meta":"","header-above-stick-meta":"","header-main-stick-meta":"","header-below-stick-meta":"","astra-migrate-meta-layouts":"set","ast-page-background-enabled":"default","ast-page-background-meta":{"desktop":{"background-color":"","background-image":"","background-repeat":"repeat","background-position":"center center","background-size":"auto","background-attachment":"scroll","background-type":"","background-media":"","overlay-type":"","overlay-color":"","overlay-opacity":"","overlay-gradient":""},"tablet":{"background-color":"","background-image":"","background-repeat":"repeat","background-position":"center center","background-size":"auto","background-attachment":"scroll","background-type":"","background-media":"","overlay-type":"","overlay-color":"","overlay-opacity":"","overlay-gradient":""},"mobile":{"background-color":"","background-image":"","background-repeat":"repeat","background-position":"center center","background-size":"auto","background-attachment":"scroll","background-type":"","background-media":"","overlay-type":"","overlay-color":"","overlay-opacity":"","overlay-gradient":""}},"ast-content-background-meta":{"desktop":{"background-color":"var(--ast-global-color-5)","background-image":"","background-repeat":"repeat","background-position":"center center","background-size":"auto","background-attachment":"scroll","background-type":"","background-media":"","overlay-type":"","overlay-color":"","overlay-opacity":"","overlay-gradient":""},"tablet":{"background-color":"var(--ast-global-color-5)","background-image":"","background-repeat":"repeat","background-position":"center center","background-size":"auto","background-attachment":"scroll","background-type":"","background-media":"","overlay-type":"","overlay-color":"","overlay-opacity":"","overlay-gradient":""},"mobile":{"background-color":"var(--ast-global-color-5)","background-image":"","background-repeat":"repeat","background-position":"center center","background-size":"auto","background-attachment":"scroll","background-type":"","background-media":"","overlay-type":"","overlay-color":"","overlay-opacity":"","overlay-gradient":""}}},"product_brand":[3281],"product_cat":[3396,3587,3825],"product_tag":[3976,3977,3978,3979,3497],"class_list":{"0":"post-19441","1":"product","2":"type-product","3":"status-publish","4":"has-post-thumbnail","6":"product_brand-black-knight","7":"product_cat-accessories","8":"product_cat-lunettes","9":"product_cat-lunettes-de-protection","10":"product_tag-chevalier-noir-turbo","11":"product_tag-lunettes-de-patinage-de-vitesse","12":"product_tag-lunettes-de-protection-pour-patinage-de-vitesse","13":"product_tag-lunettes-short-track","14":"product_tag-patinage-de-vitesse","15":"desktop-align-left","16":"tablet-align-left","17":"mobile-align-left","19":"first","20":"instock","21":"sale","22":"taxable","23":"shipping-taxable","24":"purchasable","25":"product-type-simple"},"acf":[],"_links":{"self":[{"href":"https:\/\/ztsports.com\/fr\/wp-json\/wp\/v2\/product\/19441","targetHints":{"allow":["GET"]}}],"collection":[{"href":"https:\/\/ztsports.com\/fr\/wp-json\/wp\/v2\/product"}],"about":[{"href":"https:\/\/ztsports.com\/fr\/wp-json\/wp\/v2\/types\/product"}],"replies":[{"embeddable":true,"href":"https:\/\/ztsports.com\/fr\/wp-json\/wp\/v2\/comments?post=19441"}],"version-history":[{"count":1,"href":"https:\/\/ztsports.com\/fr\/wp-json\/wp\/v2\/product\/19441\/revisions"}],"predecessor-version":[{"id":19442,"href":"https:\/\/ztsports.com\/fr\/wp-json\/wp\/v2\/product\/19441\/revisions\/19442"}],"wp:featuredmedia":[{"embeddable":true,"href":"https:\/\/ztsports.com\/fr\/wp-json\/wp\/v2\/media\/19443"}],"wp:attachment":[{"href":"https:\/\/ztsports.com\/fr\/wp-json\/wp\/v2\/media?parent=19441"}],"wp:term":[{"taxonomy":"product_brand","embeddable":true,"href":"https:\/\/ztsports.com\/fr\/wp-json\/wp\/v2\/product_brand?post=19441"},{"taxonomy":"product_cat","embeddable":true,"href":"https:\/\/ztsports.com\/fr\/wp-json\/wp\/v2\/product_cat?post=19441"},{"taxonomy":"product_tag","embeddable":true,"href":"https:\/\/ztsports.com\/fr\/wp-json\/wp\/v2\/product_tag?post=19441"}],"curies":[{"name":"wp","href":"https:\/\/api.w.org\/{rel}","templated":true}]}}