{"id":19438,"date":"2021-09-23T02:04:32","date_gmt":"2021-09-23T02:04:32","guid":{"rendered":"https:\/\/ztsports.com\/?post_type=product&#038;p=19438"},"modified":"2026-02-02T20:56:37","modified_gmt":"2026-02-02T20:56:37","slug":"lunettes-de-protection-short-track","status":"publish","type":"product","link":"https:\/\/ztsports.com\/fr\/store\/lunettes-de-protection-short-track\/","title":{"rendered":"Lunettes de protection Short Track BK Stiletto"},"content":{"rendered":"<h2 id=\"tw-target-text\" class=\"tw-data-text tw-text-large tw-ta\" dir=\"ltr\" data-placeholder=\"Translation\"><span class=\"Y2IQFc\" lang=\"en\">Lunettes de protection Short Track Black Knight Stiletto<\/span><\/h2>\n<p class=\"tw-data-text tw-text-large tw-ta\" dir=\"ltr\" data-placeholder=\"Translation\"><span class=\"Y2IQFc\" lang=\"en\">Les lunettes de protection Short Track sont l&#8217;un des \u00e9l\u00e9ments de s\u00e9curit\u00e9 obligatoires pour le patinage de vitesse. <\/span><\/p>\n<p class=\"tw-data-text tw-text-large tw-ta\" dir=\"ltr\" data-placeholder=\"Translation\">Le <strong>Black Knight Stiletto<\/strong> est propos\u00e9 en taille jeune et adulte. <span class=\"Y2IQFc\" lang=\"en\">Forme arrondie assurant un confort in\u00e9gal\u00e9. Le site<\/span> les lunettes les plus \u00e9l\u00e9gantes propos\u00e9es. En outre, ils ont<span class=\"Y2IQFc\" lang=\"en\">Lentilles en polycarbonate \u00e0 haute r\u00e9silience, r\u00e9sistantes aux \u00e9raflures. En outre, les lentilles optiques neutres ne pr\u00e9sentent aucune distorsion. En outre, il est dot\u00e9 d&#8217;un rev\u00eatement antibu\u00e9e, d&#8217;un \u00e9tui en verre souple et d&#8217;une courroie. sont dot\u00e9s de lentilles r\u00e9sistantes aux rayures en polycarbonate \u00e0 haute r\u00e9sistance aux chocs. <\/span><\/p>\n<p class=\"tw-data-text tw-text-large tw-ta\" dir=\"ltr\" data-placeholder=\"Translation\"><span class=\"Y2IQFc\" lang=\"en\">Les lentilles optiquement correctes sans distorsion vous permettent de voir clairement chaque patineur et chaque palet. Rev\u00eatement antibu\u00e9e et ventilation pour \u00e9liminer la formation de bu\u00e9e. Branches \u00e0 ba\u00efonnette pour un ajustement s\u00fbr et confortable. Les protections oculaires Black Knight sont les protections oculaires officielles de plusieurs associations sportives et sont utilis\u00e9es \u00e0 tous les niveaux de comp\u00e9tition.<\/span><\/p>\n<p dir=\"ltr\" data-placeholder=\"Translation\"><strong><span class=\"Y2IQFc\" lang=\"en\">FPVQ ET <a href=\"https:\/\/www.ontariospeedskating.ca\/safety-equipment\" target=\"_blank\" rel=\"noopener\">OSSA : Accessoire obligatoire<\/a> en comp\u00e9tition.<\/span><\/strong><\/p>\n<p dir=\"ltr\" data-placeholder=\"Translation\">Enfin, veuillez consulter toutes nos lunettes de protection pour le patinage de vitesse. <a href=\"https:\/\/ztsports.com\/product-category\/protection\/glasses\/\"><strong>lunettes de protection pour le patinage de vitesse<\/strong><\/a> ici.<span class=\"Y2IQFc\" lang=\"en\"><br \/>\n<\/span><\/p>\n","protected":false},"excerpt":{"rendered":"<p>Lunettes de protection Short Track Black Knight Stiletto Les lunettes de protection Short Track sont l&#8217;un des \u00e9l\u00e9ments de s\u00e9curit\u00e9 obligatoires pour le patinage de vitesse. Le Black Knight Stiletto est propos\u00e9 en taille jeune et adulte. Forme arrondie assurant un confort in\u00e9gal\u00e9. Le site les lunettes les plus \u00e9l\u00e9gantes propos\u00e9es. En outre, ils ontLentilles [&hellip;]<\/p>\n","protected":false},"featured_media":19440,"comment_status":"open","ping_status":"closed","template":"","meta":{"_acf_changed":false,"_monsterinsights_skip_tracking":false,"_monsterinsights_sitenote_active":false,"_monsterinsights_sitenote_note":"","_monsterinsights_sitenote_category":0,"_uf_show_specific_survey":0,"_uf_disable_surveys":false,"site-sidebar-layout":"default","site-content-layout":"","ast-site-content-layout":"default","site-content-style":"default","site-sidebar-style":"default","ast-global-header-display":"","ast-banner-title-visibility":"","ast-main-header-display":"","ast-hfb-above-header-display":"","ast-hfb-below-header-display":"","ast-hfb-mobile-header-display":"","site-post-title":"","ast-breadcrumbs-content":"","ast-featured-img":"","footer-sml-layout":"","ast-disable-related-posts":"","theme-transparent-header-meta":"default","adv-header-id-meta":"","stick-header-meta":"","header-above-stick-meta":"","header-main-stick-meta":"","header-below-stick-meta":"","astra-migrate-meta-layouts":"set","ast-page-background-enabled":"default","ast-page-background-meta":{"desktop":{"background-color":"","background-image":"","background-repeat":"repeat","background-position":"center center","background-size":"auto","background-attachment":"scroll","background-type":"","background-media":"","overlay-type":"","overlay-color":"","overlay-opacity":"","overlay-gradient":""},"tablet":{"background-color":"","background-image":"","background-repeat":"repeat","background-position":"center center","background-size":"auto","background-attachment":"scroll","background-type":"","background-media":"","overlay-type":"","overlay-color":"","overlay-opacity":"","overlay-gradient":""},"mobile":{"background-color":"","background-image":"","background-repeat":"repeat","background-position":"center center","background-size":"auto","background-attachment":"scroll","background-type":"","background-media":"","overlay-type":"","overlay-color":"","overlay-opacity":"","overlay-gradient":""}},"ast-content-background-meta":{"desktop":{"background-color":"var(--ast-global-color-5)","background-image":"","background-repeat":"repeat","background-position":"center center","background-size":"auto","background-attachment":"scroll","background-type":"","background-media":"","overlay-type":"","overlay-color":"","overlay-opacity":"","overlay-gradient":""},"tablet":{"background-color":"var(--ast-global-color-5)","background-image":"","background-repeat":"repeat","background-position":"center center","background-size":"auto","background-attachment":"scroll","background-type":"","background-media":"","overlay-type":"","overlay-color":"","overlay-opacity":"","overlay-gradient":""},"mobile":{"background-color":"var(--ast-global-color-5)","background-image":"","background-repeat":"repeat","background-position":"center center","background-size":"auto","background-attachment":"scroll","background-type":"","background-media":"","overlay-type":"","overlay-color":"","overlay-opacity":"","overlay-gradient":""}}},"product_brand":[3281],"product_cat":[3479,3396,3750,3587,3825,3467],"product_tag":[],"class_list":{"0":"post-19438","1":"product","2":"type-product","3":"status-publish","4":"has-post-thumbnail","6":"product_brand-black-knight","7":"product_cat-accessoires-pour-le-short-track","8":"product_cat-accessories","9":"product_cat-equipement-de-protection-pour-le-patinage-de-vitesse","10":"product_cat-lunettes","11":"product_cat-lunettes-de-protection","12":"product_cat-patinage-de-vitesse","13":"desktop-align-left","14":"tablet-align-left","15":"mobile-align-left","17":"first","18":"instock","19":"taxable","20":"shipping-taxable","21":"purchasable","22":"product-type-simple"},"acf":[],"_links":{"self":[{"href":"https:\/\/ztsports.com\/fr\/wp-json\/wp\/v2\/product\/19438","targetHints":{"allow":["GET"]}}],"collection":[{"href":"https:\/\/ztsports.com\/fr\/wp-json\/wp\/v2\/product"}],"about":[{"href":"https:\/\/ztsports.com\/fr\/wp-json\/wp\/v2\/types\/product"}],"replies":[{"embeddable":true,"href":"https:\/\/ztsports.com\/fr\/wp-json\/wp\/v2\/comments?post=19438"}],"version-history":[{"count":1,"href":"https:\/\/ztsports.com\/fr\/wp-json\/wp\/v2\/product\/19438\/revisions"}],"predecessor-version":[{"id":19439,"href":"https:\/\/ztsports.com\/fr\/wp-json\/wp\/v2\/product\/19438\/revisions\/19439"}],"wp:featuredmedia":[{"embeddable":true,"href":"https:\/\/ztsports.com\/fr\/wp-json\/wp\/v2\/media\/19440"}],"wp:attachment":[{"href":"https:\/\/ztsports.com\/fr\/wp-json\/wp\/v2\/media?parent=19438"}],"wp:term":[{"taxonomy":"product_brand","embeddable":true,"href":"https:\/\/ztsports.com\/fr\/wp-json\/wp\/v2\/product_brand?post=19438"},{"taxonomy":"product_cat","embeddable":true,"href":"https:\/\/ztsports.com\/fr\/wp-json\/wp\/v2\/product_cat?post=19438"},{"taxonomy":"product_tag","embeddable":true,"href":"https:\/\/ztsports.com\/fr\/wp-json\/wp\/v2\/product_tag?post=19438"}],"curies":[{"name":"wp","href":"https:\/\/api.w.org\/{rel}","templated":true}]}}