{"id":19433,"date":"2021-09-23T02:04:33","date_gmt":"2021-09-23T02:04:33","guid":{"rendered":"https:\/\/ztsports.com\/?post_type=product&#038;p=19433"},"modified":"2026-04-07T02:07:12","modified_gmt":"2026-04-07T02:07:12","slug":"verres-de-remplacement-strap","status":"publish","type":"product","link":"https:\/\/ztsports.com\/fr\/store\/verres-de-remplacement-strap\/","title":{"rendered":"VERRES DE REMPLACEMENT STRAP universel deluxe Velcro"},"content":{"rendered":"<h2 id=\"tw-target-text\" class=\"tw-data-text tw-text-large tw-ta\" dir=\"ltr\" data-placeholder=\"Translation\"><span class=\"Y2IQFc\" lang=\"en\">VERRES DE REMPLACEMENT STRAP universel deluxe velcro<\/span><\/h2>\n<p class=\"tw-data-text tw-text-large tw-ta\" dir=\"ltr\" data-placeholder=\"Translation\"><span class=\"Y2IQFc\" lang=\"en\">STRAP DE REMPLACEMENT DE LUNETTES universel de luxe avec un dos en velcro pour fixer les lunettes autour de la t\u00eate.<\/span><\/p>\n<p dir=\"ltr\" data-placeholder=\"Translation\">Le dos en velcro permet un ajustement optimal. <span class=\"Y2IQFc\" lang=\"en\">Lavable, con\u00e7u pour se d\u00e9tacher facilement. En outre, il convient \u00e0 toutes les lunettes. <\/span><\/p>\n<p class=\"tw-data-text tw-text-large tw-ta\" dir=\"ltr\" data-placeholder=\"Translation\"><span class=\"Y2IQFc\" lang=\"en\">Il s&#8217;agit d&#8217;un \u00e9l\u00e9ment obligatoire pour les courses sur piste courte. Lavable, con\u00e7u pour se d\u00e9tacher facilement. En outre Convient \u00e0 tous les verres. <\/span><\/p>\n<p dir=\"ltr\" data-placeholder=\"Translation\"><strong><span class=\"Y2IQFc\" lang=\"en\">Doit \u00eatre not\u00e9 FPVQ <a href=\"https:\/\/www.ontariospeedskating.ca\/safety-equipment\" target=\"_blank\" rel=\"noopener\">OSSA : Accessoire obligatoire<\/a> en comp\u00e9tition.<\/span><\/strong><\/p>\n<pre id=\"tw-target-text\" class=\"tw-data-text tw-text-large tw-ta\" dir=\"ltr\" data-placeholder=\"Translation\"><span class=\"Y2IQFc\" lang=\"en\"><strong>Lastly you can view a large selection of <a href=\"https:\/\/ztsports.com\/product-category\/protection\/glasses\/\">Speed Skating Glasses with straps<\/a> here.\r\n<\/strong><\/span><\/pre>\n","protected":false},"excerpt":{"rendered":"<p>VERRES DE REMPLACEMENT STRAP universel deluxe velcro STRAP DE REMPLACEMENT DE LUNETTES universel de luxe avec un dos en velcro pour fixer les lunettes autour de la t\u00eate. Le dos en velcro permet un ajustement optimal. Lavable, con\u00e7u pour se d\u00e9tacher facilement. En outre, il convient \u00e0 toutes les lunettes. Il s&#8217;agit d&#8217;un \u00e9l\u00e9ment obligatoire [&hellip;]<\/p>\n","protected":false},"featured_media":19435,"comment_status":"open","ping_status":"closed","template":"","meta":{"_acf_changed":false,"_monsterinsights_skip_tracking":false,"_monsterinsights_sitenote_active":false,"_monsterinsights_sitenote_note":"","_monsterinsights_sitenote_category":0,"_uf_show_specific_survey":0,"_uf_disable_surveys":false,"site-sidebar-layout":"default","site-content-layout":"","ast-site-content-layout":"default","site-content-style":"default","site-sidebar-style":"default","ast-global-header-display":"","ast-banner-title-visibility":"","ast-main-header-display":"","ast-hfb-above-header-display":"","ast-hfb-below-header-display":"","ast-hfb-mobile-header-display":"","site-post-title":"","ast-breadcrumbs-content":"","ast-featured-img":"","footer-sml-layout":"","ast-disable-related-posts":"","theme-transparent-header-meta":"default","adv-header-id-meta":"","stick-header-meta":"","header-above-stick-meta":"","header-main-stick-meta":"","header-below-stick-meta":"","astra-migrate-meta-layouts":"set","ast-page-background-enabled":"default","ast-page-background-meta":{"desktop":{"background-color":"","background-image":"","background-repeat":"repeat","background-position":"center center","background-size":"auto","background-attachment":"scroll","background-type":"","background-media":"","overlay-type":"","overlay-color":"","overlay-opacity":"","overlay-gradient":""},"tablet":{"background-color":"","background-image":"","background-repeat":"repeat","background-position":"center center","background-size":"auto","background-attachment":"scroll","background-type":"","background-media":"","overlay-type":"","overlay-color":"","overlay-opacity":"","overlay-gradient":""},"mobile":{"background-color":"","background-image":"","background-repeat":"repeat","background-position":"center center","background-size":"auto","background-attachment":"scroll","background-type":"","background-media":"","overlay-type":"","overlay-color":"","overlay-opacity":"","overlay-gradient":""}},"ast-content-background-meta":{"desktop":{"background-color":"var(--ast-global-color-5)","background-image":"","background-repeat":"repeat","background-position":"center center","background-size":"auto","background-attachment":"scroll","background-type":"","background-media":"","overlay-type":"","overlay-color":"","overlay-opacity":"","overlay-gradient":""},"tablet":{"background-color":"var(--ast-global-color-5)","background-image":"","background-repeat":"repeat","background-position":"center center","background-size":"auto","background-attachment":"scroll","background-type":"","background-media":"","overlay-type":"","overlay-color":"","overlay-opacity":"","overlay-gradient":""},"mobile":{"background-color":"var(--ast-global-color-5)","background-image":"","background-repeat":"repeat","background-position":"center center","background-size":"auto","background-attachment":"scroll","background-type":"","background-media":"","overlay-type":"","overlay-color":"","overlay-opacity":"","overlay-gradient":""}}},"product_brand":[3315],"product_cat":[3392,3587],"product_tag":[1796,1797,1798,1799,1800,1801],"class_list":{"0":"post-19433","1":"product","2":"type-product","3":"status-publish","4":"has-post-thumbnail","6":"product_brand-leader","7":"product_cat-accessoires-short-track","8":"product_cat-lunettes","9":"product_tag-glass-strap","10":"product_tag-glasses-strap","11":"product_tag-glasses-strap-universal","12":"product_tag-replacement-glasses-strap","13":"product_tag-safty-strap","14":"product_tag-universal-deluxe-velcro","15":"desktop-align-left","16":"tablet-align-left","17":"mobile-align-left","19":"first","20":"instock","21":"sale","22":"taxable","23":"shipping-taxable","24":"purchasable","25":"product-type-simple"},"acf":[],"_links":{"self":[{"href":"https:\/\/ztsports.com\/fr\/wp-json\/wp\/v2\/product\/19433","targetHints":{"allow":["GET"]}}],"collection":[{"href":"https:\/\/ztsports.com\/fr\/wp-json\/wp\/v2\/product"}],"about":[{"href":"https:\/\/ztsports.com\/fr\/wp-json\/wp\/v2\/types\/product"}],"replies":[{"embeddable":true,"href":"https:\/\/ztsports.com\/fr\/wp-json\/wp\/v2\/comments?post=19433"}],"version-history":[{"count":1,"href":"https:\/\/ztsports.com\/fr\/wp-json\/wp\/v2\/product\/19433\/revisions"}],"predecessor-version":[{"id":19434,"href":"https:\/\/ztsports.com\/fr\/wp-json\/wp\/v2\/product\/19433\/revisions\/19434"}],"wp:featuredmedia":[{"embeddable":true,"href":"https:\/\/ztsports.com\/fr\/wp-json\/wp\/v2\/media\/19435"}],"wp:attachment":[{"href":"https:\/\/ztsports.com\/fr\/wp-json\/wp\/v2\/media?parent=19433"}],"wp:term":[{"taxonomy":"product_brand","embeddable":true,"href":"https:\/\/ztsports.com\/fr\/wp-json\/wp\/v2\/product_brand?post=19433"},{"taxonomy":"product_cat","embeddable":true,"href":"https:\/\/ztsports.com\/fr\/wp-json\/wp\/v2\/product_cat?post=19433"},{"taxonomy":"product_tag","embeddable":true,"href":"https:\/\/ztsports.com\/fr\/wp-json\/wp\/v2\/product_tag?post=19433"}],"curies":[{"name":"wp","href":"https:\/\/api.w.org\/{rel}","templated":true}]}}