{"id":19430,"date":"2021-09-23T02:05:39","date_gmt":"2021-09-23T02:05:39","guid":{"rendered":"https:\/\/ztsports.com\/?post_type=product&#038;p=19430"},"modified":"2026-02-02T20:56:12","modified_gmt":"2026-02-02T20:56:12","slug":"coussins-kevlar-coolmax","status":"publish","type":"product","link":"https:\/\/ztsports.com\/fr\/store\/coussins-kevlar-coolmax\/","title":{"rendered":"COUSSINS KEVLAR COOLMAX Louis Garneau"},"content":{"rendered":"<h2>COUSSINS KEVLAR COOLMAX Louis Garneau<\/h2>\n<p>Le <span class=\"Y2IQFc\" lang=\"en\">COUSSINS KEVLAR COOLMAX fabriqu\u00e9s par Louis Garneau. Ces chaussettes r\u00e9sistantes aux coupures contr\u00f4lent l&#8217;humidit\u00e9 pour un excellent confort. 60% Kevlar, 25% Drytex max, 10% Nylon 5% Spandex FPVQ : Le plus important accessoire de chaussettes anti-coupures autoris\u00e9 en comp\u00e9tition Short Track.<\/span><\/p>\n<p>Les <b>chaussettes Coolmax sont beaucoup plus efficaces pour vous garder au sec que le coton<\/b>, qui agit comme une \u00e9ponge. Contrairement au coton, le Coolmax s\u00e8che rapidement en \u00e9vacuant l&#8217;humidit\u00e9 afin de garder vos pieds au sec et sans ampoules. Le <strong>Coolmax<\/strong> est un tissu synth\u00e9tique de haute technologie compos\u00e9 de <b>fibres de polyester<\/b>, dont la surface est 25 % plus grande que celle des fibres normales. Ces fibres sont dot\u00e9es d&#8217;un syst\u00e8me de transport qui \u00e9vacue l&#8217;humidit\u00e9 de la peau vers la couche ext\u00e9rieure du tissu. Le tissu est sp\u00e9cialement con\u00e7u pour garder les athl\u00e8tes au sec et \u00e0 l&#8217;aise. <strong>CHAUSSETTES KEVLAR COOLMAX<\/strong> <strong>Taille XL 43-46 seulement<\/strong><\/p>\n<p dir=\"ltr\" data-placeholder=\"Translation\">Enfin, <span class=\"Y2IQFc\" lang=\"en\">consultez tous les <a href=\"https:\/\/ztsports.com\/product-category\/protection\/lower-body-protection\/\"><strong>produits de protection du bas du corps<\/strong><\/a><\/span>.<\/p>\n","protected":false},"excerpt":{"rendered":"<p>COUSSINS KEVLAR COOLMAX Louis Garneau Le COUSSINS KEVLAR COOLMAX fabriqu\u00e9s par Louis Garneau. Ces chaussettes r\u00e9sistantes aux coupures contr\u00f4lent l&#8217;humidit\u00e9 pour un excellent confort. 60% Kevlar, 25% Drytex max, 10% Nylon 5% Spandex FPVQ : Le plus important accessoire de chaussettes anti-coupures autoris\u00e9 en comp\u00e9tition Short Track. Les chaussettes Coolmax sont beaucoup plus efficaces pour [&hellip;]<\/p>\n","protected":false},"featured_media":19432,"comment_status":"open","ping_status":"closed","template":"","meta":{"_acf_changed":false,"_monsterinsights_skip_tracking":false,"_monsterinsights_sitenote_active":false,"_monsterinsights_sitenote_note":"","_monsterinsights_sitenote_category":0,"_uf_show_specific_survey":0,"_uf_disable_surveys":false,"site-sidebar-layout":"default","site-content-layout":"","ast-site-content-layout":"default","site-content-style":"default","site-sidebar-style":"default","ast-global-header-display":"","ast-banner-title-visibility":"","ast-main-header-display":"","ast-hfb-above-header-display":"","ast-hfb-below-header-display":"","ast-hfb-mobile-header-display":"","site-post-title":"","ast-breadcrumbs-content":"","ast-featured-img":"","footer-sml-layout":"","ast-disable-related-posts":"","theme-transparent-header-meta":"default","adv-header-id-meta":"","stick-header-meta":"","header-above-stick-meta":"","header-main-stick-meta":"","header-below-stick-meta":"","astra-migrate-meta-layouts":"set","ast-page-background-enabled":"default","ast-page-background-meta":{"desktop":{"background-color":"","background-image":"","background-repeat":"repeat","background-position":"center center","background-size":"auto","background-attachment":"scroll","background-type":"","background-media":"","overlay-type":"","overlay-color":"","overlay-opacity":"","overlay-gradient":""},"tablet":{"background-color":"","background-image":"","background-repeat":"repeat","background-position":"center center","background-size":"auto","background-attachment":"scroll","background-type":"","background-media":"","overlay-type":"","overlay-color":"","overlay-opacity":"","overlay-gradient":""},"mobile":{"background-color":"","background-image":"","background-repeat":"repeat","background-position":"center center","background-size":"auto","background-attachment":"scroll","background-type":"","background-media":"","overlay-type":"","overlay-color":"","overlay-opacity":"","overlay-gradient":""}},"ast-content-background-meta":{"desktop":{"background-color":"var(--ast-global-color-5)","background-image":"","background-repeat":"repeat","background-position":"center center","background-size":"auto","background-attachment":"scroll","background-type":"","background-media":"","overlay-type":"","overlay-color":"","overlay-opacity":"","overlay-gradient":""},"tablet":{"background-color":"var(--ast-global-color-5)","background-image":"","background-repeat":"repeat","background-position":"center center","background-size":"auto","background-attachment":"scroll","background-type":"","background-media":"","overlay-type":"","overlay-color":"","overlay-opacity":"","overlay-gradient":""},"mobile":{"background-color":"var(--ast-global-color-5)","background-image":"","background-repeat":"repeat","background-position":"center center","background-size":"auto","background-attachment":"scroll","background-type":"","background-media":"","overlay-type":"","overlay-color":"","overlay-opacity":"","overlay-gradient":""}}},"product_brand":[3302],"product_cat":[3417,3421,3482],"product_tag":[3974,3975,1808,3487,3597,3535],"class_list":{"0":"post-19430","1":"product","2":"type-product","3":"status-publish","4":"has-post-thumbnail","6":"product_brand-garneau","7":"product_cat-chaussettes","8":"product_cat-protection-bebe-inferieure","9":"product_cat-protection-contre-les-coupures","10":"product_tag-chaussette-coolmax","11":"product_tag-chaussette-de-patinage","12":"product_tag-kevlar","13":"product_tag-protection-contre-les-coupures","14":"product_tag-protection-contre-les-lacerations","15":"product_tag-resistant-aux-coupures","16":"desktop-align-left","17":"tablet-align-left","18":"mobile-align-left","20":"first","21":"instock","22":"sale","23":"taxable","24":"shipping-taxable","25":"purchasable","26":"product-type-simple"},"acf":[],"_links":{"self":[{"href":"https:\/\/ztsports.com\/fr\/wp-json\/wp\/v2\/product\/19430","targetHints":{"allow":["GET"]}}],"collection":[{"href":"https:\/\/ztsports.com\/fr\/wp-json\/wp\/v2\/product"}],"about":[{"href":"https:\/\/ztsports.com\/fr\/wp-json\/wp\/v2\/types\/product"}],"replies":[{"embeddable":true,"href":"https:\/\/ztsports.com\/fr\/wp-json\/wp\/v2\/comments?post=19430"}],"version-history":[{"count":1,"href":"https:\/\/ztsports.com\/fr\/wp-json\/wp\/v2\/product\/19430\/revisions"}],"predecessor-version":[{"id":19431,"href":"https:\/\/ztsports.com\/fr\/wp-json\/wp\/v2\/product\/19430\/revisions\/19431"}],"wp:featuredmedia":[{"embeddable":true,"href":"https:\/\/ztsports.com\/fr\/wp-json\/wp\/v2\/media\/19432"}],"wp:attachment":[{"href":"https:\/\/ztsports.com\/fr\/wp-json\/wp\/v2\/media?parent=19430"}],"wp:term":[{"taxonomy":"product_brand","embeddable":true,"href":"https:\/\/ztsports.com\/fr\/wp-json\/wp\/v2\/product_brand?post=19430"},{"taxonomy":"product_cat","embeddable":true,"href":"https:\/\/ztsports.com\/fr\/wp-json\/wp\/v2\/product_cat?post=19430"},{"taxonomy":"product_tag","embeddable":true,"href":"https:\/\/ztsports.com\/fr\/wp-json\/wp\/v2\/product_tag?post=19430"}],"curies":[{"name":"wp","href":"https:\/\/api.w.org\/{rel}","templated":true}]}}