{"id":19424,"date":"2021-09-23T02:05:40","date_gmt":"2021-09-23T02:05:40","guid":{"rendered":"https:\/\/ztsports.com\/?post_type=product&#038;p=19424"},"modified":"2026-02-02T20:56:00","modified_gmt":"2026-02-02T20:56:00","slug":"protege-cheville-dyneema-tendon","status":"publish","type":"product","link":"https:\/\/ztsports.com\/fr\/store\/protege-cheville-dyneema-tendon\/","title":{"rendered":"Prot\u00e8ge-cheville Dyneema Tendon de Skate-Tec"},"content":{"rendered":"<h1 id=\"tw-target-text\" class=\"tw-data-text tw-text-large tw-ta\" dir=\"ltr\" data-placeholder=\"Translation\"><span class=\"Y2IQFc\" lang=\"en\">Prot\u00e8ge-cheville en Dyneema pour les tendons<\/span><\/h1>\n<p> Le prot\u00e8ge-cheville tendon <span class=\"Y2IQFc\" lang=\"en\">est fabriqu\u00e9 en Dyneema ultra r\u00e9sistant aux coupures.<\/span> Les protections de cheville Dyneema r\u00e9sistantes aux coupures aident \u00e0 pr\u00e9venir les blessures les plus courantes caus\u00e9es par les lames tranchantes des patins \u00e0 roulettes. <span class=\"Y2IQFc\" lang=\"en\"> ils sont approuv\u00e9s par l&#8217;ISU.<\/span> Enfin <span class=\"Y2IQFc\" lang=\"en\">consultez tous les produits de <a href=\"https:\/\/ztsports.com\/product-category\/protection\/lower-body-protection\/\"><strong>Protection du bas du corps<\/strong><\/a>.<\/span><\/p>\n","protected":false},"excerpt":{"rendered":"<p>Prot\u00e8ge-cheville en Dyneema pour les tendons Le prot\u00e8ge-cheville tendon est fabriqu\u00e9 en Dyneema ultra r\u00e9sistant aux coupures. Les protections de cheville Dyneema r\u00e9sistantes aux coupures aident \u00e0 pr\u00e9venir les blessures les plus courantes caus\u00e9es par les lames tranchantes des patins \u00e0 roulettes. ils sont approuv\u00e9s par l&#8217;ISU. Enfin consultez tous les produits de Protection du [&hellip;]<\/p>\n","protected":false},"featured_media":19426,"comment_status":"open","ping_status":"closed","template":"","meta":{"_acf_changed":false,"_monsterinsights_skip_tracking":false,"_monsterinsights_sitenote_active":false,"_monsterinsights_sitenote_note":"","_monsterinsights_sitenote_category":0,"_uf_show_specific_survey":0,"_uf_disable_surveys":false,"site-sidebar-layout":"default","site-content-layout":"","ast-site-content-layout":"default","site-content-style":"default","site-sidebar-style":"default","ast-global-header-display":"","ast-banner-title-visibility":"","ast-main-header-display":"","ast-hfb-above-header-display":"","ast-hfb-below-header-display":"","ast-hfb-mobile-header-display":"","site-post-title":"","ast-breadcrumbs-content":"","ast-featured-img":"","footer-sml-layout":"","ast-disable-related-posts":"","theme-transparent-header-meta":"default","adv-header-id-meta":"","stick-header-meta":"","header-above-stick-meta":"","header-main-stick-meta":"","header-below-stick-meta":"","astra-migrate-meta-layouts":"set","ast-page-background-enabled":"default","ast-page-background-meta":{"desktop":{"background-color":"","background-image":"","background-repeat":"repeat","background-position":"center center","background-size":"auto","background-attachment":"scroll","background-type":"","background-media":"","overlay-type":"","overlay-color":"","overlay-opacity":"","overlay-gradient":""},"tablet":{"background-color":"","background-image":"","background-repeat":"repeat","background-position":"center center","background-size":"auto","background-attachment":"scroll","background-type":"","background-media":"","overlay-type":"","overlay-color":"","overlay-opacity":"","overlay-gradient":""},"mobile":{"background-color":"","background-image":"","background-repeat":"repeat","background-position":"center center","background-size":"auto","background-attachment":"scroll","background-type":"","background-media":"","overlay-type":"","overlay-color":"","overlay-opacity":"","overlay-gradient":""}},"ast-content-background-meta":{"desktop":{"background-color":"var(--ast-global-color-5)","background-image":"","background-repeat":"repeat","background-position":"center center","background-size":"auto","background-attachment":"scroll","background-type":"","background-media":"","overlay-type":"","overlay-color":"","overlay-opacity":"","overlay-gradient":""},"tablet":{"background-color":"var(--ast-global-color-5)","background-image":"","background-repeat":"repeat","background-position":"center center","background-size":"auto","background-attachment":"scroll","background-type":"","background-media":"","overlay-type":"","overlay-color":"","overlay-opacity":"","overlay-gradient":""},"mobile":{"background-color":"var(--ast-global-color-5)","background-image":"","background-repeat":"repeat","background-position":"center center","background-size":"auto","background-attachment":"scroll","background-type":"","background-media":"","overlay-type":"","overlay-color":"","overlay-opacity":"","overlay-gradient":""}}},"product_brand":[3318,3365],"product_cat":[3421],"product_tag":[3970,1813,3597,3971,3972,3973],"class_list":{"0":"post-19424","1":"product","2":"type-product","3":"status-publish","4":"has-post-thumbnail","6":"product_brand-maple","7":"product_brand-zt-sports","8":"product_cat-protection-bebe-inferieure","9":"product_tag-coupe-restante","10":"product_tag-dyneema","11":"product_tag-protection-contre-les-lacerations","12":"product_tag-protection-du-bas-du-corps","13":"product_tag-protege-cheville","14":"product_tag-protege-cheville-pour-tendon","15":"desktop-align-left","16":"tablet-align-left","17":"mobile-align-left","19":"first","20":"instock","21":"taxable","22":"shipping-taxable","23":"purchasable","24":"product-type-simple"},"acf":[],"_links":{"self":[{"href":"https:\/\/ztsports.com\/fr\/wp-json\/wp\/v2\/product\/19424","targetHints":{"allow":["GET"]}}],"collection":[{"href":"https:\/\/ztsports.com\/fr\/wp-json\/wp\/v2\/product"}],"about":[{"href":"https:\/\/ztsports.com\/fr\/wp-json\/wp\/v2\/types\/product"}],"replies":[{"embeddable":true,"href":"https:\/\/ztsports.com\/fr\/wp-json\/wp\/v2\/comments?post=19424"}],"version-history":[{"count":1,"href":"https:\/\/ztsports.com\/fr\/wp-json\/wp\/v2\/product\/19424\/revisions"}],"predecessor-version":[{"id":19425,"href":"https:\/\/ztsports.com\/fr\/wp-json\/wp\/v2\/product\/19424\/revisions\/19425"}],"wp:featuredmedia":[{"embeddable":true,"href":"https:\/\/ztsports.com\/fr\/wp-json\/wp\/v2\/media\/19426"}],"wp:attachment":[{"href":"https:\/\/ztsports.com\/fr\/wp-json\/wp\/v2\/media?parent=19424"}],"wp:term":[{"taxonomy":"product_brand","embeddable":true,"href":"https:\/\/ztsports.com\/fr\/wp-json\/wp\/v2\/product_brand?post=19424"},{"taxonomy":"product_cat","embeddable":true,"href":"https:\/\/ztsports.com\/fr\/wp-json\/wp\/v2\/product_cat?post=19424"},{"taxonomy":"product_tag","embeddable":true,"href":"https:\/\/ztsports.com\/fr\/wp-json\/wp\/v2\/product_tag?post=19424"}],"curies":[{"name":"wp","href":"https:\/\/api.w.org\/{rel}","templated":true}]}}