{"id":19420,"date":"2021-09-23T02:05:40","date_gmt":"2021-09-23T02:05:40","guid":{"rendered":"https:\/\/ztsports.com\/?post_type=product&#038;p=19420"},"modified":"2026-02-02T20:54:20","modified_gmt":"2026-02-02T20:54:20","slug":"protege-chevilles-dyneema","status":"publish","type":"product","link":"https:\/\/ztsports.com\/fr\/store\/protege-chevilles-dyneema\/","title":{"rendered":"LT DYNEEMA Ankle Protector Long Track Speed Skating"},"content":{"rendered":"<h3>Patinage de vitesse longue piste Protecteurs DYNEEMA<\/h3>\n<p> Le prot\u00e8ge-cheville en Dyneema w<span class=\"Y2IQFc\" lang=\"en\">avec des bandes \u00e9lastiques en latex aux extr\u00e9mit\u00e9s. Ce tube se fixe solidement \u00e0 la cheville et dans le patin.<\/span><\/p>\n<div class=\"yuRUbf\">\n<h3 class=\"LC20lb MBeuO DKV0Md\">La fibre la plus r\u00e9sistante au monde <a href=\"https:\/\/www.dyneema.com\" target=\"_blank\" rel=\"noopener\"><strong>Dyneema<\/strong><\/a>|<\/h3>\n<div class=\"notranslate HGLrXd NJjxre iUh30 ojE3Fb\">\n<div class=\"q0vns\">\n<div class=\"eqA2re UnOTSe Vwoesf\" aria-hidden=\"true\"><img decoding=\"async\" class=\"XNo5Ab\" src=\"data:image\/png;base64,iVBORw0KGgoAAAANSUhEUgAAABwAAAAcCAMAAABF0y+mAAAAM1BMVEVHcEwqfeEqfuEqfeEqfeEqfOEqfOEpfeEqfeEqfeEqfeEqfeEqfeEpfeEqfeEqfOEqfOIawdUoAAAAEXRSTlMAogzK\/zEke\/DguE7YY5E5Pzcy84oAAADQSURBVHgBtNBLigQhEEXRqz6\/qWbvf7VNIFIdUNN+00NcUP53wc1RTHJL0VnIpar13lRLDn81aUBseuZ81CIMpXs3FYCkxewsJSBoxtsEtgZx9kjQNrWy2QAsdzB2PcAwHZoA0stBXglgapCbKjD0XHwsRVXL8DYt+NG4OPQDS+0FyDKdKgeLppkyNoqVl\/bBrWXNcuyUY9fB1uNtfrTeT6jeoEhbyS6TtlRwy006fyu17OiUNdIcuk1\/azd2n\/myYvJ5w5eyb3r1htfM7+gAAFe+CAPVbwAjAAAAAElFTkSuQmCC\" alt=\"\" data-csiid=\"p4aEZqy1GNiC0PEPoYKuyAQ_9\" data-atf=\"1\"><\/div>\n<div class=\"CA5RN\">\n<div><span class=\"VuuXrf\">Dyneema<\/span><\/div>\n<\/div>\n<\/div>\n<\/div>\n<div class=\"B6fmyf byrV5b Mg1HEd\">\n<div class=\"csDOgf BCF2pd ezY6nb L48a4c\">\n<div data-id=\"atritem-https:\/\/www.dyneema.com\/\" data-viewer-group=\"1\">\n<div>\n<div data-viewer-entrypoint=\"1\" data-ved=\"2ahUKEwjspJ_9uomHAxVYATQIHSGBC0kQ2esEegQICRAH\">\n<div>\n<div class=\"MJ8UF iTPLzd rNSxBe eY4mx lUn2nc\" tabindex=\"0\" role=\"button\" aria-label=\"About this result\"><\/div>\n<\/div>\n<\/div>\n<\/div>\n<\/div>\n<\/div>\n<\/div>\n<\/div>\n<div class=\"IsZvec\">\n<div class=\"VwiC3b yXK7lf lVm3ye r025kc hJNv6b Hdw6tb\">Notre poly\u00e9thyl\u00e8ne \u00e0 tr\u00e8s haut poids mol\u00e9culaire (UHMWPE) <em>Dyneema\u00ae<\/em>est fond\u00e9 sur une ing\u00e9nierie r\u00e9volutionnaire. Il permet aux concepteurs de r\u00e9aliser des solutions qui changent la donne.<\/div>\n<\/div>\n<p> Enfin, consultez tous les produits de <a href=\"https:\/\/ztsports.com\/product-category\/protection\/lower-body-protection\/\"><strong>Protection du bas du corps<\/strong><\/a>.<\/p>\n","protected":false},"excerpt":{"rendered":"<p>Patinage de vitesse longue piste Protecteurs DYNEEMA Le prot\u00e8ge-cheville en Dyneema wavec des bandes \u00e9lastiques en latex aux extr\u00e9mit\u00e9s. Ce tube se fixe solidement \u00e0 la cheville et dans le patin. La fibre la plus r\u00e9sistante au monde Dyneema| Dyneema Notre poly\u00e9thyl\u00e8ne \u00e0 tr\u00e8s haut poids mol\u00e9culaire (UHMWPE) Dyneema\u00aeest fond\u00e9 sur une ing\u00e9nierie r\u00e9volutionnaire. Il [&hellip;]<\/p>\n","protected":false},"featured_media":19422,"comment_status":"open","ping_status":"closed","template":"","meta":{"_acf_changed":false,"_monsterinsights_skip_tracking":false,"_monsterinsights_sitenote_active":false,"_monsterinsights_sitenote_note":"","_monsterinsights_sitenote_category":0,"_uf_show_specific_survey":0,"_uf_disable_surveys":false,"site-sidebar-layout":"default","site-content-layout":"","ast-site-content-layout":"default","site-content-style":"default","site-sidebar-style":"default","ast-global-header-display":"","ast-banner-title-visibility":"","ast-main-header-display":"","ast-hfb-above-header-display":"","ast-hfb-below-header-display":"","ast-hfb-mobile-header-display":"","site-post-title":"","ast-breadcrumbs-content":"","ast-featured-img":"","footer-sml-layout":"","ast-disable-related-posts":"","theme-transparent-header-meta":"default","adv-header-id-meta":"","stick-header-meta":"","header-above-stick-meta":"","header-main-stick-meta":"","header-below-stick-meta":"","astra-migrate-meta-layouts":"set","ast-page-background-enabled":"default","ast-page-background-meta":{"desktop":{"background-color":"","background-image":"","background-repeat":"repeat","background-position":"center center","background-size":"auto","background-attachment":"scroll","background-type":"","background-media":"","overlay-type":"","overlay-color":"","overlay-opacity":"","overlay-gradient":""},"tablet":{"background-color":"","background-image":"","background-repeat":"repeat","background-position":"center center","background-size":"auto","background-attachment":"scroll","background-type":"","background-media":"","overlay-type":"","overlay-color":"","overlay-opacity":"","overlay-gradient":""},"mobile":{"background-color":"","background-image":"","background-repeat":"repeat","background-position":"center center","background-size":"auto","background-attachment":"scroll","background-type":"","background-media":"","overlay-type":"","overlay-color":"","overlay-opacity":"","overlay-gradient":""}},"ast-content-background-meta":{"desktop":{"background-color":"var(--ast-global-color-5)","background-image":"","background-repeat":"repeat","background-position":"center center","background-size":"auto","background-attachment":"scroll","background-type":"","background-media":"","overlay-type":"","overlay-color":"","overlay-opacity":"","overlay-gradient":""},"tablet":{"background-color":"var(--ast-global-color-5)","background-image":"","background-repeat":"repeat","background-position":"center center","background-size":"auto","background-attachment":"scroll","background-type":"","background-media":"","overlay-type":"","overlay-color":"","overlay-opacity":"","overlay-gradient":""},"mobile":{"background-color":"var(--ast-global-color-5)","background-image":"","background-repeat":"repeat","background-position":"center center","background-size":"auto","background-attachment":"scroll","background-type":"","background-media":"","overlay-type":"","overlay-color":"","overlay-opacity":"","overlay-gradient":""}}},"product_brand":[3275],"product_cat":[3391,3421],"product_tag":[1817,3497,3968,3597,3969,3535],"class_list":{"0":"post-19420","1":"product","2":"type-product","3":"status-publish","4":"has-post-thumbnail","6":"product_brand-apogee","7":"product_cat-accessoires-pour-la-longue-piste","8":"product_cat-protection-bebe-inferieure","9":"product_tag-akiliesprotector","10":"product_tag-patinage-de-vitesse","11":"product_tag-patinage-de-vitesse-longue-piste","12":"product_tag-protection-contre-les-lacerations","13":"product_tag-protege-cheville-dyneema","14":"product_tag-resistant-aux-coupures","15":"desktop-align-left","16":"tablet-align-left","17":"mobile-align-left","19":"first","20":"instock","21":"taxable","22":"shipping-taxable","23":"purchasable","24":"product-type-simple"},"acf":[],"_links":{"self":[{"href":"https:\/\/ztsports.com\/fr\/wp-json\/wp\/v2\/product\/19420","targetHints":{"allow":["GET"]}}],"collection":[{"href":"https:\/\/ztsports.com\/fr\/wp-json\/wp\/v2\/product"}],"about":[{"href":"https:\/\/ztsports.com\/fr\/wp-json\/wp\/v2\/types\/product"}],"replies":[{"embeddable":true,"href":"https:\/\/ztsports.com\/fr\/wp-json\/wp\/v2\/comments?post=19420"}],"version-history":[{"count":1,"href":"https:\/\/ztsports.com\/fr\/wp-json\/wp\/v2\/product\/19420\/revisions"}],"predecessor-version":[{"id":19421,"href":"https:\/\/ztsports.com\/fr\/wp-json\/wp\/v2\/product\/19420\/revisions\/19421"}],"wp:featuredmedia":[{"embeddable":true,"href":"https:\/\/ztsports.com\/fr\/wp-json\/wp\/v2\/media\/19422"}],"wp:attachment":[{"href":"https:\/\/ztsports.com\/fr\/wp-json\/wp\/v2\/media?parent=19420"}],"wp:term":[{"taxonomy":"product_brand","embeddable":true,"href":"https:\/\/ztsports.com\/fr\/wp-json\/wp\/v2\/product_brand?post=19420"},{"taxonomy":"product_cat","embeddable":true,"href":"https:\/\/ztsports.com\/fr\/wp-json\/wp\/v2\/product_cat?post=19420"},{"taxonomy":"product_tag","embeddable":true,"href":"https:\/\/ztsports.com\/fr\/wp-json\/wp\/v2\/product_tag?post=19420"}],"curies":[{"name":"wp","href":"https:\/\/api.w.org\/{rel}","templated":true}]}}