{"id":19415,"date":"2021-09-23T02:06:47","date_gmt":"2021-09-23T02:06:47","guid":{"rendered":"https:\/\/ztsports.com\/?post_type=product&#038;p=19415"},"modified":"2026-02-02T20:53:47","modified_gmt":"2026-02-02T20:53:47","slug":"gants-maple-extreme-en-dyneema","status":"publish","type":"product","link":"https:\/\/ztsports.com\/fr\/store\/gants-maple-extreme-en-dyneema\/","title":{"rendered":"Gants Maple Extreme en Dyneema"},"content":{"rendered":"<h1 id=\"tw-target-text\" class=\"tw-data-text tw-text-large tw-ta\" dir=\"ltr\" data-placeholder=\"Translation\"><span class=\"Y2IQFc\" lang=\"en\">Gants Maple Extreme en Dyneema<\/span><\/h1>\n<p>Les gants Maple Extreme Dyneema sont <span class=\"Y2IQFc\" lang=\"en\"> enti\u00e8rement doubl\u00e9 d&#8217;un tissu Dyneema r\u00e9sistant aux coupures. S&#8217;adapte bien \u00e0 la forme de la main. Durable. Bracelet en velcro et rev\u00eatement ext\u00e9rieur souple pour un excellent confort.<\/span><\/p>\n<p>Pour une s\u00e9curit\u00e9 et un confort ultimes, les gants Maple Extreme ST sont dot\u00e9s d&#8217;une doublure anti-coupure en Kevlar qui ne compromet pas votre adh\u00e9rence.<\/p>\n<p>Dites adieu aux ampoules douloureuses et bonjour au maintien et \u00e0 la sensation de s\u00e9curit\u00e9 gr\u00e2ce \u00e0 la fermeture velcro au poignet et \u00e0 la coque ext\u00e9rieure souple.<\/p>\n<p>Gants Maple Extreme en Dyneema<\/p>\n<p>Faites l&#8217;exp\u00e9rience de la pr\u00e9cision intense que procure <a href=\"https:\/\/ztsports.com\/product-category\/short-track\/quick-tips\/\"><strong>l&#8217;application<\/strong><\/a> avec ces gants \u00e9tonnants !<\/p>\n<h3><span class=\"Y2IQFc\" lang=\"en\">Gants Maple Extreme en Dyneema Fin de s\u00e9rie REG $ 79.99 Vente $ 69.99<\/span><\/h3>\n<p>Enfin voir tous les gants <a href=\"https:\/\/ztsports.com\/product-category\/protection\/gloves\/\"><strong>gants de piste<\/strong><\/a> ici.<\/p>\n","protected":false},"excerpt":{"rendered":"<p>Gants Maple Extreme en Dyneema Les gants Maple Extreme Dyneema sont enti\u00e8rement doubl\u00e9 d&#8217;un tissu Dyneema r\u00e9sistant aux coupures. S&#8217;adapte bien \u00e0 la forme de la main. Durable. Bracelet en velcro et rev\u00eatement ext\u00e9rieur souple pour un excellent confort. Pour une s\u00e9curit\u00e9 et un confort ultimes, les gants Maple Extreme ST sont dot\u00e9s d&#8217;une doublure [&hellip;]<\/p>\n","protected":false},"featured_media":19417,"comment_status":"open","ping_status":"closed","template":"","meta":{"_acf_changed":false,"_monsterinsights_skip_tracking":false,"_monsterinsights_sitenote_active":false,"_monsterinsights_sitenote_note":"","_monsterinsights_sitenote_category":0,"_uf_show_specific_survey":0,"_uf_disable_surveys":false,"site-sidebar-layout":"default","site-content-layout":"","ast-site-content-layout":"default","site-content-style":"default","site-sidebar-style":"default","ast-global-header-display":"","ast-banner-title-visibility":"","ast-main-header-display":"","ast-hfb-above-header-display":"","ast-hfb-below-header-display":"","ast-hfb-mobile-header-display":"","site-post-title":"","ast-breadcrumbs-content":"","ast-featured-img":"","footer-sml-layout":"","ast-disable-related-posts":"","theme-transparent-header-meta":"default","adv-header-id-meta":"","stick-header-meta":"","header-above-stick-meta":"","header-main-stick-meta":"","header-below-stick-meta":"","astra-migrate-meta-layouts":"set","ast-page-background-enabled":"default","ast-page-background-meta":{"desktop":{"background-color":"","background-image":"","background-repeat":"repeat","background-position":"center center","background-size":"auto","background-attachment":"scroll","background-type":"","background-media":"","overlay-type":"","overlay-color":"","overlay-opacity":"","overlay-gradient":""},"tablet":{"background-color":"","background-image":"","background-repeat":"repeat","background-position":"center center","background-size":"auto","background-attachment":"scroll","background-type":"","background-media":"","overlay-type":"","overlay-color":"","overlay-opacity":"","overlay-gradient":""},"mobile":{"background-color":"","background-image":"","background-repeat":"repeat","background-position":"center center","background-size":"auto","background-attachment":"scroll","background-type":"","background-media":"","overlay-type":"","overlay-color":"","overlay-opacity":"","overlay-gradient":""}},"ast-content-background-meta":{"desktop":{"background-color":"var(--ast-global-color-5)","background-image":"","background-repeat":"repeat","background-position":"center center","background-size":"auto","background-attachment":"scroll","background-type":"","background-media":"","overlay-type":"","overlay-color":"","overlay-opacity":"","overlay-gradient":""},"tablet":{"background-color":"var(--ast-global-color-5)","background-image":"","background-repeat":"repeat","background-position":"center center","background-size":"auto","background-attachment":"scroll","background-type":"","background-media":"","overlay-type":"","overlay-color":"","overlay-opacity":"","overlay-gradient":""},"mobile":{"background-color":"var(--ast-global-color-5)","background-image":"","background-repeat":"repeat","background-position":"center center","background-size":"auto","background-attachment":"scroll","background-type":"","background-media":"","overlay-type":"","overlay-color":"","overlay-opacity":"","overlay-gradient":""}}},"product_brand":[3318],"product_cat":[3395,3483,3536,3467],"product_tag":[3965,3533,3966,3967],"class_list":{"0":"post-19415","1":"product","2":"type-product","3":"status-publish","4":"has-post-thumbnail","6":"product_brand-maple","7":"product_cat-courte-piste","8":"product_cat-gants","9":"product_cat-gants-de-patinage-de-vitesse","10":"product_cat-patinage-de-vitesse","11":"product_tag-erable-extreme","12":"product_tag-gant-de-short-track","13":"product_tag-gants-en-dyneema","14":"product_tag-protection-du-patinage-de-vitesse","15":"desktop-align-left","16":"tablet-align-left","17":"mobile-align-left","19":"first","20":"instock","21":"sale","22":"taxable","23":"shipping-taxable","24":"purchasable","25":"product-type-simple"},"acf":[],"_links":{"self":[{"href":"https:\/\/ztsports.com\/fr\/wp-json\/wp\/v2\/product\/19415","targetHints":{"allow":["GET"]}}],"collection":[{"href":"https:\/\/ztsports.com\/fr\/wp-json\/wp\/v2\/product"}],"about":[{"href":"https:\/\/ztsports.com\/fr\/wp-json\/wp\/v2\/types\/product"}],"replies":[{"embeddable":true,"href":"https:\/\/ztsports.com\/fr\/wp-json\/wp\/v2\/comments?post=19415"}],"version-history":[{"count":1,"href":"https:\/\/ztsports.com\/fr\/wp-json\/wp\/v2\/product\/19415\/revisions"}],"predecessor-version":[{"id":19416,"href":"https:\/\/ztsports.com\/fr\/wp-json\/wp\/v2\/product\/19415\/revisions\/19416"}],"wp:featuredmedia":[{"embeddable":true,"href":"https:\/\/ztsports.com\/fr\/wp-json\/wp\/v2\/media\/19417"}],"wp:attachment":[{"href":"https:\/\/ztsports.com\/fr\/wp-json\/wp\/v2\/media?parent=19415"}],"wp:term":[{"taxonomy":"product_brand","embeddable":true,"href":"https:\/\/ztsports.com\/fr\/wp-json\/wp\/v2\/product_brand?post=19415"},{"taxonomy":"product_cat","embeddable":true,"href":"https:\/\/ztsports.com\/fr\/wp-json\/wp\/v2\/product_cat?post=19415"},{"taxonomy":"product_tag","embeddable":true,"href":"https:\/\/ztsports.com\/fr\/wp-json\/wp\/v2\/product_tag?post=19415"}],"curies":[{"name":"wp","href":"https:\/\/api.w.org\/{rel}","templated":true}]}}