{"id":19412,"date":"2021-09-23T02:06:48","date_gmt":"2021-09-23T02:06:48","guid":{"rendered":"https:\/\/ztsports.com\/?post_type=product&#038;p=19412"},"modified":"2026-02-02T20:53:35","modified_gmt":"2026-02-02T20:53:35","slug":"auclair-st-cut-stopper","status":"publish","type":"product","link":"https:\/\/ztsports.com\/fr\/store\/auclair-st-cut-stopper\/","title":{"rendered":"AUCLAIR ST CUT STOPPER Gant de patinage de vitesse adulte"},"content":{"rendered":"<h1>AUCLAIR ST CUT STOPPER Gant adulte<\/h1>\n<p>Le ST Cut Stopper d&#8217;Auclair est un gant de premi\u00e8re qualit\u00e9 avec une paume en peau de ch\u00e8vre douce, ainsi qu&#8217;un dos en Kevlar pour une protection accrue. Ce gant est l&#8217;un des gants de patinage de vitesse les plus chauds du march\u00e9, il est devenu le &#8220;choix pr\u00e9f\u00e9r\u00e9 des entra\u00eeneurs&#8221; pour la chaleur, le confort et la protection.<\/p>\n<p>Tant pour les patineurs sur piste courte que sur piste longue et pour les entra\u00eeneurs.<\/p>\n<p>Tr\u00e8s bon gant \u00e0 un tr\u00e8s bon prix en taille adulte MED-X Large en Rouge Med aussi seulement en Noir<\/p>\n<p><span class=\"Y2IQFc\" lang=\"en\">Enfin regardez tous les <a href=\"https:\/\/ztsports.com\/product-category\/protection\/gloves\/\"><strong>gants short track<\/strong><\/a> ici.<\/span><\/p>\n","protected":false},"excerpt":{"rendered":"<p>AUCLAIR ST CUT STOPPER Gant adulte Le ST Cut Stopper d&#8217;Auclair est un gant de premi\u00e8re qualit\u00e9 avec une paume en peau de ch\u00e8vre douce, ainsi qu&#8217;un dos en Kevlar pour une protection accrue. Ce gant est l&#8217;un des gants de patinage de vitesse les plus chauds du march\u00e9, il est devenu le &#8220;choix pr\u00e9f\u00e9r\u00e9 [&hellip;]<\/p>\n","protected":false},"featured_media":19414,"comment_status":"open","ping_status":"closed","template":"","meta":{"_acf_changed":false,"_monsterinsights_skip_tracking":false,"_monsterinsights_sitenote_active":false,"_monsterinsights_sitenote_note":"","_monsterinsights_sitenote_category":0,"_uf_show_specific_survey":0,"_uf_disable_surveys":false,"site-sidebar-layout":"default","site-content-layout":"","ast-site-content-layout":"default","site-content-style":"default","site-sidebar-style":"default","ast-global-header-display":"","ast-banner-title-visibility":"","ast-main-header-display":"","ast-hfb-above-header-display":"","ast-hfb-below-header-display":"","ast-hfb-mobile-header-display":"","site-post-title":"","ast-breadcrumbs-content":"","ast-featured-img":"","footer-sml-layout":"","ast-disable-related-posts":"","theme-transparent-header-meta":"default","adv-header-id-meta":"","stick-header-meta":"","header-above-stick-meta":"","header-main-stick-meta":"","header-below-stick-meta":"","astra-migrate-meta-layouts":"set","ast-page-background-enabled":"default","ast-page-background-meta":{"desktop":{"background-color":"","background-image":"","background-repeat":"repeat","background-position":"center center","background-size":"auto","background-attachment":"scroll","background-type":"","background-media":"","overlay-type":"","overlay-color":"","overlay-opacity":"","overlay-gradient":""},"tablet":{"background-color":"","background-image":"","background-repeat":"repeat","background-position":"center center","background-size":"auto","background-attachment":"scroll","background-type":"","background-media":"","overlay-type":"","overlay-color":"","overlay-opacity":"","overlay-gradient":""},"mobile":{"background-color":"","background-image":"","background-repeat":"repeat","background-position":"center center","background-size":"auto","background-attachment":"scroll","background-type":"","background-media":"","overlay-type":"","overlay-color":"","overlay-opacity":"","overlay-gradient":""}},"ast-content-background-meta":{"desktop":{"background-color":"var(--ast-global-color-5)","background-image":"","background-repeat":"repeat","background-position":"center center","background-size":"auto","background-attachment":"scroll","background-type":"","background-media":"","overlay-type":"","overlay-color":"","overlay-opacity":"","overlay-gradient":""},"tablet":{"background-color":"var(--ast-global-color-5)","background-image":"","background-repeat":"repeat","background-position":"center center","background-size":"auto","background-attachment":"scroll","background-type":"","background-media":"","overlay-type":"","overlay-color":"","overlay-opacity":"","overlay-gradient":""},"mobile":{"background-color":"var(--ast-global-color-5)","background-image":"","background-repeat":"repeat","background-position":"center center","background-size":"auto","background-attachment":"scroll","background-type":"","background-media":"","overlay-type":"","overlay-color":"","overlay-opacity":"","overlay-gradient":""}}},"product_brand":[3278],"product_cat":[3483,3390,3637,3645],"product_tag":[3964,3749,3485],"class_list":{"0":"post-19412","1":"product","2":"type-product","3":"status-publish","4":"has-post-thumbnail","6":"product_brand-auclair","7":"product_cat-gants","8":"product_cat-longue-piste","9":"product_cat-protection","11":"product_tag-gant-de-kevlar","12":"product_tag-gant-de-patinage-chaud","13":"product_tag-gant-de-patinage-de-vitesse","14":"desktop-align-left","15":"tablet-align-left","16":"mobile-align-left","18":"first","19":"instock","20":"taxable","21":"shipping-taxable","22":"purchasable","23":"product-type-simple"},"acf":[],"_links":{"self":[{"href":"https:\/\/ztsports.com\/fr\/wp-json\/wp\/v2\/product\/19412","targetHints":{"allow":["GET"]}}],"collection":[{"href":"https:\/\/ztsports.com\/fr\/wp-json\/wp\/v2\/product"}],"about":[{"href":"https:\/\/ztsports.com\/fr\/wp-json\/wp\/v2\/types\/product"}],"replies":[{"embeddable":true,"href":"https:\/\/ztsports.com\/fr\/wp-json\/wp\/v2\/comments?post=19412"}],"version-history":[{"count":1,"href":"https:\/\/ztsports.com\/fr\/wp-json\/wp\/v2\/product\/19412\/revisions"}],"predecessor-version":[{"id":19413,"href":"https:\/\/ztsports.com\/fr\/wp-json\/wp\/v2\/product\/19412\/revisions\/19413"}],"wp:featuredmedia":[{"embeddable":true,"href":"https:\/\/ztsports.com\/fr\/wp-json\/wp\/v2\/media\/19414"}],"wp:attachment":[{"href":"https:\/\/ztsports.com\/fr\/wp-json\/wp\/v2\/media?parent=19412"}],"wp:term":[{"taxonomy":"product_brand","embeddable":true,"href":"https:\/\/ztsports.com\/fr\/wp-json\/wp\/v2\/product_brand?post=19412"},{"taxonomy":"product_cat","embeddable":true,"href":"https:\/\/ztsports.com\/fr\/wp-json\/wp\/v2\/product_cat?post=19412"},{"taxonomy":"product_tag","embeddable":true,"href":"https:\/\/ztsports.com\/fr\/wp-json\/wp\/v2\/product_tag?post=19412"}],"curies":[{"name":"wp","href":"https:\/\/api.w.org\/{rel}","templated":true}]}}