{"id":19405,"date":"2021-09-23T02:06:49","date_gmt":"2021-09-23T02:06:49","guid":{"rendered":"https:\/\/ztsports.com\/?post_type=product&#038;p=19405"},"modified":"2026-02-02T20:52:47","modified_gmt":"2026-02-02T20:52:47","slug":"auclair-team-canada","status":"publish","type":"product","link":"https:\/\/ztsports.com\/fr\/store\/auclair-team-canada\/","title":{"rendered":"AUCLAIR TEAM CANADA ST GLOVE Adult"},"content":{"rendered":"<h1 id=\"tw-target-text\" class=\"tw-data-text tw-text-large tw-ta\" dir=\"ltr\" data-placeholder=\"Translation\">Gant Short Track AUCLAIR CANADA<\/h1>\n<p class=\"tw-data-text tw-text-large tw-ta\" dir=\"ltr\" data-placeholder=\"Translation\"><span class=\"Y2IQFc\" lang=\"en\">L&#8217;Auclair TEAM CANADA est en cuir de ch\u00e8vre \u00e0 100 %. Tr\u00e8s doux et confortable Taille adulte,. Enti\u00e8rement doubl\u00e9, il poss\u00e8de en outre des coussinets sur les doigts pour une protection suppl\u00e9mentaire. Ajustement du poignet par \u00e9lastique et velcro. <\/span><\/p>\n<p class=\"tw-data-text tw-text-large tw-ta\" dir=\"ltr\" data-placeholder=\"Translation\"><span class=\"Y2IQFc\" lang=\"en\">Voir tous les out <a href=\"https:\/\/ztsports.com\/product-category\/protection\/gloves\/\"><strong>gants pour piste courte<\/strong><\/a> ici. <\/span><\/p>\n","protected":false},"excerpt":{"rendered":"<p>Gant Short Track AUCLAIR CANADA L&#8217;Auclair TEAM CANADA est en cuir de ch\u00e8vre \u00e0 100 %. Tr\u00e8s doux et confortable Taille adulte,. Enti\u00e8rement doubl\u00e9, il poss\u00e8de en outre des coussinets sur les doigts pour une protection suppl\u00e9mentaire. Ajustement du poignet par \u00e9lastique et velcro. Voir tous les out gants pour piste courte ici.<\/p>\n","protected":false},"featured_media":19407,"comment_status":"open","ping_status":"closed","template":"","meta":{"_acf_changed":false,"_monsterinsights_skip_tracking":false,"_monsterinsights_sitenote_active":false,"_monsterinsights_sitenote_note":"","_monsterinsights_sitenote_category":0,"_uf_show_specific_survey":0,"_uf_disable_surveys":false,"site-sidebar-layout":"default","site-content-layout":"","ast-site-content-layout":"default","site-content-style":"default","site-sidebar-style":"default","ast-global-header-display":"","ast-banner-title-visibility":"","ast-main-header-display":"","ast-hfb-above-header-display":"","ast-hfb-below-header-display":"","ast-hfb-mobile-header-display":"","site-post-title":"","ast-breadcrumbs-content":"","ast-featured-img":"","footer-sml-layout":"","ast-disable-related-posts":"","theme-transparent-header-meta":"default","adv-header-id-meta":"","stick-header-meta":"","header-above-stick-meta":"","header-main-stick-meta":"","header-below-stick-meta":"","astra-migrate-meta-layouts":"set","ast-page-background-enabled":"default","ast-page-background-meta":{"desktop":{"background-color":"","background-image":"","background-repeat":"repeat","background-position":"center center","background-size":"auto","background-attachment":"scroll","background-type":"","background-media":"","overlay-type":"","overlay-color":"","overlay-opacity":"","overlay-gradient":""},"tablet":{"background-color":"","background-image":"","background-repeat":"repeat","background-position":"center center","background-size":"auto","background-attachment":"scroll","background-type":"","background-media":"","overlay-type":"","overlay-color":"","overlay-opacity":"","overlay-gradient":""},"mobile":{"background-color":"","background-image":"","background-repeat":"repeat","background-position":"center center","background-size":"auto","background-attachment":"scroll","background-type":"","background-media":"","overlay-type":"","overlay-color":"","overlay-opacity":"","overlay-gradient":""}},"ast-content-background-meta":{"desktop":{"background-color":"var(--ast-global-color-5)","background-image":"","background-repeat":"repeat","background-position":"center center","background-size":"auto","background-attachment":"scroll","background-type":"","background-media":"","overlay-type":"","overlay-color":"","overlay-opacity":"","overlay-gradient":""},"tablet":{"background-color":"var(--ast-global-color-5)","background-image":"","background-repeat":"repeat","background-position":"center center","background-size":"auto","background-attachment":"scroll","background-type":"","background-media":"","overlay-type":"","overlay-color":"","overlay-opacity":"","overlay-gradient":""},"mobile":{"background-color":"var(--ast-global-color-5)","background-image":"","background-repeat":"repeat","background-position":"center center","background-size":"auto","background-attachment":"scroll","background-type":"","background-media":"","overlay-type":"","overlay-color":"","overlay-opacity":"","overlay-gradient":""}}},"product_brand":[3278],"product_cat":[3392,3395,3750,3483,3480,3481,3625],"product_tag":[1843,3960,3533,3961,1845],"class_list":{"0":"post-19405","1":"product","2":"type-product","3":"status-publish","4":"has-post-thumbnail","6":"product_brand-auclair","7":"product_cat-accessoires-short-track","8":"product_cat-courte-piste","9":"product_cat-equipement-de-protection-pour-le-patinage-de-vitesse","10":"product_cat-gants","11":"product_cat-gants-blancs","12":"product_cat-gants-pour-short-track","13":"product_cat-patins-de-vitesse","14":"product_tag-auclair","15":"product_tag-equipe-canada","16":"product_tag-gant-de-short-track","17":"product_tag-patinage-de-vitesse-gant-blanc","18":"product_tag-st-glove","19":"desktop-align-left","20":"tablet-align-left","21":"mobile-align-left","23":"first","24":"instock","25":"sale","26":"taxable","27":"shipping-taxable","28":"purchasable","29":"product-type-simple"},"acf":[],"_links":{"self":[{"href":"https:\/\/ztsports.com\/fr\/wp-json\/wp\/v2\/product\/19405","targetHints":{"allow":["GET"]}}],"collection":[{"href":"https:\/\/ztsports.com\/fr\/wp-json\/wp\/v2\/product"}],"about":[{"href":"https:\/\/ztsports.com\/fr\/wp-json\/wp\/v2\/types\/product"}],"replies":[{"embeddable":true,"href":"https:\/\/ztsports.com\/fr\/wp-json\/wp\/v2\/comments?post=19405"}],"version-history":[{"count":1,"href":"https:\/\/ztsports.com\/fr\/wp-json\/wp\/v2\/product\/19405\/revisions"}],"predecessor-version":[{"id":19406,"href":"https:\/\/ztsports.com\/fr\/wp-json\/wp\/v2\/product\/19405\/revisions\/19406"}],"wp:featuredmedia":[{"embeddable":true,"href":"https:\/\/ztsports.com\/fr\/wp-json\/wp\/v2\/media\/19407"}],"wp:attachment":[{"href":"https:\/\/ztsports.com\/fr\/wp-json\/wp\/v2\/media?parent=19405"}],"wp:term":[{"taxonomy":"product_brand","embeddable":true,"href":"https:\/\/ztsports.com\/fr\/wp-json\/wp\/v2\/product_brand?post=19405"},{"taxonomy":"product_cat","embeddable":true,"href":"https:\/\/ztsports.com\/fr\/wp-json\/wp\/v2\/product_cat?post=19405"},{"taxonomy":"product_tag","embeddable":true,"href":"https:\/\/ztsports.com\/fr\/wp-json\/wp\/v2\/product_tag?post=19405"}],"curies":[{"name":"wp","href":"https:\/\/api.w.org\/{rel}","templated":true}]}}