{"id":19402,"date":"2021-09-23T02:08:01","date_gmt":"2021-09-23T02:08:01","guid":{"rendered":"https:\/\/ztsports.com\/?post_type=product&#038;p=19402"},"modified":"2026-02-02T20:52:26","modified_gmt":"2026-02-02T20:52:26","slug":"gel-tube-tubes-de-gel","status":"publish","type":"product","link":"https:\/\/ztsports.com\/fr\/store\/gel-tube-tubes-de-gel\/","title":{"rendered":"GEL TUBE (2) arr\u00eate et prot\u00e8ge la douleur de la cheville"},"content":{"rendered":"<h1 class=\"tw-data-text tw-text-large tw-ta\" dir=\"ltr\" data-placeholder=\"Translation\">GEL TUBE (2) arr\u00eate et prot\u00e8ge la douleur de la cheville<\/h1>\n<p>Les moules pour tubes de gel <span class=\"Y2IQFc\" lang=\"en\">\u00e0 la cheville pour r\u00e9duire les frottements, la pression et les irritations \u00e0 l&#8217;int\u00e9rieur du patin. Hypoallerg\u00e9nique, lavable et r\u00e9utilisable. Taille unique<\/span><\/p>\n<p>Paquet de deux prot\u00e8ge-chevilles, id\u00e9al pour r\u00e9duire la douleur pendant l&#8217;entra\u00eenement ou les comp\u00e9titions.<br \/>\nProtection de la cheville en gel. L&#8217;accessoire indispensable \u00e0 l&#8217;achat d&#8217;une nouvelle paire de patins \u00e0 glace ou \u00e0 roulettes.<br \/>\nVendu par paire<\/p>\n<p>Coussin et protection de vos chevilles contre les dommages potentiels.<\/p>\n<p>Con\u00e7u pour un ajustement confortable.<\/p>\n<p>Enfin, consultez tous les produits <a href=\"https:\/\/ztsports.com\/brand\/ezeefit\/\"><strong>produits Ezeefit<\/strong><\/a>ici.<\/p>\n<pre id=\"tw-target-text\" class=\"tw-data-text tw-text-large tw-ta\" dir=\"ltr\" data-placeholder=\"Translation\"><\/pre>\n","protected":false},"excerpt":{"rendered":"<p>GEL TUBE (2) arr\u00eate et prot\u00e8ge la douleur de la cheville Les moules pour tubes de gel \u00e0 la cheville pour r\u00e9duire les frottements, la pression et les irritations \u00e0 l&#8217;int\u00e9rieur du patin. Hypoallerg\u00e9nique, lavable et r\u00e9utilisable. Taille unique Paquet de deux prot\u00e8ge-chevilles, id\u00e9al pour r\u00e9duire la douleur pendant l&#8217;entra\u00eenement ou les comp\u00e9titions. Protection de [&hellip;]<\/p>\n","protected":false},"featured_media":19404,"comment_status":"open","ping_status":"closed","template":"","meta":{"_acf_changed":false,"_monsterinsights_skip_tracking":false,"_monsterinsights_sitenote_active":false,"_monsterinsights_sitenote_note":"","_monsterinsights_sitenote_category":0,"_uf_show_specific_survey":0,"_uf_disable_surveys":false,"site-sidebar-layout":"default","site-content-layout":"","ast-site-content-layout":"default","site-content-style":"default","site-sidebar-style":"default","ast-global-header-display":"","ast-banner-title-visibility":"","ast-main-header-display":"","ast-hfb-above-header-display":"","ast-hfb-below-header-display":"","ast-hfb-mobile-header-display":"","site-post-title":"","ast-breadcrumbs-content":"","ast-featured-img":"","footer-sml-layout":"","ast-disable-related-posts":"","theme-transparent-header-meta":"default","adv-header-id-meta":"","stick-header-meta":"","header-above-stick-meta":"","header-main-stick-meta":"","header-below-stick-meta":"","astra-migrate-meta-layouts":"set","ast-page-background-enabled":"default","ast-page-background-meta":{"desktop":{"background-color":"","background-image":"","background-repeat":"repeat","background-position":"center center","background-size":"auto","background-attachment":"scroll","background-type":"","background-media":"","overlay-type":"","overlay-color":"","overlay-opacity":"","overlay-gradient":""},"tablet":{"background-color":"","background-image":"","background-repeat":"repeat","background-position":"center center","background-size":"auto","background-attachment":"scroll","background-type":"","background-media":"","overlay-type":"","overlay-color":"","overlay-opacity":"","overlay-gradient":""},"mobile":{"background-color":"","background-image":"","background-repeat":"repeat","background-position":"center center","background-size":"auto","background-attachment":"scroll","background-type":"","background-media":"","overlay-type":"","overlay-color":"","overlay-opacity":"","overlay-gradient":""}},"ast-content-background-meta":{"desktop":{"background-color":"var(--ast-global-color-5)","background-image":"","background-repeat":"repeat","background-position":"center center","background-size":"auto","background-attachment":"scroll","background-type":"","background-media":"","overlay-type":"","overlay-color":"","overlay-opacity":"","overlay-gradient":""},"tablet":{"background-color":"var(--ast-global-color-5)","background-image":"","background-repeat":"repeat","background-position":"center center","background-size":"auto","background-attachment":"scroll","background-type":"","background-media":"","overlay-type":"","overlay-color":"","overlay-opacity":"","overlay-gradient":""},"mobile":{"background-color":"var(--ast-global-color-5)","background-image":"","background-repeat":"repeat","background-position":"center center","background-size":"auto","background-attachment":"scroll","background-type":"","background-media":"","overlay-type":"","overlay-color":"","overlay-opacity":"","overlay-gradient":""}}},"product_brand":[3298],"product_cat":[3422,3433,3421,3420],"product_tag":[],"class_list":{"0":"post-19402","1":"product","2":"type-product","3":"status-publish","4":"has-post-thumbnail","6":"product_brand-ezeefit","7":"product_cat-accessoires","8":"product_cat-accessories","9":"product_cat-protection-bebe-inferieure","10":"product_cat-protection-contre-les-ampoules","11":"desktop-align-left","12":"tablet-align-left","13":"mobile-align-left","15":"first","16":"instock","17":"taxable","18":"shipping-taxable","19":"purchasable","20":"product-type-simple"},"acf":[],"_links":{"self":[{"href":"https:\/\/ztsports.com\/fr\/wp-json\/wp\/v2\/product\/19402","targetHints":{"allow":["GET"]}}],"collection":[{"href":"https:\/\/ztsports.com\/fr\/wp-json\/wp\/v2\/product"}],"about":[{"href":"https:\/\/ztsports.com\/fr\/wp-json\/wp\/v2\/types\/product"}],"replies":[{"embeddable":true,"href":"https:\/\/ztsports.com\/fr\/wp-json\/wp\/v2\/comments?post=19402"}],"version-history":[{"count":1,"href":"https:\/\/ztsports.com\/fr\/wp-json\/wp\/v2\/product\/19402\/revisions"}],"predecessor-version":[{"id":19403,"href":"https:\/\/ztsports.com\/fr\/wp-json\/wp\/v2\/product\/19402\/revisions\/19403"}],"wp:featuredmedia":[{"embeddable":true,"href":"https:\/\/ztsports.com\/fr\/wp-json\/wp\/v2\/media\/19404"}],"wp:attachment":[{"href":"https:\/\/ztsports.com\/fr\/wp-json\/wp\/v2\/media?parent=19402"}],"wp:term":[{"taxonomy":"product_brand","embeddable":true,"href":"https:\/\/ztsports.com\/fr\/wp-json\/wp\/v2\/product_brand?post=19402"},{"taxonomy":"product_cat","embeddable":true,"href":"https:\/\/ztsports.com\/fr\/wp-json\/wp\/v2\/product_cat?post=19402"},{"taxonomy":"product_tag","embeddable":true,"href":"https:\/\/ztsports.com\/fr\/wp-json\/wp\/v2\/product_tag?post=19402"}],"curies":[{"name":"wp","href":"https:\/\/api.w.org\/{rel}","templated":true}]}}