{"id":19396,"date":"2021-09-23T02:08:02","date_gmt":"2021-09-23T02:08:02","guid":{"rendered":"https:\/\/ztsports.com\/?post_type=product&#038;p=19396"},"modified":"2026-02-02T20:51:20","modified_gmt":"2026-02-02T20:51:20","slug":"2mm-ankle-bootie","status":"publish","type":"product","link":"https:\/\/ztsports.com\/fr\/store\/2mm-ankle-bootie\/","title":{"rendered":"2MM ANKLE BOOTIE plus d&#8217;ampoules"},"content":{"rendered":"<p class=\"tw-data-text tw-text-large tw-ta\" dir=\"ltr\" data-placeholder=\"Translation\"><span class=\"Y2IQFc\" lang=\"en\">2MM ANKLE BOOTIE plus d&#8217;ampoules<\/span><\/p>\n<p><strong>EZEEFIT<\/strong> 2MM Ankle Bootie 2mm Hitech Superflex neoprene. Nouvelle doublure micro-douce<\/p>\n<p>Notre soci\u00e9t\u00e9 a \u00e9t\u00e9 fond\u00e9e pour cr\u00e9er une solution non adh\u00e9sive au contr\u00f4le des frottements et des ampoules.<br \/>\nEn commen\u00e7ant par plusieurs prototypes, nous avons trouv\u00e9 une solution simple et efficace qui peut \u00eatre lav\u00e9e et port\u00e9e plusieurs fois.<br \/>\nIl nous a fallu trois ans pour mettre au point les mat\u00e9riaux exclusifs personnalis\u00e9s.<br \/>\nNos mat\u00e9riaux exclusifs ont une &#8220;m\u00e9moire d&#8217;\u00e9tirement&#8221;, ils sont donc flexibles mais<br \/>\nconservent leur forme, qu&#8217;ils soient humides ou secs, et s&#8217;accrochent \u00e0 votre peau en cr\u00e9ant une barri\u00e8re efficace contre les frottements.<\/p>\n<p><strong>BOOTTIE DE CHEVILLE de 2 mm pour des r\u00e9sultats optimaux<\/strong><\/p>\n<p>Voici la BOOTIE DE CHEVILLE 2 mm, la solution ultime pour prot\u00e9ger vos pieds tout en les gardant confortables. Fabriqu\u00e9s avec des mat\u00e9riaux de haute qualit\u00e9, ces chaussons sont con\u00e7us pour offrir une protection et un confort sup\u00e9rieurs. En outre, ils sont parfaits pour une vari\u00e9t\u00e9 d&#8217;activit\u00e9s, y compris la randonn\u00e9e, le <strong>patinage de vitesse<\/strong>, la course \u00e0 pied et d&#8217;autres sports de plein air.<\/p>\n<p><strong>Pourquoi acheter des bottines 2 mm ?<\/strong><\/p>\n<ul>\n<li><strong>Conception et mat\u00e9riaux<\/strong>:<\/li>\n<li>La BOOTIE ANKLE de 2 mm est con\u00e7ue avec un profil fin qui la rend facile \u00e0 porter, m\u00eame avec des bottes ou des chaussures moulantes. Le chausson est fabriqu\u00e9 dans un mat\u00e9riau respirant et r\u00e9sistant \u00e0 l&#8217;eau qui garde vos pieds au sec et \u00e0 l&#8217;aise, m\u00eame dans des conditions humides.<\/li>\n<\/ul>\n<ul>\n<li><strong>Confort<\/strong>:<\/li>\n<li>Le 2mm ANKLE BOOTIE a \u00e9t\u00e9 con\u00e7u dans un souci de confort, avec une semelle int\u00e9rieure rembourr\u00e9e et une semelle flexible qui s&#8217;adapte \u00e0 la forme de votre pied. De plus, le mat\u00e9riau extensible de la tige du chausson garantit un ajustement confortable pour toutes les tailles de pieds. Le chausson est \u00e9galement l\u00e9ger, ce qui le rend facile \u00e0 porter pendant de longues p\u00e9riodes.<\/li>\n<\/ul>\n<ul>\n<li><strong>Polyvalence<\/strong>:<\/li>\n<li>La bottine de cheville de 2 mm convient \u00e0 un large \u00e9ventail d&#8217;activit\u00e9s. Y compris la randonn\u00e9e, la course \u00e0 pied et d&#8217;autres sports de plein air. Sa l\u00e9g\u00e8ret\u00e9 et sa respirabilit\u00e9 en font la chaussure id\u00e9ale pour les temps chauds, tandis que sa mati\u00e8re r\u00e9sistante \u00e0 l&#8217;eau garde vos pieds au sec dans des conditions humides. La BOOTIE ANKLE de 2 mm est \u00e9galement id\u00e9ale pour un usage quotidien. Une protection et un confort accrus pour vos pieds lorsque vous faites vos courses ou que vous sortez en ville.<\/li>\n<\/ul>\n<ul>\n<li><strong>Facile \u00e0 porter<\/strong>:<\/li>\n<li>La BOOTIE ANKLE de 2 mm est con\u00e7ue pour \u00eatre facile \u00e0 porter et \u00e0 enlever, avec un design simple \u00e0 enfiler. Il s&#8217;agit donc d&#8217;un choix id\u00e9al pour les personnes en d\u00e9placement, car vous pouvez les enfiler rapidement et facilement et les retirer selon vos besoins.<\/li>\n<\/ul>\n<ul>\n<li><strong>Durabilit\u00e9<\/strong>:<\/li>\n<li>Fabriqu\u00e9e avec des mat\u00e9riaux de haute qualit\u00e9, la bottine 2 mm est con\u00e7ue pour durer. En plus du mat\u00e9riau r\u00e9sistant \u00e0 l&#8217;eau, il faut s&#8217;assurer que le chausson peut r\u00e9sister aux rigueurs d&#8217;une utilisation quotidienne.<\/li>\n<\/ul>\n<ul>\n<li><strong>Service \u00e0 la client\u00e8le<\/strong>:<\/li>\n<li>Nous sommes fiers de fournir un excellent service \u00e0 la client\u00e8le. Notre \u00e9quipe est toujours disponible pour vous aider si vous avez des questions ou des pr\u00e9occupations au sujet de 2 mm ANKLE BOOTIE. De plus, nous proposons \u00e9galement une gamme de tailles pour vous assurer de trouver la taille parfaite.<\/li>\n<\/ul>\n<p>Le 2 mm ANKLE BOOTIE est le choix parfait pour tous ceux qui recherchent un bottillon l\u00e9ger, confortable et durable offrant une protection sup\u00e9rieure. Commandez le v\u00f4tre d\u00e8s aujourd&#8217;hui et faites l&#8217;exp\u00e9rience de la protection et du confort ultimes pour vos pieds.<\/p>\n<p>La nouvelle forme de talon <b>&#8220;Comfort Curve&#8221; en instance de brevet<\/b><br \/>\n\u00e9pouse les contours de votre talon pour un ajustement encore meilleur, et est maintenant<br \/>\ndisponible en noir en six tailles !<\/p>\n<ul>\n<li><strong style=\"font-size: 0.875rem;\">2mm<\/strong><span style=\"font-size: 0.875rem;\"> n\u00e9opr\u00e8ne superflex hi-tech :<\/span>\n<ul>\n<li><span style=\"font-size: 0.875rem;\">Il offre un l\u00e9ger rembourrage et s&#8217;adapte \u00e0 vos pieds apr\u00e8s l&#8217;avoir port\u00e9.<\/span><\/li>\n<li><span style=\"font-size: 0.875rem;\">La doublure en microfibre douce adh\u00e8re \u00e0 la peau.<\/span><\/li>\n<li><span style=\"font-size: 0.875rem;\">Remplit les espaces dans les chaussures l\u00e2ches pour aider \u00e0 emp\u00eacher le soul\u00e8vement du talon.<br \/>\n<\/span><\/li>\n<li><span style=\"font-size: 0.875rem;\">extra small\/youth (New size)<\/span><\/li>\n<li><span style=\"font-size: 0.875rem;\">petit convient aux femmes 6-9<\/span><\/li>\n<li><span style=\"font-size: 0.875rem;\">med\/lg convient aux hommes 8-13<\/span><\/li>\n<li><span style=\"font-size: 0.875rem;\">Black\/red (reversible) <\/span><\/li>\n<\/ul>\n<\/li>\n<\/ul>\n<p><img decoding=\"async\" src=\"https:\/\/www.ezeefitsports.com\/v\/vspfiles\/assets\/images\/final%20ez%20size%20chart%2072.jpg\"><\/p>\n<p><a href=\"https:\/\/www.youtube.com\/watch?v=KKG3a-MNzrQ&amp;t=3s\" target=\"_blank\" rel=\"noopener\"><strong>Comment enfiler<\/strong><\/a>et d\u00e9terminer un ajustement parfait avec les bottines Ezeefit.<\/p>\n<p><strong>Plan\u00e8te Inline<\/strong> <a href=\"https:\/\/www.inlineplanet.com\/Articles2\/EzeefitReview.html\" target=\"_blank\" rel=\"noopener\"><strong>Revue des chaussons Ezeefit Ankel Booties<\/strong><\/a> <span class=\"style245\">Par <\/span><a href=\"mailto:robert@inlineplanet.com\"><span class=\"style245\">Robert &#8220;Just the Factoids&#8221; Burnson<\/span><\/a><\/p>\n<p>Enfin, consultez tous les produits <a href=\"https:\/\/ztsports.com\/brand\/ezeefit\/\"><strong>produits Ezeefit<\/strong><\/a>ici.<\/p>\n","protected":false},"excerpt":{"rendered":"<p>2MM ANKLE BOOTIE plus d&#8217;ampoules EZEEFIT 2MM Ankle Bootie 2mm Hitech Superflex neoprene. Nouvelle doublure micro-douce Notre soci\u00e9t\u00e9 a \u00e9t\u00e9 fond\u00e9e pour cr\u00e9er une solution non adh\u00e9sive au contr\u00f4le des frottements et des ampoules. En commen\u00e7ant par plusieurs prototypes, nous avons trouv\u00e9 une solution simple et efficace qui peut \u00eatre lav\u00e9e et port\u00e9e plusieurs fois. [&hellip;]<\/p>\n","protected":false},"featured_media":19398,"comment_status":"open","ping_status":"closed","template":"","meta":{"_acf_changed":false,"_monsterinsights_skip_tracking":false,"_monsterinsights_sitenote_active":false,"_monsterinsights_sitenote_note":"","_monsterinsights_sitenote_category":0,"_uf_show_specific_survey":0,"_uf_disable_surveys":false,"site-sidebar-layout":"default","site-content-layout":"","ast-site-content-layout":"default","site-content-style":"default","site-sidebar-style":"default","ast-global-header-display":"","ast-banner-title-visibility":"","ast-main-header-display":"","ast-hfb-above-header-display":"","ast-hfb-below-header-display":"","ast-hfb-mobile-header-display":"","site-post-title":"","ast-breadcrumbs-content":"","ast-featured-img":"","footer-sml-layout":"","ast-disable-related-posts":"","theme-transparent-header-meta":"default","adv-header-id-meta":"","stick-header-meta":"","header-above-stick-meta":"","header-main-stick-meta":"","header-below-stick-meta":"","astra-migrate-meta-layouts":"set","ast-page-background-enabled":"default","ast-page-background-meta":{"desktop":{"background-color":"","background-image":"","background-repeat":"repeat","background-position":"center center","background-size":"auto","background-attachment":"scroll","background-type":"","background-media":"","overlay-type":"","overlay-color":"","overlay-opacity":"","overlay-gradient":""},"tablet":{"background-color":"","background-image":"","background-repeat":"repeat","background-position":"center center","background-size":"auto","background-attachment":"scroll","background-type":"","background-media":"","overlay-type":"","overlay-color":"","overlay-opacity":"","overlay-gradient":""},"mobile":{"background-color":"","background-image":"","background-repeat":"repeat","background-position":"center center","background-size":"auto","background-attachment":"scroll","background-type":"","background-media":"","overlay-type":"","overlay-color":"","overlay-opacity":"","overlay-gradient":""}},"ast-content-background-meta":{"desktop":{"background-color":"var(--ast-global-color-5)","background-image":"","background-repeat":"repeat","background-position":"center center","background-size":"auto","background-attachment":"scroll","background-type":"","background-media":"","overlay-type":"","overlay-color":"","overlay-opacity":"","overlay-gradient":""},"tablet":{"background-color":"var(--ast-global-color-5)","background-image":"","background-repeat":"repeat","background-position":"center center","background-size":"auto","background-attachment":"scroll","background-type":"","background-media":"","overlay-type":"","overlay-color":"","overlay-opacity":"","overlay-gradient":""},"mobile":{"background-color":"var(--ast-global-color-5)","background-image":"","background-repeat":"repeat","background-position":"center center","background-size":"auto","background-attachment":"scroll","background-type":"","background-media":"","overlay-type":"","overlay-color":"","overlay-opacity":"","overlay-gradient":""}}},"product_brand":[3298],"product_cat":[3389,3392,3433,3425,3426,3421,3420,3626],"product_tag":[],"class_list":{"0":"post-19396","1":"product","2":"type-product","3":"status-publish","4":"has-post-thumbnail","6":"product_brand-ezeefit","7":"product_cat-accessoires-longue-piste","8":"product_cat-accessoires-short-track","9":"product_cat-accessories","10":"product_cat-bottes","11":"product_cat-packages","12":"product_cat-protection-bebe-inferieure","13":"product_cat-protection-contre-les-ampoules","14":"product_cat-super-vente","15":"desktop-align-left","16":"tablet-align-left","17":"mobile-align-left","19":"first","20":"instock","21":"sale","22":"taxable","23":"shipping-taxable","24":"purchasable","25":"product-type-simple"},"acf":[],"_links":{"self":[{"href":"https:\/\/ztsports.com\/fr\/wp-json\/wp\/v2\/product\/19396","targetHints":{"allow":["GET"]}}],"collection":[{"href":"https:\/\/ztsports.com\/fr\/wp-json\/wp\/v2\/product"}],"about":[{"href":"https:\/\/ztsports.com\/fr\/wp-json\/wp\/v2\/types\/product"}],"replies":[{"embeddable":true,"href":"https:\/\/ztsports.com\/fr\/wp-json\/wp\/v2\/comments?post=19396"}],"version-history":[{"count":1,"href":"https:\/\/ztsports.com\/fr\/wp-json\/wp\/v2\/product\/19396\/revisions"}],"predecessor-version":[{"id":19397,"href":"https:\/\/ztsports.com\/fr\/wp-json\/wp\/v2\/product\/19396\/revisions\/19397"}],"wp:featuredmedia":[{"embeddable":true,"href":"https:\/\/ztsports.com\/fr\/wp-json\/wp\/v2\/media\/19398"}],"wp:attachment":[{"href":"https:\/\/ztsports.com\/fr\/wp-json\/wp\/v2\/media?parent=19396"}],"wp:term":[{"taxonomy":"product_brand","embeddable":true,"href":"https:\/\/ztsports.com\/fr\/wp-json\/wp\/v2\/product_brand?post=19396"},{"taxonomy":"product_cat","embeddable":true,"href":"https:\/\/ztsports.com\/fr\/wp-json\/wp\/v2\/product_cat?post=19396"},{"taxonomy":"product_tag","embeddable":true,"href":"https:\/\/ztsports.com\/fr\/wp-json\/wp\/v2\/product_tag?post=19396"}],"curies":[{"name":"wp","href":"https:\/\/api.w.org\/{rel}","templated":true}]}}