{"id":19388,"date":"2021-09-23T02:08:02","date_gmt":"2021-09-23T02:08:02","guid":{"rendered":"https:\/\/ztsports.com\/?post_type=product&#038;p=19388"},"modified":"2026-02-02T20:51:03","modified_gmt":"2026-02-02T20:51:03","slug":"ezeefit-3mm-ankle-bootie","status":"publish","type":"product","link":"https:\/\/ztsports.com\/fr\/store\/ezeefit-3mm-ankle-bootie\/","title":{"rendered":"eZeefit 3mm Ankle Bootie Noir"},"content":{"rendered":"<h2 class=\"tw-data-text tw-text-large tw-ta\" dir=\"ltr\" data-placeholder=\"Translation\"><span class=\"Y2IQFc\" lang=\"en\"><strong>eZeefit 3mm ANKLE BOOTIE Noir<\/strong><\/span><\/h2>\n<p>L&#8217;eZeefit 3mm ANKLE BOOTIE Black est notre protection la plus \u00e9paisse et convient \u00e0 une utilisation avec des chaussures souples ou pour prot\u00e9ger des zones \u00e0 probl\u00e8mes.<\/p>\n<p>Profitez d&#8217;une exp\u00e9rience sans ampoules avec les bottines Ezeefit ! Comme une seconde peau, ces chaussons cr\u00e9ent une barri\u00e8re protectrice pour r\u00e9duire les frottements, offrant une performance imbattable sur sol sec ou mouill\u00e9. De plus, ils sont lavables et r\u00e9utilisables, vous pouvez donc les porter pieds nus ou avec des chaussettes pour plus de commodit\u00e9 !<\/p>\n<p>Et maintenant, elles ont \u00e9t\u00e9 am\u00e9lior\u00e9es avec la forme de talon &#8220;Comfort Curve&#8221; en instance de brevet, qui \u00e9pouse les contours de votre talon pour un ajustement encore meilleur.<br \/>\nEnfilez-les et partez ! <\/p>\n<p>La doublure en microfibre douce adh\u00e8re \u00e0 la peau.<br \/>\nRecommand\u00e9 lorsqu&#8217;une protection importante est n\u00e9cessaire.<br \/>\nIl suffit de l&#8217;enfiler et c&#8217;est parti !<br \/>\nLe meilleur produit pour stopper les ampoules ! N\u00e9opr\u00e8ne standard de 3 mm<\/p>\n<ul>\n<li><span style=\"font-size: 0.875rem;\">N\u00e9opr\u00e8ne standard de <strong>3 mm :<\/strong><\/span>\n<ul>\n<li><span style=\"font-size: 0.875rem;\">Disponible en noir uniquement en X-Small, Small, Medium ou Large.<\/span><\/li>\n<li><span style=\"font-size: 0.875rem;\">La protection de 3 mm est la plus \u00e9paisse et convient aux chaussures l\u00e2ches ou aux zones \u00e0 probl\u00e8mes.<\/span><\/li>\n<li><span style=\"font-size: 0.875rem;\">La doublure en microfibre douce adh\u00e8re \u00e0 la peau.<\/span><\/li>\n<li><span style=\"font-size: 0.875rem;\">Recommand\u00e9 lorsqu&#8217;une protection importante est n\u00e9cessaire.<\/span><\/li>\n<li><span style=\"font-size: 0.875rem;\">Reg\/large convient aux hommes 8-13<\/span><\/li>\n<li><span style=\"font-size: 0.875rem;\">Small Women&#8217;s 7-10<\/span><\/li>\n<li><span style=\"font-size: 0.875rem;\">Black\/red (reversible)<\/span><\/li>\n<li><span style=\"font-size: 0.875rem;\">Taille : S &#8211; L<\/span><\/li>\n<\/ul>\n<\/li>\n<\/ul>\n<p>Disponible en noir uniquement<\/p>\n<p>X-Small<\/p>\n<p>Small<\/p>\n<p>Medium<\/p>\n<p>Large<\/p>\n<p><strong>S fait pour les tailles 7-10 femmes L fait pour les tailles 8-13 hommes Noir \/ Rouge (r\u00e9versible)<\/strong><br \/>\n<img decoding=\"async\" src=\"https:\/\/www.ezeefitsports.com\/v\/vspfiles\/assets\/images\/final%20ez%20size%20chart%2072.jpg\"><\/p>\n<p><a href=\"https:\/\/www.youtube.com\/watch?v=KKG3a-MNzrQ&amp;t=3s\" target=\"_blank\" rel=\"noopener\"><br \/>\n  <strong>Comment enfiler<\/strong><br \/>\n<\/a>et d\u00e9terminer un ajustement parfait avec les bottines Ezeefit.<\/p>\n<p><strong>Plan\u00e8te Inline<\/strong> <a href=\"https:\/\/www.inlineplanet.com\/Articles2\/EzeefitReview.html\" target=\"_blank\" rel=\"noopener\"><br \/>\n  <strong>Revue des chaussons Ezeefit Ankel Booties<\/strong><br \/>\n<\/a> <span class=\"style245\">Par <\/span><a href=\"mailto:robert@inlineplanet.com\"><br \/>\n  <span class=\"style245\">Robert &#8220;Just the Factoids&#8221; Burnson<\/span><br \/>\n<\/a><\/p>\n<p>Enfin, consultez tous les produits <a href=\"https:\/\/ztsports.com\/brand\/ezeefit\/\"><br \/>\n  <strong>produits Ezeefit<\/strong><br \/>\n<\/a>ici.<\/p>\n","protected":false},"excerpt":{"rendered":"<p>eZeefit 3mm ANKLE BOOTIE Noir L&#8217;eZeefit 3mm ANKLE BOOTIE Black est notre protection la plus \u00e9paisse et convient \u00e0 une utilisation avec des chaussures souples ou pour prot\u00e9ger des zones \u00e0 probl\u00e8mes. Profitez d&#8217;une exp\u00e9rience sans ampoules avec les bottines Ezeefit ! Comme une seconde peau, ces chaussons cr\u00e9ent une barri\u00e8re protectrice pour r\u00e9duire les [&hellip;]<\/p>\n","protected":false},"featured_media":19390,"comment_status":"open","ping_status":"closed","template":"","meta":{"_acf_changed":false,"_monsterinsights_skip_tracking":false,"_monsterinsights_sitenote_active":false,"_monsterinsights_sitenote_note":"","_monsterinsights_sitenote_category":0,"_uf_show_specific_survey":0,"_uf_disable_surveys":false,"site-sidebar-layout":"default","site-content-layout":"","ast-site-content-layout":"default","site-content-style":"default","site-sidebar-style":"default","ast-global-header-display":"","ast-banner-title-visibility":"","ast-main-header-display":"","ast-hfb-above-header-display":"","ast-hfb-below-header-display":"","ast-hfb-mobile-header-display":"","site-post-title":"","ast-breadcrumbs-content":"","ast-featured-img":"","footer-sml-layout":"","ast-disable-related-posts":"","theme-transparent-header-meta":"default","adv-header-id-meta":"","stick-header-meta":"","header-above-stick-meta":"","header-main-stick-meta":"","header-below-stick-meta":"","astra-migrate-meta-layouts":"set","ast-page-background-enabled":"default","ast-page-background-meta":{"desktop":{"background-color":"","background-image":"","background-repeat":"repeat","background-position":"center center","background-size":"auto","background-attachment":"scroll","background-type":"","background-media":"","overlay-type":"","overlay-color":"","overlay-opacity":"","overlay-gradient":""},"tablet":{"background-color":"","background-image":"","background-repeat":"repeat","background-position":"center center","background-size":"auto","background-attachment":"scroll","background-type":"","background-media":"","overlay-type":"","overlay-color":"","overlay-opacity":"","overlay-gradient":""},"mobile":{"background-color":"","background-image":"","background-repeat":"repeat","background-position":"center center","background-size":"auto","background-attachment":"scroll","background-type":"","background-media":"","overlay-type":"","overlay-color":"","overlay-opacity":"","overlay-gradient":""}},"ast-content-background-meta":{"desktop":{"background-color":"var(--ast-global-color-5)","background-image":"","background-repeat":"repeat","background-position":"center center","background-size":"auto","background-attachment":"scroll","background-type":"","background-media":"","overlay-type":"","overlay-color":"","overlay-opacity":"","overlay-gradient":""},"tablet":{"background-color":"var(--ast-global-color-5)","background-image":"","background-repeat":"repeat","background-position":"center center","background-size":"auto","background-attachment":"scroll","background-type":"","background-media":"","overlay-type":"","overlay-color":"","overlay-opacity":"","overlay-gradient":""},"mobile":{"background-color":"var(--ast-global-color-5)","background-image":"","background-repeat":"repeat","background-position":"center center","background-size":"auto","background-attachment":"scroll","background-type":"","background-media":"","overlay-type":"","overlay-color":"","overlay-opacity":"","overlay-gradient":""}}},"product_brand":[3298],"product_cat":[3421,3420,3956,3626],"product_tag":[1860,1864,2687,1865,3957,3958,3959],"class_list":{"0":"post-19388","1":"product","2":"type-product","3":"status-publish","4":"has-post-thumbnail","6":"product_brand-ezeefit","7":"product_cat-protection-bebe-inferieure","8":"product_cat-protection-contre-les-ampoules","9":"product_cat-protection-de-la-cheville","10":"product_cat-super-vente","11":"product_tag-3mm-ankle-bootie","12":"product_tag-bont-ezeefit-bootie","13":"product_tag-bottine","14":"product_tag-ezeefit","15":"product_tag-plus-dampoules","16":"product_tag-protection-contre-les-ampoules","17":"product_tag-protege-chevilles","18":"desktop-align-left","19":"tablet-align-left","20":"mobile-align-left","22":"first","23":"instock","24":"sale","25":"taxable","26":"shipping-taxable","27":"purchasable","28":"product-type-simple"},"acf":[],"_links":{"self":[{"href":"https:\/\/ztsports.com\/fr\/wp-json\/wp\/v2\/product\/19388","targetHints":{"allow":["GET"]}}],"collection":[{"href":"https:\/\/ztsports.com\/fr\/wp-json\/wp\/v2\/product"}],"about":[{"href":"https:\/\/ztsports.com\/fr\/wp-json\/wp\/v2\/types\/product"}],"replies":[{"embeddable":true,"href":"https:\/\/ztsports.com\/fr\/wp-json\/wp\/v2\/comments?post=19388"}],"version-history":[{"count":1,"href":"https:\/\/ztsports.com\/fr\/wp-json\/wp\/v2\/product\/19388\/revisions"}],"predecessor-version":[{"id":19389,"href":"https:\/\/ztsports.com\/fr\/wp-json\/wp\/v2\/product\/19388\/revisions\/19389"}],"wp:featuredmedia":[{"embeddable":true,"href":"https:\/\/ztsports.com\/fr\/wp-json\/wp\/v2\/media\/19390"}],"wp:attachment":[{"href":"https:\/\/ztsports.com\/fr\/wp-json\/wp\/v2\/media?parent=19388"}],"wp:term":[{"taxonomy":"product_brand","embeddable":true,"href":"https:\/\/ztsports.com\/fr\/wp-json\/wp\/v2\/product_brand?post=19388"},{"taxonomy":"product_cat","embeddable":true,"href":"https:\/\/ztsports.com\/fr\/wp-json\/wp\/v2\/product_cat?post=19388"},{"taxonomy":"product_tag","embeddable":true,"href":"https:\/\/ztsports.com\/fr\/wp-json\/wp\/v2\/product_tag?post=19388"}],"curies":[{"name":"wp","href":"https:\/\/api.w.org\/{rel}","templated":true}]}}