{"id":19384,"date":"2021-09-23T02:09:11","date_gmt":"2021-09-23T02:09:11","guid":{"rendered":"https:\/\/ztsports.com\/?post_type=product&#038;p=19384"},"modified":"2026-02-02T20:50:51","modified_gmt":"2026-02-02T20:50:51","slug":"bont-sonic-2000","status":"publish","type":"product","link":"https:\/\/ztsports.com\/fr\/store\/bont-sonic-2000\/","title":{"rendered":"Lames BONT SONIC 2000 Short Track"},"content":{"rendered":"<h1 id=\"tw-target-text\" class=\"tw-data-text tw-text-large tw-ta\" dir=\"ltr\" data-placeholder=\"Translation\"><span class=\"Y2IQFc\" lang=\"en\">BONT SONIC 2000 lame courte piste <\/span><\/h1>\n<p class=\"tw-data-text tw-text-large tw-ta\" dir=\"ltr\" data-placeholder=\"Translation\"><span class=\"Y2IQFc\" lang=\"en\">Le Bont Sonic 2000 est un produit d&#8217;entr\u00e9e de gamme solide. Id\u00e9al pour les locations de clubs, en particulier au prix de liquidation. De plus, Blade offre l&#8217;avantage d&#8217;\u00eatre pr\u00e9-courb\u00e9 en usine. De plus, les tiges r\u00e9glables sont de 140 mm pour les petites pointures 27-32 ou de 165 mm pour les grandes pointures standard. <\/span><\/p>\n<p dir=\"ltr\" data-placeholder=\"Translation\">Caract\u00e9ristiques -Lame d&#8217;entr\u00e9e de gamme haute performance -Lame 58 Rockwell -\u00c9paisseur standard de 1,2 mm<\/p>\n<p dir=\"ltr\" data-placeholder=\"Translation\"><span class=\"Y2IQFc\" lang=\"en\"><strong>Fin de s\u00e9rie 16.5 &#8221; seulement<\/strong><\/span><\/p>\n<h3 data-rm-block-id=\"block-14\">N&#8217;oubliez pas d&#8217;ajouter la <strong><a href=\"https:\/\/ztsports.com\/produit\/preparation-des-lames-pour-la-piste-courte\/?lang=fr\">Pr\u00e9paration de la lame.<\/a><\/strong><\/h3>\n<p dir=\"ltr\" data-placeholder=\"Translation\">Enfin, voir tous les<a href=\"https:\/\/ztsports.com\/categorie-produit\/courte-piste\/lame\/?lang=fr\"><strong> Lames Short Track<\/strong><\/a>ici.<\/p>\n<p>De m\u00eame, notre <a href=\"https:\/\/ztsports.com\/categorie-produit\/courte-piste\/offres-de-club\/?lang=fr\"><strong>Offres de club<\/strong> <\/a>Ici.<\/p>\n","protected":false},"excerpt":{"rendered":"<p>BONT SONIC 2000 lame courte piste Le Bont Sonic 2000 est un produit d&#8217;entr\u00e9e de gamme solide. Id\u00e9al pour les locations de clubs, en particulier au prix de liquidation. De plus, Blade offre l&#8217;avantage d&#8217;\u00eatre pr\u00e9-courb\u00e9 en usine. De plus, les tiges r\u00e9glables sont de 140 mm pour les petites pointures 27-32 ou de 165 [&hellip;]<\/p>\n","protected":false},"featured_media":19386,"comment_status":"open","ping_status":"closed","template":"","meta":{"_acf_changed":false,"_monsterinsights_skip_tracking":false,"_monsterinsights_sitenote_active":false,"_monsterinsights_sitenote_note":"","_monsterinsights_sitenote_category":0,"_uf_show_specific_survey":0,"_uf_disable_surveys":false,"site-sidebar-layout":"default","site-content-layout":"","ast-site-content-layout":"default","site-content-style":"default","site-sidebar-style":"default","ast-global-header-display":"","ast-banner-title-visibility":"","ast-main-header-display":"","ast-hfb-above-header-display":"","ast-hfb-below-header-display":"","ast-hfb-mobile-header-display":"","site-post-title":"","ast-breadcrumbs-content":"","ast-featured-img":"","footer-sml-layout":"","ast-disable-related-posts":"","theme-transparent-header-meta":"default","adv-header-id-meta":"","stick-header-meta":"","header-above-stick-meta":"","header-main-stick-meta":"","header-below-stick-meta":"","astra-migrate-meta-layouts":"set","ast-page-background-enabled":"default","ast-page-background-meta":{"desktop":{"background-color":"","background-image":"","background-repeat":"repeat","background-position":"center center","background-size":"auto","background-attachment":"scroll","background-type":"","background-media":"","overlay-type":"","overlay-color":"","overlay-opacity":"","overlay-gradient":""},"tablet":{"background-color":"","background-image":"","background-repeat":"repeat","background-position":"center center","background-size":"auto","background-attachment":"scroll","background-type":"","background-media":"","overlay-type":"","overlay-color":"","overlay-opacity":"","overlay-gradient":""},"mobile":{"background-color":"","background-image":"","background-repeat":"repeat","background-position":"center center","background-size":"auto","background-attachment":"scroll","background-type":"","background-media":"","overlay-type":"","overlay-color":"","overlay-opacity":"","overlay-gradient":""}},"ast-content-background-meta":{"desktop":{"background-color":"var(--ast-global-color-5)","background-image":"","background-repeat":"repeat","background-position":"center center","background-size":"auto","background-attachment":"scroll","background-type":"","background-media":"","overlay-type":"","overlay-color":"","overlay-opacity":"","overlay-gradient":""},"tablet":{"background-color":"var(--ast-global-color-5)","background-image":"","background-repeat":"repeat","background-position":"center center","background-size":"auto","background-attachment":"scroll","background-type":"","background-media":"","overlay-type":"","overlay-color":"","overlay-opacity":"","overlay-gradient":""},"mobile":{"background-color":"var(--ast-global-color-5)","background-image":"","background-repeat":"repeat","background-position":"center center","background-size":"auto","background-attachment":"scroll","background-type":"","background-media":"","overlay-type":"","overlay-color":"","overlay-opacity":"","overlay-gradient":""}}},"product_brand":[3285],"product_cat":[3508,3712,3955,3620,3489,3626],"product_tag":[3656,1873,1874,3654,3715,3658,3623],"class_list":{"0":"post-19384","1":"product","2":"type-product","3":"status-publish","4":"has-post-thumbnail","6":"product_brand-bont","7":"product_cat-lame","8":"product_cat-lame-bont-short-track","9":"product_cat-lames-bont","10":"product_cat-lames-pour-piste-courte","11":"product_cat-offres-de-club","12":"product_cat-super-vente","13":"product_tag-accord-de-club","14":"product_tag-bont-sonic","15":"product_tag-bont-sonic-2000","16":"product_tag-lame-courte-piste","17":"product_tag-lames-bont","18":"product_tag-lames-de-club","19":"product_tag-lames-pour-piste-courte","20":"desktop-align-left","21":"tablet-align-left","22":"mobile-align-left","24":"first","25":"instock","26":"sale","27":"taxable","28":"shipping-taxable","29":"purchasable","30":"product-type-simple"},"acf":[],"_links":{"self":[{"href":"https:\/\/ztsports.com\/fr\/wp-json\/wp\/v2\/product\/19384","targetHints":{"allow":["GET"]}}],"collection":[{"href":"https:\/\/ztsports.com\/fr\/wp-json\/wp\/v2\/product"}],"about":[{"href":"https:\/\/ztsports.com\/fr\/wp-json\/wp\/v2\/types\/product"}],"replies":[{"embeddable":true,"href":"https:\/\/ztsports.com\/fr\/wp-json\/wp\/v2\/comments?post=19384"}],"version-history":[{"count":1,"href":"https:\/\/ztsports.com\/fr\/wp-json\/wp\/v2\/product\/19384\/revisions"}],"predecessor-version":[{"id":19385,"href":"https:\/\/ztsports.com\/fr\/wp-json\/wp\/v2\/product\/19384\/revisions\/19385"}],"wp:featuredmedia":[{"embeddable":true,"href":"https:\/\/ztsports.com\/fr\/wp-json\/wp\/v2\/media\/19386"}],"wp:attachment":[{"href":"https:\/\/ztsports.com\/fr\/wp-json\/wp\/v2\/media?parent=19384"}],"wp:term":[{"taxonomy":"product_brand","embeddable":true,"href":"https:\/\/ztsports.com\/fr\/wp-json\/wp\/v2\/product_brand?post=19384"},{"taxonomy":"product_cat","embeddable":true,"href":"https:\/\/ztsports.com\/fr\/wp-json\/wp\/v2\/product_cat?post=19384"},{"taxonomy":"product_tag","embeddable":true,"href":"https:\/\/ztsports.com\/fr\/wp-json\/wp\/v2\/product_tag?post=19384"}],"curies":[{"name":"wp","href":"https:\/\/api.w.org\/{rel}","templated":true}]}}