{"id":19381,"date":"2021-09-23T02:09:12","date_gmt":"2021-09-23T02:09:12","guid":{"rendered":"https:\/\/ztsports.com\/?post_type=product&#038;p=19381"},"modified":"2026-02-02T20:50:39","modified_gmt":"2026-02-02T20:50:39","slug":"bont-spec-r-short-track-blade","status":"publish","type":"product","link":"https:\/\/ztsports.com\/fr\/store\/bont-spec-r-short-track-blade\/","title":{"rendered":"BONT SPEC R Short Track Speed Skate Blade 195mm spacing"},"content":{"rendered":"<h2 id=\"tw-target-text\" class=\"tw-data-text tw-text-large tw-ta\" dir=\"ltr\" data-placeholder=\"Translation\"><span class=\"Y2IQFc\" lang=\"en\">BONT SPEC R lame courte piste 195mm spacing<\/span><\/h2>\n<p class=\"tw-data-text tw-text-large tw-ta\" dir=\"ltr\" data-placeholder=\"Translation\"><span class=\"Y2IQFc\" lang=\"en\">La lame courte BONT SPEC R est une lame de milieu de gamme. En outre, il s&#8217;agit d&#8217;une \u00e9tape suppl\u00e9mentaire par rapport aux lames de club. Combinaison d&#8217;un tube en aluminium 6061 de qualit\u00e9 et d&#8217;un acier japonais 58Hrc haut de gamme. Tube l\u00e9g\u00e8rement courb\u00e9 en usine pour maintenir la courbure pendant toute la dur\u00e9e de vie de la lame. disponible avec un espacement de 195 mm<br \/>\n<\/span><\/p>\n<h4 dir=\"ltr\" data-placeholder=\"Translation\">Convertissez vos patins \u00e0 roues align\u00e9es en patins de courte piste avec un espacement de 195 mm.<\/h4>\n<h5 dir=\"ltr\" data-placeholder=\"Translation\">Disponible en 17&#8243; 165mm \/6.5&#8243;<\/h5>\n<h5 dir=\"ltr\" data-placeholder=\"Translation\">Disponible en 16&#8243;, 16.5&#8243;, 17&#8243; 195mm\/7.3&#8243; de montage<\/h5>\n<h4>N&#8217;oubliez pas d&#8217;ajouter la <strong><a href=\"https:\/\/ztsports.com\/produit\/preparation-des-lames-pour-la-piste-courte\/?lang=fr\">Pr\u00e9paration de la lame.<\/a><\/strong><\/h4>\n<p class=\"tw-data-text tw-text-large tw-ta\" dir=\"ltr\" data-placeholder=\"Translation\"><span class=\"Y2IQFc\" lang=\"en\">Enfin, voir tous nos <a href=\"https:\/\/ztsports.com\/categorie-produit\/courte-piste\/lame\/?lang=fr\"><strong>Lames Short Track<\/strong><\/a>ici.<\/span><\/p>\n","protected":false},"excerpt":{"rendered":"<p>BONT SPEC R lame courte piste 195mm spacing La lame courte BONT SPEC R est une lame de milieu de gamme. En outre, il s&#8217;agit d&#8217;une \u00e9tape suppl\u00e9mentaire par rapport aux lames de club. Combinaison d&#8217;un tube en aluminium 6061 de qualit\u00e9 et d&#8217;un acier japonais 58Hrc haut de gamme. Tube l\u00e9g\u00e8rement courb\u00e9 en usine [&hellip;]<\/p>\n","protected":false},"featured_media":19383,"comment_status":"open","ping_status":"closed","template":"","meta":{"_acf_changed":false,"_monsterinsights_skip_tracking":false,"_monsterinsights_sitenote_active":false,"_monsterinsights_sitenote_note":"","_monsterinsights_sitenote_category":0,"_uf_show_specific_survey":0,"_uf_disable_surveys":false,"site-sidebar-layout":"default","site-content-layout":"","ast-site-content-layout":"default","site-content-style":"default","site-sidebar-style":"default","ast-global-header-display":"","ast-banner-title-visibility":"","ast-main-header-display":"","ast-hfb-above-header-display":"","ast-hfb-below-header-display":"","ast-hfb-mobile-header-display":"","site-post-title":"","ast-breadcrumbs-content":"","ast-featured-img":"","footer-sml-layout":"","ast-disable-related-posts":"","theme-transparent-header-meta":"default","adv-header-id-meta":"","stick-header-meta":"","header-above-stick-meta":"","header-main-stick-meta":"","header-below-stick-meta":"","astra-migrate-meta-layouts":"set","ast-page-background-enabled":"default","ast-page-background-meta":{"desktop":{"background-color":"","background-image":"","background-repeat":"repeat","background-position":"center center","background-size":"auto","background-attachment":"scroll","background-type":"","background-media":"","overlay-type":"","overlay-color":"","overlay-opacity":"","overlay-gradient":""},"tablet":{"background-color":"","background-image":"","background-repeat":"repeat","background-position":"center center","background-size":"auto","background-attachment":"scroll","background-type":"","background-media":"","overlay-type":"","overlay-color":"","overlay-opacity":"","overlay-gradient":""},"mobile":{"background-color":"","background-image":"","background-repeat":"repeat","background-position":"center center","background-size":"auto","background-attachment":"scroll","background-type":"","background-media":"","overlay-type":"","overlay-color":"","overlay-opacity":"","overlay-gradient":""}},"ast-content-background-meta":{"desktop":{"background-color":"var(--ast-global-color-5)","background-image":"","background-repeat":"repeat","background-position":"center center","background-size":"auto","background-attachment":"scroll","background-type":"","background-media":"","overlay-type":"","overlay-color":"","overlay-opacity":"","overlay-gradient":""},"tablet":{"background-color":"var(--ast-global-color-5)","background-image":"","background-repeat":"repeat","background-position":"center center","background-size":"auto","background-attachment":"scroll","background-type":"","background-media":"","overlay-type":"","overlay-color":"","overlay-opacity":"","overlay-gradient":""},"mobile":{"background-color":"var(--ast-global-color-5)","background-image":"","background-repeat":"repeat","background-position":"center center","background-size":"auto","background-attachment":"scroll","background-type":"","background-media":"","overlay-type":"","overlay-color":"","overlay-opacity":"","overlay-gradient":""}}},"product_brand":[3285],"product_cat":[3433,3395,3508,3620,3489,3467,3381],"product_tag":[],"class_list":{"0":"post-19381","1":"product","2":"type-product","3":"status-publish","4":"has-post-thumbnail","6":"product_brand-bont","7":"product_cat-accessories","8":"product_cat-courte-piste","9":"product_cat-lame","10":"product_cat-lames-pour-piste-courte","11":"product_cat-offres-de-club","12":"product_cat-patinage-de-vitesse","13":"product_cat-patinage-de-vitesse-en-ligne","14":"desktop-align-left","15":"tablet-align-left","16":"mobile-align-left","18":"first","19":"instock","20":"taxable","21":"shipping-taxable","22":"purchasable","23":"product-type-simple"},"acf":[],"_links":{"self":[{"href":"https:\/\/ztsports.com\/fr\/wp-json\/wp\/v2\/product\/19381","targetHints":{"allow":["GET"]}}],"collection":[{"href":"https:\/\/ztsports.com\/fr\/wp-json\/wp\/v2\/product"}],"about":[{"href":"https:\/\/ztsports.com\/fr\/wp-json\/wp\/v2\/types\/product"}],"replies":[{"embeddable":true,"href":"https:\/\/ztsports.com\/fr\/wp-json\/wp\/v2\/comments?post=19381"}],"version-history":[{"count":1,"href":"https:\/\/ztsports.com\/fr\/wp-json\/wp\/v2\/product\/19381\/revisions"}],"predecessor-version":[{"id":19382,"href":"https:\/\/ztsports.com\/fr\/wp-json\/wp\/v2\/product\/19381\/revisions\/19382"}],"wp:featuredmedia":[{"embeddable":true,"href":"https:\/\/ztsports.com\/fr\/wp-json\/wp\/v2\/media\/19383"}],"wp:attachment":[{"href":"https:\/\/ztsports.com\/fr\/wp-json\/wp\/v2\/media?parent=19381"}],"wp:term":[{"taxonomy":"product_brand","embeddable":true,"href":"https:\/\/ztsports.com\/fr\/wp-json\/wp\/v2\/product_brand?post=19381"},{"taxonomy":"product_cat","embeddable":true,"href":"https:\/\/ztsports.com\/fr\/wp-json\/wp\/v2\/product_cat?post=19381"},{"taxonomy":"product_tag","embeddable":true,"href":"https:\/\/ztsports.com\/fr\/wp-json\/wp\/v2\/product_tag?post=19381"}],"curies":[{"name":"wp","href":"https:\/\/api.w.org\/{rel}","templated":true}]}}