{"id":19378,"date":"2021-09-23T02:09:12","date_gmt":"2021-09-23T02:09:12","guid":{"rendered":"https:\/\/ztsports.com\/?post_type=product&#038;p=19378"},"modified":"2026-02-02T20:50:27","modified_gmt":"2026-02-02T20:50:27","slug":"evo-krypton-12c27-chrome","status":"publish","type":"product","link":"https:\/\/ztsports.com\/fr\/store\/evo-krypton-12c27-chrome\/","title":{"rendered":"EVO KRYPTON 12C27 CHROME Lame courte piste"},"content":{"rendered":"<h1 id=\"tw-target-text\" class=\"tw-data-text tw-text-large tw-ta\" dir=\"ltr\" data-placeholder=\"Translation\"><span class=\"Y2IQFc\" lang=\"en\">EVO KRYPTON 12C27 Chrome<\/span><\/h1>\n<p>L&#8217;EVO Krypton 12C27 Chrome <span class=\"Y2IQFc\" lang=\"en\">La lame Short Track est con\u00e7ue pour l&#8217;agilit\u00e9, la r\u00e9activit\u00e9 et la durabilit\u00e9. <\/span><span class=\"Y2IQFc\" lang=\"en\">Le chrome remonte \u00e0 l&#8217;ordinal Maple Chrome qui a inspir\u00e9 le design. En outre, un<\/span><span class=\"Y2IQFc\" lang=\"en\"> lame offrant un excellent rapport qualit\u00e9-prix.<\/span><\/p>\n<h4 id=\"tw-target-text\" class=\"tw-data-text tw-text-large tw-ta\" dir=\"ltr\" data-placeholder=\"Translation\"><a href=\"https:\/\/ztsports.com\/brand\/evo\/\"><span class=\"Y2IQFc\" lang=\"en\">Lames EVO<\/span><\/a><\/h4>\n<p class=\"tw-data-text tw-text-large tw-ta\" dir=\"ltr\" data-placeholder=\"Translation\"><span class=\"Y2IQFc\" lang=\"en\">La technologie de la lame en acier inoxydable 12C27 offre un bon tranchant. En outre, elle est fabriqu\u00e9e selon les m\u00eames normes de qualit\u00e9 que les lames PM et Bimetal. Con\u00e7u au Canada, puis fabriqu\u00e9 en Hollande. Ainsi que de l&#8217;aluminium et de l&#8217;acier de premi\u00e8re qualit\u00e9 en provenance des Pays-Bas.<\/span><\/p>\n<p>Con\u00e7ue comme une lame agile, r\u00e9active et durable<\/p>\n<p>Un produit de grande valeur offrant une excellente qualit\u00e9 \u00e0 un prix plus abordable<\/p>\n<p>La technologie du tube \u00e0 lames Evo Krypton SE est int\u00e9gr\u00e9e au mod\u00e8le 12C27<\/p>\n<p>The 12C27 is durable steel, which maintains excellent edge quality and sharpness.<\/p>\n<p>Le 12C27 est fabriqu\u00e9 selon les m\u00eames sp\u00e9cifications et tol\u00e9rances que nos patins PM et bi-m\u00e9tal.<\/p>\n<h3>EVO KRYPTON 12C27<\/h3>\n<p>Le syst\u00e8me de coupelles innovant d&#8217;Evo offre une interface de montage solide avec une mise en place et un r\u00e9glage simples et efficaces.<\/p>\n<p><strong>Cette lame est con\u00e7ue pour les patineurs interm\u00e9diaires<\/strong><\/p>\n<p>Tailles : 14.0\u2033, 14.5\u2033, 15.0\u2033, 15.5\u2033, 16.0\u2033, 16.5\u2033, 17.0\u2033, 17.5\u2033.<\/p>\n<h3><em><strong>Pour ajouter le <a href=\"https:\/\/ztsports.com\/produit\/preparation-des-lames-pour-la-piste-courte\/?lang=fr\">Rockering et la pr\u00e9paration compl\u00e8te des lames ICE READY, cliquez et ajoutez ICI<\/a><\/strong><\/em><\/h3>\n<p dir=\"ltr\" data-placeholder=\"Translation\">Enfin, consultez tous nos <a href=\"https:\/\/ztsports.com\/categorie-produit\/courte-piste\/lame\/?lang=fr\"><strong>Lames Short Track<\/strong><\/a>ici.<\/p>\n<h3 data-rm-block-id=\"block-14\">N&#8217;oubliez pas d&#8217;ajouter la <strong><a href=\"https:\/\/ztsports.com\/produit\/preparation-des-lames-pour-la-piste-courte\/?lang=fr\">Pr\u00e9paration de la lame.<\/a><\/strong><\/h3>\n","protected":false},"excerpt":{"rendered":"<p>EVO KRYPTON 12C27 Chrome L&#8217;EVO Krypton 12C27 Chrome La lame Short Track est con\u00e7ue pour l&#8217;agilit\u00e9, la r\u00e9activit\u00e9 et la durabilit\u00e9. Le chrome remonte \u00e0 l&#8217;ordinal Maple Chrome qui a inspir\u00e9 le design. En outre, un lame offrant un excellent rapport qualit\u00e9-prix. Lames EVO La technologie de la lame en acier inoxydable 12C27 offre un [&hellip;]<\/p>\n","protected":false},"featured_media":19380,"comment_status":"open","ping_status":"closed","template":"","meta":{"_acf_changed":false,"_monsterinsights_skip_tracking":false,"_monsterinsights_sitenote_active":false,"_monsterinsights_sitenote_note":"","_monsterinsights_sitenote_category":0,"_uf_show_specific_survey":0,"_uf_disable_surveys":false,"site-sidebar-layout":"default","site-content-layout":"","ast-site-content-layout":"default","site-content-style":"default","site-sidebar-style":"default","ast-global-header-display":"","ast-banner-title-visibility":"","ast-main-header-display":"","ast-hfb-above-header-display":"","ast-hfb-below-header-display":"","ast-hfb-mobile-header-display":"","site-post-title":"","ast-breadcrumbs-content":"","ast-featured-img":"","footer-sml-layout":"","ast-disable-related-posts":"","theme-transparent-header-meta":"default","adv-header-id-meta":"","stick-header-meta":"","header-above-stick-meta":"","header-main-stick-meta":"","header-below-stick-meta":"","astra-migrate-meta-layouts":"set","ast-page-background-enabled":"default","ast-page-background-meta":{"desktop":{"background-color":"","background-image":"","background-repeat":"repeat","background-position":"center center","background-size":"auto","background-attachment":"scroll","background-type":"","background-media":"","overlay-type":"","overlay-color":"","overlay-opacity":"","overlay-gradient":""},"tablet":{"background-color":"","background-image":"","background-repeat":"repeat","background-position":"center center","background-size":"auto","background-attachment":"scroll","background-type":"","background-media":"","overlay-type":"","overlay-color":"","overlay-opacity":"","overlay-gradient":""},"mobile":{"background-color":"","background-image":"","background-repeat":"repeat","background-position":"center center","background-size":"auto","background-attachment":"scroll","background-type":"","background-media":"","overlay-type":"","overlay-color":"","overlay-opacity":"","overlay-gradient":""}},"ast-content-background-meta":{"desktop":{"background-color":"var(--ast-global-color-5)","background-image":"","background-repeat":"repeat","background-position":"center center","background-size":"auto","background-attachment":"scroll","background-type":"","background-media":"","overlay-type":"","overlay-color":"","overlay-opacity":"","overlay-gradient":""},"tablet":{"background-color":"var(--ast-global-color-5)","background-image":"","background-repeat":"repeat","background-position":"center center","background-size":"auto","background-attachment":"scroll","background-type":"","background-media":"","overlay-type":"","overlay-color":"","overlay-opacity":"","overlay-gradient":""},"mobile":{"background-color":"var(--ast-global-color-5)","background-image":"","background-repeat":"repeat","background-position":"center center","background-size":"auto","background-attachment":"scroll","background-type":"","background-media":"","overlay-type":"","overlay-color":"","overlay-opacity":"","overlay-gradient":""}}},"product_brand":[3297],"product_cat":[3395,3508,3620,3467,3626],"product_tag":[1879,1880,1881,1882,1883,3623,1794],"class_list":{"0":"post-19378","1":"product","2":"type-product","3":"status-publish","4":"has-post-thumbnail","6":"product_brand-evo","7":"product_cat-courte-piste","8":"product_cat-lame","9":"product_cat-lames-pour-piste-courte","10":"product_cat-patinage-de-vitesse","11":"product_cat-super-vente","12":"product_tag-12c27","13":"product_tag-chrome","14":"product_tag-evo","15":"product_tag-evo-krypton","16":"product_tag-krypton","17":"product_tag-lames-pour-piste-courte","18":"product_tag-speed-skating","19":"desktop-align-left","20":"tablet-align-left","21":"mobile-align-left","23":"first","24":"instock","25":"featured","26":"taxable","27":"shipping-taxable","28":"purchasable","29":"product-type-simple"},"acf":[],"_links":{"self":[{"href":"https:\/\/ztsports.com\/fr\/wp-json\/wp\/v2\/product\/19378","targetHints":{"allow":["GET"]}}],"collection":[{"href":"https:\/\/ztsports.com\/fr\/wp-json\/wp\/v2\/product"}],"about":[{"href":"https:\/\/ztsports.com\/fr\/wp-json\/wp\/v2\/types\/product"}],"replies":[{"embeddable":true,"href":"https:\/\/ztsports.com\/fr\/wp-json\/wp\/v2\/comments?post=19378"}],"version-history":[{"count":1,"href":"https:\/\/ztsports.com\/fr\/wp-json\/wp\/v2\/product\/19378\/revisions"}],"predecessor-version":[{"id":19379,"href":"https:\/\/ztsports.com\/fr\/wp-json\/wp\/v2\/product\/19378\/revisions\/19379"}],"wp:featuredmedia":[{"embeddable":true,"href":"https:\/\/ztsports.com\/fr\/wp-json\/wp\/v2\/media\/19380"}],"wp:attachment":[{"href":"https:\/\/ztsports.com\/fr\/wp-json\/wp\/v2\/media?parent=19378"}],"wp:term":[{"taxonomy":"product_brand","embeddable":true,"href":"https:\/\/ztsports.com\/fr\/wp-json\/wp\/v2\/product_brand?post=19378"},{"taxonomy":"product_cat","embeddable":true,"href":"https:\/\/ztsports.com\/fr\/wp-json\/wp\/v2\/product_cat?post=19378"},{"taxonomy":"product_tag","embeddable":true,"href":"https:\/\/ztsports.com\/fr\/wp-json\/wp\/v2\/product_tag?post=19378"}],"curies":[{"name":"wp","href":"https:\/\/api.w.org\/{rel}","templated":true}]}}