{"id":19373,"date":"2021-09-23T02:10:19","date_gmt":"2021-09-23T02:10:19","guid":{"rendered":"https:\/\/ztsports.com\/?post_type=product&#038;p=19373"},"modified":"2026-02-02T20:50:13","modified_gmt":"2026-02-02T20:50:13","slug":"evo-argon-pm-short-track-blade","status":"publish","type":"product","link":"https:\/\/ztsports.com\/fr\/store\/evo-argon-pm-short-track-blade\/","title":{"rendered":"Lame courte piste EVO ARGON PM"},"content":{"rendered":"<h1 id=\"tw-target-text\" class=\"tw-data-text tw-text-large tw-ta\" dir=\"ltr\" data-placeholder=\"Translation\"><span class=\"Y2IQFc\" lang=\"en\"> Lame courte piste EVO ARGON PM<\/span><\/h1>\n<p class=\"tw-data-text tw-text-large tw-ta\" dir=\"ltr\" data-placeholder=\"Translation\"><span class=\"Y2IQFc\" lang=\"en\">La lame EVO Argon PM offre une meilleure prise en main tout en conservant un haut niveau de contr\u00f4le. Le Factory Curved Pre est appr\u00e9ci\u00e9 par les meilleurs au monde car il offre une stabilit\u00e9 remarquable sans compromettre le retour d&#8217;information. Rayon de pr\u00e9-courbure forg\u00e9 avec pr\u00e9cision sur un tube en aluminium Argon de haute qualit\u00e9. Lame aux qualit\u00e9s de glisse sup\u00e9rieures et tr\u00e8s durable. <\/span><\/p>\n<p class=\"tw-data-text tw-text-large tw-ta\" dir=\"ltr\" data-placeholder=\"Translation\"><span class=\"Y2IQFc\" lang=\"en\"><b>Tout aussi important<\/b> Con\u00e7u au Canada et fabriqu\u00e9 en Hollande. Aluminium et acier de premi\u00e8re qualit\u00e9 provenant des Pays-Bas. Enfin, l&#8217;une des meilleures lignes d&#8217;accroche marketing &#8220;Black is the New Gold&#8221; (le noir est le nouvel or). Enfin, le syst\u00e8me de potence innovant d&#8217;Evo pour un montage simple, solide et efficace. R\u00e9glage facile sur la botte. Extended (+ 5mm or + 10mm) or angled stems also available Finally Argon PM by EVO Sold by<a href=\"https:\/\/ztsports.com\/?lang=fr\"><strong> Zt Sports speed skating equipment shop<\/strong><\/a><\/span><\/p>\n<p>D\u00e9couvrez tous nos <a href=\"https:\/\/ztsports.com\/brand\/evo\/\"><strong>produits EVO<\/strong><\/a> ici.<\/p>\n<p>Voir tous les articles <a href=\"https:\/\/ztsports.com\/product-category\/short-track\/blades\/\"><strong>Lames Short Track<\/strong><\/a> ici.<\/p>\n<p>&nbsp;<\/p>\n","protected":false},"excerpt":{"rendered":"<p>Lame courte piste EVO ARGON PM La lame EVO Argon PM offre une meilleure prise en main tout en conservant un haut niveau de contr\u00f4le. Le Factory Curved Pre est appr\u00e9ci\u00e9 par les meilleurs au monde car il offre une stabilit\u00e9 remarquable sans compromettre le retour d&#8217;information. Rayon de pr\u00e9-courbure forg\u00e9 avec pr\u00e9cision sur un [&hellip;]<\/p>\n","protected":false},"featured_media":19375,"comment_status":"open","ping_status":"closed","template":"","meta":{"_acf_changed":false,"_monsterinsights_skip_tracking":false,"_monsterinsights_sitenote_active":false,"_monsterinsights_sitenote_note":"","_monsterinsights_sitenote_category":0,"_uf_show_specific_survey":0,"_uf_disable_surveys":false,"site-sidebar-layout":"default","site-content-layout":"","ast-site-content-layout":"default","site-content-style":"default","site-sidebar-style":"default","ast-global-header-display":"","ast-banner-title-visibility":"","ast-main-header-display":"","ast-hfb-above-header-display":"","ast-hfb-below-header-display":"","ast-hfb-mobile-header-display":"","site-post-title":"","ast-breadcrumbs-content":"","ast-featured-img":"","footer-sml-layout":"","ast-disable-related-posts":"","theme-transparent-header-meta":"default","adv-header-id-meta":"","stick-header-meta":"","header-above-stick-meta":"","header-main-stick-meta":"","header-below-stick-meta":"","astra-migrate-meta-layouts":"set","ast-page-background-enabled":"default","ast-page-background-meta":{"desktop":{"background-color":"","background-image":"","background-repeat":"repeat","background-position":"center center","background-size":"auto","background-attachment":"scroll","background-type":"","background-media":"","overlay-type":"","overlay-color":"","overlay-opacity":"","overlay-gradient":""},"tablet":{"background-color":"","background-image":"","background-repeat":"repeat","background-position":"center center","background-size":"auto","background-attachment":"scroll","background-type":"","background-media":"","overlay-type":"","overlay-color":"","overlay-opacity":"","overlay-gradient":""},"mobile":{"background-color":"","background-image":"","background-repeat":"repeat","background-position":"center center","background-size":"auto","background-attachment":"scroll","background-type":"","background-media":"","overlay-type":"","overlay-color":"","overlay-opacity":"","overlay-gradient":""}},"ast-content-background-meta":{"desktop":{"background-color":"var(--ast-global-color-5)","background-image":"","background-repeat":"repeat","background-position":"center center","background-size":"auto","background-attachment":"scroll","background-type":"","background-media":"","overlay-type":"","overlay-color":"","overlay-opacity":"","overlay-gradient":""},"tablet":{"background-color":"var(--ast-global-color-5)","background-image":"","background-repeat":"repeat","background-position":"center center","background-size":"auto","background-attachment":"scroll","background-type":"","background-media":"","overlay-type":"","overlay-color":"","overlay-opacity":"","overlay-gradient":""},"mobile":{"background-color":"var(--ast-global-color-5)","background-image":"","background-repeat":"repeat","background-position":"center center","background-size":"auto","background-attachment":"scroll","background-type":"","background-media":"","overlay-type":"","overlay-color":"","overlay-opacity":"","overlay-gradient":""}}},"product_brand":[3297],"product_cat":[3395,3508,3620,3467],"product_tag":[1881,1884,1885,3623],"class_list":{"0":"post-19373","1":"product","2":"type-product","3":"status-publish","4":"has-post-thumbnail","6":"product_brand-evo","7":"product_cat-courte-piste","8":"product_cat-lame","9":"product_cat-lames-pour-piste-courte","10":"product_cat-patinage-de-vitesse","11":"product_tag-evo","12":"product_tag-evo-argon","13":"product_tag-evo-argon-pm","14":"product_tag-lames-pour-piste-courte","15":"desktop-align-left","16":"tablet-align-left","17":"mobile-align-left","19":"first","20":"instock","21":"taxable","22":"shipping-taxable","23":"purchasable","24":"product-type-simple"},"acf":[],"_links":{"self":[{"href":"https:\/\/ztsports.com\/fr\/wp-json\/wp\/v2\/product\/19373","targetHints":{"allow":["GET"]}}],"collection":[{"href":"https:\/\/ztsports.com\/fr\/wp-json\/wp\/v2\/product"}],"about":[{"href":"https:\/\/ztsports.com\/fr\/wp-json\/wp\/v2\/types\/product"}],"replies":[{"embeddable":true,"href":"https:\/\/ztsports.com\/fr\/wp-json\/wp\/v2\/comments?post=19373"}],"version-history":[{"count":1,"href":"https:\/\/ztsports.com\/fr\/wp-json\/wp\/v2\/product\/19373\/revisions"}],"predecessor-version":[{"id":19374,"href":"https:\/\/ztsports.com\/fr\/wp-json\/wp\/v2\/product\/19373\/revisions\/19374"}],"wp:featuredmedia":[{"embeddable":true,"href":"https:\/\/ztsports.com\/fr\/wp-json\/wp\/v2\/media\/19375"}],"wp:attachment":[{"href":"https:\/\/ztsports.com\/fr\/wp-json\/wp\/v2\/media?parent=19373"}],"wp:term":[{"taxonomy":"product_brand","embeddable":true,"href":"https:\/\/ztsports.com\/fr\/wp-json\/wp\/v2\/product_brand?post=19373"},{"taxonomy":"product_cat","embeddable":true,"href":"https:\/\/ztsports.com\/fr\/wp-json\/wp\/v2\/product_cat?post=19373"},{"taxonomy":"product_tag","embeddable":true,"href":"https:\/\/ztsports.com\/fr\/wp-json\/wp\/v2\/product_tag?post=19373"}],"curies":[{"name":"wp","href":"https:\/\/api.w.org\/{rel}","templated":true}]}}