{"id":19362,"date":"2021-09-23T02:10:22","date_gmt":"2021-09-23T02:10:22","guid":{"rendered":"https:\/\/ztsports.com\/?post_type=product&#038;p=19362"},"modified":"2026-02-02T20:49:00","modified_gmt":"2026-02-02T20:49:00","slug":"jig-backstop-maple","status":"publish","type":"product","link":"https:\/\/ztsports.com\/fr\/store\/jig-backstop-maple\/","title":{"rendered":"JIG BACKSTOP MAPLE But\u00e9e de lame"},"content":{"rendered":"<h1 id=\"tw-target-text\" class=\"tw-data-text tw-text-large tw-ta\" dir=\"ltr\" data-placeholder=\"Translation\" data-rm-block-id=\"block-1\"><span class=\"Y2IQFc\" lang=\"en\">JIG BACKSTOP MAPLE But\u00e9e de lame <\/span><\/h1>\n<p class=\"tw-data-text tw-text-large tw-ta\" dir=\"ltr\" data-placeholder=\"Translation\" data-rm-block-id=\"block-2\"><span class=\"Y2IQFc\" lang=\"en\">Le Jig Backstop est une pi\u00e8ce m\u00e9tallique de remplacement d&#8217;origine. De plus, il peut \u00eatre utilis\u00e9 avec d&#8217;autres gabarits sur le march\u00e9. Id\u00e9alement, la but\u00e9e arri\u00e8re fonctionne mieux si le gabarit comporte d\u00e9j\u00e0 des trous pr\u00e9-filet\u00e9s.<\/span><\/p>\n<p dir=\"ltr\" data-placeholder=\"Translation\" data-rm-block-id=\"block-3\">Enfin, le backstop original en m\u00e9tal Maple pour le Maple Pro et le Asia red jig.<\/p>\n<p dir=\"ltr\" data-placeholder=\"Translation\" data-rm-block-id=\"block-4\">Le Backstop In Addition est livr\u00e9 avec le mat\u00e9riel de montage d&#8217;origine.<\/p>\n<p dir=\"ltr\" data-placeholder=\"Translation\" data-rm-block-id=\"block-5\">Enfin, consultez tous nos <a href=\"https:\/\/ztsports.com\/categorie-produit\/accessories\/pieces-et-outils\/?lang=fr\"><strong>Accessoires, pi\u00e8ces et outils<\/strong><\/a>.<\/p>\n","protected":false},"excerpt":{"rendered":"<p>JIG BACKSTOP MAPLE But\u00e9e de lame Le Jig Backstop est une pi\u00e8ce m\u00e9tallique de remplacement d&#8217;origine. De plus, il peut \u00eatre utilis\u00e9 avec d&#8217;autres gabarits sur le march\u00e9. Id\u00e9alement, la but\u00e9e arri\u00e8re fonctionne mieux si le gabarit comporte d\u00e9j\u00e0 des trous pr\u00e9-filet\u00e9s. Enfin, le backstop original en m\u00e9tal Maple pour le Maple Pro et le [&hellip;]<\/p>\n","protected":false},"featured_media":19364,"comment_status":"open","ping_status":"closed","template":"","meta":{"_acf_changed":false,"_monsterinsights_skip_tracking":false,"_monsterinsights_sitenote_active":false,"_monsterinsights_sitenote_note":"","_monsterinsights_sitenote_category":0,"_uf_show_specific_survey":0,"_uf_disable_surveys":false,"site-sidebar-layout":"default","site-content-layout":"","ast-site-content-layout":"default","site-content-style":"default","site-sidebar-style":"default","ast-global-header-display":"","ast-banner-title-visibility":"","ast-main-header-display":"","ast-hfb-above-header-display":"","ast-hfb-below-header-display":"","ast-hfb-mobile-header-display":"","site-post-title":"","ast-breadcrumbs-content":"","ast-featured-img":"","footer-sml-layout":"","ast-disable-related-posts":"","theme-transparent-header-meta":"default","adv-header-id-meta":"","stick-header-meta":"","header-above-stick-meta":"","header-main-stick-meta":"","header-below-stick-meta":"","astra-migrate-meta-layouts":"set","ast-page-background-enabled":"default","ast-page-background-meta":{"desktop":{"background-color":"","background-image":"","background-repeat":"repeat","background-position":"center center","background-size":"auto","background-attachment":"scroll","background-type":"","background-media":"","overlay-type":"","overlay-color":"","overlay-opacity":"","overlay-gradient":""},"tablet":{"background-color":"","background-image":"","background-repeat":"repeat","background-position":"center center","background-size":"auto","background-attachment":"scroll","background-type":"","background-media":"","overlay-type":"","overlay-color":"","overlay-opacity":"","overlay-gradient":""},"mobile":{"background-color":"","background-image":"","background-repeat":"repeat","background-position":"center center","background-size":"auto","background-attachment":"scroll","background-type":"","background-media":"","overlay-type":"","overlay-color":"","overlay-opacity":"","overlay-gradient":""}},"ast-content-background-meta":{"desktop":{"background-color":"var(--ast-global-color-5)","background-image":"","background-repeat":"repeat","background-position":"center center","background-size":"auto","background-attachment":"scroll","background-type":"","background-media":"","overlay-type":"","overlay-color":"","overlay-opacity":"","overlay-gradient":""},"tablet":{"background-color":"var(--ast-global-color-5)","background-image":"","background-repeat":"repeat","background-position":"center center","background-size":"auto","background-attachment":"scroll","background-type":"","background-media":"","overlay-type":"","overlay-color":"","overlay-opacity":"","overlay-gradient":""},"mobile":{"background-color":"var(--ast-global-color-5)","background-image":"","background-repeat":"repeat","background-position":"center center","background-size":"auto","background-attachment":"scroll","background-type":"","background-media":"","overlay-type":"","overlay-color":"","overlay-opacity":"","overlay-gradient":""}}},"product_brand":[3318,3319],"product_cat":[3743,3398,3875,3949,3397],"product_tag":[3950,3951,1896,1897,1752],"class_list":{"0":"post-19362","1":"product","2":"type-product","3":"status-publish","4":"has-post-thumbnail","6":"product_brand-maple","7":"product_brand-maplez","8":"product_cat-accessoires-daffutage","9":"product_cat-parts-tools","10":"product_cat-pieces-et-outils","11":"product_cat-pieces-et-vis","12":"product_cat-support","13":"product_tag-butee-arriere-en-erable","14":"product_tag-gabarit-daffutage-butee-arriere","15":"product_tag-jig-back-stop","16":"product_tag-jig-backstop-maple","17":"product_tag-speed-skating-equipment","18":"desktop-align-left","19":"tablet-align-left","20":"mobile-align-left","22":"first","23":"instock","24":"taxable","25":"shipping-taxable","26":"purchasable","27":"product-type-simple"},"acf":[],"_links":{"self":[{"href":"https:\/\/ztsports.com\/fr\/wp-json\/wp\/v2\/product\/19362","targetHints":{"allow":["GET"]}}],"collection":[{"href":"https:\/\/ztsports.com\/fr\/wp-json\/wp\/v2\/product"}],"about":[{"href":"https:\/\/ztsports.com\/fr\/wp-json\/wp\/v2\/types\/product"}],"replies":[{"embeddable":true,"href":"https:\/\/ztsports.com\/fr\/wp-json\/wp\/v2\/comments?post=19362"}],"version-history":[{"count":1,"href":"https:\/\/ztsports.com\/fr\/wp-json\/wp\/v2\/product\/19362\/revisions"}],"predecessor-version":[{"id":19363,"href":"https:\/\/ztsports.com\/fr\/wp-json\/wp\/v2\/product\/19362\/revisions\/19363"}],"wp:featuredmedia":[{"embeddable":true,"href":"https:\/\/ztsports.com\/fr\/wp-json\/wp\/v2\/media\/19364"}],"wp:attachment":[{"href":"https:\/\/ztsports.com\/fr\/wp-json\/wp\/v2\/media?parent=19362"}],"wp:term":[{"taxonomy":"product_brand","embeddable":true,"href":"https:\/\/ztsports.com\/fr\/wp-json\/wp\/v2\/product_brand?post=19362"},{"taxonomy":"product_cat","embeddable":true,"href":"https:\/\/ztsports.com\/fr\/wp-json\/wp\/v2\/product_cat?post=19362"},{"taxonomy":"product_tag","embeddable":true,"href":"https:\/\/ztsports.com\/fr\/wp-json\/wp\/v2\/product_tag?post=19362"}],"curies":[{"name":"wp","href":"https:\/\/api.w.org\/{rel}","templated":true}]}}