{"id":19357,"date":"2021-09-23T02:11:29","date_gmt":"2021-09-23T02:11:29","guid":{"rendered":"https:\/\/ztsports.com\/?post_type=product&#038;p=19357"},"modified":"2026-02-02T20:48:49","modified_gmt":"2026-02-02T20:48:49","slug":"gabarit-daffutage-ultime","status":"publish","type":"product","link":"https:\/\/ztsports.com\/fr\/store\/gabarit-daffutage-ultime\/","title":{"rendered":"GABARIT D&#8217;AFF\u00dbTAGE ULTIME"},"content":{"rendered":"<pre class=\"tw-data-text tw-text-large tw-ta\" dir=\"ltr\" data-placeholder=\"Translation\"><span class=\"Y2IQFc\" lang=\"en\"><strong>GABARIT D'AFF\u00dbTAGE ULTIME<\/strong>\r\nULTIMATE EDGE SHARPENING JIG Ultimate precision, ultimate feature, ultimate results.\r\nUltimate Edge includes vertical stops for leveling the blades.\r\nWhich ensures positioning them with precision. Moreover ensures unparalleled parallelism.\r\n\r\nIn addition it includes quick couplers to easily mount the blades and vertical stops. \r\nAllows you to maintain a precise fit while sharpening to achieve the perfect \"edge\". \r\nIt is constructed from lightweight aluminum with a ceramic anodized corrosion resistant finish.\r\n<\/span><\/pre>\n<p>Les localisateurs verticaux de lames permettent de positionner pr\u00e9cieusement les lames de patins. Poign\u00e9es de verrouillage \u00e0 d\u00e9gagement rapide.<\/p>\n<p>Les poign\u00e9es de verrouillage \u00e0 d\u00e9gagement rapide permettent \u00e9galement de serrer les lames et de r\u00e9gler les localisateurs verticaux. Facile \u00e0 installer et \u00e0 utiliser. permet de gagner du temps et de maintenir une configuration pr\u00e9cise afin d&#8217;obtenir le &#8220;bord ultime&#8221; \u00e0 chaque fois que vous aff\u00fbtez vos patins.<\/p>\n<p>C&#8217;est le dernier gabarit d&#8217;aff\u00fbtage dont vous aurez besoin.<\/p>\n<p>Fabriqu\u00e9 aux \u00c9tats-Unis en aluminium l\u00e9ger.<\/p>\n<p><a href=\"https:\/\/ztsports.com\/product-category\/sharpening\/jigs\/\"><strong> Vous pouvez trouver tous nos gabarits et kits d&#8217;aff\u00fbtage ici.<\/strong><\/a><\/p>\n<h3 class=\"style-scope ytd-watch-metadata\"><a href=\"https:\/\/www.youtube.com\/watch?v=6mu5w7rdrL0\" target=\"_blank\" rel=\"noopener\">Tutoriel d&#8217;aff\u00fbtage des patins.<\/a><\/h3>\n","protected":false},"excerpt":{"rendered":"<p>GABARIT D&#8217;AFF\u00dbTAGE ULTIME ULTIMATE EDGE SHARPENING JIG Ultimate precision, ultimate feature, ultimate results. Ultimate Edge includes vertical stops for leveling the blades. Which ensures positioning them with precision. Moreover ensures unparalleled parallelism. In addition it includes quick couplers to easily mount the blades and vertical stops. Allows you to maintain a precise fit while sharpening [&hellip;]<\/p>\n","protected":false},"featured_media":19359,"comment_status":"open","ping_status":"closed","template":"","meta":{"_acf_changed":false,"_monsterinsights_skip_tracking":false,"_monsterinsights_sitenote_active":false,"_monsterinsights_sitenote_note":"","_monsterinsights_sitenote_category":0,"_uf_show_specific_survey":0,"_uf_disable_surveys":false,"site-sidebar-layout":"default","site-content-layout":"","ast-site-content-layout":"default","site-content-style":"default","site-sidebar-style":"default","ast-global-header-display":"","ast-banner-title-visibility":"","ast-main-header-display":"","ast-hfb-above-header-display":"","ast-hfb-below-header-display":"","ast-hfb-mobile-header-display":"","site-post-title":"","ast-breadcrumbs-content":"","ast-featured-img":"","footer-sml-layout":"","ast-disable-related-posts":"","theme-transparent-header-meta":"default","adv-header-id-meta":"","stick-header-meta":"","header-above-stick-meta":"","header-main-stick-meta":"","header-below-stick-meta":"","astra-migrate-meta-layouts":"set","ast-page-background-enabled":"default","ast-page-background-meta":{"desktop":{"background-color":"","background-image":"","background-repeat":"repeat","background-position":"center center","background-size":"auto","background-attachment":"scroll","background-type":"","background-media":"","overlay-type":"","overlay-color":"","overlay-opacity":"","overlay-gradient":""},"tablet":{"background-color":"","background-image":"","background-repeat":"repeat","background-position":"center center","background-size":"auto","background-attachment":"scroll","background-type":"","background-media":"","overlay-type":"","overlay-color":"","overlay-opacity":"","overlay-gradient":""},"mobile":{"background-color":"","background-image":"","background-repeat":"repeat","background-position":"center center","background-size":"auto","background-attachment":"scroll","background-type":"","background-media":"","overlay-type":"","overlay-color":"","overlay-opacity":"","overlay-gradient":""}},"ast-content-background-meta":{"desktop":{"background-color":"var(--ast-global-color-5)","background-image":"","background-repeat":"repeat","background-position":"center center","background-size":"auto","background-attachment":"scroll","background-type":"","background-media":"","overlay-type":"","overlay-color":"","overlay-opacity":"","overlay-gradient":""},"tablet":{"background-color":"var(--ast-global-color-5)","background-image":"","background-repeat":"repeat","background-position":"center center","background-size":"auto","background-attachment":"scroll","background-type":"","background-media":"","overlay-type":"","overlay-color":"","overlay-opacity":"","overlay-gradient":""},"mobile":{"background-color":"var(--ast-global-color-5)","background-image":"","background-repeat":"repeat","background-position":"center center","background-size":"auto","background-attachment":"scroll","background-type":"","background-media":"","overlay-type":"","overlay-color":"","overlay-opacity":"","overlay-gradient":""}}},"product_brand":[3353],"product_cat":[3389,3392,3393,3514,3397],"product_tag":[3427,3611],"class_list":{"0":"post-19357","1":"product","2":"type-product","3":"status-publish","4":"has-post-thumbnail","6":"product_brand-ultimate-edge","7":"product_cat-accessoires-longue-piste","8":"product_cat-accessoires-short-track","9":"product_cat-aiguisage","10":"product_cat-entretien-des-lames","11":"product_cat-support","12":"product_tag-equipement-de-patinage-de-vitesse","13":"product_tag-gabarit-daffutage","14":"desktop-align-left","15":"tablet-align-left","16":"mobile-align-left","18":"first","19":"instock","20":"sale","21":"taxable","22":"shipping-taxable","23":"purchasable","24":"product-type-simple"},"acf":[],"_links":{"self":[{"href":"https:\/\/ztsports.com\/fr\/wp-json\/wp\/v2\/product\/19357","targetHints":{"allow":["GET"]}}],"collection":[{"href":"https:\/\/ztsports.com\/fr\/wp-json\/wp\/v2\/product"}],"about":[{"href":"https:\/\/ztsports.com\/fr\/wp-json\/wp\/v2\/types\/product"}],"replies":[{"embeddable":true,"href":"https:\/\/ztsports.com\/fr\/wp-json\/wp\/v2\/comments?post=19357"}],"version-history":[{"count":1,"href":"https:\/\/ztsports.com\/fr\/wp-json\/wp\/v2\/product\/19357\/revisions"}],"predecessor-version":[{"id":19358,"href":"https:\/\/ztsports.com\/fr\/wp-json\/wp\/v2\/product\/19357\/revisions\/19358"}],"wp:featuredmedia":[{"embeddable":true,"href":"https:\/\/ztsports.com\/fr\/wp-json\/wp\/v2\/media\/19359"}],"wp:attachment":[{"href":"https:\/\/ztsports.com\/fr\/wp-json\/wp\/v2\/media?parent=19357"}],"wp:term":[{"taxonomy":"product_brand","embeddable":true,"href":"https:\/\/ztsports.com\/fr\/wp-json\/wp\/v2\/product_brand?post=19357"},{"taxonomy":"product_cat","embeddable":true,"href":"https:\/\/ztsports.com\/fr\/wp-json\/wp\/v2\/product_cat?post=19357"},{"taxonomy":"product_tag","embeddable":true,"href":"https:\/\/ztsports.com\/fr\/wp-json\/wp\/v2\/product_tag?post=19357"}],"curies":[{"name":"wp","href":"https:\/\/api.w.org\/{rel}","templated":true}]}}