{"id":19351,"date":"2021-09-23T02:11:29","date_gmt":"2021-09-23T02:11:29","guid":{"rendered":"https:\/\/ztsports.com\/?post_type=product&#038;p=19351"},"modified":"2026-02-02T20:48:37","modified_gmt":"2026-02-02T20:48:37","slug":"zandstra-medium-jig","status":"publish","type":"product","link":"https:\/\/ztsports.com\/fr\/store\/zandstra-medium-jig\/","title":{"rendered":"ZANDSTRA MEDIUM JIG LONG TRACK"},"content":{"rendered":"<p>Le ZANDSTRA MEDIUM JIG est fabriqu\u00e9 en une seule pi\u00e8ce de profil\u00e9 extrud\u00e9 sp\u00e9cial en aluminium anodis\u00e9.<\/p>\n<p>La stabilit\u00e9 de la table d&#8217;aff\u00fbtage la rend tr\u00e8s conviviale.<\/p>\n<p>Enfin, ce gabarit convient \u00e0 presque tous les patins avec des chaussures en cuir ou moul\u00e9es.<\/p>\n<p><strong>Please Note:<\/strong> for <strong>Nordic Blades<\/strong> you will need either the<a href=\"https:\/\/ztsports.com\/product\/zandstra-low-jig-for-nordic-blades\/\"><strong>ZANDSTRA LOW JIG<\/strong><\/a> or the <strong>ZANDSTRA <a href=\"https:\/\/ztsports.com\/produit\/outil-daffutage-nordic-blade\/?lang=fr\">SHARPENING TOOL \/NORDIC BLADE SHARPENING JIG.<\/a><\/strong> <\/p>\n<p><a href=\"https:\/\/ztsports.com\/categorie-produit\/aiguisage\/support\/?lang=fr\"><strong>Ils peuvent \u00eatre achet\u00e9s dans le magasin de skate en ligne Zt Sports.<\/strong> <\/a><\/p>\n<div id=\"panel-3633-5-0-1\" class=\"so-panel widget widget_sow-headline\" data-index=\"12\">\n<div class=\"so-widget-sow-headline so-widget-sow-headline-default-8bbf997956a4-3633\">\n<div class=\"sow-headline-container \">\n<h1 class=\"sow-headline\">L&#8217;hiver aux Pays-Bas<\/h1>\n<\/div>\n<\/div>\n<\/div>\n<div id=\"panel-3633-5-0-2\" class=\"so-panel widget widget_sow-image\" data-index=\"13\">\n<div class=\"swoosh panel-widget-style panel-widget-style-for-3633-5-0-2\">\n<div class=\"so-widget-sow-image so-widget-sow-image-default-8b5b6f678277-3633\">\n<div class=\"sow-image-container\"><img decoding=\"async\" class=\"so-widget-image\" title=\"Swoosh (bleu)\" src=\"https:\/\/zandstrasport.nl\/wp-content\/uploads\/2020\/06\/sw-blauw-300x27.png\" sizes=\"(max-width: 300px) 100vw, 300px\" srcset=\"https:\/\/zandstrasport.nl\/wp-content\/uploads\/2020\/06\/sw-blauw-300x27.png 300w, https:\/\/zandstrasport.nl\/wp-content\/uploads\/2020\/06\/sw-blauw-1024x92.png 1024w, https:\/\/zandstrasport.nl\/wp-content\/uploads\/2020\/06\/sw-blauw-768x69.png 768w, https:\/\/zandstrasport.nl\/wp-content\/uploads\/2020\/06\/sw-blauw-900x81.png 900w, https:\/\/zandstrasport.nl\/wp-content\/uploads\/2020\/06\/sw-blauw-600x54.png 600w, https:\/\/zandstrasport.nl\/wp-content\/uploads\/2020\/06\/sw-blauw.png 1337w\" alt=\"\" width=\"300\" height=\"27\"><\/div>\n<\/div>\n<\/div>\n<\/div>\n<div id=\"panel-3633-5-0-3\" class=\"so-panel widget widget_sow-editor\" data-index=\"14\">\n<div class=\"so-widget-sow-editor so-widget-sow-editor-base\">\n<div class=\"siteorigin-widget-tinymce textwidget\">\n<p>En raison du climat maritime, les bonnes conditions de patinage sur les lacs et les canaux des Pays-Bas sont non seulement rares, mais aussi impr\u00e9visibles. Cependant, lorsqu&#8217;il fait vraiment froid et que les N\u00e9erlandais peuvent aller patiner, il semble que leur \u00e9tat d&#8217;esprit change compl\u00e8tement. Une fois sur la glace, le professeur, le m\u00e9decin, l&#8217;agriculteur et l&#8217;ouvrier sont tous les m\u00eames. Il n&#8217;y a pas de hi\u00e9rarchie, ce qui peut \u00eatre difficile \u00e0 expliquer, mais qui est certainement d\u00fb \u00e0 une longue tradition qui remonte au 16\u00e8me si\u00e8cle.<\/p>\n<p>Le patinage sur glace est un \u00e9v\u00e9nement familial. Les grands-parents apprennent \u00e0 leurs petits-enfants \u00e0 patiner. Les \u00e9coles primaires et secondaires organisent leurs propres \u00e9v\u00e9nements de patinage. S&#8217;il y a de la neige sur la glace, un grand nombre de b\u00e9n\u00e9voles enl\u00e8vent la neige afin de cr\u00e9er une glace propre et agr\u00e9able. Dans un petit pays comme les Pays-Bas, des centaines de circuits et de courses sont organis\u00e9s. Les clubs de glace locaux organisent ces \u00e9v\u00e9nements. Les distances varient de 10 \u00e0 200 km.<\/p>\n<p>Lors d&#8217;un week-end d&#8217;hiver ensoleill\u00e9, il n&#8217;est pas rare que plus de 1 000 000 de patineurs passent un bon moment avec leurs amis, leur famille ou leurs voisins. Tout cela se d\u00e9roule en seulement 2 ou 3 week-ends, car les hivers n\u00e9erlandais ne durent g\u00e9n\u00e9ralement pas plus longtemps. Ces derni\u00e8res ann\u00e9es, les conditions de patinage n&#8217;ont pas \u00e9t\u00e9 tr\u00e8s bonnes. La temp\u00e9rature a \u00e9t\u00e9 trop \u00e9lev\u00e9e. C&#8217;est pourquoi de nombreux N\u00e9erlandais ont commenc\u00e9 \u00e0 se rendre en Autriche ou en Su\u00e8de pour y passer des &#8220;vacances de patinage&#8221;, comme d&#8217;autres vont skier dans les Alpes.<\/p>\n<\/div>\n<\/div>\n<\/div>\n<p><span data-sheets-value=\"{\"1\":2,\"2\":\"SUPPORT AIGUISAGE ZANDSTRA BAS Support en aluminium anodis\u00e9 est tr\u00e8s stable. Bas et long il est con\u00e7u pour tous les types de lames nordiques ou longues lames destin\u00e9es \u00e0 l'aiguisage manuel.\nPratiquement toutes les lames qui ne s'ins\u00e8rent pas dans un support normal vont s'ins\u00e9rer dans celui-ci.\n\"}\" data-sheets-userformat=\"{\"2\":513,\"3\":{\"1\":0},\"12\":0}\"> <\/span><\/p>\n","protected":false},"excerpt":{"rendered":"<p>Le ZANDSTRA MEDIUM JIG est fabriqu\u00e9 en une seule pi\u00e8ce de profil\u00e9 extrud\u00e9 sp\u00e9cial en aluminium anodis\u00e9. La stabilit\u00e9 de la table d&#8217;aff\u00fbtage la rend tr\u00e8s conviviale. Enfin, ce gabarit convient \u00e0 presque tous les patins avec des chaussures en cuir ou moul\u00e9es. Please Note: for Nordic Blades you will need either theZANDSTRA LOW JIG [&hellip;]<\/p>\n","protected":false},"featured_media":19353,"comment_status":"open","ping_status":"closed","template":"","meta":{"_acf_changed":false,"_monsterinsights_skip_tracking":false,"_monsterinsights_sitenote_active":false,"_monsterinsights_sitenote_note":"","_monsterinsights_sitenote_category":0,"_uf_show_specific_survey":0,"_uf_disable_surveys":false,"site-sidebar-layout":"default","site-content-layout":"","ast-site-content-layout":"default","site-content-style":"default","site-sidebar-style":"default","ast-global-header-display":"","ast-banner-title-visibility":"","ast-main-header-display":"","ast-hfb-above-header-display":"","ast-hfb-below-header-display":"","ast-hfb-mobile-header-display":"","site-post-title":"","ast-breadcrumbs-content":"","ast-featured-img":"","footer-sml-layout":"","ast-disable-related-posts":"","theme-transparent-header-meta":"default","adv-header-id-meta":"","stick-header-meta":"","header-above-stick-meta":"","header-main-stick-meta":"","header-below-stick-meta":"","astra-migrate-meta-layouts":"set","ast-page-background-enabled":"default","ast-page-background-meta":{"desktop":{"background-color":"","background-image":"","background-repeat":"repeat","background-position":"center center","background-size":"auto","background-attachment":"scroll","background-type":"","background-media":"","overlay-type":"","overlay-color":"","overlay-opacity":"","overlay-gradient":""},"tablet":{"background-color":"","background-image":"","background-repeat":"repeat","background-position":"center center","background-size":"auto","background-attachment":"scroll","background-type":"","background-media":"","overlay-type":"","overlay-color":"","overlay-opacity":"","overlay-gradient":""},"mobile":{"background-color":"","background-image":"","background-repeat":"repeat","background-position":"center center","background-size":"auto","background-attachment":"scroll","background-type":"","background-media":"","overlay-type":"","overlay-color":"","overlay-opacity":"","overlay-gradient":""}},"ast-content-background-meta":{"desktop":{"background-color":"var(--ast-global-color-5)","background-image":"","background-repeat":"repeat","background-position":"center center","background-size":"auto","background-attachment":"scroll","background-type":"","background-media":"","overlay-type":"","overlay-color":"","overlay-opacity":"","overlay-gradient":""},"tablet":{"background-color":"var(--ast-global-color-5)","background-image":"","background-repeat":"repeat","background-position":"center center","background-size":"auto","background-attachment":"scroll","background-type":"","background-media":"","overlay-type":"","overlay-color":"","overlay-opacity":"","overlay-gradient":""},"mobile":{"background-color":"var(--ast-global-color-5)","background-image":"","background-repeat":"repeat","background-position":"center center","background-size":"auto","background-attachment":"scroll","background-type":"","background-media":"","overlay-type":"","overlay-color":"","overlay-opacity":"","overlay-gradient":""}}},"product_brand":[3363,3364],"product_cat":[3389,3393,3940,3467,3397],"product_tag":[3948,1909],"class_list":{"0":"post-19351","1":"product","2":"type-product","3":"status-publish","4":"has-post-thumbnail","6":"product_brand-zandstra","7":"product_brand-zanstra","8":"product_cat-accessoires-longue-piste","9":"product_cat-aiguisage","10":"product_cat-gabarit-daffutage","11":"product_cat-patinage-de-vitesse","12":"product_cat-support","13":"product_tag-jig-moyen","14":"product_tag-zandstra","15":"desktop-align-left","16":"tablet-align-left","17":"mobile-align-left","19":"first","20":"instock","21":"sale","22":"taxable","23":"shipping-taxable","24":"purchasable","25":"product-type-simple"},"acf":[],"_links":{"self":[{"href":"https:\/\/ztsports.com\/fr\/wp-json\/wp\/v2\/product\/19351","targetHints":{"allow":["GET"]}}],"collection":[{"href":"https:\/\/ztsports.com\/fr\/wp-json\/wp\/v2\/product"}],"about":[{"href":"https:\/\/ztsports.com\/fr\/wp-json\/wp\/v2\/types\/product"}],"replies":[{"embeddable":true,"href":"https:\/\/ztsports.com\/fr\/wp-json\/wp\/v2\/comments?post=19351"}],"version-history":[{"count":1,"href":"https:\/\/ztsports.com\/fr\/wp-json\/wp\/v2\/product\/19351\/revisions"}],"predecessor-version":[{"id":19352,"href":"https:\/\/ztsports.com\/fr\/wp-json\/wp\/v2\/product\/19351\/revisions\/19352"}],"wp:featuredmedia":[{"embeddable":true,"href":"https:\/\/ztsports.com\/fr\/wp-json\/wp\/v2\/media\/19353"}],"wp:attachment":[{"href":"https:\/\/ztsports.com\/fr\/wp-json\/wp\/v2\/media?parent=19351"}],"wp:term":[{"taxonomy":"product_brand","embeddable":true,"href":"https:\/\/ztsports.com\/fr\/wp-json\/wp\/v2\/product_brand?post=19351"},{"taxonomy":"product_cat","embeddable":true,"href":"https:\/\/ztsports.com\/fr\/wp-json\/wp\/v2\/product_cat?post=19351"},{"taxonomy":"product_tag","embeddable":true,"href":"https:\/\/ztsports.com\/fr\/wp-json\/wp\/v2\/product_tag?post=19351"}],"curies":[{"name":"wp","href":"https:\/\/api.w.org\/{rel}","templated":true}]}}