{"id":19346,"date":"2021-09-23T02:11:30","date_gmt":"2021-09-23T02:11:30","guid":{"rendered":"https:\/\/ztsports.com\/?post_type=product&#038;p=19346"},"modified":"2026-02-02T20:48:23","modified_gmt":"2026-02-02T20:48:23","slug":"zandstra-low-jig","status":"publish","type":"product","link":"https:\/\/ztsports.com\/fr\/store\/zandstra-low-jig\/","title":{"rendered":"ZANDSTRA LOW JIG for Nordic or clip on Blades"},"content":{"rendered":"<h2 id=\"tw-target-text\" class=\"tw-data-text tw-text-large tw-ta\" dir=\"ltr\" data-placeholder=\"Translation\"><span class=\"Y2IQFc\" lang=\"en\">ZANDSTRA LOW JIG for Nordic or clip on Blades<\/span><\/h2>\n<p id=\"tw-target-text\" class=\"tw-data-text tw-text-large tw-ta\" dir=\"ltr\" data-placeholder=\"Translation\"><span class=\"Y2IQFc\" lang=\"en\">ZANDSTRA LOW JIG pour lames nordiques ou \u00e0 clip a Support stable en aluminium anodis\u00e9. Convient \u00e0 toutes les lames Nordic. L\u00e9ger et facile \u00e0 transporter. <\/span><\/p>\n<p>Le gabarit en aluminium anodis\u00e9 est fabriqu\u00e9 \u00e0 partir d&#8217;une seule pi\u00e8ce de profil\u00e9 extrud\u00e9 sp\u00e9cial. La stabilit\u00e9 de la table de broyage la rend tr\u00e8s conviviale.<\/p>\n<p>Ce gabarit extra bas et long est <strong>sp\u00e9cialement con\u00e7u pour l&#8217;aff\u00fbtage \u00e0 la main des patins \u00e0 glace nordiques<\/strong>, des Easy-Gliders et d&#8217;autres lames qui n&#8217;entrent pas dans les gabarits standard.<\/p>\n<p><a href=\"https:\/\/ztsports.com\/categorie-produit\/aiguisage\/support\/?lang=fr\"><strong>Enfin, vous pouvez trouver tous nos gabarits et kits d&#8217;aff\u00fbtage ici.<\/strong><\/a><\/p>\n<h3 class=\"style-scope ytd-watch-metadata\"><a href=\"https:\/\/www.youtube.com\/watch?v=6mu5w7rdrL0\" target=\"_blank\" rel=\"noopener\">En outre, un tutoriel sur l&#8217;aff\u00fbtage des patins. <\/a><span class=\"Y2IQFc\" lang=\"en\"><br \/>\n<\/span><\/h3>\n","protected":false},"excerpt":{"rendered":"<p>ZANDSTRA LOW JIG for Nordic or clip on Blades ZANDSTRA LOW JIG pour lames nordiques ou \u00e0 clip a Support stable en aluminium anodis\u00e9. Convient \u00e0 toutes les lames Nordic. L\u00e9ger et facile \u00e0 transporter. Le gabarit en aluminium anodis\u00e9 est fabriqu\u00e9 \u00e0 partir d&#8217;une seule pi\u00e8ce de profil\u00e9 extrud\u00e9 sp\u00e9cial. La stabilit\u00e9 de la [&hellip;]<\/p>\n","protected":false},"featured_media":19348,"comment_status":"open","ping_status":"closed","template":"","meta":{"_acf_changed":false,"_monsterinsights_skip_tracking":false,"_monsterinsights_sitenote_active":false,"_monsterinsights_sitenote_note":"","_monsterinsights_sitenote_category":0,"_uf_show_specific_survey":0,"_uf_disable_surveys":false,"site-sidebar-layout":"default","site-content-layout":"","ast-site-content-layout":"default","site-content-style":"default","site-sidebar-style":"default","ast-global-header-display":"","ast-banner-title-visibility":"","ast-main-header-display":"","ast-hfb-above-header-display":"","ast-hfb-below-header-display":"","ast-hfb-mobile-header-display":"","site-post-title":"","ast-breadcrumbs-content":"","ast-featured-img":"","footer-sml-layout":"","ast-disable-related-posts":"","theme-transparent-header-meta":"default","adv-header-id-meta":"","stick-header-meta":"","header-above-stick-meta":"","header-main-stick-meta":"","header-below-stick-meta":"","astra-migrate-meta-layouts":"set","ast-page-background-enabled":"default","ast-page-background-meta":{"desktop":{"background-color":"","background-image":"","background-repeat":"repeat","background-position":"center center","background-size":"auto","background-attachment":"scroll","background-type":"","background-media":"","overlay-type":"","overlay-color":"","overlay-opacity":"","overlay-gradient":""},"tablet":{"background-color":"","background-image":"","background-repeat":"repeat","background-position":"center center","background-size":"auto","background-attachment":"scroll","background-type":"","background-media":"","overlay-type":"","overlay-color":"","overlay-opacity":"","overlay-gradient":""},"mobile":{"background-color":"","background-image":"","background-repeat":"repeat","background-position":"center center","background-size":"auto","background-attachment":"scroll","background-type":"","background-media":"","overlay-type":"","overlay-color":"","overlay-opacity":"","overlay-gradient":""}},"ast-content-background-meta":{"desktop":{"background-color":"var(--ast-global-color-5)","background-image":"","background-repeat":"repeat","background-position":"center center","background-size":"auto","background-attachment":"scroll","background-type":"","background-media":"","overlay-type":"","overlay-color":"","overlay-opacity":"","overlay-gradient":""},"tablet":{"background-color":"var(--ast-global-color-5)","background-image":"","background-repeat":"repeat","background-position":"center center","background-size":"auto","background-attachment":"scroll","background-type":"","background-media":"","overlay-type":"","overlay-color":"","overlay-opacity":"","overlay-gradient":""},"mobile":{"background-color":"var(--ast-global-color-5)","background-image":"","background-repeat":"repeat","background-position":"center center","background-size":"auto","background-attachment":"scroll","background-type":"","background-media":"","overlay-type":"","overlay-color":"","overlay-opacity":"","overlay-gradient":""}}},"product_brand":[3363],"product_cat":[3874,3455,3393,3940,3397],"product_tag":[3946,3947,3944,3462,3478,1916],"class_list":{"0":"post-19346","1":"product","2":"type-product","3":"status-publish","4":"has-post-thumbnail","6":"product_brand-zandstra","7":"product_cat-accessories","9":"product_cat-aiguisage","10":"product_cat-gabarit-daffutage","11":"product_cat-support","12":"product_tag-gabarit","13":"product_tag-gabarit-a-clipser","14":"product_tag-gigue-nordique","15":"product_tag-lame-a-clipper","16":"product_tag-turlutte-pour-raie-de-canal","17":"product_tag-zandstra-low-jig","18":"desktop-align-left","19":"tablet-align-left","20":"mobile-align-left","22":"first","23":"instock","24":"sale","25":"featured","26":"taxable","27":"shipping-taxable","28":"purchasable","29":"product-type-simple"},"acf":[],"_links":{"self":[{"href":"https:\/\/ztsports.com\/fr\/wp-json\/wp\/v2\/product\/19346","targetHints":{"allow":["GET"]}}],"collection":[{"href":"https:\/\/ztsports.com\/fr\/wp-json\/wp\/v2\/product"}],"about":[{"href":"https:\/\/ztsports.com\/fr\/wp-json\/wp\/v2\/types\/product"}],"replies":[{"embeddable":true,"href":"https:\/\/ztsports.com\/fr\/wp-json\/wp\/v2\/comments?post=19346"}],"version-history":[{"count":1,"href":"https:\/\/ztsports.com\/fr\/wp-json\/wp\/v2\/product\/19346\/revisions"}],"predecessor-version":[{"id":19347,"href":"https:\/\/ztsports.com\/fr\/wp-json\/wp\/v2\/product\/19346\/revisions\/19347"}],"wp:featuredmedia":[{"embeddable":true,"href":"https:\/\/ztsports.com\/fr\/wp-json\/wp\/v2\/media\/19348"}],"wp:attachment":[{"href":"https:\/\/ztsports.com\/fr\/wp-json\/wp\/v2\/media?parent=19346"}],"wp:term":[{"taxonomy":"product_brand","embeddable":true,"href":"https:\/\/ztsports.com\/fr\/wp-json\/wp\/v2\/product_brand?post=19346"},{"taxonomy":"product_cat","embeddable":true,"href":"https:\/\/ztsports.com\/fr\/wp-json\/wp\/v2\/product_cat?post=19346"},{"taxonomy":"product_tag","embeddable":true,"href":"https:\/\/ztsports.com\/fr\/wp-json\/wp\/v2\/product_tag?post=19346"}],"curies":[{"name":"wp","href":"https:\/\/api.w.org\/{rel}","templated":true}]}}