{"id":19341,"date":"2021-09-23T02:11:30","date_gmt":"2021-09-23T02:11:30","guid":{"rendered":"https:\/\/ztsports.com\/?post_type=product&#038;p=19341"},"modified":"2026-02-02T20:48:02","modified_gmt":"2026-02-02T20:48:02","slug":"outil-daffutage-nordic-blade","status":"publish","type":"product","link":"https:\/\/ztsports.com\/fr\/store\/outil-daffutage-nordic-blade\/","title":{"rendered":"SHARPENING TOOL FOR NORDIC BLADE New"},"content":{"rendered":"<p dir=\"ltr\" data-placeholder=\"Translation\">OUTIL D&#8217;AFF\u00dbTAGE<\/p>\n<p dir=\"ltr\" data-placeholder=\"Translation\">L&#8217;OUTIL D&#8217;AIGUILLAGE POUR LAME NORDIC est unique en son genre.<\/p>\n<p id=\"tw-target-text\" class=\"tw-data-text tw-text-large tw-ta\" dir=\"ltr\" data-placeholder=\"Translation\"><span class=\"Y2IQFc\" lang=\"en\">A l&#8217;origine PENNINGTON TITAN SHARPENING STAND Le TITAN 005 a \u00e9t\u00e9 le premier stand d&#8217;aff\u00fbtage \u00e0 \u00eatre construit en utilisant une barre carr\u00e9e pour maintenir l&#8217;alignement entre les 2 pieds. Il est solide et polyvalent et s&#8217;ajuste facilement \u00e0 diff\u00e9rentes longueurs de lames.<\/span><\/p>\n<p>L\u00e9ger et facile \u00e0 assembler.<br \/>\nStructure en aluminium haute densit\u00e9.<br \/>\nTube carr\u00e9 \u00e9liminant le risque de torsion. Il ne p\u00e8se que 1,7 kg.<\/p>\n<p><strong>Acheter un outil d&#8217;aff\u00fbtage pour Nordic Blades en ligne<\/strong><\/p>\n<p>Si vous recherchez un outil d&#8217;aff\u00fbtage\/un gabarit con\u00e7u explicitement pour les lames nordiques, ne cherchez pas plus loin que l&#8217;outil d&#8217;aff\u00fbtage\/le gabarit pour lames nordiques. Cet outil d&#8217;aff\u00fbtage innovant est con\u00e7u pour aff\u00fbter et maintenir le tranchant de vos lames Nordic avec pr\u00e9cision et facilit\u00e9.<\/p>\n<p><strong>Features<\/strong><\/p>\n<ul>\n<li>Ils sont sp\u00e9cialement con\u00e7us pour les lames nordiques.<\/li>\n<li>Guide d&#8217;angle de pr\u00e9cision pour des r\u00e9sultats constants<\/li>\n<li>Conception durable et l\u00e9g\u00e8re<\/li>\n<li>Facile \u00e0 utiliser et \u00e0 configurer<\/li>\n<\/ul>\n<p><strong>Conception et durabilit\u00e9<\/strong><\/p>\n<p>Notre <strong>outil d&#8217;aff\u00fbtage pour lames nor<\/strong> diques est sp\u00e9cialement con\u00e7u pour aider \u00e0 aff\u00fbter et \u00e0 maintenir le tranchant des lames nordiques. Il est dot\u00e9 d&#8217;un guide d&#8217;angle de pr\u00e9cision qui garantit un angle constant \u00e0 chaque fois que vous aff\u00fbtez votre lame, ce qui permet de conserver le tranchant et d&#8217;am\u00e9liorer les performances de votre lame.<\/p>\n<p>De plus, l&#8217;outil est construit avec un design durable et l\u00e9ger qui le rend facile \u00e0 utiliser et \u00e0 transporter. Ses pieds de pr\u00e9hension inf\u00e9rieurs assurent une prise s\u00fbre pendant que vous aff\u00fbtez vos lames, sa taille compacte le rend facile \u00e0 ranger dans votre bo\u00eete \u00e0 outils ou \u00e0 transporter dans votre sac \u00e0 dos.<\/p>\n<ul>\n<li><strong>Facilit\u00e9 d&#8217;utilisation<\/strong><\/li>\n<\/ul>\n<p>La facilit\u00e9 d&#8217;utilisation est l&#8217;un des aspects les plus int\u00e9ressants du gabarit\/outil d&#8217;aff\u00fbtage pour lames nordiques. La conception l\u00e9g\u00e8re et ergonomique du Jig facilite la prise en main des lames lors de l&#8217;aff\u00fbtage. Sa taille compacte permet de le ranger facilement dans votre bo\u00eete \u00e0 outils ou de le transporter dans votre sac \u00e0 dos. Il facilite l&#8217;aff\u00fbtage et le maintien du tranchant de vos lames Nordic.<\/p>\n<ul>\n<li><strong>Polyvalence<\/strong><\/li>\n<\/ul>\n<p>L&#8217;OUTIL D&#8217;AIGUILLAGE POUR LAME NORDIC est uniquement con\u00e7u pour les lames Nordic.<\/p>\n<p><strong>Pourquoi acheter ce produit ?<\/strong><\/p>\n<p>Investir dans un OUTIL D&#8217;AIGUILLAGE POUR LAME NORDIC est un excellent choix pour tous ceux qui veulent maintenir le tranchant de leurs lames Nordic. Il vous permet d&#8217;aiguiser et de maintenir le tranchant de vos lames Nordic.<\/p>\n<p>En outre, l&#8217;OUTIL D&#8217;AIGUILLAGE POUR LAME NORDIC est un outil polyvalent qui peut \u00eatre utilis\u00e9 sur d&#8217;autres types de couteaux, de ciseaux et d&#8217;outils, ce qui en fait un compl\u00e9ment pr\u00e9cieux \u00e0 tout kit d&#8217;aiguisage. Gr\u00e2ce \u00e0 sa conception l\u00e9g\u00e8re et compacte, il est parfait pour une utilisation professionnelle ou domestique.<\/p>\n<p>De plus, il est facile \u00e0 nettoyer et \u00e0 entretenir, ce qui garantit que l&#8217;outil est toujours pr\u00eat \u00e0 l&#8217;emploi lorsque vous en avez besoin. Enfin, il s&#8217;agit d&#8217;un outil essentiel pour tous ceux qui souhaitent maintenir leurs lames Nordic en parfait \u00e9tat et les garder aiguis\u00e9es plus longtemps.<\/p>\n<p><a href=\"https:\/\/ztsports.com\/product-category\/sharpening\/jigs\/\"><strong> Vous pouvez trouver tous nos gabarits et kits d&#8217;aff\u00fbtage ici.<\/strong><\/a><\/p>\n<h3 class=\"style-scope ytd-watch-metadata\"><a href=\"https:\/\/www.youtube.com\/watch?v=6mu5w7rdrL0\" target=\"_blank\" rel=\"noopener\">Tutoriel d&#8217;aff\u00fbtage des patins.<\/a><\/h3>\n<div id=\"panel-3633-5-0-1\" class=\"so-panel widget widget_sow-headline\" data-index=\"12\">\n<div class=\"so-widget-sow-headline so-widget-sow-headline-default-8bbf997956a4-3633\">\n<div class=\"sow-headline-container \">\n<h1 class=\"sow-headline\">L&#8217;hiver aux Pays-Bas<\/h1>\n<\/div>\n<\/div>\n<\/div>\n<div id=\"panel-3633-5-0-2\" class=\"so-panel widget widget_sow-image\" data-index=\"13\">\n<div class=\"swoosh panel-widget-style panel-widget-style-for-3633-5-0-2\">\n<div class=\"so-widget-sow-image so-widget-sow-image-default-8b5b6f678277-3633\">\n<div class=\"sow-image-container\">En raison du climat maritime, les bonnes conditions de patinage sur les lacs et les canaux des Pays-Bas sont non seulement rares, mais aussi impr\u00e9visibles. Cependant, lorsqu&#8217;il fait vraiment froid et que les N\u00e9erlandais peuvent aller patiner, il semble que leur \u00e9tat d&#8217;esprit change compl\u00e8tement.<\/div>\n<div class=\"sow-image-container\">Une fois sur la glace, le professeur, le m\u00e9decin, l&#8217;agriculteur et l&#8217;ouvrier sont tous les m\u00eames. Il n&#8217;y a pas de hi\u00e9rarchie, ce qui peut \u00eatre difficile \u00e0 expliquer, mais qui est certainement d\u00fb \u00e0 une longue tradition qui remonte au 16\u00e8me si\u00e8cle.<\/div>\n<\/div>\n<\/div>\n<\/div>\n<div id=\"panel-3633-5-0-3\" class=\"so-panel widget widget_sow-editor\" data-index=\"14\">\n<div class=\"so-widget-sow-editor so-widget-sow-editor-base\">\n<div class=\"siteorigin-widget-tinymce textwidget\">\n<p>Le patinage sur glace est un \u00e9v\u00e9nement familial. Les grands-parents apprennent \u00e0 leurs petits-enfants \u00e0 patiner. Les \u00e9coles primaires et secondaires organisent leurs propres \u00e9v\u00e9nements de patinage. S&#8217;il y a de la neige sur la glace, un grand nombre de b\u00e9n\u00e9voles enl\u00e8vent la neige afin de cr\u00e9er une glace propre et agr\u00e9able.<\/p>\n<p>Dans un petit pays comme les Pays-Bas, des centaines de circuits et de courses sont organis\u00e9s. Les clubs de glace locaux organisent ces \u00e9v\u00e9nements. Les distances varient de 10 \u00e0 200 km.<\/p>\n<p>Lors d&#8217;un week-end d&#8217;hiver ensoleill\u00e9, il n&#8217;est pas rare que plus de 1 000 000 de patineurs passent un bon moment avec leurs amis, leur famille ou leurs voisins. Tout cela se d\u00e9roule en seulement 2 ou 3 week-ends, car les hivers n\u00e9erlandais ne durent g\u00e9n\u00e9ralement pas plus longtemps.<\/p>\n<p>Ces derni\u00e8res ann\u00e9es, les conditions de patinage n&#8217;ont pas \u00e9t\u00e9 tr\u00e8s bonnes. La temp\u00e9rature a \u00e9t\u00e9 trop \u00e9lev\u00e9e. C&#8217;est pourquoi de nombreux N\u00e9erlandais ont commenc\u00e9 \u00e0 se rendre en Autriche ou en Su\u00e8de pour y passer des &#8220;vacances de patinage&#8221;, comme d&#8217;autres vont skier dans les Alpes.<\/p>\n<\/div>\n<\/div>\n<\/div>\n","protected":false},"excerpt":{"rendered":"<p>OUTIL D&#8217;AFF\u00dbTAGE L&#8217;OUTIL D&#8217;AIGUILLAGE POUR LAME NORDIC est unique en son genre. A l&#8217;origine PENNINGTON TITAN SHARPENING STAND Le TITAN 005 a \u00e9t\u00e9 le premier stand d&#8217;aff\u00fbtage \u00e0 \u00eatre construit en utilisant une barre carr\u00e9e pour maintenir l&#8217;alignement entre les 2 pieds. Il est solide et polyvalent et s&#8217;ajuste facilement \u00e0 diff\u00e9rentes longueurs de lames. [&hellip;]<\/p>\n","protected":false},"featured_media":19343,"comment_status":"open","ping_status":"closed","template":"","meta":{"_acf_changed":false,"_monsterinsights_skip_tracking":false,"_monsterinsights_sitenote_active":false,"_monsterinsights_sitenote_note":"","_monsterinsights_sitenote_category":0,"_uf_show_specific_survey":0,"_uf_disable_surveys":false,"site-sidebar-layout":"default","site-content-layout":"","ast-site-content-layout":"default","site-content-style":"default","site-sidebar-style":"default","ast-global-header-display":"","ast-banner-title-visibility":"","ast-main-header-display":"","ast-hfb-above-header-display":"","ast-hfb-below-header-display":"","ast-hfb-mobile-header-display":"","site-post-title":"","ast-breadcrumbs-content":"","ast-featured-img":"","footer-sml-layout":"","ast-disable-related-posts":"","theme-transparent-header-meta":"default","adv-header-id-meta":"","stick-header-meta":"","header-above-stick-meta":"","header-main-stick-meta":"","header-below-stick-meta":"","astra-migrate-meta-layouts":"set","ast-page-background-enabled":"default","ast-page-background-meta":{"desktop":{"background-color":"","background-image":"","background-repeat":"repeat","background-position":"center center","background-size":"auto","background-attachment":"scroll","background-type":"","background-media":"","overlay-type":"","overlay-color":"","overlay-opacity":"","overlay-gradient":""},"tablet":{"background-color":"","background-image":"","background-repeat":"repeat","background-position":"center center","background-size":"auto","background-attachment":"scroll","background-type":"","background-media":"","overlay-type":"","overlay-color":"","overlay-opacity":"","overlay-gradient":""},"mobile":{"background-color":"","background-image":"","background-repeat":"repeat","background-position":"center center","background-size":"auto","background-attachment":"scroll","background-type":"","background-media":"","overlay-type":"","overlay-color":"","overlay-opacity":"","overlay-gradient":""}},"ast-content-background-meta":{"desktop":{"background-color":"var(--ast-global-color-5)","background-image":"","background-repeat":"repeat","background-position":"center center","background-size":"auto","background-attachment":"scroll","background-type":"","background-media":"","overlay-type":"","overlay-color":"","overlay-opacity":"","overlay-gradient":""},"tablet":{"background-color":"var(--ast-global-color-5)","background-image":"","background-repeat":"repeat","background-position":"center center","background-size":"auto","background-attachment":"scroll","background-type":"","background-media":"","overlay-type":"","overlay-color":"","overlay-opacity":"","overlay-gradient":""},"mobile":{"background-color":"var(--ast-global-color-5)","background-image":"","background-repeat":"repeat","background-position":"center center","background-size":"auto","background-attachment":"scroll","background-type":"","background-media":"","overlay-type":"","overlay-color":"","overlay-opacity":"","overlay-gradient":""}}},"product_brand":[3363,3364],"product_cat":[3455,3393,3940,3454,3397],"product_tag":[3427,3942,3943,3944,3602,3945],"class_list":{"0":"post-19341","1":"product","2":"type-product","3":"status-publish","4":"has-post-thumbnail","6":"product_brand-zandstra","7":"product_brand-zanstra","8":"product_cat-accessories","9":"product_cat-aiguisage","10":"product_cat-gabarit-daffutage","11":"product_cat-lames","12":"product_cat-support","13":"product_tag-equipement-de-patinage-de-vitesse","14":"product_tag-gabarit-de-lame-nordique","15":"product_tag-gabarit-pour-lames-de-canal","16":"product_tag-gigue-nordique","17":"product_tag-lame-matinence","18":"product_tag-outil-daffutage","19":"desktop-align-left","20":"tablet-align-left","21":"mobile-align-left","23":"first","24":"instock","25":"taxable","26":"shipping-taxable","27":"purchasable","28":"product-type-simple"},"acf":[],"_links":{"self":[{"href":"https:\/\/ztsports.com\/fr\/wp-json\/wp\/v2\/product\/19341","targetHints":{"allow":["GET"]}}],"collection":[{"href":"https:\/\/ztsports.com\/fr\/wp-json\/wp\/v2\/product"}],"about":[{"href":"https:\/\/ztsports.com\/fr\/wp-json\/wp\/v2\/types\/product"}],"replies":[{"embeddable":true,"href":"https:\/\/ztsports.com\/fr\/wp-json\/wp\/v2\/comments?post=19341"}],"version-history":[{"count":1,"href":"https:\/\/ztsports.com\/fr\/wp-json\/wp\/v2\/product\/19341\/revisions"}],"predecessor-version":[{"id":19342,"href":"https:\/\/ztsports.com\/fr\/wp-json\/wp\/v2\/product\/19341\/revisions\/19342"}],"wp:featuredmedia":[{"embeddable":true,"href":"https:\/\/ztsports.com\/fr\/wp-json\/wp\/v2\/media\/19343"}],"wp:attachment":[{"href":"https:\/\/ztsports.com\/fr\/wp-json\/wp\/v2\/media?parent=19341"}],"wp:term":[{"taxonomy":"product_brand","embeddable":true,"href":"https:\/\/ztsports.com\/fr\/wp-json\/wp\/v2\/product_brand?post=19341"},{"taxonomy":"product_cat","embeddable":true,"href":"https:\/\/ztsports.com\/fr\/wp-json\/wp\/v2\/product_cat?post=19341"},{"taxonomy":"product_tag","embeddable":true,"href":"https:\/\/ztsports.com\/fr\/wp-json\/wp\/v2\/product_tag?post=19341"}],"curies":[{"name":"wp","href":"https:\/\/api.w.org\/{rel}","templated":true}]}}