{"id":19337,"date":"2021-09-23T02:11:31","date_gmt":"2021-09-23T02:11:31","guid":{"rendered":"https:\/\/ztsports.com\/?post_type=product&#038;p=19337"},"modified":"2026-02-02T20:47:33","modified_gmt":"2026-02-02T20:47:33","slug":"pierre-a-aiguiser-foss","status":"publish","type":"product","link":"https:\/\/ztsports.com\/fr\/store\/pierre-a-aiguiser-foss\/","title":{"rendered":"PIERRE \u00c0 AIGUISER FOSS POUR PATINS DE VITESSE"},"content":{"rendered":"<p>La pierre \u00e0 aiguiser FOSS en carbure de silicium est d&#8217;excellente qualit\u00e9. The stone has a rough side for sharpening and a smooth side for polishing. A stone suitable for skaters who wish to have a good sharpening result. Utilisation \u00e0 sec, sans huile ni eau.  <strong>Achetez la pierre \u00e0 aiguiser FOSS dans le premier magasin en ligne au Canada !<\/strong> Chez Zt Sports, nous vous proposons la pierre \u00e0 aiguiser FOSS, une pierre \u00e0 aiguiser de premi\u00e8re qualit\u00e9 en carbure de silicium qui est la plus populaire sur le march\u00e9. Cette pierre \u00e0 aiguiser polyvalente est parfaite pour aiguiser et polir tous les types de lames de patins de vitesse. En plus des couteaux, des ciseaux, des outils et des lames. <\/p>\n<h4>Pourquoi est-il important d&#8217;utiliser un produit de qualit\u00e9 sup\u00e9rieure comme la pierre \u00e0 aiguiser FOSS ?<\/h4>\n<p>  L&#8217;utilisation d&#8217;une pierre d&#8217;aff\u00fbtage de haute qualit\u00e9 permet \u00e0 vos lames de rester aiguis\u00e9es plus longtemps et d&#8217;\u00eatre plus performantes. La possibilit\u00e9 d&#8217;aff\u00fbter et de polir les lames avec une seule pierre permet \u00e9galement d&#8217;\u00e9conomiser du temps et de l&#8217;argent. En outre, l&#8217;utilisation d&#8217;une pierre \u00e0 aiguiser de haute qualit\u00e9 garantit que vous obtiendrez un tranchant rasoir \u00e0 chaque fois, ce qui am\u00e9liorera les performances, la s\u00e9curit\u00e9 et la long\u00e9vit\u00e9 de vos lames. <strong>Features<\/strong><\/p>\n<ul>\n<li>Fabriqu\u00e9 en carbure de silicium pour plus de durabilit\u00e9<\/li>\n<li>C\u00f4t\u00e9 rugueux pour l&#8217;aff\u00fbtage, c\u00f4t\u00e9 doux pour la finition et le polissage<\/li>\n<li>Utilisation sans huile ni eau<\/li>\n<li>Polyvalent, il peut \u00eatre utilis\u00e9 sur une vari\u00e9t\u00e9 de lames<\/li>\n<li>5&#215;2.5cm (10x3x1 inch) de taille<\/li>\n<\/ul>\n<ul>\n<li><strong>Conception et durabilit\u00e9<\/strong><\/li>\n<\/ul>\n<p> L&#8217;une des caract\u00e9ristiques uniques de cette pierre \u00e0 aiguiser est qu&#8217;elle est fabriqu\u00e9e en carbure de silicium, un mat\u00e9riau de premi\u00e8re qualit\u00e9 connu pour sa durabilit\u00e9 et sa capacit\u00e9 \u00e0 fournir un tranchant fin et aiguis\u00e9 aux lames. Le c\u00f4t\u00e9 rugueux de la pierre est parfait pour aiguiser les lames, tandis que le c\u00f4t\u00e9 doux peut \u00eatre utilis\u00e9 pour la finition et le polissage, ce qui vous permet d&#8217;obtenir un r\u00e9sultat parfait \u00e0 chaque fois. <\/p>\n<ul>\n<li><strong>Facilit\u00e9 d&#8217;utilisation<\/strong><\/li>\n<\/ul>\n<p>  La pierre \u00e0 aiguiser FOSS est \u00e9galement incroyablement facile \u00e0 utiliser. Contrairement aux pierres \u00e0 aiguiser traditionnelles qui n\u00e9cessitent de l&#8217;huile ou de l&#8217;eau, cette pierre peut \u00eatre utilis\u00e9e sans aucun lubrifiant suppl\u00e9mentaire, ce qui en fait une option pratique et sans d\u00e9g\u00e2ts. La pierre mesure 25&#215;7.5&#215;2.5cm (10x3x1 pouce), et elle est parfaite pour un usage professionnel ou domestique. <\/p>\n<ul>\n<li><strong>Polyvalence<\/strong><\/li>\n<\/ul>\n<p> En outre, la pierre \u00e0 aiguiser FOSS est tr\u00e8s polyvalente. Tout aussi important, il peut \u00eatre utilis\u00e9 sur une grande vari\u00e9t\u00e9 de lames, des lames de patinage de vitesse aux couteaux de cuisine, en passant par les outils et les ciseaux. Cela en fait un excellent investissement pour tous ceux qui cherchent \u00e0 aiguiser et \u00e0 maintenir le tranchant de leurs lames. <strong>Multi-usage<\/strong> De plus, elle peut \u00eatre utilis\u00e9e pour tous les types d&#8217;acier, y compris l&#8217;acier au carbone et l&#8217;acier inoxydable, et elle convient aussi bien \u00e0 l&#8217;aff\u00fbtage grossier qu&#8217;\u00e0 l&#8217;aff\u00fbtage fin, ce qui en fait une pierre polyvalente pour tous vos besoins d&#8217;aff\u00fbtage. Passez une commande aujourd&#8217;hui et commencez \u00e0 profiter des avantages de l&#8217;utilisation d&#8217;un produit de qualit\u00e9 sup\u00e9rieure pour tous vos besoins d&#8217;aff\u00fbtage ! Pour en savoir plus sur Zandstra sport <a href=\"https:\/\/zandstrasport.nl\/en\/\" target=\"_blank\" rel=\"noopener\">, cliquez ici<\/a> Enfin, vous pouvez trouver toutes nos <a href=\"https:\/\/ztsports.com\/categorie-produit\/aiguisage\/des-pierres\/?lang=fr\"><strong>pierre \u00e0 aiguiser ici.<\/strong><\/a><a href=\"https:\/\/www.youtube.com\/watch?v=6mu5w7rdrL0\" target=\"_blank\" rel=\"noopener\"><strong>Tutoriel d&#8217;aff\u00fbtage.<\/strong><\/a><\/p>\n","protected":false},"excerpt":{"rendered":"<p>La pierre \u00e0 aiguiser FOSS en carbure de silicium est d&#8217;excellente qualit\u00e9. The stone has a rough side for sharpening and a smooth side for polishing. A stone suitable for skaters who wish to have a good sharpening result. Utilisation \u00e0 sec, sans huile ni eau. Achetez la pierre \u00e0 aiguiser FOSS dans le premier [&hellip;]<\/p>\n","protected":false},"featured_media":19339,"comment_status":"open","ping_status":"closed","template":"","meta":{"_acf_changed":false,"_monsterinsights_skip_tracking":false,"_monsterinsights_sitenote_active":false,"_monsterinsights_sitenote_note":"","_monsterinsights_sitenote_category":0,"_uf_show_specific_survey":0,"_uf_disable_surveys":false,"site-sidebar-layout":"default","site-content-layout":"","ast-site-content-layout":"default","site-content-style":"default","site-sidebar-style":"default","ast-global-header-display":"","ast-banner-title-visibility":"","ast-main-header-display":"","ast-hfb-above-header-display":"","ast-hfb-below-header-display":"","ast-hfb-mobile-header-display":"","site-post-title":"","ast-breadcrumbs-content":"","ast-featured-img":"","footer-sml-layout":"","ast-disable-related-posts":"","theme-transparent-header-meta":"default","adv-header-id-meta":"","stick-header-meta":"","header-above-stick-meta":"","header-main-stick-meta":"","header-below-stick-meta":"","astra-migrate-meta-layouts":"set","ast-page-background-enabled":"default","ast-page-background-meta":{"desktop":{"background-color":"","background-image":"","background-repeat":"repeat","background-position":"center center","background-size":"auto","background-attachment":"scroll","background-type":"","background-media":"","overlay-type":"","overlay-color":"","overlay-opacity":"","overlay-gradient":""},"tablet":{"background-color":"","background-image":"","background-repeat":"repeat","background-position":"center center","background-size":"auto","background-attachment":"scroll","background-type":"","background-media":"","overlay-type":"","overlay-color":"","overlay-opacity":"","overlay-gradient":""},"mobile":{"background-color":"","background-image":"","background-repeat":"repeat","background-position":"center center","background-size":"auto","background-attachment":"scroll","background-type":"","background-media":"","overlay-type":"","overlay-color":"","overlay-opacity":"","overlay-gradient":""}},"ast-content-background-meta":{"desktop":{"background-color":"var(--ast-global-color-5)","background-image":"","background-repeat":"repeat","background-position":"center center","background-size":"auto","background-attachment":"scroll","background-type":"","background-media":"","overlay-type":"","overlay-color":"","overlay-opacity":"","overlay-gradient":""},"tablet":{"background-color":"var(--ast-global-color-5)","background-image":"","background-repeat":"repeat","background-position":"center center","background-size":"auto","background-attachment":"scroll","background-type":"","background-media":"","overlay-type":"","overlay-color":"","overlay-opacity":"","overlay-gradient":""},"mobile":{"background-color":"var(--ast-global-color-5)","background-image":"","background-repeat":"repeat","background-position":"center center","background-size":"auto","background-attachment":"scroll","background-type":"","background-media":"","overlay-type":"","overlay-color":"","overlay-opacity":"","overlay-gradient":""}}},"product_brand":[3300],"product_cat":[3391,3396,3455,3393,3470,3514,3454,3468],"product_tag":[1925,1926,1927,1794],"class_list":{"0":"post-19337","1":"product","2":"type-product","3":"status-publish","4":"has-post-thumbnail","6":"product_brand-foss","7":"product_cat-accessoires-pour-la-longue-piste","8":"product_cat-accessories","10":"product_cat-aiguisage","11":"product_cat-des-pierres","12":"product_cat-entretien-des-lames","13":"product_cat-lames","14":"product_cat-pierres-a-aiguiser","15":"product_tag-foss","16":"product_tag-foss-sharpening-stone","17":"product_tag-sharpening-stone","18":"product_tag-speed-skating","19":"desktop-align-left","20":"tablet-align-left","21":"mobile-align-left","23":"first","24":"instock","25":"sale","26":"taxable","27":"shipping-taxable","28":"purchasable","29":"product-type-simple"},"acf":[],"_links":{"self":[{"href":"https:\/\/ztsports.com\/fr\/wp-json\/wp\/v2\/product\/19337","targetHints":{"allow":["GET"]}}],"collection":[{"href":"https:\/\/ztsports.com\/fr\/wp-json\/wp\/v2\/product"}],"about":[{"href":"https:\/\/ztsports.com\/fr\/wp-json\/wp\/v2\/types\/product"}],"replies":[{"embeddable":true,"href":"https:\/\/ztsports.com\/fr\/wp-json\/wp\/v2\/comments?post=19337"}],"version-history":[{"count":1,"href":"https:\/\/ztsports.com\/fr\/wp-json\/wp\/v2\/product\/19337\/revisions"}],"predecessor-version":[{"id":19338,"href":"https:\/\/ztsports.com\/fr\/wp-json\/wp\/v2\/product\/19337\/revisions\/19338"}],"wp:featuredmedia":[{"embeddable":true,"href":"https:\/\/ztsports.com\/fr\/wp-json\/wp\/v2\/media\/19339"}],"wp:attachment":[{"href":"https:\/\/ztsports.com\/fr\/wp-json\/wp\/v2\/media?parent=19337"}],"wp:term":[{"taxonomy":"product_brand","embeddable":true,"href":"https:\/\/ztsports.com\/fr\/wp-json\/wp\/v2\/product_brand?post=19337"},{"taxonomy":"product_cat","embeddable":true,"href":"https:\/\/ztsports.com\/fr\/wp-json\/wp\/v2\/product_cat?post=19337"},{"taxonomy":"product_tag","embeddable":true,"href":"https:\/\/ztsports.com\/fr\/wp-json\/wp\/v2\/product_tag?post=19337"}],"curies":[{"name":"wp","href":"https:\/\/api.w.org\/{rel}","templated":true}]}}