{"id":19332,"date":"2021-09-23T02:11:31","date_gmt":"2021-09-23T02:11:31","guid":{"rendered":"https:\/\/ztsports.com\/?post_type=product&#038;p=19332"},"modified":"2026-02-02T20:46:29","modified_gmt":"2026-02-02T20:46:29","slug":"norton-jum3-sharpening-stone","status":"publish","type":"product","link":"https:\/\/ztsports.com\/fr\/store\/norton-jum3-sharpening-stone\/","title":{"rendered":"Norton Jum3 pierre \u00e0 aiguiser"},"content":{"rendered":"<h1>Norton Jum3 pierre \u00e0 aiguiser<\/h1>\n<p>Le<span class=\"Y2IQFc\" lang=\"en\"> La pierre \u00e0 aiguiser NORTON JUM3 est fabriqu\u00e9e \u00e0 partir de CRYSTOLON. C&#8217;est une pierre \u00e0 huile combin\u00e9e. Recommand\u00e9 pour une utilisation sur des m\u00e9taux plus durs comme l&#8217;acier rapide ; tend \u00e0 couper plus agressivement que le Foss ou le Norton IM2 mais en m\u00eame temps s&#8217;usera plus rapidement.<\/span><\/p>\n<p>Crystolon Combination Surfaces abrasives en carbure de silicium \u00e0 gros grains et \u00e0 grains fins pour l&#8217;aff\u00fbtage g\u00e9n\u00e9ral (jusqu&#8217;\u00e0 des tol\u00e9rances mod\u00e9r\u00e9es) lorsque la vitesse d&#8217;aff\u00fbtage est plus importante que la finesse des ar\u00eates de coupe. Couleur grise. 11.5\u2033x2.5\u2033x1\u2033<\/p>\n<p class=\"tw-data-text tw-text-large tw-ta\" dir=\"ltr\" data-placeholder=\"Translation\"><span class=\"Y2IQFc\" lang=\"en\">CRYSTOLON grossier &#8211; 100 grains &#8211; 41 microns <\/span><\/p>\n<p class=\"tw-data-text tw-text-large tw-ta\" dir=\"ltr\" data-placeholder=\"Translation\"><span class=\"Y2IQFc\" lang=\"en\">CRYSTOLON fin &#8211; grain 240 &#8211; 53 microns 25&#215;7.5&#215;2.5cm <\/span><span class=\"Y2IQFc\" lang=\"en\">(10x3x1 pouce)<\/span><\/p>\n<p dir=\"ltr\" data-placeholder=\"Translation\">En outre, cette pierre doit \u00eatre <a href=\"https:\/\/ztsports.com\/produit\/huile-pour-pierre-a-aiguiser-xb1\/?lang=fr\">utilis\u00e9e avec de l&#8217;HUILE<\/a>.<\/p>\n<p dir=\"ltr\" data-placeholder=\"Translation\">D\u00e9couvrez le reste de nos produits <strong><a href=\"https:\/\/ztsports.com\/brand\/norton\/\">produits Norton ici<\/a><\/strong>.<\/p>\n<p>Enfin, consultez tous les <a href=\"https:\/\/ztsports.com\/product-category\/sharpening\/stones\/\"><strong>nos pierres \u00e0 aiguiser<\/strong> <\/a>ici.<\/p>\n","protected":false},"excerpt":{"rendered":"<p>Norton Jum3 pierre \u00e0 aiguiser Le La pierre \u00e0 aiguiser NORTON JUM3 est fabriqu\u00e9e \u00e0 partir de CRYSTOLON. C&#8217;est une pierre \u00e0 huile combin\u00e9e. Recommand\u00e9 pour une utilisation sur des m\u00e9taux plus durs comme l&#8217;acier rapide ; tend \u00e0 couper plus agressivement que le Foss ou le Norton IM2 mais en m\u00eame temps s&#8217;usera plus [&hellip;]<\/p>\n","protected":false},"featured_media":19334,"comment_status":"open","ping_status":"closed","template":"","meta":{"_acf_changed":false,"_monsterinsights_skip_tracking":false,"_monsterinsights_sitenote_active":false,"_monsterinsights_sitenote_note":"","_monsterinsights_sitenote_category":0,"_uf_show_specific_survey":0,"_uf_disable_surveys":false,"site-sidebar-layout":"default","site-content-layout":"","ast-site-content-layout":"default","site-content-style":"default","site-sidebar-style":"default","ast-global-header-display":"","ast-banner-title-visibility":"","ast-main-header-display":"","ast-hfb-above-header-display":"","ast-hfb-below-header-display":"","ast-hfb-mobile-header-display":"","site-post-title":"","ast-breadcrumbs-content":"","ast-featured-img":"","footer-sml-layout":"","ast-disable-related-posts":"","theme-transparent-header-meta":"default","adv-header-id-meta":"","stick-header-meta":"","header-above-stick-meta":"","header-main-stick-meta":"","header-below-stick-meta":"","astra-migrate-meta-layouts":"set","ast-page-background-enabled":"default","ast-page-background-meta":{"desktop":{"background-color":"","background-image":"","background-repeat":"repeat","background-position":"center center","background-size":"auto","background-attachment":"scroll","background-type":"","background-media":"","overlay-type":"","overlay-color":"","overlay-opacity":"","overlay-gradient":""},"tablet":{"background-color":"","background-image":"","background-repeat":"repeat","background-position":"center center","background-size":"auto","background-attachment":"scroll","background-type":"","background-media":"","overlay-type":"","overlay-color":"","overlay-opacity":"","overlay-gradient":""},"mobile":{"background-color":"","background-image":"","background-repeat":"repeat","background-position":"center center","background-size":"auto","background-attachment":"scroll","background-type":"","background-media":"","overlay-type":"","overlay-color":"","overlay-opacity":"","overlay-gradient":""}},"ast-content-background-meta":{"desktop":{"background-color":"var(--ast-global-color-5)","background-image":"","background-repeat":"repeat","background-position":"center center","background-size":"auto","background-attachment":"scroll","background-type":"","background-media":"","overlay-type":"","overlay-color":"","overlay-opacity":"","overlay-gradient":""},"tablet":{"background-color":"var(--ast-global-color-5)","background-image":"","background-repeat":"repeat","background-position":"center center","background-size":"auto","background-attachment":"scroll","background-type":"","background-media":"","overlay-type":"","overlay-color":"","overlay-opacity":"","overlay-gradient":""},"mobile":{"background-color":"var(--ast-global-color-5)","background-image":"","background-repeat":"repeat","background-position":"center center","background-size":"auto","background-attachment":"scroll","background-type":"","background-media":"","overlay-type":"","overlay-color":"","overlay-opacity":"","overlay-gradient":""}}},"product_brand":[3328],"product_cat":[3391,3396,3455,3393,3470],"product_tag":[3488,1928,1929,3918],"class_list":{"0":"post-19332","1":"product","2":"type-product","3":"status-publish","4":"has-post-thumbnail","6":"product_brand-norton","7":"product_cat-accessoires-pour-la-longue-piste","8":"product_cat-accessories","10":"product_cat-aiguisage","11":"product_cat-des-pierres","12":"product_tag-equipement-daffutage","13":"product_tag-jum3","14":"product_tag-norton","15":"product_tag-norton-affutage","16":"desktop-align-left","17":"tablet-align-left","18":"mobile-align-left","20":"first","21":"instock","22":"sale","23":"taxable","24":"shipping-taxable","25":"purchasable","26":"product-type-simple"},"acf":[],"_links":{"self":[{"href":"https:\/\/ztsports.com\/fr\/wp-json\/wp\/v2\/product\/19332","targetHints":{"allow":["GET"]}}],"collection":[{"href":"https:\/\/ztsports.com\/fr\/wp-json\/wp\/v2\/product"}],"about":[{"href":"https:\/\/ztsports.com\/fr\/wp-json\/wp\/v2\/types\/product"}],"replies":[{"embeddable":true,"href":"https:\/\/ztsports.com\/fr\/wp-json\/wp\/v2\/comments?post=19332"}],"version-history":[{"count":1,"href":"https:\/\/ztsports.com\/fr\/wp-json\/wp\/v2\/product\/19332\/revisions"}],"predecessor-version":[{"id":19333,"href":"https:\/\/ztsports.com\/fr\/wp-json\/wp\/v2\/product\/19332\/revisions\/19333"}],"wp:featuredmedia":[{"embeddable":true,"href":"https:\/\/ztsports.com\/fr\/wp-json\/wp\/v2\/media\/19334"}],"wp:attachment":[{"href":"https:\/\/ztsports.com\/fr\/wp-json\/wp\/v2\/media?parent=19332"}],"wp:term":[{"taxonomy":"product_brand","embeddable":true,"href":"https:\/\/ztsports.com\/fr\/wp-json\/wp\/v2\/product_brand?post=19332"},{"taxonomy":"product_cat","embeddable":true,"href":"https:\/\/ztsports.com\/fr\/wp-json\/wp\/v2\/product_cat?post=19332"},{"taxonomy":"product_tag","embeddable":true,"href":"https:\/\/ztsports.com\/fr\/wp-json\/wp\/v2\/product_tag?post=19332"}],"curies":[{"name":"wp","href":"https:\/\/api.w.org\/{rel}","templated":true}]}}