{"id":19326,"date":"2021-09-23T02:11:31","date_gmt":"2021-09-23T02:11:31","guid":{"rendered":"https:\/\/ztsports.com\/?post_type=product&#038;p=19326"},"modified":"2026-02-02T20:46:18","modified_gmt":"2026-02-02T20:46:18","slug":"norton-jum4-sharpening-stone","status":"publish","type":"product","link":"https:\/\/ztsports.com\/fr\/store\/norton-jum4-sharpening-stone\/","title":{"rendered":"NORTON JUM4 sharpening Stone JUM4 PIERRE A RAISONNER pour patins de vitesse"},"content":{"rendered":"<h1 class=\"tw-data-text tw-text-large tw-ta\" dir=\"ltr\" data-placeholder=\"Translation\"><span class=\"Y2IQFc\" lang=\"en\">NORTON JUM4 SHARPENING STONE<\/span><\/h1>\n<h3>Norton JUM4<\/h3>\n<p>&#8211; Crystolon Combination Surfaces abrasives en carbure de silicium \u00e0 gros grains et \u00e0 grains fins pour l&#8217;aff\u00fbtage g\u00e9n\u00e9ral (jusqu&#8217;\u00e0 des tol\u00e9rances mod\u00e9r\u00e9es) lorsque la vitesse d&#8217;aff\u00fbtage est plus importante que la finesse des ar\u00eates de coupe. Couleur grise.<\/p>\n<p>12\u2033x2.5\u2033x1.5\u2033<\/p>\n<p class=\"tw-data-text tw-text-large tw-ta\" dir=\"ltr\" data-placeholder=\"Translation\"><span class=\"Y2IQFc\" lang=\"en\">La pierre \u00e0 aiguiser NORTON JUM4 en Crystolon sur les deux faces. <\/span><\/p>\n<p class=\"tw-data-text tw-text-large tw-ta\" dir=\"ltr\" data-placeholder=\"Translation\"><span class=\"Y2IQFc\" lang=\"en\">Grande dimension &#8211; 11\u00bd&#8221;x 2\u00bd&#8221; x 1 &#8221; ; Pierre \u00e0 huile brute \/ fine ; <\/span><\/p>\n<p class=\"tw-data-text tw-text-large tw-ta\" dir=\"ltr\" data-placeholder=\"Translation\"><span class=\"Y2IQFc\" lang=\"en\">recommand\u00e9 pour les m\u00e9taux durs tels que le 64hrc. <\/span><\/p>\n<p class=\"tw-data-text tw-text-large tw-ta\" dir=\"ltr\" data-placeholder=\"Translation\"><span class=\"Y2IQFc\" lang=\"en\">Rugueux : Crystolon &#8211; grain 100, 141 microns Fin : <\/span><\/p>\n<p class=\"tw-data-text tw-text-large tw-ta\" dir=\"ltr\" data-placeholder=\"Translation\"><span class=\"Y2IQFc\" lang=\"en\">Crystolon &#8211; grain 240, 53 microns Il se d\u00e9grade plus rapidement mais coupe le m\u00e9tal de mani\u00e8re plus agressive.<\/span><\/p>\n<p>La pierre NORTON JUM4 est la m\u00eame que la JUM3 mais avec les sp\u00e9cifications suivantes : <strong>12 x 2-1\/2 x 1-1\/2<\/strong> Grossier\/Fin<\/p>\n<p>Enfin, consultez toutes nos pierres d&#8217;aff\u00fbtage <a href=\"https:\/\/ztsports.com\/product-category\/sharpening\/stones\/\"><strong>nos pierres \u00e0 aiguiser<\/strong><\/a>ici.<\/p>\n","protected":false},"excerpt":{"rendered":"<p>NORTON JUM4 SHARPENING STONE Norton JUM4 &#8211; Crystolon Combination Surfaces abrasives en carbure de silicium \u00e0 gros grains et \u00e0 grains fins pour l&#8217;aff\u00fbtage g\u00e9n\u00e9ral (jusqu&#8217;\u00e0 des tol\u00e9rances mod\u00e9r\u00e9es) lorsque la vitesse d&#8217;aff\u00fbtage est plus importante que la finesse des ar\u00eates de coupe. Couleur grise. 12\u2033x2.5\u2033x1.5\u2033 La pierre \u00e0 aiguiser NORTON JUM4 en Crystolon sur [&hellip;]<\/p>\n","protected":false},"featured_media":19328,"comment_status":"open","ping_status":"closed","template":"","meta":{"_acf_changed":false,"_monsterinsights_skip_tracking":false,"_monsterinsights_sitenote_active":false,"_monsterinsights_sitenote_note":"","_monsterinsights_sitenote_category":0,"_uf_show_specific_survey":0,"_uf_disable_surveys":false,"site-sidebar-layout":"default","site-content-layout":"","ast-site-content-layout":"default","site-content-style":"default","site-sidebar-style":"default","ast-global-header-display":"","ast-banner-title-visibility":"","ast-main-header-display":"","ast-hfb-above-header-display":"","ast-hfb-below-header-display":"","ast-hfb-mobile-header-display":"","site-post-title":"","ast-breadcrumbs-content":"","ast-featured-img":"","footer-sml-layout":"","ast-disable-related-posts":"","theme-transparent-header-meta":"default","adv-header-id-meta":"","stick-header-meta":"","header-above-stick-meta":"","header-main-stick-meta":"","header-below-stick-meta":"","astra-migrate-meta-layouts":"set","ast-page-background-enabled":"default","ast-page-background-meta":{"desktop":{"background-color":"","background-image":"","background-repeat":"repeat","background-position":"center center","background-size":"auto","background-attachment":"scroll","background-type":"","background-media":"","overlay-type":"","overlay-color":"","overlay-opacity":"","overlay-gradient":""},"tablet":{"background-color":"","background-image":"","background-repeat":"repeat","background-position":"center center","background-size":"auto","background-attachment":"scroll","background-type":"","background-media":"","overlay-type":"","overlay-color":"","overlay-opacity":"","overlay-gradient":""},"mobile":{"background-color":"","background-image":"","background-repeat":"repeat","background-position":"center center","background-size":"auto","background-attachment":"scroll","background-type":"","background-media":"","overlay-type":"","overlay-color":"","overlay-opacity":"","overlay-gradient":""}},"ast-content-background-meta":{"desktop":{"background-color":"var(--ast-global-color-5)","background-image":"","background-repeat":"repeat","background-position":"center center","background-size":"auto","background-attachment":"scroll","background-type":"","background-media":"","overlay-type":"","overlay-color":"","overlay-opacity":"","overlay-gradient":""},"tablet":{"background-color":"var(--ast-global-color-5)","background-image":"","background-repeat":"repeat","background-position":"center center","background-size":"auto","background-attachment":"scroll","background-type":"","background-media":"","overlay-type":"","overlay-color":"","overlay-opacity":"","overlay-gradient":""},"mobile":{"background-color":"var(--ast-global-color-5)","background-image":"","background-repeat":"repeat","background-position":"center center","background-size":"auto","background-attachment":"scroll","background-type":"","background-media":"","overlay-type":"","overlay-color":"","overlay-opacity":"","overlay-gradient":""}}},"product_brand":[3328],"product_cat":[3393,3470,3514],"product_tag":[3516,1932,1929,1933,3941,1927],"class_list":{"0":"post-19326","1":"product","2":"type-product","3":"status-publish","4":"has-post-thumbnail","6":"product_brand-norton","7":"product_cat-aiguisage","8":"product_cat-des-pierres","9":"product_cat-entretien-des-lames","10":"product_tag-entretien-des-lames","11":"product_tag-jum4","12":"product_tag-norton","13":"product_tag-norton-jum4","14":"product_tag-norton-pierre-a-aiguiser","15":"product_tag-sharpening-stone","16":"desktop-align-left","17":"tablet-align-left","18":"mobile-align-left","20":"first","21":"instock","22":"sale","23":"taxable","24":"shipping-taxable","25":"purchasable","26":"product-type-simple"},"acf":[],"_links":{"self":[{"href":"https:\/\/ztsports.com\/fr\/wp-json\/wp\/v2\/product\/19326","targetHints":{"allow":["GET"]}}],"collection":[{"href":"https:\/\/ztsports.com\/fr\/wp-json\/wp\/v2\/product"}],"about":[{"href":"https:\/\/ztsports.com\/fr\/wp-json\/wp\/v2\/types\/product"}],"replies":[{"embeddable":true,"href":"https:\/\/ztsports.com\/fr\/wp-json\/wp\/v2\/comments?post=19326"}],"version-history":[{"count":1,"href":"https:\/\/ztsports.com\/fr\/wp-json\/wp\/v2\/product\/19326\/revisions"}],"predecessor-version":[{"id":19327,"href":"https:\/\/ztsports.com\/fr\/wp-json\/wp\/v2\/product\/19326\/revisions\/19327"}],"wp:featuredmedia":[{"embeddable":true,"href":"https:\/\/ztsports.com\/fr\/wp-json\/wp\/v2\/media\/19328"}],"wp:attachment":[{"href":"https:\/\/ztsports.com\/fr\/wp-json\/wp\/v2\/media?parent=19326"}],"wp:term":[{"taxonomy":"product_brand","embeddable":true,"href":"https:\/\/ztsports.com\/fr\/wp-json\/wp\/v2\/product_brand?post=19326"},{"taxonomy":"product_cat","embeddable":true,"href":"https:\/\/ztsports.com\/fr\/wp-json\/wp\/v2\/product_cat?post=19326"},{"taxonomy":"product_tag","embeddable":true,"href":"https:\/\/ztsports.com\/fr\/wp-json\/wp\/v2\/product_tag?post=19326"}],"curies":[{"name":"wp","href":"https:\/\/api.w.org\/{rel}","templated":true}]}}