{"id":19323,"date":"2021-09-23T02:11:32","date_gmt":"2021-09-23T02:11:32","guid":{"rendered":"https:\/\/ztsports.com\/?post_type=product&#038;p=19323"},"modified":"2026-02-02T20:46:06","modified_gmt":"2026-02-02T20:46:06","slug":"norton-ic11-crystolon","status":"publish","type":"product","link":"https:\/\/ztsports.com\/fr\/store\/norton-ic11-crystolon\/","title":{"rendered":"PIERRE \u00c0 AIGUISER NORTON IC11 CRYSTOLON"},"content":{"rendered":"<p><strong>PIERRE \u00c0 AIGUISER NORTON IC11 CRYSTOLON<\/strong><\/p>\n<p>Aff\u00fbtez et finissez une vari\u00e9t\u00e9 d&#8217;outils avec une seule pierre gr\u00e2ce \u00e0 la pierre d&#8217;\u00e9tabli Norton Crystolon\/India Combination Abrasive Benchstone. La combinaison d&#8217;abrasifs en carbure de silicium et en oxyde d&#8217;aluminium permet un aff\u00fbtage rapide et une finition homog\u00e8ne, ce qui fait de ces pierres d&#8217;\u00e9tabli une solution rentable pour vos besoins d&#8217;aff\u00fbtage.<\/p>\n<p>Id\u00e9al pour dimensionner et aiguiser \u00e0 la main les couteaux, les lames de rabot, les ciseaux et les grattoirs. Pour de meilleurs r\u00e9sultats, utilisez-le avec de l&#8217;huile. La pierre d&#8217;aff\u00fbtage Norton IC11 CRYSTOLON, aff\u00fbtez et finissez une vari\u00e9t\u00e9 de lames et d&#8217;outils avec une seule pierre en utilisant la pierre d&#8217;aff\u00fbtage Norton CRYSTOLON\/India Combination Abrasive.<\/p>\n<h4>NORTON IC11 CRYSTOLON<\/h4>\n<p>De plus, la combinaison d&#8217;abrasifs en carbure de silicium et en oxyde d&#8217;aluminium permet un aff\u00fbtage rapide avec une finition homog\u00e8ne. Cette pierre d&#8217;aff\u00fbtage est donc une solution rentable pour vos besoins d&#8217;aff\u00fbtage. En outre, il est id\u00e9al pour le rockering manuel et l&#8217;aff\u00fbtage des lames de patins de vitesse.<\/p>\n<p><strong>Enfin, pour de meilleurs r\u00e9sultats, <a href=\"https:\/\/ztsports.com\/produit\/huile-pour-pierre-a-aiguiser-xb1\/?lang=fr\">utilisez de l&#8217;huile<\/a><\/strong>.<\/p>\n<p><strong>IC11<\/strong> 11.5\u2033x2.5\u2033x1\u2033<\/p>\n<p>Medium CRYSTOLON-150 grit-93microns fine India &#8211; 280 grit-43 microns<\/p>\n<p>Voir le reste de nos produits <strong><a href=\"https:\/\/ztsports.com\/brand\/norton\/\">produits Norton ici<\/a><\/strong>.<\/p>\n<p>Vous pouvez trouver toutes nos <a href=\"https:\/\/ztsports.com\/product-category\/sharpening\/stones\/\"><strong>pierres \u00e0 aiguiser ici<\/strong><\/a>.<\/p>\n","protected":false},"excerpt":{"rendered":"<p>PIERRE \u00c0 AIGUISER NORTON IC11 CRYSTOLON Aff\u00fbtez et finissez une vari\u00e9t\u00e9 d&#8217;outils avec une seule pierre gr\u00e2ce \u00e0 la pierre d&#8217;\u00e9tabli Norton Crystolon\/India Combination Abrasive Benchstone. La combinaison d&#8217;abrasifs en carbure de silicium et en oxyde d&#8217;aluminium permet un aff\u00fbtage rapide et une finition homog\u00e8ne, ce qui fait de ces pierres d&#8217;\u00e9tabli une solution rentable [&hellip;]<\/p>\n","protected":false},"featured_media":19325,"comment_status":"open","ping_status":"closed","template":"","meta":{"_acf_changed":false,"_monsterinsights_skip_tracking":false,"_monsterinsights_sitenote_active":false,"_monsterinsights_sitenote_note":"","_monsterinsights_sitenote_category":0,"_uf_show_specific_survey":0,"_uf_disable_surveys":false,"site-sidebar-layout":"default","site-content-layout":"","ast-site-content-layout":"default","site-content-style":"default","site-sidebar-style":"default","ast-global-header-display":"","ast-banner-title-visibility":"","ast-main-header-display":"","ast-hfb-above-header-display":"","ast-hfb-below-header-display":"","ast-hfb-mobile-header-display":"","site-post-title":"","ast-breadcrumbs-content":"","ast-featured-img":"","footer-sml-layout":"","ast-disable-related-posts":"","theme-transparent-header-meta":"default","adv-header-id-meta":"","stick-header-meta":"","header-above-stick-meta":"","header-main-stick-meta":"","header-below-stick-meta":"","astra-migrate-meta-layouts":"set","ast-page-background-enabled":"default","ast-page-background-meta":{"desktop":{"background-color":"","background-image":"","background-repeat":"repeat","background-position":"center center","background-size":"auto","background-attachment":"scroll","background-type":"","background-media":"","overlay-type":"","overlay-color":"","overlay-opacity":"","overlay-gradient":""},"tablet":{"background-color":"","background-image":"","background-repeat":"repeat","background-position":"center center","background-size":"auto","background-attachment":"scroll","background-type":"","background-media":"","overlay-type":"","overlay-color":"","overlay-opacity":"","overlay-gradient":""},"mobile":{"background-color":"","background-image":"","background-repeat":"repeat","background-position":"center center","background-size":"auto","background-attachment":"scroll","background-type":"","background-media":"","overlay-type":"","overlay-color":"","overlay-opacity":"","overlay-gradient":""}},"ast-content-background-meta":{"desktop":{"background-color":"var(--ast-global-color-5)","background-image":"","background-repeat":"repeat","background-position":"center center","background-size":"auto","background-attachment":"scroll","background-type":"","background-media":"","overlay-type":"","overlay-color":"","overlay-opacity":"","overlay-gradient":""},"tablet":{"background-color":"var(--ast-global-color-5)","background-image":"","background-repeat":"repeat","background-position":"center center","background-size":"auto","background-attachment":"scroll","background-type":"","background-media":"","overlay-type":"","overlay-color":"","overlay-opacity":"","overlay-gradient":""},"mobile":{"background-color":"var(--ast-global-color-5)","background-image":"","background-repeat":"repeat","background-position":"center center","background-size":"auto","background-attachment":"scroll","background-type":"","background-media":"","overlay-type":"","overlay-color":"","overlay-opacity":"","overlay-gradient":""}}},"product_brand":[3328],"product_cat":[3391,3396,3393,3470,3514,3940],"product_tag":[3488,1935,1929,3941,1927],"class_list":{"0":"post-19323","1":"product","2":"type-product","3":"status-publish","4":"has-post-thumbnail","6":"product_brand-norton","7":"product_cat-accessoires-pour-la-longue-piste","8":"product_cat-accessories","9":"product_cat-aiguisage","10":"product_cat-des-pierres","11":"product_cat-entretien-des-lames","12":"product_cat-gabarit-daffutage","13":"product_tag-equipement-daffutage","14":"product_tag-ic11-crystolon","15":"product_tag-norton","16":"product_tag-norton-pierre-a-aiguiser","17":"product_tag-sharpening-stone","18":"desktop-align-left","19":"tablet-align-left","20":"mobile-align-left","22":"first","23":"instock","24":"sale","25":"taxable","26":"shipping-taxable","27":"purchasable","28":"product-type-simple"},"acf":[],"_links":{"self":[{"href":"https:\/\/ztsports.com\/fr\/wp-json\/wp\/v2\/product\/19323","targetHints":{"allow":["GET"]}}],"collection":[{"href":"https:\/\/ztsports.com\/fr\/wp-json\/wp\/v2\/product"}],"about":[{"href":"https:\/\/ztsports.com\/fr\/wp-json\/wp\/v2\/types\/product"}],"replies":[{"embeddable":true,"href":"https:\/\/ztsports.com\/fr\/wp-json\/wp\/v2\/comments?post=19323"}],"version-history":[{"count":1,"href":"https:\/\/ztsports.com\/fr\/wp-json\/wp\/v2\/product\/19323\/revisions"}],"predecessor-version":[{"id":19324,"href":"https:\/\/ztsports.com\/fr\/wp-json\/wp\/v2\/product\/19323\/revisions\/19324"}],"wp:featuredmedia":[{"embeddable":true,"href":"https:\/\/ztsports.com\/fr\/wp-json\/wp\/v2\/media\/19325"}],"wp:attachment":[{"href":"https:\/\/ztsports.com\/fr\/wp-json\/wp\/v2\/media?parent=19323"}],"wp:term":[{"taxonomy":"product_brand","embeddable":true,"href":"https:\/\/ztsports.com\/fr\/wp-json\/wp\/v2\/product_brand?post=19323"},{"taxonomy":"product_cat","embeddable":true,"href":"https:\/\/ztsports.com\/fr\/wp-json\/wp\/v2\/product_cat?post=19323"},{"taxonomy":"product_tag","embeddable":true,"href":"https:\/\/ztsports.com\/fr\/wp-json\/wp\/v2\/product_tag?post=19323"}],"curies":[{"name":"wp","href":"https:\/\/api.w.org\/{rel}","templated":true}]}}