{"id":19320,"date":"2021-09-23T02:12:38","date_gmt":"2021-09-23T02:12:38","guid":{"rendered":"https:\/\/ztsports.com\/?post_type=product&#038;p=19320"},"modified":"2026-02-02T20:45:55","modified_gmt":"2026-02-02T20:45:55","slug":"dmt-duosharp","status":"publish","type":"product","link":"https:\/\/ztsports.com\/fr\/store\/dmt-duosharp\/","title":{"rendered":"DMT DuoSharp DIAMOND STONE 8\u2033 W8 2 faces"},"content":{"rendered":"<pre class=\"tw-data-text tw-text-large tw-ta\" dir=\"ltr\" data-placeholder=\"Translation\"><span class=\"Y2IQFc\" lang=\"en\">DMT DuoSharp DIAMOND STONE 8\u2033 W8 2 sided\r\n<\/span><\/pre>\n<p>DMT DuoSharp DIAMOND STONE La DMT DuoSharp DIAMOND STONE a plac\u00e9 la barre tr\u00e8s haut pour toutes les autres pierres de diamant. Le diamant d&#8217;aff\u00fbtage de choix pour un aff\u00fbtage de classe mondiale. 2 faces, 10&#8243; V\u00e9ritable diamant, le mat\u00e9riau le plus dur connu.<\/p>\n<p>Reduce sharpening time dramatically, 20 sec instead of 10 minutes! Le plus important est de n&#8217;utiliser que de l&#8217;eau. il reste plat, ne se creuse jamais et dure des ann\u00e9es. Enfin, seule une l\u00e9g\u00e8re pression permet d&#8217;obtenir un tranchant vif en peu de coups.<\/p>\n<p><span class=\"Y2IQFc\" lang=\"en\"> DMT DuoSharp DIAMOND STONE a \u00e9t\u00e9 la premi\u00e8re pierre \u00e0 aiguiser en diamant de haute qualit\u00e9, DMT a \u00e9tabli la norme que toutes les autres pierres essaient d&#8217;atteindre. Le diamant, reconnu comme le mat\u00e9riau le plus dur, permet un aff\u00fbtage extr\u00eamement rapide (20 secondes au lieu de 10 minutes). <\/span><\/p>\n<p><span class=\"Y2IQFc\" lang=\"en\">En outre, une l\u00e9g\u00e8re pression sur la pierre suffit pour obtenir un tranchant net avec peu de mouvements. Il est tout aussi important de n&#8217;utiliser que de l&#8217;eau comme lubrifiant. Tr\u00e8s durable, reste toujours \u00e0 plat, ne s&#8217;affaisse pas. <\/span> Le DuoSharp\u00ae de 8 pouces pr\u00e9sente deux faces d&#8217;aff\u00fbtage \u00e0 surface diamant\u00e9e interrompue.<\/p>\n<p>Tout en offrant une surface d&#8217;aff\u00fbtage g\u00e9n\u00e9reuse, il est con\u00e7u pour \u00eatre robuste, l\u00e9ger et compact &#8211; id\u00e9al sur le chantier ! Le produit 8\u2033 est \u00e9galement disponible en DuoSharp\u00aeplus\u2122 2 faces : 8\u2033 x 2.625\u2033 x 0.375\u2033 (203mm x 67mm 10mm)<\/p>\n<p>Enfin, vous trouverez toutes nos pierres d&#8217;aff\u00fbtage diamant\u00e9es. <a href=\"https:\/\/ztsports.com\/product-category\/diamond-stones-2\/\"><strong>pierres \u00e0 aiguiser et \u00e0 \u00e9barber diamant\u00e9es<\/strong><\/a> ici.<\/p>\n","protected":false},"excerpt":{"rendered":"<p>DMT DuoSharp DIAMOND STONE 8\u2033 W8 2 sided DMT DuoSharp DIAMOND STONE La DMT DuoSharp DIAMOND STONE a plac\u00e9 la barre tr\u00e8s haut pour toutes les autres pierres de diamant. Le diamant d&#8217;aff\u00fbtage de choix pour un aff\u00fbtage de classe mondiale. 2 faces, 10&#8243; V\u00e9ritable diamant, le mat\u00e9riau le plus dur connu. Reduce sharpening time [&hellip;]<\/p>\n","protected":false},"featured_media":19322,"comment_status":"open","ping_status":"closed","template":"","meta":{"_acf_changed":false,"_monsterinsights_skip_tracking":false,"_monsterinsights_sitenote_active":false,"_monsterinsights_sitenote_note":"","_monsterinsights_sitenote_category":0,"_uf_show_specific_survey":0,"_uf_disable_surveys":false,"site-sidebar-layout":"default","site-content-layout":"","ast-site-content-layout":"default","site-content-style":"default","site-sidebar-style":"default","ast-global-header-display":"","ast-banner-title-visibility":"","ast-main-header-display":"","ast-hfb-above-header-display":"","ast-hfb-below-header-display":"","ast-hfb-mobile-header-display":"","site-post-title":"","ast-breadcrumbs-content":"","ast-featured-img":"","footer-sml-layout":"","ast-disable-related-posts":"","theme-transparent-header-meta":"default","adv-header-id-meta":"","stick-header-meta":"","header-above-stick-meta":"","header-main-stick-meta":"","header-below-stick-meta":"","astra-migrate-meta-layouts":"set","ast-page-background-enabled":"default","ast-page-background-meta":{"desktop":{"background-color":"","background-image":"","background-repeat":"repeat","background-position":"center center","background-size":"auto","background-attachment":"scroll","background-type":"","background-media":"","overlay-type":"","overlay-color":"","overlay-opacity":"","overlay-gradient":""},"tablet":{"background-color":"","background-image":"","background-repeat":"repeat","background-position":"center center","background-size":"auto","background-attachment":"scroll","background-type":"","background-media":"","overlay-type":"","overlay-color":"","overlay-opacity":"","overlay-gradient":""},"mobile":{"background-color":"","background-image":"","background-repeat":"repeat","background-position":"center center","background-size":"auto","background-attachment":"scroll","background-type":"","background-media":"","overlay-type":"","overlay-color":"","overlay-opacity":"","overlay-gradient":""}},"ast-content-background-meta":{"desktop":{"background-color":"var(--ast-global-color-5)","background-image":"","background-repeat":"repeat","background-position":"center center","background-size":"auto","background-attachment":"scroll","background-type":"","background-media":"","overlay-type":"","overlay-color":"","overlay-opacity":"","overlay-gradient":""},"tablet":{"background-color":"var(--ast-global-color-5)","background-image":"","background-repeat":"repeat","background-position":"center center","background-size":"auto","background-attachment":"scroll","background-type":"","background-media":"","overlay-type":"","overlay-color":"","overlay-opacity":"","overlay-gradient":""},"mobile":{"background-color":"var(--ast-global-color-5)","background-image":"","background-repeat":"repeat","background-position":"center center","background-size":"auto","background-attachment":"scroll","background-type":"","background-media":"","overlay-type":"","overlay-color":"","overlay-opacity":"","overlay-gradient":""}}},"product_brand":[3295],"product_cat":[3393,3470,3467,3468,3469,3873],"product_tag":[1937,1938,1939,3516,3427],"class_list":{"0":"post-19320","1":"product","2":"type-product","3":"status-publish","4":"has-post-thumbnail","6":"product_brand-dmt","7":"product_cat-aiguisage","8":"product_cat-des-pierres","9":"product_cat-patinage-de-vitesse","10":"product_cat-pierres-a-aiguiser","11":"product_cat-pierres-de-diamant","13":"product_tag-2-sided-diamond-stone","14":"product_tag-diamond-stone","15":"product_tag-dmt-duosharp","16":"product_tag-entretien-des-lames","17":"product_tag-equipement-de-patinage-de-vitesse","18":"desktop-align-left","19":"tablet-align-left","20":"mobile-align-left","22":"first","23":"instock","24":"sale","25":"taxable","26":"shipping-taxable","27":"purchasable","28":"product-type-simple"},"acf":[],"_links":{"self":[{"href":"https:\/\/ztsports.com\/fr\/wp-json\/wp\/v2\/product\/19320","targetHints":{"allow":["GET"]}}],"collection":[{"href":"https:\/\/ztsports.com\/fr\/wp-json\/wp\/v2\/product"}],"about":[{"href":"https:\/\/ztsports.com\/fr\/wp-json\/wp\/v2\/types\/product"}],"replies":[{"embeddable":true,"href":"https:\/\/ztsports.com\/fr\/wp-json\/wp\/v2\/comments?post=19320"}],"version-history":[{"count":1,"href":"https:\/\/ztsports.com\/fr\/wp-json\/wp\/v2\/product\/19320\/revisions"}],"predecessor-version":[{"id":19321,"href":"https:\/\/ztsports.com\/fr\/wp-json\/wp\/v2\/product\/19320\/revisions\/19321"}],"wp:featuredmedia":[{"embeddable":true,"href":"https:\/\/ztsports.com\/fr\/wp-json\/wp\/v2\/media\/19322"}],"wp:attachment":[{"href":"https:\/\/ztsports.com\/fr\/wp-json\/wp\/v2\/media?parent=19320"}],"wp:term":[{"taxonomy":"product_brand","embeddable":true,"href":"https:\/\/ztsports.com\/fr\/wp-json\/wp\/v2\/product_brand?post=19320"},{"taxonomy":"product_cat","embeddable":true,"href":"https:\/\/ztsports.com\/fr\/wp-json\/wp\/v2\/product_cat?post=19320"},{"taxonomy":"product_tag","embeddable":true,"href":"https:\/\/ztsports.com\/fr\/wp-json\/wp\/v2\/product_tag?post=19320"}],"curies":[{"name":"wp","href":"https:\/\/api.w.org\/{rel}","templated":true}]}}