{"id":19317,"date":"2021-09-23T02:12:39","date_gmt":"2021-09-23T02:12:39","guid":{"rendered":"https:\/\/ztsports.com\/?post_type=product&#038;p=19317"},"modified":"2026-02-02T20:45:43","modified_gmt":"2026-02-02T20:45:43","slug":"burrmaster-tool","status":"publish","type":"product","link":"https:\/\/ztsports.com\/fr\/store\/burrmaster-tool\/","title":{"rendered":"BURRMASTER TOOL\/OUTIL BURRMASTER POUR PATINS DE VITESSE"},"content":{"rendered":"<p>BURRMASTER TOOL\/OUTIL BURRMASTER POUR PATINS DE VITESSE<\/p>\n<p>BURRMASTER TOOL pr\u00e9cis, compact et le plus efficace des appareils d&#8217;\u00e9barbage jamais fabriqu\u00e9s ! Made from engineered materials to last a life time. Le poids l\u00e9ger et la plaquette en carbure durable font de cet outil d&#8217;\u00e9barbage un excellent rapport qualit\u00e9-prix.<\/p>\n<p><strong>BURRMASTER TOOL<\/strong><\/p>\n<p>Burr-Master est pr\u00e9cis, compact et l&#8217;un des outils d&#8217;\u00e9barbage les plus efficaces jamais con\u00e7us ! Made from engineered materials to last a life time. S\u00fbr, compact, l\u00e9ger et durable. La fraise en carbure de tungst\u00e8ne \u00e9limine les bavures de fa\u00e7on nette et efficace, ce qui fait de cet outil d&#8217;\u00e9bavurage une excellente valeur \u00e0 long terme tout en laissant peu de place pour endommager les bords de vos lames par erreur. Laisse un bord tr\u00e8s lisse et durable \u00e0 chaque fois<\/p>\n<p>Enfin, consultez tous nos <a href=\"https:\/\/ztsports.com\/product-category\/sharpening\/burr-stones\/\"><strong>outils d&#8217;\u00e9limination des bavures ici<\/strong><\/a>.<\/p>\n","protected":false},"excerpt":{"rendered":"<p>BURRMASTER TOOL\/OUTIL BURRMASTER POUR PATINS DE VITESSE BURRMASTER TOOL pr\u00e9cis, compact et le plus efficace des appareils d&#8217;\u00e9barbage jamais fabriqu\u00e9s ! Made from engineered materials to last a life time. Le poids l\u00e9ger et la plaquette en carbure durable font de cet outil d&#8217;\u00e9barbage un excellent rapport qualit\u00e9-prix. BURRMASTER TOOL Burr-Master est pr\u00e9cis, compact et [&hellip;]<\/p>\n","protected":false},"featured_media":19319,"comment_status":"open","ping_status":"closed","template":"","meta":{"_acf_changed":false,"_monsterinsights_skip_tracking":false,"_monsterinsights_sitenote_active":false,"_monsterinsights_sitenote_note":"","_monsterinsights_sitenote_category":0,"_uf_show_specific_survey":0,"_uf_disable_surveys":false,"site-sidebar-layout":"default","site-content-layout":"","ast-site-content-layout":"default","site-content-style":"default","site-sidebar-style":"default","ast-global-header-display":"","ast-banner-title-visibility":"","ast-main-header-display":"","ast-hfb-above-header-display":"","ast-hfb-below-header-display":"","ast-hfb-mobile-header-display":"","site-post-title":"","ast-breadcrumbs-content":"","ast-featured-img":"","footer-sml-layout":"","ast-disable-related-posts":"","theme-transparent-header-meta":"default","adv-header-id-meta":"","stick-header-meta":"","header-above-stick-meta":"","header-main-stick-meta":"","header-below-stick-meta":"","astra-migrate-meta-layouts":"set","ast-page-background-enabled":"default","ast-page-background-meta":{"desktop":{"background-color":"","background-image":"","background-repeat":"repeat","background-position":"center center","background-size":"auto","background-attachment":"scroll","background-type":"","background-media":"","overlay-type":"","overlay-color":"","overlay-opacity":"","overlay-gradient":""},"tablet":{"background-color":"","background-image":"","background-repeat":"repeat","background-position":"center center","background-size":"auto","background-attachment":"scroll","background-type":"","background-media":"","overlay-type":"","overlay-color":"","overlay-opacity":"","overlay-gradient":""},"mobile":{"background-color":"","background-image":"","background-repeat":"repeat","background-position":"center center","background-size":"auto","background-attachment":"scroll","background-type":"","background-media":"","overlay-type":"","overlay-color":"","overlay-opacity":"","overlay-gradient":""}},"ast-content-background-meta":{"desktop":{"background-color":"var(--ast-global-color-5)","background-image":"","background-repeat":"repeat","background-position":"center center","background-size":"auto","background-attachment":"scroll","background-type":"","background-media":"","overlay-type":"","overlay-color":"","overlay-opacity":"","overlay-gradient":""},"tablet":{"background-color":"var(--ast-global-color-5)","background-image":"","background-repeat":"repeat","background-position":"center center","background-size":"auto","background-attachment":"scroll","background-type":"","background-media":"","overlay-type":"","overlay-color":"","overlay-opacity":"","overlay-gradient":""},"mobile":{"background-color":"var(--ast-global-color-5)","background-image":"","background-repeat":"repeat","background-position":"center center","background-size":"auto","background-attachment":"scroll","background-type":"","background-media":"","overlay-type":"","overlay-color":"","overlay-opacity":"","overlay-gradient":""}}},"product_brand":[3288],"product_cat":[3389,3392,3396,3455,3393,3514,3467,3515],"product_tag":[],"class_list":{"0":"post-19317","1":"product","2":"type-product","3":"status-publish","4":"has-post-thumbnail","6":"product_brand-burrmaster","7":"product_cat-accessoires-longue-piste","8":"product_cat-accessoires-short-track","9":"product_cat-accessories","11":"product_cat-aiguisage","12":"product_cat-entretien-des-lames","13":"product_cat-patinage-de-vitesse","14":"product_cat-pierres-de-ronce","15":"desktop-align-left","16":"tablet-align-left","17":"mobile-align-left","19":"first","20":"onbackorder","21":"sale","22":"taxable","23":"shipping-taxable","24":"purchasable","25":"product-type-simple"},"acf":[],"_links":{"self":[{"href":"https:\/\/ztsports.com\/fr\/wp-json\/wp\/v2\/product\/19317","targetHints":{"allow":["GET"]}}],"collection":[{"href":"https:\/\/ztsports.com\/fr\/wp-json\/wp\/v2\/product"}],"about":[{"href":"https:\/\/ztsports.com\/fr\/wp-json\/wp\/v2\/types\/product"}],"replies":[{"embeddable":true,"href":"https:\/\/ztsports.com\/fr\/wp-json\/wp\/v2\/comments?post=19317"}],"version-history":[{"count":1,"href":"https:\/\/ztsports.com\/fr\/wp-json\/wp\/v2\/product\/19317\/revisions"}],"predecessor-version":[{"id":19318,"href":"https:\/\/ztsports.com\/fr\/wp-json\/wp\/v2\/product\/19317\/revisions\/19318"}],"wp:featuredmedia":[{"embeddable":true,"href":"https:\/\/ztsports.com\/fr\/wp-json\/wp\/v2\/media\/19319"}],"wp:attachment":[{"href":"https:\/\/ztsports.com\/fr\/wp-json\/wp\/v2\/media?parent=19317"}],"wp:term":[{"taxonomy":"product_brand","embeddable":true,"href":"https:\/\/ztsports.com\/fr\/wp-json\/wp\/v2\/product_brand?post=19317"},{"taxonomy":"product_cat","embeddable":true,"href":"https:\/\/ztsports.com\/fr\/wp-json\/wp\/v2\/product_cat?post=19317"},{"taxonomy":"product_tag","embeddable":true,"href":"https:\/\/ztsports.com\/fr\/wp-json\/wp\/v2\/product_tag?post=19317"}],"curies":[{"name":"wp","href":"https:\/\/api.w.org\/{rel}","templated":true}]}}