{"id":19313,"date":"2021-09-23T02:12:39","date_gmt":"2021-09-23T02:12:39","guid":{"rendered":"https:\/\/ztsports.com\/?post_type=product&#038;p=19313"},"modified":"2026-02-02T20:45:31","modified_gmt":"2026-02-02T20:45:31","slug":"ceramic-burr-stone-1x2","status":"publish","type":"product","link":"https:\/\/ztsports.com\/fr\/store\/ceramic-burr-stone-1x2\/","title":{"rendered":"CERAMIC BURR STONE 1X2&#8243; avec pochette de protection"},"content":{"rendered":"<h1 dir=\"ltr\" data-placeholder=\"Translation\">CERAMIC BURR STONE 1X2\u201d<\/h1>\n<p id=\"tw-target-text\" class=\"tw-data-text tw-text-large tw-ta\" dir=\"ltr\" data-placeholder=\"Translation\"> <span class=\"Y2IQFc\" lang=\"en\">La pierre \u00e0 polir en c\u00e9ramique 1&#215;2 pouces est une pierre en c\u00e9ramique ultra-dure et ultra-fine.<br \/>\nAucune autre pierre dure ne permet d&#8217;obtenir une finition aussi exceptionnelle et douce.<br \/>\nTr\u00e8s longue dur\u00e9e de vie.<\/span>Certains pr\u00e9f\u00e8rent les pierres c\u00e9ramiques aux pierres diamant\u00e9es pour le polissage final.<\/p>\n<p dir=\"ltr\" data-placeholder=\"Translation\">Pierre d&#8217;alumna de haute puret\u00e9, ultra fine et tr\u00e8s dure, en &#8220;c\u00e9ramique&#8221; de haute densit\u00e9, de taille 1 x 2 pouces. Finition au sol. Aucune autre pierre dure que nous avons trouv\u00e9e ne donne une paroi lat\u00e9rale plus lisse et plus plate, avec une ar\u00eate aussi carr\u00e9e, tremp\u00e9e et finie comme un miroir. Very long lasting. Livr\u00e9 avec une pochette en cuir.<\/p>\n<p dir=\"ltr\" data-placeholder=\"Translation\">Le mod\u00e8le ZIG en option a une face micro surfac\u00e9e avec un motif zig ultra fin.<\/p>\n<p class=\"tw-data-text tw-text-large tw-ta\" dir=\"ltr\" data-placeholder=\"Translation\"><span class=\"Y2IQFc\" lang=\"en\">S<\/span><span class=\"Y2IQFc\" lang=\"en\">euillez l&#8217;emballer dans une pochette de protection. <\/span> <\/p>\n<p class=\"tw-data-text tw-text-large tw-ta\" dir=\"ltr\" data-placeholder=\"Translation\"><span class=\"Y2IQFc\" lang=\"en\">Voir tous nos articles en c\u00e9ramique <a href=\"https:\/\/ztsports.com\/categorie-produit\/ceramique\/?lang=fr\"><strong>Voir tous nos articles en c\u00e9ramique ici<\/strong><\/a>. <\/span><\/p>\n","protected":false},"excerpt":{"rendered":"<p>CERAMIC BURR STONE 1X2\u201d La pierre \u00e0 polir en c\u00e9ramique 1&#215;2 pouces est une pierre en c\u00e9ramique ultra-dure et ultra-fine. Aucune autre pierre dure ne permet d&#8217;obtenir une finition aussi exceptionnelle et douce. Tr\u00e8s longue dur\u00e9e de vie.Certains pr\u00e9f\u00e8rent les pierres c\u00e9ramiques aux pierres diamant\u00e9es pour le polissage final. Pierre d&#8217;alumna de haute puret\u00e9, ultra [&hellip;]<\/p>\n","protected":false},"featured_media":19315,"comment_status":"open","ping_status":"closed","template":"","meta":{"_acf_changed":false,"_monsterinsights_skip_tracking":false,"_monsterinsights_sitenote_active":false,"_monsterinsights_sitenote_note":"","_monsterinsights_sitenote_category":0,"_uf_show_specific_survey":0,"_uf_disable_surveys":false,"site-sidebar-layout":"default","site-content-layout":"","ast-site-content-layout":"default","site-content-style":"default","site-sidebar-style":"default","ast-global-header-display":"","ast-banner-title-visibility":"","ast-main-header-display":"","ast-hfb-above-header-display":"","ast-hfb-below-header-display":"","ast-hfb-mobile-header-display":"","site-post-title":"","ast-breadcrumbs-content":"","ast-featured-img":"","footer-sml-layout":"","ast-disable-related-posts":"","theme-transparent-header-meta":"default","adv-header-id-meta":"","stick-header-meta":"","header-above-stick-meta":"","header-main-stick-meta":"","header-below-stick-meta":"","astra-migrate-meta-layouts":"set","ast-page-background-enabled":"default","ast-page-background-meta":{"desktop":{"background-color":"","background-image":"","background-repeat":"repeat","background-position":"center center","background-size":"auto","background-attachment":"scroll","background-type":"","background-media":"","overlay-type":"","overlay-color":"","overlay-opacity":"","overlay-gradient":""},"tablet":{"background-color":"","background-image":"","background-repeat":"repeat","background-position":"center center","background-size":"auto","background-attachment":"scroll","background-type":"","background-media":"","overlay-type":"","overlay-color":"","overlay-opacity":"","overlay-gradient":""},"mobile":{"background-color":"","background-image":"","background-repeat":"repeat","background-position":"center center","background-size":"auto","background-attachment":"scroll","background-type":"","background-media":"","overlay-type":"","overlay-color":"","overlay-opacity":"","overlay-gradient":""}},"ast-content-background-meta":{"desktop":{"background-color":"var(--ast-global-color-5)","background-image":"","background-repeat":"repeat","background-position":"center center","background-size":"auto","background-attachment":"scroll","background-type":"","background-media":"","overlay-type":"","overlay-color":"","overlay-opacity":"","overlay-gradient":""},"tablet":{"background-color":"var(--ast-global-color-5)","background-image":"","background-repeat":"repeat","background-position":"center center","background-size":"auto","background-attachment":"scroll","background-type":"","background-media":"","overlay-type":"","overlay-color":"","overlay-opacity":"","overlay-gradient":""},"mobile":{"background-color":"var(--ast-global-color-5)","background-image":"","background-repeat":"repeat","background-position":"center center","background-size":"auto","background-attachment":"scroll","background-type":"","background-media":"","overlay-type":"","overlay-color":"","overlay-opacity":"","overlay-gradient":""}}},"product_brand":[3322],"product_cat":[3389,3391,3392,3396,3455,3393,3906,3514,3515],"product_tag":[],"class_list":{"0":"post-19313","1":"product","2":"type-product","3":"status-publish","4":"has-post-thumbnail","6":"product_brand-masterlap","7":"product_cat-accessoires-longue-piste","8":"product_cat-accessoires-pour-la-longue-piste","9":"product_cat-accessoires-short-track","10":"product_cat-accessories","12":"product_cat-aiguisage","13":"product_cat-ceramique","14":"product_cat-entretien-des-lames","15":"product_cat-pierres-de-ronce","16":"desktop-align-left","17":"tablet-align-left","18":"mobile-align-left","20":"first","21":"instock","22":"sale","23":"taxable","24":"shipping-taxable","25":"purchasable","26":"product-type-simple"},"acf":[],"_links":{"self":[{"href":"https:\/\/ztsports.com\/fr\/wp-json\/wp\/v2\/product\/19313","targetHints":{"allow":["GET"]}}],"collection":[{"href":"https:\/\/ztsports.com\/fr\/wp-json\/wp\/v2\/product"}],"about":[{"href":"https:\/\/ztsports.com\/fr\/wp-json\/wp\/v2\/types\/product"}],"replies":[{"embeddable":true,"href":"https:\/\/ztsports.com\/fr\/wp-json\/wp\/v2\/comments?post=19313"}],"version-history":[{"count":1,"href":"https:\/\/ztsports.com\/fr\/wp-json\/wp\/v2\/product\/19313\/revisions"}],"predecessor-version":[{"id":19314,"href":"https:\/\/ztsports.com\/fr\/wp-json\/wp\/v2\/product\/19313\/revisions\/19314"}],"wp:featuredmedia":[{"embeddable":true,"href":"https:\/\/ztsports.com\/fr\/wp-json\/wp\/v2\/media\/19315"}],"wp:attachment":[{"href":"https:\/\/ztsports.com\/fr\/wp-json\/wp\/v2\/media?parent=19313"}],"wp:term":[{"taxonomy":"product_brand","embeddable":true,"href":"https:\/\/ztsports.com\/fr\/wp-json\/wp\/v2\/product_brand?post=19313"},{"taxonomy":"product_cat","embeddable":true,"href":"https:\/\/ztsports.com\/fr\/wp-json\/wp\/v2\/product_cat?post=19313"},{"taxonomy":"product_tag","embeddable":true,"href":"https:\/\/ztsports.com\/fr\/wp-json\/wp\/v2\/product_tag?post=19313"}],"curies":[{"name":"wp","href":"https:\/\/api.w.org\/{rel}","templated":true}]}}