{"id":19308,"date":"2021-09-23T02:12:39","date_gmt":"2021-09-23T02:12:39","guid":{"rendered":"https:\/\/ztsports.com\/?post_type=product&#038;p=19308"},"modified":"2026-02-02T20:45:18","modified_gmt":"2026-02-02T20:45:18","slug":"pierre-ceramique-de-haute-purete","status":"publish","type":"product","link":"https:\/\/ztsports.com\/fr\/store\/pierre-ceramique-de-haute-purete\/","title":{"rendered":"CERAMIC BURR STONE 1X1&#8243; Polisseur ultime"},"content":{"rendered":"<h1 dir=\"ltr\" data-placeholder=\"Translation\">CERAMIC BURR STONE 1X1&#8243; Polisseur ultime<\/h1>\n<p>The <span class=\"Y2IQFc\" lang=\"en\">CERAMIC BURR STONE 1X1&#8243; pierre c\u00e9ramique <strong>ultra dure<\/strong> et <strong>ultra fine<\/strong>.<\/span><\/p>\n<p>Pierre c\u00e9ramique de haute puret\u00e9, de haute densit\u00e9, ultra fine et ultra dure, de taille 1&#215;1 pouce.<\/p>\n<p>Les pierres c\u00e9ramiques sont appr\u00e9ci\u00e9es pour leur durabilit\u00e9 et leur finition mioor etkeen edge.<\/p>\n<p>Taille Optipoman pour utilisation avec des lames courbes.<\/p>\n<p>Aucune autre pierre dure que nous avons trouv\u00e9e ne permet d&#8217;obtenir une meilleure finition des flancs et des bords.<\/p>\n<p>En outre, aucune autre pierre dure ne permet d&#8217;obtenir un polissage <span class=\"Y2IQFc\" lang=\"en\">En outre, aucune autre pierre dure ne permet d&#8217;obtenir un ultime.<\/span><\/p>\n<p>En outre, il est r\u00e9put\u00e9 pour sa tr\u00e8s longue <span class=\"Y2IQFc\" lang=\"en\">dur\u00e9e de vie, qui s&#8217;\u00e9tend sur de nombreuses ann\u00e9es d&#8217;utilisation<\/span>.<\/p>\n<p><a href=\"https:\/\/ztsports.com\/categorie-produit\/aiguisage\/pierres-de-ronce\/?lang=fr\"><strong>Enfin, vous pouvez trouver toutes nos pierres \u00e0 ronce ici.<\/strong><\/a><\/p>\n","protected":false},"excerpt":{"rendered":"<p>CERAMIC BURR STONE 1X1&#8243; Polisseur ultime The CERAMIC BURR STONE 1X1&#8243; pierre c\u00e9ramique ultra dure et ultra fine. Pierre c\u00e9ramique de haute puret\u00e9, de haute densit\u00e9, ultra fine et ultra dure, de taille 1&#215;1 pouce. Les pierres c\u00e9ramiques sont appr\u00e9ci\u00e9es pour leur durabilit\u00e9 et leur finition mioor etkeen edge. Taille Optipoman pour utilisation avec des [&hellip;]<\/p>\n","protected":false},"featured_media":19310,"comment_status":"open","ping_status":"closed","template":"","meta":{"_acf_changed":false,"_monsterinsights_skip_tracking":false,"_monsterinsights_sitenote_active":false,"_monsterinsights_sitenote_note":"","_monsterinsights_sitenote_category":0,"_uf_show_specific_survey":0,"_uf_disable_surveys":false,"site-sidebar-layout":"default","site-content-layout":"","ast-site-content-layout":"default","site-content-style":"default","site-sidebar-style":"default","ast-global-header-display":"","ast-banner-title-visibility":"","ast-main-header-display":"","ast-hfb-above-header-display":"","ast-hfb-below-header-display":"","ast-hfb-mobile-header-display":"","site-post-title":"","ast-breadcrumbs-content":"","ast-featured-img":"","footer-sml-layout":"","ast-disable-related-posts":"","theme-transparent-header-meta":"default","adv-header-id-meta":"","stick-header-meta":"","header-above-stick-meta":"","header-main-stick-meta":"","header-below-stick-meta":"","astra-migrate-meta-layouts":"set","ast-page-background-enabled":"default","ast-page-background-meta":{"desktop":{"background-color":"","background-image":"","background-repeat":"repeat","background-position":"center center","background-size":"auto","background-attachment":"scroll","background-type":"","background-media":"","overlay-type":"","overlay-color":"","overlay-opacity":"","overlay-gradient":""},"tablet":{"background-color":"","background-image":"","background-repeat":"repeat","background-position":"center center","background-size":"auto","background-attachment":"scroll","background-type":"","background-media":"","overlay-type":"","overlay-color":"","overlay-opacity":"","overlay-gradient":""},"mobile":{"background-color":"","background-image":"","background-repeat":"repeat","background-position":"center center","background-size":"auto","background-attachment":"scroll","background-type":"","background-media":"","overlay-type":"","overlay-color":"","overlay-opacity":"","overlay-gradient":""}},"ast-content-background-meta":{"desktop":{"background-color":"var(--ast-global-color-5)","background-image":"","background-repeat":"repeat","background-position":"center center","background-size":"auto","background-attachment":"scroll","background-type":"","background-media":"","overlay-type":"","overlay-color":"","overlay-opacity":"","overlay-gradient":""},"tablet":{"background-color":"var(--ast-global-color-5)","background-image":"","background-repeat":"repeat","background-position":"center center","background-size":"auto","background-attachment":"scroll","background-type":"","background-media":"","overlay-type":"","overlay-color":"","overlay-opacity":"","overlay-gradient":""},"mobile":{"background-color":"var(--ast-global-color-5)","background-image":"","background-repeat":"repeat","background-position":"center center","background-size":"auto","background-attachment":"scroll","background-type":"","background-media":"","overlay-type":"","overlay-color":"","overlay-opacity":"","overlay-gradient":""}}},"product_brand":[3322,3365],"product_cat":[3393,3906,3514,3515],"product_tag":[3936,1945,3937,3938,3939],"class_list":{"0":"post-19308","1":"product","2":"type-product","3":"status-publish","4":"has-post-thumbnail","6":"product_brand-masterlap","7":"product_brand-zt-sports","8":"product_cat-aiguisage","9":"product_cat-ceramique","10":"product_cat-entretien-des-lames","11":"product_cat-pierres-de-ronce","12":"product_tag-ceramique-1x1","13":"product_tag-masterlap","14":"product_tag-pierre-a-araser-en-ceramique","15":"product_tag-pierre-a-ronce","16":"product_tag-polisseur-ultime","17":"desktop-align-left","18":"tablet-align-left","19":"mobile-align-left","21":"first","22":"instock","23":"taxable","24":"shipping-taxable","25":"purchasable","26":"product-type-simple"},"acf":[],"_links":{"self":[{"href":"https:\/\/ztsports.com\/fr\/wp-json\/wp\/v2\/product\/19308","targetHints":{"allow":["GET"]}}],"collection":[{"href":"https:\/\/ztsports.com\/fr\/wp-json\/wp\/v2\/product"}],"about":[{"href":"https:\/\/ztsports.com\/fr\/wp-json\/wp\/v2\/types\/product"}],"replies":[{"embeddable":true,"href":"https:\/\/ztsports.com\/fr\/wp-json\/wp\/v2\/comments?post=19308"}],"version-history":[{"count":1,"href":"https:\/\/ztsports.com\/fr\/wp-json\/wp\/v2\/product\/19308\/revisions"}],"predecessor-version":[{"id":19309,"href":"https:\/\/ztsports.com\/fr\/wp-json\/wp\/v2\/product\/19308\/revisions\/19309"}],"wp:featuredmedia":[{"embeddable":true,"href":"https:\/\/ztsports.com\/fr\/wp-json\/wp\/v2\/media\/19310"}],"wp:attachment":[{"href":"https:\/\/ztsports.com\/fr\/wp-json\/wp\/v2\/media?parent=19308"}],"wp:term":[{"taxonomy":"product_brand","embeddable":true,"href":"https:\/\/ztsports.com\/fr\/wp-json\/wp\/v2\/product_brand?post=19308"},{"taxonomy":"product_cat","embeddable":true,"href":"https:\/\/ztsports.com\/fr\/wp-json\/wp\/v2\/product_cat?post=19308"},{"taxonomy":"product_tag","embeddable":true,"href":"https:\/\/ztsports.com\/fr\/wp-json\/wp\/v2\/product_tag?post=19308"}],"curies":[{"name":"wp","href":"https:\/\/api.w.org\/{rel}","templated":true}]}}