{"id":19301,"date":"2021-09-23T02:12:40","date_gmt":"2021-09-23T02:12:40","guid":{"rendered":"https:\/\/ztsports.com\/?post_type=product&#038;p=19301"},"modified":"2026-02-02T20:44:11","modified_gmt":"2026-02-02T20:44:11","slug":"outil-debavurage-en-carbure","status":"publish","type":"product","link":"https:\/\/ztsports.com\/fr\/store\/outil-debavurage-en-carbure\/","title":{"rendered":"Outil d&#8217;\u00e9bavurage en carbure, le choix des patineurs"},"content":{"rendered":"<h2>Outil d&#8217;\u00e9bavurage en carbure haute performance Skaters Choice<\/h2>\n<p>Le Skater&#8217;s Choice est un <em>outil de<\/em> pr\u00e9cision utilis\u00e9 pour enlever les bavures sur le bord des lames de patins de vitesse &#8230; L&#8217;outil d&#8217;\u00e9bavurage <em>au carbure<\/em><em>Skater&#8217;s<\/em> Choice promu par Nagano <em>Skate<\/em> pour enlever les bavures sur les lames de patinage de <em>vitesse<\/em>.<\/p>\n<p>L&#8217;outil d&#8217;\u00e9bavurage Skater&#8217;s Choice est tr\u00e8s populaire aupr\u00e8s des patineurs en raison de sa forme et de sa durabilit\u00e9. L&#8217;un des carbures les plus populaires au monde !<\/p>\n<h4>Outil d&#8217;\u00e9bavurage en carbure<\/h4>\n<p>Outil d&#8217;\u00e9bavurage haute performance Skaters Choice <strong><span class=\"Y2IQFc\" lang=\"en\">Il coupe la bavure en un seul passage.<\/span><\/strong><\/p>\n<p>Le carbure est un outil de pr\u00e9cision utilis\u00e9 pour couper les bavures sur le bord de la lame apr\u00e8s le processus d&#8217;aff\u00fbtage.<\/p>\n<p>L&#8217;outil d&#8217;\u00e9bavurage au carbure haute performance coupe la bavure en un minimum de passages.<\/p>\n<p><a href=\"https:\/\/ztsports.com\/product-category\/sharpening\/burr-stones\/\"><strong>Vous pouvez trouver toutes nos pierres \u00e0 \u00e9bavurer ici.<\/strong><\/a><\/p>\n","protected":false},"excerpt":{"rendered":"<p>Outil d&#8217;\u00e9bavurage en carbure haute performance Skaters Choice Le Skater&#8217;s Choice est un outil de pr\u00e9cision utilis\u00e9 pour enlever les bavures sur le bord des lames de patins de vitesse &#8230; L&#8217;outil d&#8217;\u00e9bavurage au carbureSkater&#8217;s Choice promu par Nagano Skate pour enlever les bavures sur les lames de patinage de vitesse. L&#8217;outil d&#8217;\u00e9bavurage Skater&#8217;s Choice [&hellip;]<\/p>\n","protected":false},"featured_media":19303,"comment_status":"open","ping_status":"closed","template":"","meta":{"_acf_changed":false,"_monsterinsights_skip_tracking":false,"_monsterinsights_sitenote_active":false,"_monsterinsights_sitenote_note":"","_monsterinsights_sitenote_category":0,"_uf_show_specific_survey":0,"_uf_disable_surveys":false,"site-sidebar-layout":"default","site-content-layout":"","ast-site-content-layout":"default","site-content-style":"default","site-sidebar-style":"default","ast-global-header-display":"","ast-banner-title-visibility":"","ast-main-header-display":"","ast-hfb-above-header-display":"","ast-hfb-below-header-display":"","ast-hfb-mobile-header-display":"","site-post-title":"","ast-breadcrumbs-content":"","ast-featured-img":"","footer-sml-layout":"","ast-disable-related-posts":"","theme-transparent-header-meta":"default","adv-header-id-meta":"","stick-header-meta":"","header-above-stick-meta":"","header-main-stick-meta":"","header-below-stick-meta":"","astra-migrate-meta-layouts":"set","ast-page-background-enabled":"default","ast-page-background-meta":{"desktop":{"background-color":"","background-image":"","background-repeat":"repeat","background-position":"center center","background-size":"auto","background-attachment":"scroll","background-type":"","background-media":"","overlay-type":"","overlay-color":"","overlay-opacity":"","overlay-gradient":""},"tablet":{"background-color":"","background-image":"","background-repeat":"repeat","background-position":"center center","background-size":"auto","background-attachment":"scroll","background-type":"","background-media":"","overlay-type":"","overlay-color":"","overlay-opacity":"","overlay-gradient":""},"mobile":{"background-color":"","background-image":"","background-repeat":"repeat","background-position":"center center","background-size":"auto","background-attachment":"scroll","background-type":"","background-media":"","overlay-type":"","overlay-color":"","overlay-opacity":"","overlay-gradient":""}},"ast-content-background-meta":{"desktop":{"background-color":"var(--ast-global-color-5)","background-image":"","background-repeat":"repeat","background-position":"center center","background-size":"auto","background-attachment":"scroll","background-type":"","background-media":"","overlay-type":"","overlay-color":"","overlay-opacity":"","overlay-gradient":""},"tablet":{"background-color":"var(--ast-global-color-5)","background-image":"","background-repeat":"repeat","background-position":"center center","background-size":"auto","background-attachment":"scroll","background-type":"","background-media":"","overlay-type":"","overlay-color":"","overlay-opacity":"","overlay-gradient":""},"mobile":{"background-color":"var(--ast-global-color-5)","background-image":"","background-repeat":"repeat","background-position":"center center","background-size":"auto","background-attachment":"scroll","background-type":"","background-media":"","overlay-type":"","overlay-color":"","overlay-opacity":"","overlay-gradient":""}}},"product_brand":[3326],"product_cat":[3393,3514,3515],"product_tag":[1948,3930,3931,3932,3602,3933,3934,3935],"class_list":{"0":"post-19301","1":"product","2":"type-product","3":"status-publish","4":"has-post-thumbnail","6":"product_brand-nagano","7":"product_cat-aiguisage","8":"product_cat-entretien-des-lames","9":"product_cat-pierres-de-ronce","10":"product_tag-burrr-emover","11":"product_tag-carbure","12":"product_tag-choix-du-patineur","13":"product_tag-coupeur-de-bavures","14":"product_tag-lame-matinence","15":"product_tag-outil-debarbage-en-carbure","16":"product_tag-pierre-a-bavures-en-carbure","17":"product_tag-plaque-debarbage","18":"desktop-align-left","19":"tablet-align-left","20":"mobile-align-left","22":"first","23":"instock","24":"sale","25":"taxable","26":"shipping-taxable","27":"purchasable","28":"product-type-simple"},"acf":[],"_links":{"self":[{"href":"https:\/\/ztsports.com\/fr\/wp-json\/wp\/v2\/product\/19301","targetHints":{"allow":["GET"]}}],"collection":[{"href":"https:\/\/ztsports.com\/fr\/wp-json\/wp\/v2\/product"}],"about":[{"href":"https:\/\/ztsports.com\/fr\/wp-json\/wp\/v2\/types\/product"}],"replies":[{"embeddable":true,"href":"https:\/\/ztsports.com\/fr\/wp-json\/wp\/v2\/comments?post=19301"}],"version-history":[{"count":2,"href":"https:\/\/ztsports.com\/fr\/wp-json\/wp\/v2\/product\/19301\/revisions"}],"predecessor-version":[{"id":21390,"href":"https:\/\/ztsports.com\/fr\/wp-json\/wp\/v2\/product\/19301\/revisions\/21390"}],"wp:featuredmedia":[{"embeddable":true,"href":"https:\/\/ztsports.com\/fr\/wp-json\/wp\/v2\/media\/19303"}],"wp:attachment":[{"href":"https:\/\/ztsports.com\/fr\/wp-json\/wp\/v2\/media?parent=19301"}],"wp:term":[{"taxonomy":"product_brand","embeddable":true,"href":"https:\/\/ztsports.com\/fr\/wp-json\/wp\/v2\/product_brand?post=19301"},{"taxonomy":"product_cat","embeddable":true,"href":"https:\/\/ztsports.com\/fr\/wp-json\/wp\/v2\/product_cat?post=19301"},{"taxonomy":"product_tag","embeddable":true,"href":"https:\/\/ztsports.com\/fr\/wp-json\/wp\/v2\/product_tag?post=19301"}],"curies":[{"name":"wp","href":"https:\/\/api.w.org\/{rel}","templated":true}]}}