{"id":19298,"date":"2021-09-23T02:12:40","date_gmt":"2021-09-23T02:12:40","guid":{"rendered":"https:\/\/ztsports.com\/?post_type=product&#038;p=19298"},"modified":"2026-02-02T20:43:58","modified_gmt":"2026-02-02T20:43:58","slug":"norton-ms42-wedge-burr-stone-med-grit","status":"publish","type":"product","link":"https:\/\/ztsports.com\/fr\/store\/norton-ms42-wedge-burr-stone-med-grit\/","title":{"rendered":"NORTON MS42 WEDGE BURR STONE MED GRIT"},"content":{"rendered":"<pre class=\"tw-data-text tw-text-large tw-ta\" dir=\"ltr\" data-placeholder=\"Translation\"><span class=\"Y2IQFc\" lang=\"en\">NORTON MS42 WEDGE BURR STONE MEDIUM GRIT ANGLE INDIA FINISHING STONE<\/span><\/pre>\n<div>La pierre Norton MS42 wedge burr stone dans un grain indien moyen. En outre, il s&#8217;agit de l&#8217;une des pierres en forme de coin les plus populaires.<\/div>\n<div>C&#8217;est aussi la pierre pr\u00e9f\u00e9r\u00e9e des patineurs pour l&#8217;\u00e9barbage des patins, composition d&#8217;oxyde d&#8217;aluminium dur pour une longue dur\u00e9e de vie, grain moyennement fin, pierre indienne remplie d&#8217;huile. taille approx. 1&#8242; x 2.3&#8242;<span class=\"Y2IQFc\" lang=\"en\"><br \/>\npierre indienne remplied&#8217;huile.<\/span><\/div>\n<div>Parfait pour \u00e9bavurer vos lames et obtenir facilement des r\u00e9sultats professionnels !<\/div>\n<div><\/div>\n<div>Enfin, vous pouvez trouver toutes nos pierres NORTON ici. <a href=\"https:\/\/ztsports.com\/brand\/norton\/\">https:\/\/ztsports.com\/brand\/norton\/<\/a><\/div>\n<div><\/div>\n","protected":false},"excerpt":{"rendered":"<p>NORTON MS42 WEDGE BURR STONE MEDIUM GRIT ANGLE INDIA FINISHING STONE La pierre Norton MS42 wedge burr stone dans un grain indien moyen. En outre, il s&#8217;agit de l&#8217;une des pierres en forme de coin les plus populaires. C&#8217;est aussi la pierre pr\u00e9f\u00e9r\u00e9e des patineurs pour l&#8217;\u00e9barbage des patins, composition d&#8217;oxyde d&#8217;aluminium dur pour une [&hellip;]<\/p>\n","protected":false},"featured_media":19300,"comment_status":"open","ping_status":"closed","template":"","meta":{"_acf_changed":false,"_monsterinsights_skip_tracking":false,"_monsterinsights_sitenote_active":false,"_monsterinsights_sitenote_note":"","_monsterinsights_sitenote_category":0,"_uf_show_specific_survey":0,"_uf_disable_surveys":false,"site-sidebar-layout":"default","site-content-layout":"","ast-site-content-layout":"default","site-content-style":"default","site-sidebar-style":"default","ast-global-header-display":"","ast-banner-title-visibility":"","ast-main-header-display":"","ast-hfb-above-header-display":"","ast-hfb-below-header-display":"","ast-hfb-mobile-header-display":"","site-post-title":"","ast-breadcrumbs-content":"","ast-featured-img":"","footer-sml-layout":"","ast-disable-related-posts":"","theme-transparent-header-meta":"default","adv-header-id-meta":"","stick-header-meta":"","header-above-stick-meta":"","header-main-stick-meta":"","header-below-stick-meta":"","astra-migrate-meta-layouts":"set","ast-page-background-enabled":"default","ast-page-background-meta":{"desktop":{"background-color":"","background-image":"","background-repeat":"repeat","background-position":"center center","background-size":"auto","background-attachment":"scroll","background-type":"","background-media":"","overlay-type":"","overlay-color":"","overlay-opacity":"","overlay-gradient":""},"tablet":{"background-color":"","background-image":"","background-repeat":"repeat","background-position":"center center","background-size":"auto","background-attachment":"scroll","background-type":"","background-media":"","overlay-type":"","overlay-color":"","overlay-opacity":"","overlay-gradient":""},"mobile":{"background-color":"","background-image":"","background-repeat":"repeat","background-position":"center center","background-size":"auto","background-attachment":"scroll","background-type":"","background-media":"","overlay-type":"","overlay-color":"","overlay-opacity":"","overlay-gradient":""}},"ast-content-background-meta":{"desktop":{"background-color":"var(--ast-global-color-5)","background-image":"","background-repeat":"repeat","background-position":"center center","background-size":"auto","background-attachment":"scroll","background-type":"","background-media":"","overlay-type":"","overlay-color":"","overlay-opacity":"","overlay-gradient":""},"tablet":{"background-color":"var(--ast-global-color-5)","background-image":"","background-repeat":"repeat","background-position":"center center","background-size":"auto","background-attachment":"scroll","background-type":"","background-media":"","overlay-type":"","overlay-color":"","overlay-opacity":"","overlay-gradient":""},"mobile":{"background-color":"var(--ast-global-color-5)","background-image":"","background-repeat":"repeat","background-position":"center center","background-size":"auto","background-attachment":"scroll","background-type":"","background-media":"","overlay-type":"","overlay-color":"","overlay-opacity":"","overlay-gradient":""}}},"product_brand":[3328],"product_cat":[3391,3396,3455,3393,3514,3515],"product_tag":[],"class_list":{"0":"post-19298","1":"product","2":"type-product","3":"status-publish","4":"has-post-thumbnail","6":"product_brand-norton","7":"product_cat-accessoires-pour-la-longue-piste","8":"product_cat-accessories","10":"product_cat-aiguisage","11":"product_cat-entretien-des-lames","12":"product_cat-pierres-de-ronce","13":"desktop-align-left","14":"tablet-align-left","15":"mobile-align-left","17":"first","18":"instock","19":"sale","20":"taxable","21":"shipping-taxable","22":"purchasable","23":"product-type-simple"},"acf":[],"_links":{"self":[{"href":"https:\/\/ztsports.com\/fr\/wp-json\/wp\/v2\/product\/19298","targetHints":{"allow":["GET"]}}],"collection":[{"href":"https:\/\/ztsports.com\/fr\/wp-json\/wp\/v2\/product"}],"about":[{"href":"https:\/\/ztsports.com\/fr\/wp-json\/wp\/v2\/types\/product"}],"replies":[{"embeddable":true,"href":"https:\/\/ztsports.com\/fr\/wp-json\/wp\/v2\/comments?post=19298"}],"version-history":[{"count":1,"href":"https:\/\/ztsports.com\/fr\/wp-json\/wp\/v2\/product\/19298\/revisions"}],"predecessor-version":[{"id":19299,"href":"https:\/\/ztsports.com\/fr\/wp-json\/wp\/v2\/product\/19298\/revisions\/19299"}],"wp:featuredmedia":[{"embeddable":true,"href":"https:\/\/ztsports.com\/fr\/wp-json\/wp\/v2\/media\/19300"}],"wp:attachment":[{"href":"https:\/\/ztsports.com\/fr\/wp-json\/wp\/v2\/media?parent=19298"}],"wp:term":[{"taxonomy":"product_brand","embeddable":true,"href":"https:\/\/ztsports.com\/fr\/wp-json\/wp\/v2\/product_brand?post=19298"},{"taxonomy":"product_cat","embeddable":true,"href":"https:\/\/ztsports.com\/fr\/wp-json\/wp\/v2\/product_cat?post=19298"},{"taxonomy":"product_tag","embeddable":true,"href":"https:\/\/ztsports.com\/fr\/wp-json\/wp\/v2\/product_tag?post=19298"}],"curies":[{"name":"wp","href":"https:\/\/api.w.org\/{rel}","templated":true}]}}