{"id":19295,"date":"2021-09-23T02:13:49","date_gmt":"2021-09-23T02:13:49","guid":{"rendered":"https:\/\/ztsports.com\/?post_type=product&#038;p=19295"},"modified":"2026-02-02T20:43:44","modified_gmt":"2026-02-02T20:43:44","slug":"fine-slip-stone","status":"publish","type":"product","link":"https:\/\/ztsports.com\/fr\/store\/fine-slip-stone\/","title":{"rendered":"PIERRE DE GLISSEMENT FINE NORTON FS44 POLISSAGE LISSE"},"content":{"rendered":"<pre class=\"tw-data-text tw-text-large tw-ta\" dir=\"ltr\" data-placeholder=\"Translation\"><span class=\"Y2IQFc\" lang=\"en\">PIERRE DE POLISSAGE FIN NORTON FS44 PIERRE DE POLISSAGE LISSE\r\nLa pierre de polissage fin Norton FS44 est une pierre de polissage \u00e0 base d'huile avec une pointe arrondie : taille 4\u00bd\"x 1\u00be\" x \u00bd x 3\/16 \"\r\n\r\nAbrasion douce : orange - FS44\r\nAbrasion moyenne : marron - PMS44\r\nAbrasion grossi\u00e8re : gris - CS44\r\n<\/span><\/pre>\n<p>ces pierres de glissement sont fabriqu\u00e9es selon notre conception et \u00e0 une duret\u00e9 sp\u00e9cifique afin de combiner au mieux la vitesse de coupe et la durabilit\u00e9.<\/p>\n<p>Largement utilis\u00e9es pour l&#8217;aff\u00fbtage des gouges plus fermes, des gouges \u00e0 tracer, des outils de sculpture et des lames radi\u00e9es, ces pierres peuvent \u00eatre utilis\u00e9es sur presque tous les tranchants courbes de forme simple ou compos\u00e9e.<\/p>\n<p>Ils sont disponibles en trois granulom\u00e9tries : 1000x, 4000x et 8000x.<\/p>\n<p>La lame la plus grossi\u00e8re (1000x) est celle qui coupe le plus rapidement et est utilis\u00e9e pour \u00e9tablir un bord de base.<\/p>\n<p>Le 4000x est la combinaison la plus utile entre la vitesse de coupe, la duret\u00e9 et le degr\u00e9 de finition obtenu. Il coupe rapidement, mais laisse un outil avec une finition quasi-miroir sup\u00e9rieure \u00e0 celle obtenue avec une barbotine Arkansas dure.<\/p>\n<h2 class=\"phm ptm\">Sp\u00e9cifications techniques<\/h2>\n<div class=\"techSpecsTable\">\n<ul class=\"column firstCol\">\n<li><span class=\"specName\">Article <\/span><span class=\"specValue\">Lime \u00e0 aff\u00fbter<\/span><\/li>\n<li><span class=\"specName\">Mat\u00e9riau abrasif <\/span><span class=\"specValue\">Oxyde d&#8217;aluminium<\/span><\/li>\n<li><span class=\"specName\">Longueur<\/span><span class=\"specValue\">4-1\/2&#8243;<\/span><\/li>\n<li><span class=\"specName\">Largeur<\/span><span class=\"specValue\">3\/8&#8243;<\/span><\/li>\n<\/ul>\n<ul class=\"column\">\n<li><span class=\"specName\">Forme <\/span><span class=\"specValue\">Bord rond<\/span><\/li>\n<li><span class=\"specName\">Qualit\u00e9 <\/span><span class=\"specValue\">Fin<\/span><\/li>\n<li><span class=\"specName\">Hauteur<\/span><span class=\"specValue\">1-3\/4&#8243;<\/span><\/li>\n<li><span class=\"specName\">Couleur <\/span><span class=\"specValue\">Orange\/Marron<\/span><\/li>\n<li>\n \t<\/li>\n<li>\n \t<\/li>\n<li>Enfin, vous pouvez trouver toutes nos pierres \u00e0 aiguiser ici <a href=\"https:\/\/ztsports.com\/categorie-produit\/aiguisage\/des-pierres\/?lang=fr\">https:\/\/ztsports.com\/product-category\/sharpening\/stones\/<\/a><\/li>\n<\/ul>\n<\/div>\n<pre id=\"tw-target-text\" class=\"tw-data-text tw-text-large tw-ta\" dir=\"ltr\" data-placeholder=\"Translation\"><span class=\"Y2IQFc\" lang=\"en\"> <\/span><\/pre>\n","protected":false},"excerpt":{"rendered":"<p>PIERRE DE POLISSAGE FIN NORTON FS44 PIERRE DE POLISSAGE LISSE La pierre de polissage fin Norton FS44 est une pierre de polissage \u00e0 base d&#8217;huile avec une pointe arrondie : taille 4\u00bd&#8221;x 1\u00be&#8221; x \u00bd x 3\/16 &#8221; Abrasion douce : orange &#8211; FS44 Abrasion moyenne : marron &#8211; PMS44 Abrasion grossi\u00e8re : gris &#8211; [&hellip;]<\/p>\n","protected":false},"featured_media":19297,"comment_status":"open","ping_status":"closed","template":"","meta":{"_acf_changed":false,"_monsterinsights_skip_tracking":false,"_monsterinsights_sitenote_active":false,"_monsterinsights_sitenote_note":"","_monsterinsights_sitenote_category":0,"_uf_show_specific_survey":0,"_uf_disable_surveys":false,"site-sidebar-layout":"default","site-content-layout":"","ast-site-content-layout":"default","site-content-style":"default","site-sidebar-style":"default","ast-global-header-display":"","ast-banner-title-visibility":"","ast-main-header-display":"","ast-hfb-above-header-display":"","ast-hfb-below-header-display":"","ast-hfb-mobile-header-display":"","site-post-title":"","ast-breadcrumbs-content":"","ast-featured-img":"","footer-sml-layout":"","ast-disable-related-posts":"","theme-transparent-header-meta":"default","adv-header-id-meta":"","stick-header-meta":"","header-above-stick-meta":"","header-main-stick-meta":"","header-below-stick-meta":"","astra-migrate-meta-layouts":"set","ast-page-background-enabled":"default","ast-page-background-meta":{"desktop":{"background-color":"","background-image":"","background-repeat":"repeat","background-position":"center center","background-size":"auto","background-attachment":"scroll","background-type":"","background-media":"","overlay-type":"","overlay-color":"","overlay-opacity":"","overlay-gradient":""},"tablet":{"background-color":"","background-image":"","background-repeat":"repeat","background-position":"center center","background-size":"auto","background-attachment":"scroll","background-type":"","background-media":"","overlay-type":"","overlay-color":"","overlay-opacity":"","overlay-gradient":""},"mobile":{"background-color":"","background-image":"","background-repeat":"repeat","background-position":"center center","background-size":"auto","background-attachment":"scroll","background-type":"","background-media":"","overlay-type":"","overlay-color":"","overlay-opacity":"","overlay-gradient":""}},"ast-content-background-meta":{"desktop":{"background-color":"var(--ast-global-color-5)","background-image":"","background-repeat":"repeat","background-position":"center center","background-size":"auto","background-attachment":"scroll","background-type":"","background-media":"","overlay-type":"","overlay-color":"","overlay-opacity":"","overlay-gradient":""},"tablet":{"background-color":"var(--ast-global-color-5)","background-image":"","background-repeat":"repeat","background-position":"center center","background-size":"auto","background-attachment":"scroll","background-type":"","background-media":"","overlay-type":"","overlay-color":"","overlay-opacity":"","overlay-gradient":""},"mobile":{"background-color":"var(--ast-global-color-5)","background-image":"","background-repeat":"repeat","background-position":"center center","background-size":"auto","background-attachment":"scroll","background-type":"","background-media":"","overlay-type":"","overlay-color":"","overlay-opacity":"","overlay-gradient":""}}},"product_brand":[3328],"product_cat":[3514,3515],"product_tag":[],"class_list":{"0":"post-19295","1":"product","2":"type-product","3":"status-publish","4":"has-post-thumbnail","6":"product_brand-norton","7":"product_cat-entretien-des-lames","8":"product_cat-pierres-de-ronce","9":"desktop-align-left","10":"tablet-align-left","11":"mobile-align-left","13":"first","14":"instock","15":"taxable","16":"shipping-taxable","17":"purchasable","18":"product-type-simple"},"acf":[],"_links":{"self":[{"href":"https:\/\/ztsports.com\/fr\/wp-json\/wp\/v2\/product\/19295","targetHints":{"allow":["GET"]}}],"collection":[{"href":"https:\/\/ztsports.com\/fr\/wp-json\/wp\/v2\/product"}],"about":[{"href":"https:\/\/ztsports.com\/fr\/wp-json\/wp\/v2\/types\/product"}],"replies":[{"embeddable":true,"href":"https:\/\/ztsports.com\/fr\/wp-json\/wp\/v2\/comments?post=19295"}],"version-history":[{"count":1,"href":"https:\/\/ztsports.com\/fr\/wp-json\/wp\/v2\/product\/19295\/revisions"}],"predecessor-version":[{"id":19296,"href":"https:\/\/ztsports.com\/fr\/wp-json\/wp\/v2\/product\/19295\/revisions\/19296"}],"wp:featuredmedia":[{"embeddable":true,"href":"https:\/\/ztsports.com\/fr\/wp-json\/wp\/v2\/media\/19297"}],"wp:attachment":[{"href":"https:\/\/ztsports.com\/fr\/wp-json\/wp\/v2\/media?parent=19295"}],"wp:term":[{"taxonomy":"product_brand","embeddable":true,"href":"https:\/\/ztsports.com\/fr\/wp-json\/wp\/v2\/product_brand?post=19295"},{"taxonomy":"product_cat","embeddable":true,"href":"https:\/\/ztsports.com\/fr\/wp-json\/wp\/v2\/product_cat?post=19295"},{"taxonomy":"product_tag","embeddable":true,"href":"https:\/\/ztsports.com\/fr\/wp-json\/wp\/v2\/product_tag?post=19295"}],"curies":[{"name":"wp","href":"https:\/\/api.w.org\/{rel}","templated":true}]}}