{"id":19283,"date":"2021-09-23T02:13:51","date_gmt":"2021-09-23T02:13:51","guid":{"rendered":"https:\/\/ztsports.com\/?post_type=product&#038;p=19283"},"modified":"2026-02-02T20:43:04","modified_gmt":"2026-02-02T20:43:04","slug":"jauge-marchese-mitutoyo","status":"publish","type":"product","link":"https:\/\/ztsports.com\/fr\/store\/jauge-marchese-mitutoyo\/","title":{"rendered":"JAUGE MARCHESE MITUTOYO PREMIUM"},"content":{"rendered":"<h1 class=\"tw-data-text tw-text-large tw-ta\" dir=\"ltr\" data-placeholder=\"Translation\"><span class=\"Y2IQFc\" lang=\"en\">JAUGE MARCHESE MITUTOYO PREMIUM<\/span><\/h1>\n<p class=\"tw-data-text tw-text-large tw-ta\" dir=\"ltr\" data-placeholder=\"Translation\"><span class=\"Y2IQFc\" lang=\"en\">MARCHESE GAUGE MITUTOYO Premium utilis\u00e9 par les athl\u00e8tes de la Coupe du monde olympique et les \u00e9quipes nationales. En outre, des entra\u00eeneurs et des clubs dans le monde entier. Permet de mesurer avec pr\u00e9cision les berceaux et les bascules, puis les courbes et les virages des lames \u00e0 voie courte et \u00e0 voie longue. <\/span><\/p>\n<p class=\"tw-data-text tw-text-large tw-ta\" dir=\"ltr\" data-placeholder=\"Translation\">Vingt-cinq ans se sont \u00e9coul\u00e9s depuis que Paul Marchese a esquiss\u00e9 son premier projet. Paul a mis au point la premi\u00e8re jauge de rayon manuelle. Il s&#8217;agit d\u00e9sormais de l&#8217;indicateur de r\u00e9f\u00e9rence auquel tous les autres aspirent. Un cadran de pr\u00e9cision permet de mesurer et d&#8217;interpr\u00e9ter avec exactitude la courbure du rayon et de la courbe de la lame. Aujourd&#8217;hui, nous parlons de rayons en dixi\u00e8mes de milli\u00e8mes de pouces. Le tableau des entra\u00eeneurs indique le rayon et la courbure con\u00e7us pour cr\u00e9er l&#8217;empreinte optimale sur la glace pour chaque athl\u00e8te.<\/p>\n<p class=\"tw-data-text tw-text-large tw-ta\" dir=\"ltr\" data-placeholder=\"Translation\">De plus, ce produit est le fruit de l&#8217;esprit et des mains d&#8217;une seule personne, <a href=\"http:\/\/speedskatingmuseum.org\/wp\/paul-marchese\/\" target=\"_blank\" rel=\"noopener\"><strong>Paul Marchese<\/strong><\/a>. Tous les gabarits suivent d\u00e9sormais dans la conception de son premier appareil.<\/p>\n<p><strong><span class=\"Y2IQFc\" lang=\"en\">LA JAUGE MARCHESE PREMIUM MITUTOYO <\/span><\/strong><span class=\"Y2IQFc\" lang=\"en\">est frais\u00e9e dans une solide<strong>billette<\/strong> d&#8217;aluminium de qualit\u00e9 a\u00e9rospatiale et usin\u00e9e avec pr\u00e9cision \u00e0 l&#8217;aide d&#8217;inserts en carbure de tungst\u00e8ne faits sur mesure pour assurer de nombreuses ann\u00e9es de service sans probl\u00e8me.<\/span><\/p>\n<p><span class=\"Y2IQFc\" lang=\"en\"><strong>Inclus :<\/strong><\/span>Jauge Mitutoyo, pointe plate en carbure de tungst\u00e8ne, r\u00e8gle d&#8217;\u00e9talonnage, tableau des rayons et des courbures et instructions.<\/p>\n<p>Findlay v\u00e9rifie la courbure et l&#8217;inclinaison \u00e0 l&#8217;aide d&#8217;une<strong><a href=\"https:\/\/www.youtube.com\/watch?v=Wcjvgt_6sKg\" target=\"_blank\" rel=\"noopener\">jauge de rayon YouTube clip<\/a><\/strong>.<\/p>\n<p><strong>Enfin, vous pouvez voir toutes nos <a href=\"https:\/\/ztsports.com\/product-category\/sharpening\/benders-and-gages-sharpening\/\">cintreuses et jauges<\/a> ici.<\/strong><\/p>\n","protected":false},"excerpt":{"rendered":"<p>JAUGE MARCHESE MITUTOYO PREMIUM MARCHESE GAUGE MITUTOYO Premium utilis\u00e9 par les athl\u00e8tes de la Coupe du monde olympique et les \u00e9quipes nationales. En outre, des entra\u00eeneurs et des clubs dans le monde entier. Permet de mesurer avec pr\u00e9cision les berceaux et les bascules, puis les courbes et les virages des lames \u00e0 voie courte et [&hellip;]<\/p>\n","protected":false},"featured_media":19285,"comment_status":"open","ping_status":"closed","template":"","meta":{"_acf_changed":false,"_monsterinsights_skip_tracking":false,"_monsterinsights_sitenote_active":false,"_monsterinsights_sitenote_note":"","_monsterinsights_sitenote_category":0,"_uf_show_specific_survey":0,"_uf_disable_surveys":false,"site-sidebar-layout":"default","site-content-layout":"","ast-site-content-layout":"default","site-content-style":"default","site-sidebar-style":"default","ast-global-header-display":"","ast-banner-title-visibility":"","ast-main-header-display":"","ast-hfb-above-header-display":"","ast-hfb-below-header-display":"","ast-hfb-mobile-header-display":"","site-post-title":"","ast-breadcrumbs-content":"","ast-featured-img":"","footer-sml-layout":"","ast-disable-related-posts":"","theme-transparent-header-meta":"default","adv-header-id-meta":"","stick-header-meta":"","header-above-stick-meta":"","header-main-stick-meta":"","header-below-stick-meta":"","astra-migrate-meta-layouts":"set","ast-page-background-enabled":"default","ast-page-background-meta":{"desktop":{"background-color":"","background-image":"","background-repeat":"repeat","background-position":"center center","background-size":"auto","background-attachment":"scroll","background-type":"","background-media":"","overlay-type":"","overlay-color":"","overlay-opacity":"","overlay-gradient":""},"tablet":{"background-color":"","background-image":"","background-repeat":"repeat","background-position":"center center","background-size":"auto","background-attachment":"scroll","background-type":"","background-media":"","overlay-type":"","overlay-color":"","overlay-opacity":"","overlay-gradient":""},"mobile":{"background-color":"","background-image":"","background-repeat":"repeat","background-position":"center center","background-size":"auto","background-attachment":"scroll","background-type":"","background-media":"","overlay-type":"","overlay-color":"","overlay-opacity":"","overlay-gradient":""}},"ast-content-background-meta":{"desktop":{"background-color":"var(--ast-global-color-5)","background-image":"","background-repeat":"repeat","background-position":"center center","background-size":"auto","background-attachment":"scroll","background-type":"","background-media":"","overlay-type":"","overlay-color":"","overlay-opacity":"","overlay-gradient":""},"tablet":{"background-color":"var(--ast-global-color-5)","background-image":"","background-repeat":"repeat","background-position":"center center","background-size":"auto","background-attachment":"scroll","background-type":"","background-media":"","overlay-type":"","overlay-color":"","overlay-opacity":"","overlay-gradient":""},"mobile":{"background-color":"var(--ast-global-color-5)","background-image":"","background-repeat":"repeat","background-position":"center center","background-size":"auto","background-attachment":"scroll","background-type":"","background-media":"","overlay-type":"","overlay-color":"","overlay-opacity":"","overlay-gradient":""}}},"product_brand":[3320],"product_cat":[3743,3600,3514,3603,3398],"product_tag":[3516,3924,1964,3925,3926,1967,3927],"class_list":{"0":"post-19283","1":"product","2":"type-product","3":"status-publish","4":"has-post-thumbnail","6":"product_brand-marchese","7":"product_cat-accessoires-daffutage","8":"product_cat-cintreuses-et-jauges","9":"product_cat-entretien-des-lames","10":"product_cat-jauges","11":"product_cat-parts-tools","12":"product_tag-entretien-des-lames","13":"product_tag-gauge-marchese","14":"product_tag-gauge-mitutoyo","15":"product_tag-jauge-a-bascule","16":"product_tag-jauge-de-courbure","17":"product_tag-mitutoyo","18":"product_tag-verificateur-a-bascule","19":"desktop-align-left","20":"tablet-align-left","21":"mobile-align-left","23":"first","24":"instock","25":"taxable","26":"shipping-taxable","27":"purchasable","28":"product-type-simple"},"acf":[],"_links":{"self":[{"href":"https:\/\/ztsports.com\/fr\/wp-json\/wp\/v2\/product\/19283","targetHints":{"allow":["GET"]}}],"collection":[{"href":"https:\/\/ztsports.com\/fr\/wp-json\/wp\/v2\/product"}],"about":[{"href":"https:\/\/ztsports.com\/fr\/wp-json\/wp\/v2\/types\/product"}],"replies":[{"embeddable":true,"href":"https:\/\/ztsports.com\/fr\/wp-json\/wp\/v2\/comments?post=19283"}],"version-history":[{"count":1,"href":"https:\/\/ztsports.com\/fr\/wp-json\/wp\/v2\/product\/19283\/revisions"}],"predecessor-version":[{"id":19284,"href":"https:\/\/ztsports.com\/fr\/wp-json\/wp\/v2\/product\/19283\/revisions\/19284"}],"wp:featuredmedia":[{"embeddable":true,"href":"https:\/\/ztsports.com\/fr\/wp-json\/wp\/v2\/media\/19285"}],"wp:attachment":[{"href":"https:\/\/ztsports.com\/fr\/wp-json\/wp\/v2\/media?parent=19283"}],"wp:term":[{"taxonomy":"product_brand","embeddable":true,"href":"https:\/\/ztsports.com\/fr\/wp-json\/wp\/v2\/product_brand?post=19283"},{"taxonomy":"product_cat","embeddable":true,"href":"https:\/\/ztsports.com\/fr\/wp-json\/wp\/v2\/product_cat?post=19283"},{"taxonomy":"product_tag","embeddable":true,"href":"https:\/\/ztsports.com\/fr\/wp-json\/wp\/v2\/product_tag?post=19283"}],"curies":[{"name":"wp","href":"https:\/\/api.w.org\/{rel}","templated":true}]}}