{"id":19280,"date":"2021-09-23T02:13:52","date_gmt":"2021-09-23T02:13:52","guid":{"rendered":"https:\/\/ztsports.com\/?post_type=product&#038;p=19280"},"modified":"2026-02-02T20:42:10","modified_gmt":"2026-02-02T20:42:10","slug":"huile-daffutage-norton-xb1","status":"publish","type":"product","link":"https:\/\/ztsports.com\/fr\/store\/huile-daffutage-norton-xb1\/","title":{"rendered":"HUILE D&#8217;AFF\u00dbTAGE NORTON 473ML XB5"},"content":{"rendered":"<pre id=\"tw-target-text\" class=\"tw-data-text tw-text-large tw-ta\" dir=\"ltr\" data-placeholder=\"Translation\" aria-label=\"Translated text\" data-ved=\"2ahUKEwj1h4HO-ISHAxUsMlkFHfMjBJIQ3ewLegQIBxAU\"><span class=\"Y2IQFc\" lang=\"fr\">HUILE D'AFF\u00dbTAGE NORTON XB1 473ML 16oz L'HUILE D'AFF\u00dbTAGE NORTON 473ML est sp\u00e9cialement con\u00e7ue pour faciliter l'aff\u00fbtage de vos lames. \r\nContrairement \u00e0 l\u2019huile pour b\u00e9b\u00e9, elle ne favorise pas la r\u00e9tention de m\u00e9tal dans vos calculs. Formul\u00e9 pour donner une bavure rapide et \u00e9viter le colmatage, il garantit que vos lames restent aff\u00fbt\u00e9es comme un rasoir. \r\nUn ajout pr\u00e9cieux \u00e0 toute bo\u00eete \u00e0 outils d\u2019aff\u00fbtage\u00a0! \r\nSans danger pour une utilisation dans les zones de pr\u00e9paration des aliments. \r\nFormat 473 ml 16floz Enfin \r\nEnfin, vous pouvez trouver toutes les huiles et <a href=\"https:\/\/ztsports.com\/product-category\/sharpening\/stones\/\"><strong>pierres \u00e0 aiguiser Norton ici<\/strong><\/a>.<\/span><\/pre>\n","protected":false},"excerpt":{"rendered":"<p>HUILE D&#8217;AFF\u00dbTAGE NORTON XB1 473ML 16oz L&#8217;HUILE D&#8217;AFF\u00dbTAGE NORTON 473ML est sp\u00e9cialement con\u00e7ue pour faciliter l&#8217;aff\u00fbtage de vos lames. Contrairement \u00e0 l\u2019huile pour b\u00e9b\u00e9, elle ne favorise pas la r\u00e9tention de m\u00e9tal dans vos calculs. Formul\u00e9 pour donner une bavure rapide et \u00e9viter le colmatage, il garantit que vos lames restent aff\u00fbt\u00e9es comme un rasoir. [&hellip;]<\/p>\n","protected":false},"featured_media":19282,"comment_status":"open","ping_status":"closed","template":"","meta":{"_acf_changed":false,"_monsterinsights_skip_tracking":false,"_monsterinsights_sitenote_active":false,"_monsterinsights_sitenote_note":"","_monsterinsights_sitenote_category":0,"_uf_show_specific_survey":0,"_uf_disable_surveys":false,"site-sidebar-layout":"default","site-content-layout":"","ast-site-content-layout":"default","site-content-style":"default","site-sidebar-style":"default","ast-global-header-display":"","ast-banner-title-visibility":"","ast-main-header-display":"","ast-hfb-above-header-display":"","ast-hfb-below-header-display":"","ast-hfb-mobile-header-display":"","site-post-title":"","ast-breadcrumbs-content":"","ast-featured-img":"","footer-sml-layout":"","ast-disable-related-posts":"","theme-transparent-header-meta":"default","adv-header-id-meta":"","stick-header-meta":"","header-above-stick-meta":"","header-main-stick-meta":"","header-below-stick-meta":"","astra-migrate-meta-layouts":"set","ast-page-background-enabled":"default","ast-page-background-meta":{"desktop":{"background-color":"","background-image":"","background-repeat":"repeat","background-position":"center center","background-size":"auto","background-attachment":"scroll","background-type":"","background-media":"","overlay-type":"","overlay-color":"","overlay-opacity":"","overlay-gradient":""},"tablet":{"background-color":"","background-image":"","background-repeat":"repeat","background-position":"center center","background-size":"auto","background-attachment":"scroll","background-type":"","background-media":"","overlay-type":"","overlay-color":"","overlay-opacity":"","overlay-gradient":""},"mobile":{"background-color":"","background-image":"","background-repeat":"repeat","background-position":"center center","background-size":"auto","background-attachment":"scroll","background-type":"","background-media":"","overlay-type":"","overlay-color":"","overlay-opacity":"","overlay-gradient":""}},"ast-content-background-meta":{"desktop":{"background-color":"var(--ast-global-color-5)","background-image":"","background-repeat":"repeat","background-position":"center center","background-size":"auto","background-attachment":"scroll","background-type":"","background-media":"","overlay-type":"","overlay-color":"","overlay-opacity":"","overlay-gradient":""},"tablet":{"background-color":"var(--ast-global-color-5)","background-image":"","background-repeat":"repeat","background-position":"center center","background-size":"auto","background-attachment":"scroll","background-type":"","background-media":"","overlay-type":"","overlay-color":"","overlay-opacity":"","overlay-gradient":""},"mobile":{"background-color":"var(--ast-global-color-5)","background-image":"","background-repeat":"repeat","background-position":"center center","background-size":"auto","background-attachment":"scroll","background-type":"","background-media":"","overlay-type":"","overlay-color":"","overlay-opacity":"","overlay-gradient":""}}},"product_brand":[3328],"product_cat":[3393,3470,3514],"product_tag":[3516,3919,3922,3923,3920,1929,1973,1976],"class_list":{"0":"post-19280","1":"product","2":"type-product","3":"status-publish","4":"has-post-thumbnail","6":"product_brand-norton","7":"product_cat-aiguisage","8":"product_cat-des-pierres","9":"product_cat-entretien-des-lames","10":"product_tag-entretien-des-lames","11":"product_tag-huile-daffutage-norton","12":"product_tag-huile-daffutage-xb5-16oz","13":"product_tag-huile-de-foin","14":"product_tag-huile-de-roche","15":"product_tag-norton","16":"product_tag-norton-xb5","17":"product_tag-xb5-16oz","18":"desktop-align-left","19":"tablet-align-left","20":"mobile-align-left","22":"first","23":"instock","24":"sale","25":"taxable","26":"shipping-taxable","27":"purchasable","28":"product-type-simple"},"acf":[],"_links":{"self":[{"href":"https:\/\/ztsports.com\/fr\/wp-json\/wp\/v2\/product\/19280","targetHints":{"allow":["GET"]}}],"collection":[{"href":"https:\/\/ztsports.com\/fr\/wp-json\/wp\/v2\/product"}],"about":[{"href":"https:\/\/ztsports.com\/fr\/wp-json\/wp\/v2\/types\/product"}],"replies":[{"embeddable":true,"href":"https:\/\/ztsports.com\/fr\/wp-json\/wp\/v2\/comments?post=19280"}],"version-history":[{"count":1,"href":"https:\/\/ztsports.com\/fr\/wp-json\/wp\/v2\/product\/19280\/revisions"}],"predecessor-version":[{"id":19281,"href":"https:\/\/ztsports.com\/fr\/wp-json\/wp\/v2\/product\/19280\/revisions\/19281"}],"wp:featuredmedia":[{"embeddable":true,"href":"https:\/\/ztsports.com\/fr\/wp-json\/wp\/v2\/media\/19282"}],"wp:attachment":[{"href":"https:\/\/ztsports.com\/fr\/wp-json\/wp\/v2\/media?parent=19280"}],"wp:term":[{"taxonomy":"product_brand","embeddable":true,"href":"https:\/\/ztsports.com\/fr\/wp-json\/wp\/v2\/product_brand?post=19280"},{"taxonomy":"product_cat","embeddable":true,"href":"https:\/\/ztsports.com\/fr\/wp-json\/wp\/v2\/product_cat?post=19280"},{"taxonomy":"product_tag","embeddable":true,"href":"https:\/\/ztsports.com\/fr\/wp-json\/wp\/v2\/product_tag?post=19280"}],"curies":[{"name":"wp","href":"https:\/\/api.w.org\/{rel}","templated":true}]}}