{"id":19277,"date":"2021-09-23T02:13:53","date_gmt":"2021-09-23T02:13:53","guid":{"rendered":"https:\/\/ztsports.com\/?post_type=product&#038;p=19277"},"modified":"2026-02-02T20:41:54","modified_gmt":"2026-02-02T20:41:54","slug":"huile-daffutage-norton","status":"publish","type":"product","link":"https:\/\/ztsports.com\/fr\/store\/huile-daffutage-norton\/","title":{"rendered":"HUILE D&#8217;AFF\u00dbTAGE NORTON 946 ML XB2"},"content":{"rendered":"<pre class=\"tw-data-text tw-text-large tw-ta\" dir=\"ltr\" data-placeholder=\"Translation\"><span class=\"Y2IQFc\" lang=\"en\">NORTON SHARPENNING OIL 946 ML\r\nNORTON SHARPENNING OIL est m<\/span>es mat\u00e9riaux suisses et Victorinox de la plus haute qualit\u00e9.\r\nHuile de rodage sp\u00e9cialement formul\u00e9e pour l'aff\u00fbtage d'une grande vari\u00e9t\u00e9 de couteaux, y compris les lames de patins.\r\nLes normes de puret\u00e9 de la pharmacop\u00e9e sont respect\u00e9es, ce qui signifie qu'il peut \u00eatre utilis\u00e9 dans le cadre d'op\u00e9rations de pr\u00e9paration d'aliments.<\/pre>\n<pre id=\"tw-target-text\" class=\"tw-data-text tw-text-large tw-ta\" dir=\"ltr\" data-placeholder=\"Translation\"><span class=\"Y2IQFc\" lang=\"en\">Cette huile d'aff\u00fbtage est sp\u00e9cialement con\u00e7ue pour faciliter l'aff\u00fbtage de vos lames. \r\nContrairement \u00e0 l'huile pour b\u00e9b\u00e9, elle ne favorise pas la r\u00e9tention du m\u00e9tal dans vos pierres.\r\n \r\nPour utiliser l'huile, il suffit de l'appliquer sur la surface de la pierre. \r\nLes pierres synth\u00e9tiques n\u00e9cessitent plus d'huile, tandis que les pierres naturelles,\r\ncomme les pierres d'Arkansas, n\u00e9cessitent moins d'huile car elles ne sont pas aussi poreuses. \r\nFabriqu\u00e9 aux Etats-Unis.\r\nFormat 946 ML. \r\nFormat id\u00e9al pour les responsables de l'\u00e9quipement et les clubs.\r\nEnfin, vous pouvez trouver toutes les huiles et <a href=\"https:\/\/ztsports.com\/brand\/norton\/\">pierres \u00e0 aiguiser  Norton ici. <\/a> <\/span><\/pre>\n","protected":false},"excerpt":{"rendered":"<p>NORTON SHARPENNING OIL 946 ML NORTON SHARPENNING OIL est mes mat\u00e9riaux suisses et Victorinox de la plus haute qualit\u00e9. Huile de rodage sp\u00e9cialement formul\u00e9e pour l&#8217;aff\u00fbtage d&#8217;une grande vari\u00e9t\u00e9 de couteaux, y compris les lames de patins. Les normes de puret\u00e9 de la pharmacop\u00e9e sont respect\u00e9es, ce qui signifie qu&#8217;il peut \u00eatre utilis\u00e9 dans le [&hellip;]<\/p>\n","protected":false},"featured_media":19279,"comment_status":"open","ping_status":"closed","template":"","meta":{"_acf_changed":false,"_monsterinsights_skip_tracking":false,"_monsterinsights_sitenote_active":false,"_monsterinsights_sitenote_note":"","_monsterinsights_sitenote_category":0,"_uf_show_specific_survey":0,"_uf_disable_surveys":false,"site-sidebar-layout":"default","site-content-layout":"","ast-site-content-layout":"default","site-content-style":"default","site-sidebar-style":"default","ast-global-header-display":"","ast-banner-title-visibility":"","ast-main-header-display":"","ast-hfb-above-header-display":"","ast-hfb-below-header-display":"","ast-hfb-mobile-header-display":"","site-post-title":"","ast-breadcrumbs-content":"","ast-featured-img":"","footer-sml-layout":"","ast-disable-related-posts":"","theme-transparent-header-meta":"default","adv-header-id-meta":"","stick-header-meta":"","header-above-stick-meta":"","header-main-stick-meta":"","header-below-stick-meta":"","astra-migrate-meta-layouts":"set","ast-page-background-enabled":"default","ast-page-background-meta":{"desktop":{"background-color":"","background-image":"","background-repeat":"repeat","background-position":"center center","background-size":"auto","background-attachment":"scroll","background-type":"","background-media":"","overlay-type":"","overlay-color":"","overlay-opacity":"","overlay-gradient":""},"tablet":{"background-color":"","background-image":"","background-repeat":"repeat","background-position":"center center","background-size":"auto","background-attachment":"scroll","background-type":"","background-media":"","overlay-type":"","overlay-color":"","overlay-opacity":"","overlay-gradient":""},"mobile":{"background-color":"","background-image":"","background-repeat":"repeat","background-position":"center center","background-size":"auto","background-attachment":"scroll","background-type":"","background-media":"","overlay-type":"","overlay-color":"","overlay-opacity":"","overlay-gradient":""}},"ast-content-background-meta":{"desktop":{"background-color":"var(--ast-global-color-5)","background-image":"","background-repeat":"repeat","background-position":"center center","background-size":"auto","background-attachment":"scroll","background-type":"","background-media":"","overlay-type":"","overlay-color":"","overlay-opacity":"","overlay-gradient":""},"tablet":{"background-color":"var(--ast-global-color-5)","background-image":"","background-repeat":"repeat","background-position":"center center","background-size":"auto","background-attachment":"scroll","background-type":"","background-media":"","overlay-type":"","overlay-color":"","overlay-opacity":"","overlay-gradient":""},"mobile":{"background-color":"var(--ast-global-color-5)","background-image":"","background-repeat":"repeat","background-position":"center center","background-size":"auto","background-attachment":"scroll","background-type":"","background-media":"","overlay-type":"","overlay-color":"","overlay-opacity":"","overlay-gradient":""}}},"product_brand":[3328],"product_cat":[3393,3470,3514],"product_tag":[3914,3919,3920,3921,3602,1929,1979,1981],"class_list":{"0":"post-19277","1":"product","2":"type-product","3":"status-publish","4":"has-post-thumbnail","6":"product_brand-norton","7":"product_cat-aiguisage","8":"product_cat-des-pierres","9":"product_cat-entretien-des-lames","10":"product_tag-huile-daffutage","11":"product_tag-huile-daffutage-norton","12":"product_tag-huile-de-roche","13":"product_tag-huile-de-rodage-946-ml","14":"product_tag-lame-matinence","15":"product_tag-norton","16":"product_tag-norton-xb2","17":"product_tag-xb2","18":"desktop-align-left","19":"tablet-align-left","20":"mobile-align-left","22":"first","23":"instock","24":"sale","25":"taxable","26":"shipping-taxable","27":"purchasable","28":"product-type-simple"},"acf":[],"_links":{"self":[{"href":"https:\/\/ztsports.com\/fr\/wp-json\/wp\/v2\/product\/19277","targetHints":{"allow":["GET"]}}],"collection":[{"href":"https:\/\/ztsports.com\/fr\/wp-json\/wp\/v2\/product"}],"about":[{"href":"https:\/\/ztsports.com\/fr\/wp-json\/wp\/v2\/types\/product"}],"replies":[{"embeddable":true,"href":"https:\/\/ztsports.com\/fr\/wp-json\/wp\/v2\/comments?post=19277"}],"version-history":[{"count":1,"href":"https:\/\/ztsports.com\/fr\/wp-json\/wp\/v2\/product\/19277\/revisions"}],"predecessor-version":[{"id":19278,"href":"https:\/\/ztsports.com\/fr\/wp-json\/wp\/v2\/product\/19277\/revisions\/19278"}],"wp:featuredmedia":[{"embeddable":true,"href":"https:\/\/ztsports.com\/fr\/wp-json\/wp\/v2\/media\/19279"}],"wp:attachment":[{"href":"https:\/\/ztsports.com\/fr\/wp-json\/wp\/v2\/media?parent=19277"}],"wp:term":[{"taxonomy":"product_brand","embeddable":true,"href":"https:\/\/ztsports.com\/fr\/wp-json\/wp\/v2\/product_brand?post=19277"},{"taxonomy":"product_cat","embeddable":true,"href":"https:\/\/ztsports.com\/fr\/wp-json\/wp\/v2\/product_cat?post=19277"},{"taxonomy":"product_tag","embeddable":true,"href":"https:\/\/ztsports.com\/fr\/wp-json\/wp\/v2\/product_tag?post=19277"}],"curies":[{"name":"wp","href":"https:\/\/api.w.org\/{rel}","templated":true}]}}