{"id":19272,"date":"2021-09-23T02:13:54","date_gmt":"2021-09-23T02:13:54","guid":{"rendered":"https:\/\/ztsports.com\/?post_type=product&#038;p=19272"},"modified":"2026-02-02T20:41:41","modified_gmt":"2026-02-02T20:41:41","slug":"huile-pour-pierre-a-aiguiser-xb1","status":"publish","type":"product","link":"https:\/\/ztsports.com\/fr\/store\/huile-pour-pierre-a-aiguiser-xb1\/","title":{"rendered":"NORTON Huile pour pierre \u00e0 aiguiser XB1 133ML"},"content":{"rendered":"<h1 class=\"tw-data-text tw-text-large tw-ta\" dir=\"ltr\" data-placeholder=\"Translation\"><span class=\"Y2IQFc\" lang=\"en\">NORTON Huile pour pierre \u00e0 aiguiser XB1 133ML<\/span><\/h1>\n<p class=\"tw-data-text tw-text-large tw-ta\" dir=\"ltr\" data-placeholder=\"Translation\"><span class=\"Y2IQFc\" lang=\"en\">NORTON huile pour pierre \u00e0 aiguiser XB1 133ML L&#8217;huile pour pierre \u00e0 aiguiser XB1 de NORTON <\/span>est une huile lubrifiante hautement raffin\u00e9e, sp\u00e9cifiquement formul\u00e9e pour l&#8217;utilisation de pierres \u00e0 aiguiser. \u00c9galement id\u00e9al pour tous les travaux de lubrification, il ne charge pas et ne gomme pas les pierres \u00e0 aiguiser.<\/p>\n<p>De plus, il r\u00e9pond aux normes de la pharmacop\u00e9e am\u00e9ricaine et peut \u00eatre utilis\u00e9 autour des op\u00e9rations de pr\u00e9paration des aliments.<\/p>\n<p>Tout aussi important N&#8217;utilisez jamais de pierres d&#8217;Arkansas ou d&#8217;oxyde d&#8217;aluminium sans huile lubrifiante.<\/p>\n<p>Il s&#8217;agit d&#8217;une excellente huile min\u00e9rale l\u00e9g\u00e8re pour le rodage, qui emp\u00eache les particules m\u00e9talliques d&#8217;\u00e9mailler la pierre. 4.5 fl oz. 133 ml<\/p>\n<p>Fabriqu\u00e9 aux \u00c9tats-Unis.<\/p>\n<pre id=\"tw-target-text\" class=\"tw-data-text tw-text-large tw-ta\" dir=\"ltr\" data-placeholder=\"Translation\"><span class=\"Y2IQFc\" lang=\"en\">Enfin, vous pouvez trouver toutes les huiles et pierres \u00e0 aiguiser <a href=\"https:\/\/ztsports.com\/brand\/norton\/\"><strong>huiles et pierres \u00e0 aiguiser Norton ici<\/strong><\/a>.  <\/span><\/pre>\n<p>&nbsp;<\/p>\n","protected":false},"excerpt":{"rendered":"<p>NORTON Huile pour pierre \u00e0 aiguiser XB1 133ML NORTON huile pour pierre \u00e0 aiguiser XB1 133ML L&#8217;huile pour pierre \u00e0 aiguiser XB1 de NORTON est une huile lubrifiante hautement raffin\u00e9e, sp\u00e9cifiquement formul\u00e9e pour l&#8217;utilisation de pierres \u00e0 aiguiser. \u00c9galement id\u00e9al pour tous les travaux de lubrification, il ne charge pas et ne gomme pas les [&hellip;]<\/p>\n","protected":false},"featured_media":19274,"comment_status":"open","ping_status":"closed","template":"","meta":{"_acf_changed":false,"_monsterinsights_skip_tracking":false,"_monsterinsights_sitenote_active":false,"_monsterinsights_sitenote_note":"","_monsterinsights_sitenote_category":0,"_uf_show_specific_survey":0,"_uf_disable_surveys":false,"site-sidebar-layout":"default","site-content-layout":"","ast-site-content-layout":"default","site-content-style":"default","site-sidebar-style":"default","ast-global-header-display":"","ast-banner-title-visibility":"","ast-main-header-display":"","ast-hfb-above-header-display":"","ast-hfb-below-header-display":"","ast-hfb-mobile-header-display":"","site-post-title":"","ast-breadcrumbs-content":"","ast-featured-img":"","footer-sml-layout":"","ast-disable-related-posts":"","theme-transparent-header-meta":"default","adv-header-id-meta":"","stick-header-meta":"","header-above-stick-meta":"","header-main-stick-meta":"","header-below-stick-meta":"","astra-migrate-meta-layouts":"set","ast-page-background-enabled":"default","ast-page-background-meta":{"desktop":{"background-color":"","background-image":"","background-repeat":"repeat","background-position":"center center","background-size":"auto","background-attachment":"scroll","background-type":"","background-media":"","overlay-type":"","overlay-color":"","overlay-opacity":"","overlay-gradient":""},"tablet":{"background-color":"","background-image":"","background-repeat":"repeat","background-position":"center center","background-size":"auto","background-attachment":"scroll","background-type":"","background-media":"","overlay-type":"","overlay-color":"","overlay-opacity":"","overlay-gradient":""},"mobile":{"background-color":"","background-image":"","background-repeat":"repeat","background-position":"center center","background-size":"auto","background-attachment":"scroll","background-type":"","background-media":"","overlay-type":"","overlay-color":"","overlay-opacity":"","overlay-gradient":""}},"ast-content-background-meta":{"desktop":{"background-color":"var(--ast-global-color-5)","background-image":"","background-repeat":"repeat","background-position":"center center","background-size":"auto","background-attachment":"scroll","background-type":"","background-media":"","overlay-type":"","overlay-color":"","overlay-opacity":"","overlay-gradient":""},"tablet":{"background-color":"var(--ast-global-color-5)","background-image":"","background-repeat":"repeat","background-position":"center center","background-size":"auto","background-attachment":"scroll","background-type":"","background-media":"","overlay-type":"","overlay-color":"","overlay-opacity":"","overlay-gradient":""},"mobile":{"background-color":"var(--ast-global-color-5)","background-image":"","background-repeat":"repeat","background-position":"center center","background-size":"auto","background-attachment":"scroll","background-type":"","background-media":"","overlay-type":"","overlay-color":"","overlay-opacity":"","overlay-gradient":""}}},"product_brand":[3328],"product_cat":[3455,3393,3470,3514],"product_tag":[3914,3915,3916,3917,3918,1984],"class_list":{"0":"post-19272","1":"product","2":"type-product","3":"status-publish","4":"has-post-thumbnail","6":"product_brand-norton","7":"product_cat-accessories","8":"product_cat-aiguisage","9":"product_cat-des-pierres","10":"product_cat-entretien-des-lames","11":"product_tag-huile-daffutage","12":"product_tag-huile-de-norton","13":"product_tag-huile-de-pierre-xb1","14":"product_tag-huile-de-rodage-norton","15":"product_tag-norton-affutage","16":"product_tag-norton-xb1","17":"desktop-align-left","18":"tablet-align-left","19":"mobile-align-left","21":"first","22":"instock","23":"sale","24":"taxable","25":"shipping-taxable","26":"purchasable","27":"product-type-simple"},"acf":[],"_links":{"self":[{"href":"https:\/\/ztsports.com\/fr\/wp-json\/wp\/v2\/product\/19272","targetHints":{"allow":["GET"]}}],"collection":[{"href":"https:\/\/ztsports.com\/fr\/wp-json\/wp\/v2\/product"}],"about":[{"href":"https:\/\/ztsports.com\/fr\/wp-json\/wp\/v2\/types\/product"}],"replies":[{"embeddable":true,"href":"https:\/\/ztsports.com\/fr\/wp-json\/wp\/v2\/comments?post=19272"}],"version-history":[{"count":1,"href":"https:\/\/ztsports.com\/fr\/wp-json\/wp\/v2\/product\/19272\/revisions"}],"predecessor-version":[{"id":19273,"href":"https:\/\/ztsports.com\/fr\/wp-json\/wp\/v2\/product\/19272\/revisions\/19273"}],"wp:featuredmedia":[{"embeddable":true,"href":"https:\/\/ztsports.com\/fr\/wp-json\/wp\/v2\/media\/19274"}],"wp:attachment":[{"href":"https:\/\/ztsports.com\/fr\/wp-json\/wp\/v2\/media?parent=19272"}],"wp:term":[{"taxonomy":"product_brand","embeddable":true,"href":"https:\/\/ztsports.com\/fr\/wp-json\/wp\/v2\/product_brand?post=19272"},{"taxonomy":"product_cat","embeddable":true,"href":"https:\/\/ztsports.com\/fr\/wp-json\/wp\/v2\/product_cat?post=19272"},{"taxonomy":"product_tag","embeddable":true,"href":"https:\/\/ztsports.com\/fr\/wp-json\/wp\/v2\/product_tag?post=19272"}],"curies":[{"name":"wp","href":"https:\/\/api.w.org\/{rel}","templated":true}]}}