{"id":19267,"date":"2021-09-23T02:15:04","date_gmt":"2021-09-23T02:15:04","guid":{"rendered":"https:\/\/ztsports.com\/?post_type=product&#038;p=19267"},"modified":"2026-02-02T20:41:29","modified_gmt":"2026-02-02T20:41:29","slug":"triangle-de-polissage-zandstra","status":"publish","type":"product","link":"https:\/\/ztsports.com\/fr\/store\/triangle-de-polissage-zandstra\/","title":{"rendered":"TRIANGLE DE POLISSAGE ZANDSTRA 3M Triple face"},"content":{"rendered":"<h1 class=\"tw-data-text tw-text-large tw-ta\" dir=\"ltr\" data-placeholder=\"Translation\">TRIANGLE DE POLISSAGE ZANDSTRA 3M<\/h1>\n<p class=\"tw-data-text tw-text-large tw-ta\" dir=\"ltr\" data-placeholder=\"Translation\"><span class=\"Y2IQFc\" lang=\"en\">Le TRIANGLE DE POLISSAGE ZANDSTRA 3M est utilis\u00e9 pour polir la lame. <\/p>\n<p>Un grain tr\u00e8s fin d&#8217;oxyde d&#8217;aluminium fournit une surface tr\u00e8s lisse sous la lame. De plus, pour de meilleurs r\u00e9sultats, il y a 3 diff\u00e9rents films abrasifs autocollants sur un triangle sp\u00e9cial en aluminium extrud\u00e9.<\/p>\n<p>Le triangle a une longueur de 25 cm.<\/span><\/p>\n<h4><span class=\"Y2IQFc\" lang=\"en\">TRIANGLE DE POLISSAGE ZANDSTRA 3M<\/span><\/h4>\n<p><strong><em>Mode d&#8217;emploi :<\/em><\/strong><\/p>\n<p>Mettez les raies dans une turlutte. Commencez par d\u00e9placer lentement le c\u00f4t\u00e9 bleu du triangle d&#8217;avant en arri\u00e8re sur les coureurs. Utiliser toute la surface de la bande abrasive 3M pendant cette action.<\/p>\n<p>Lorsque le frottement diminue pendant le polissage (apr\u00e8s environ 1 minute), passez au c\u00f4t\u00e9 vert. Lorsque la r\u00e9sistance diminue \u00e0 nouveau apr\u00e8s 1 minute, et que l&#8217;on termine par le c\u00f4t\u00e9 rose. Lorsqu&#8217;il n&#8217;y a pas de friction, on est pr\u00eat.<\/p>\n<p>Ce processus prendra environ 3 \u00e0 5 minutes au total. Pour s&#8217;assurer que le r\u00e9sultat est optimal, il faut examiner la surface de glisse du patin.<\/p>\n<p>Lorsque vous voyez un<strong> &#8220;miroir&#8221;<\/strong>, le r\u00e9sultat est optimal. Si ce n&#8217;est pas le cas, refaites le dernier (rose) ou l&#8217;avant-dernier (vert) traitement.<\/p>\n<h4><strong>Grains de polissage :<\/strong><br \/>\nBleu (40 microns) &#8211; grossier<br \/>\nVert (30 microns) &#8211; moyen<br \/>\nRose (3 microns) &#8211; moyennement fin<\/h4>\n<pre id=\"tw-target-text\" class=\"tw-data-text tw-text-large tw-ta\" dir=\"ltr\" data-placeholder=\"Translation\"><span class=\"Y2IQFc\" lang=\"en\"> Remember to buy a <a href=\"https:\/\/ztsports.com\/produit\/bandes-de-remplacement-zandstra\/?lang=fr\"><strong>spare set of Replacement strips<\/strong><\/a>.<\/span><\/pre>\n","protected":false},"excerpt":{"rendered":"<p>TRIANGLE DE POLISSAGE ZANDSTRA 3M Le TRIANGLE DE POLISSAGE ZANDSTRA 3M est utilis\u00e9 pour polir la lame. Un grain tr\u00e8s fin d&#8217;oxyde d&#8217;aluminium fournit une surface tr\u00e8s lisse sous la lame. De plus, pour de meilleurs r\u00e9sultats, il y a 3 diff\u00e9rents films abrasifs autocollants sur un triangle sp\u00e9cial en aluminium extrud\u00e9. Le triangle a [&hellip;]<\/p>\n","protected":false},"featured_media":19269,"comment_status":"open","ping_status":"closed","template":"","meta":{"_acf_changed":false,"_monsterinsights_skip_tracking":false,"_monsterinsights_sitenote_active":false,"_monsterinsights_sitenote_note":"","_monsterinsights_sitenote_category":0,"_uf_show_specific_survey":0,"_uf_disable_surveys":false,"site-sidebar-layout":"default","site-content-layout":"","ast-site-content-layout":"default","site-content-style":"default","site-sidebar-style":"default","ast-global-header-display":"","ast-banner-title-visibility":"","ast-main-header-display":"","ast-hfb-above-header-display":"","ast-hfb-below-header-display":"","ast-hfb-mobile-header-display":"","site-post-title":"","ast-breadcrumbs-content":"","ast-featured-img":"","footer-sml-layout":"","ast-disable-related-posts":"","theme-transparent-header-meta":"default","adv-header-id-meta":"","stick-header-meta":"","header-above-stick-meta":"","header-main-stick-meta":"","header-below-stick-meta":"","astra-migrate-meta-layouts":"set","ast-page-background-enabled":"default","ast-page-background-meta":{"desktop":{"background-color":"","background-image":"","background-repeat":"repeat","background-position":"center center","background-size":"auto","background-attachment":"scroll","background-type":"","background-media":"","overlay-type":"","overlay-color":"","overlay-opacity":"","overlay-gradient":""},"tablet":{"background-color":"","background-image":"","background-repeat":"repeat","background-position":"center center","background-size":"auto","background-attachment":"scroll","background-type":"","background-media":"","overlay-type":"","overlay-color":"","overlay-opacity":"","overlay-gradient":""},"mobile":{"background-color":"","background-image":"","background-repeat":"repeat","background-position":"center center","background-size":"auto","background-attachment":"scroll","background-type":"","background-media":"","overlay-type":"","overlay-color":"","overlay-opacity":"","overlay-gradient":""}},"ast-content-background-meta":{"desktop":{"background-color":"var(--ast-global-color-5)","background-image":"","background-repeat":"repeat","background-position":"center center","background-size":"auto","background-attachment":"scroll","background-type":"","background-media":"","overlay-type":"","overlay-color":"","overlay-opacity":"","overlay-gradient":""},"tablet":{"background-color":"var(--ast-global-color-5)","background-image":"","background-repeat":"repeat","background-position":"center center","background-size":"auto","background-attachment":"scroll","background-type":"","background-media":"","overlay-type":"","overlay-color":"","overlay-opacity":"","overlay-gradient":""},"mobile":{"background-color":"var(--ast-global-color-5)","background-image":"","background-repeat":"repeat","background-position":"center center","background-size":"auto","background-attachment":"scroll","background-type":"","background-media":"","overlay-type":"","overlay-color":"","overlay-opacity":"","overlay-gradient":""}}},"product_brand":[3363],"product_cat":[3393,3580,3470,3514,3468],"product_tag":[3427,3911,3912,3913,1909],"class_list":{"0":"post-19267","1":"product","2":"type-product","3":"status-publish","4":"has-post-thumbnail","6":"product_brand-zandstra","7":"product_cat-aiguisage","8":"product_cat-bandes-de-rechange","9":"product_cat-des-pierres","10":"product_cat-entretien-des-lames","11":"product_cat-pierres-a-aiguiser","12":"product_tag-equipement-de-patinage-de-vitesse","13":"product_tag-polisseur-de-lames","14":"product_tag-triangle-de-polissage","15":"product_tag-triangle-de-polissage-zandstra","16":"product_tag-zandstra","17":"desktop-align-left","18":"tablet-align-left","19":"mobile-align-left","21":"first","22":"instock","23":"taxable","24":"shipping-taxable","25":"purchasable","26":"product-type-simple"},"acf":[],"_links":{"self":[{"href":"https:\/\/ztsports.com\/fr\/wp-json\/wp\/v2\/product\/19267","targetHints":{"allow":["GET"]}}],"collection":[{"href":"https:\/\/ztsports.com\/fr\/wp-json\/wp\/v2\/product"}],"about":[{"href":"https:\/\/ztsports.com\/fr\/wp-json\/wp\/v2\/types\/product"}],"replies":[{"embeddable":true,"href":"https:\/\/ztsports.com\/fr\/wp-json\/wp\/v2\/comments?post=19267"}],"version-history":[{"count":1,"href":"https:\/\/ztsports.com\/fr\/wp-json\/wp\/v2\/product\/19267\/revisions"}],"predecessor-version":[{"id":19268,"href":"https:\/\/ztsports.com\/fr\/wp-json\/wp\/v2\/product\/19267\/revisions\/19268"}],"wp:featuredmedia":[{"embeddable":true,"href":"https:\/\/ztsports.com\/fr\/wp-json\/wp\/v2\/media\/19269"}],"wp:attachment":[{"href":"https:\/\/ztsports.com\/fr\/wp-json\/wp\/v2\/media?parent=19267"}],"wp:term":[{"taxonomy":"product_brand","embeddable":true,"href":"https:\/\/ztsports.com\/fr\/wp-json\/wp\/v2\/product_brand?post=19267"},{"taxonomy":"product_cat","embeddable":true,"href":"https:\/\/ztsports.com\/fr\/wp-json\/wp\/v2\/product_cat?post=19267"},{"taxonomy":"product_tag","embeddable":true,"href":"https:\/\/ztsports.com\/fr\/wp-json\/wp\/v2\/product_tag?post=19267"}],"curies":[{"name":"wp","href":"https:\/\/api.w.org\/{rel}","templated":true}]}}