{"id":19263,"date":"2021-09-23T02:15:07","date_gmt":"2021-09-23T02:15:07","guid":{"rendered":"https:\/\/ztsports.com\/?post_type=product&#038;p=19263"},"modified":"2026-02-02T20:41:03","modified_gmt":"2026-02-02T20:41:03","slug":"pierre-ceramic-polishing-stone","status":"publish","type":"product","link":"https:\/\/ztsports.com\/fr\/store\/pierre-ceramic-polishing-stone\/","title":{"rendered":"PIERRE A POLIR C\u00c9RAMIQUE MASTERLAP Ultra Super Polisher"},"content":{"rendered":"<h2 class=\"tw-data-text tw-text-large tw-ta\" dir=\"ltr\" data-placeholder=\"Translation\"><span class=\"Y2IQFc\" lang=\"en\">PIERRE A POLIR C\u00c9RAMIQUE MASTERLAP Ultra<\/span><\/h2>\n<p class=\"tw-data-text tw-text-large tw-ta\" dir=\"ltr\" data-placeholder=\"Translation\"><span class=\"Y2IQFc\" lang=\"en\">La pierre \u00e0 polir en c\u00e9ramique <\/span><span class=\"Y2IQFc\" lang=\"en\">Masterlap ultra <\/span> <span class=\"Y2IQFc\" lang=\"en\">est une pierre c\u00e9ramique ultra fine avec un indice d&#8217;abrasion de 8000. Le Masterlap est l&#8217;outil de polissage ultime sur le march\u00e9 aujourd&#8217;hui.<\/span><\/p>\n<p dir=\"ltr\" data-placeholder=\"Translation\">Cette pierre \u00e0 aiguiser en c\u00e9ramique est con\u00e7ue pour les patineurs professionnels de longue piste et de courte piste.<\/p>\n<p dir=\"ltr\" data-placeholder=\"Translation\">La granulom\u00e9trie est de 8000, ce qui correspond \u00e0 une granulom\u00e9trie super fine.<\/p>\n<p dir=\"ltr\" data-placeholder=\"Translation\">Cette pierre est destin\u00e9e \u00e0 \u00eatre utilis\u00e9e pour le polissage final lors de l&#8217;aff\u00fbtage de vos lames longues ou courtes. Les pierres \u00e0 polir en c\u00e9ramique vous aident \u00e0 augmenter votre glisse en patinant et vous donnent une finition miroir.<\/p>\n<p class=\"tw-data-text tw-text-large tw-ta\" dir=\"ltr\" data-placeholder=\"Translation\"><span class=\"Y2IQFc\" lang=\"en\">De plus, il laisse une finition parfaitement miroir et il est indestructible. Apr\u00e8s avoir pass\u00e9 le c\u00f4t\u00e9 lisse de votre pierre \u00e0 aiguiser, passez directement au polissage final avec le Masterlap Ultra.  <\/span><\/p>\n<p class=\"tw-data-text tw-text-large tw-ta\" dir=\"ltr\" data-placeholder=\"Translation\"><span class=\"Y2IQFc\" lang=\"en\">Voyez le r\u00e9sultat ph\u00e9nom\u00e9nal du miroir et le glissement de l&#8217;altumate.<\/span><\/p>\n<p dir=\"ltr\" data-placeholder=\"Translation\">La plupart des patineurs professionnels pr\u00e9f\u00e8rent les pierres en c\u00e9ramique pour le polissage final aux pierres en diamant.<\/p>\n<p class=\"tw-data-text tw-text-large tw-ta\" dir=\"ltr\" data-placeholder=\"Translation\"><span class=\"Y2IQFc\" lang=\"en\">En outre, nous vous fournissons une enveloppe de protection en daim pour votre pierre de polissage Ceramic Master Lap.<\/span><\/p>\n<p dir=\"ltr\" data-placeholder=\"Translation\"><span class=\"Y2IQFc\" lang=\"en\">Enfin, nous disposons d&#8217;une large <a href=\"https:\/\/ztsports.com\/categorie-produit\/ceramique\/?lang=fr\"><strong>s\u00e9lection de pierres c\u00e9ramiques<\/strong><\/a> situ\u00e9e ici<\/span><\/p>\n","protected":false},"excerpt":{"rendered":"<p>PIERRE A POLIR C\u00c9RAMIQUE MASTERLAP Ultra La pierre \u00e0 polir en c\u00e9ramique Masterlap ultra est une pierre c\u00e9ramique ultra fine avec un indice d&#8217;abrasion de 8000. Le Masterlap est l&#8217;outil de polissage ultime sur le march\u00e9 aujourd&#8217;hui. Cette pierre \u00e0 aiguiser en c\u00e9ramique est con\u00e7ue pour les patineurs professionnels de longue piste et de courte [&hellip;]<\/p>\n","protected":false},"featured_media":19265,"comment_status":"open","ping_status":"closed","template":"","meta":{"_acf_changed":false,"_monsterinsights_skip_tracking":false,"_monsterinsights_sitenote_active":false,"_monsterinsights_sitenote_note":"","_monsterinsights_sitenote_category":0,"_uf_show_specific_survey":0,"_uf_disable_surveys":false,"site-sidebar-layout":"default","site-content-layout":"","ast-site-content-layout":"default","site-content-style":"default","site-sidebar-style":"default","ast-global-header-display":"","ast-banner-title-visibility":"","ast-main-header-display":"","ast-hfb-above-header-display":"","ast-hfb-below-header-display":"","ast-hfb-mobile-header-display":"","site-post-title":"","ast-breadcrumbs-content":"","ast-featured-img":"","footer-sml-layout":"","ast-disable-related-posts":"","theme-transparent-header-meta":"default","adv-header-id-meta":"","stick-header-meta":"","header-above-stick-meta":"","header-main-stick-meta":"","header-below-stick-meta":"","astra-migrate-meta-layouts":"set","ast-page-background-enabled":"default","ast-page-background-meta":{"desktop":{"background-color":"","background-image":"","background-repeat":"repeat","background-position":"center center","background-size":"auto","background-attachment":"scroll","background-type":"","background-media":"","overlay-type":"","overlay-color":"","overlay-opacity":"","overlay-gradient":""},"tablet":{"background-color":"","background-image":"","background-repeat":"repeat","background-position":"center center","background-size":"auto","background-attachment":"scroll","background-type":"","background-media":"","overlay-type":"","overlay-color":"","overlay-opacity":"","overlay-gradient":""},"mobile":{"background-color":"","background-image":"","background-repeat":"repeat","background-position":"center center","background-size":"auto","background-attachment":"scroll","background-type":"","background-media":"","overlay-type":"","overlay-color":"","overlay-opacity":"","overlay-gradient":""}},"ast-content-background-meta":{"desktop":{"background-color":"var(--ast-global-color-5)","background-image":"","background-repeat":"repeat","background-position":"center center","background-size":"auto","background-attachment":"scroll","background-type":"","background-media":"","overlay-type":"","overlay-color":"","overlay-opacity":"","overlay-gradient":""},"tablet":{"background-color":"var(--ast-global-color-5)","background-image":"","background-repeat":"repeat","background-position":"center center","background-size":"auto","background-attachment":"scroll","background-type":"","background-media":"","overlay-type":"","overlay-color":"","overlay-opacity":"","overlay-gradient":""},"mobile":{"background-color":"var(--ast-global-color-5)","background-image":"","background-repeat":"repeat","background-position":"center center","background-size":"auto","background-attachment":"scroll","background-type":"","background-media":"","overlay-type":"","overlay-color":"","overlay-opacity":"","overlay-gradient":""}}},"product_brand":[3322],"product_cat":[3455,3393,3906,3470,3514,3467],"product_tag":[1997,3602,1945,3907,3908,3909,1927,1752,3910],"class_list":{"0":"post-19263","1":"product","2":"type-product","3":"status-publish","4":"has-post-thumbnail","6":"product_brand-masterlap","7":"product_cat-accessories","8":"product_cat-aiguisage","9":"product_cat-ceramique","10":"product_cat-des-pierres","11":"product_cat-entretien-des-lames","12":"product_cat-patinage-de-vitesse","13":"product_tag-ceramic-polishing-stone","14":"product_tag-lame-matinence","15":"product_tag-masterlap","16":"product_tag-pierre-ceramique","17":"product_tag-polissage-de-la-pierre","18":"product_tag-polissage-de-la-pierre-ceramique-masterlap","19":"product_tag-sharpening-stone","20":"product_tag-speed-skating-equipment","21":"product_tag-ultra-super-polisseur","22":"desktop-align-left","23":"tablet-align-left","24":"mobile-align-left","26":"first","27":"onbackorder","28":"taxable","29":"shipping-taxable","30":"purchasable","31":"product-type-simple"},"acf":[],"_links":{"self":[{"href":"https:\/\/ztsports.com\/fr\/wp-json\/wp\/v2\/product\/19263","targetHints":{"allow":["GET"]}}],"collection":[{"href":"https:\/\/ztsports.com\/fr\/wp-json\/wp\/v2\/product"}],"about":[{"href":"https:\/\/ztsports.com\/fr\/wp-json\/wp\/v2\/types\/product"}],"replies":[{"embeddable":true,"href":"https:\/\/ztsports.com\/fr\/wp-json\/wp\/v2\/comments?post=19263"}],"version-history":[{"count":1,"href":"https:\/\/ztsports.com\/fr\/wp-json\/wp\/v2\/product\/19263\/revisions"}],"predecessor-version":[{"id":19264,"href":"https:\/\/ztsports.com\/fr\/wp-json\/wp\/v2\/product\/19263\/revisions\/19264"}],"wp:featuredmedia":[{"embeddable":true,"href":"https:\/\/ztsports.com\/fr\/wp-json\/wp\/v2\/media\/19265"}],"wp:attachment":[{"href":"https:\/\/ztsports.com\/fr\/wp-json\/wp\/v2\/media?parent=19263"}],"wp:term":[{"taxonomy":"product_brand","embeddable":true,"href":"https:\/\/ztsports.com\/fr\/wp-json\/wp\/v2\/product_brand?post=19263"},{"taxonomy":"product_cat","embeddable":true,"href":"https:\/\/ztsports.com\/fr\/wp-json\/wp\/v2\/product_cat?post=19263"},{"taxonomy":"product_tag","embeddable":true,"href":"https:\/\/ztsports.com\/fr\/wp-json\/wp\/v2\/product_tag?post=19263"}],"curies":[{"name":"wp","href":"https:\/\/api.w.org\/{rel}","templated":true}]}}