{"id":19259,"date":"2021-09-23T02:15:07","date_gmt":"2021-09-23T02:15:07","guid":{"rendered":"https:\/\/ztsports.com\/?post_type=product&#038;p=19259"},"modified":"2026-02-02T20:40:49","modified_gmt":"2026-02-02T20:40:49","slug":"systeme-de-polissage-masterlap","status":"publish","type":"product","link":"https:\/\/ztsports.com\/fr\/store\/systeme-de-polissage-masterlap\/","title":{"rendered":"Syst\u00e8me de polissage MASTERLAP avec \u00e9tui de voyage"},"content":{"rendered":"<pre id=\"tw-target-text\" class=\"tw-data-text tw-text-large tw-ta\" dir=\"ltr\" data-placeholder=\"Translation\" aria-label=\"Translated text\" data-ved=\"2ahUKEwiGofL-0IOHAxUUkYkEHaCKCBoQ3ewLegQIBxAU\"><span class=\"Y2IQFc\" lang=\"fr\">SYST\u00c8ME DE POLISSAGE MASTERLAP\r\nl'outil parfait pour polir les patins de vitesse sur glace ! \r\nUn grain d'oxyde d'aluminium tr\u00e8s fin assure une finition lisse et soyeuse.\r\nCe syst\u00e8me de polissage incroyable contient\u00a0:\r\n 2 pierres\r\n lubrifiant sp\u00e9cial\r\n instructions\r\n trousse de voyage rembourr\u00e9e. \r\n Dissolvant Burr Master \r\n\r\nLe syst\u00e8me de polissage ultime.\r\nD\u00e9couvrez tous nos <a href=\"https:\/\/ztsports.com\/categorie-produit\/aiguisage\/des-pierres\/?lang=fr\"><strong>articles d\u2019aff\u00fbtage ici.<\/strong><\/a><\/span><\/pre>\n","protected":false},"excerpt":{"rendered":"<p>SYST\u00c8ME DE POLISSAGE MASTERLAP l&#8217;outil parfait pour polir les patins de vitesse sur glace ! Un grain d&#8217;oxyde d&#8217;aluminium tr\u00e8s fin assure une finition lisse et soyeuse. Ce syst\u00e8me de polissage incroyable contient\u00a0: 2 pierres lubrifiant sp\u00e9cial instructions trousse de voyage rembourr\u00e9e. Dissolvant Burr Master Le syst\u00e8me de polissage ultime. D\u00e9couvrez tous nos articles d\u2019aff\u00fbtage [&hellip;]<\/p>\n","protected":false},"featured_media":19261,"comment_status":"open","ping_status":"closed","template":"","meta":{"_acf_changed":false,"_monsterinsights_skip_tracking":false,"_monsterinsights_sitenote_active":false,"_monsterinsights_sitenote_note":"","_monsterinsights_sitenote_category":0,"_uf_show_specific_survey":0,"_uf_disable_surveys":false,"site-sidebar-layout":"default","site-content-layout":"","ast-site-content-layout":"default","site-content-style":"default","site-sidebar-style":"default","ast-global-header-display":"","ast-banner-title-visibility":"","ast-main-header-display":"","ast-hfb-above-header-display":"","ast-hfb-below-header-display":"","ast-hfb-mobile-header-display":"","site-post-title":"","ast-breadcrumbs-content":"","ast-featured-img":"","footer-sml-layout":"","ast-disable-related-posts":"","theme-transparent-header-meta":"default","adv-header-id-meta":"","stick-header-meta":"","header-above-stick-meta":"","header-main-stick-meta":"","header-below-stick-meta":"","astra-migrate-meta-layouts":"set","ast-page-background-enabled":"default","ast-page-background-meta":{"desktop":{"background-color":"","background-image":"","background-repeat":"repeat","background-position":"center center","background-size":"auto","background-attachment":"scroll","background-type":"","background-media":"","overlay-type":"","overlay-color":"","overlay-opacity":"","overlay-gradient":""},"tablet":{"background-color":"","background-image":"","background-repeat":"repeat","background-position":"center center","background-size":"auto","background-attachment":"scroll","background-type":"","background-media":"","overlay-type":"","overlay-color":"","overlay-opacity":"","overlay-gradient":""},"mobile":{"background-color":"","background-image":"","background-repeat":"repeat","background-position":"center center","background-size":"auto","background-attachment":"scroll","background-type":"","background-media":"","overlay-type":"","overlay-color":"","overlay-opacity":"","overlay-gradient":""}},"ast-content-background-meta":{"desktop":{"background-color":"var(--ast-global-color-5)","background-image":"","background-repeat":"repeat","background-position":"center center","background-size":"auto","background-attachment":"scroll","background-type":"","background-media":"","overlay-type":"","overlay-color":"","overlay-opacity":"","overlay-gradient":""},"tablet":{"background-color":"var(--ast-global-color-5)","background-image":"","background-repeat":"repeat","background-position":"center center","background-size":"auto","background-attachment":"scroll","background-type":"","background-media":"","overlay-type":"","overlay-color":"","overlay-opacity":"","overlay-gradient":""},"mobile":{"background-color":"var(--ast-global-color-5)","background-image":"","background-repeat":"repeat","background-position":"center center","background-size":"auto","background-attachment":"scroll","background-type":"","background-media":"","overlay-type":"","overlay-color":"","overlay-opacity":"","overlay-gradient":""}}},"product_brand":[3322],"product_cat":[3393,3470,3514],"product_tag":[3602,1945,1996,3905],"class_list":{"0":"post-19259","1":"product","2":"type-product","3":"status-publish","4":"has-post-thumbnail","6":"product_brand-masterlap","7":"product_cat-aiguisage","8":"product_cat-des-pierres","9":"product_cat-entretien-des-lames","10":"product_tag-lame-matinence","11":"product_tag-masterlap","12":"product_tag-masterlap-polishing-system","13":"product_tag-polisseuse-de-lames","14":"desktop-align-left","15":"tablet-align-left","16":"mobile-align-left","18":"first","19":"instock","20":"taxable","21":"shipping-taxable","22":"purchasable","23":"product-type-simple"},"acf":[],"_links":{"self":[{"href":"https:\/\/ztsports.com\/fr\/wp-json\/wp\/v2\/product\/19259","targetHints":{"allow":["GET"]}}],"collection":[{"href":"https:\/\/ztsports.com\/fr\/wp-json\/wp\/v2\/product"}],"about":[{"href":"https:\/\/ztsports.com\/fr\/wp-json\/wp\/v2\/types\/product"}],"replies":[{"embeddable":true,"href":"https:\/\/ztsports.com\/fr\/wp-json\/wp\/v2\/comments?post=19259"}],"version-history":[{"count":1,"href":"https:\/\/ztsports.com\/fr\/wp-json\/wp\/v2\/product\/19259\/revisions"}],"predecessor-version":[{"id":19260,"href":"https:\/\/ztsports.com\/fr\/wp-json\/wp\/v2\/product\/19259\/revisions\/19260"}],"wp:featuredmedia":[{"embeddable":true,"href":"https:\/\/ztsports.com\/fr\/wp-json\/wp\/v2\/media\/19261"}],"wp:attachment":[{"href":"https:\/\/ztsports.com\/fr\/wp-json\/wp\/v2\/media?parent=19259"}],"wp:term":[{"taxonomy":"product_brand","embeddable":true,"href":"https:\/\/ztsports.com\/fr\/wp-json\/wp\/v2\/product_brand?post=19259"},{"taxonomy":"product_cat","embeddable":true,"href":"https:\/\/ztsports.com\/fr\/wp-json\/wp\/v2\/product_cat?post=19259"},{"taxonomy":"product_tag","embeddable":true,"href":"https:\/\/ztsports.com\/fr\/wp-json\/wp\/v2\/product_tag?post=19259"}],"curies":[{"name":"wp","href":"https:\/\/api.w.org\/{rel}","templated":true}]}}