{"id":19249,"date":"2021-09-23T02:15:10","date_gmt":"2021-09-23T02:15:10","guid":{"rendered":"https:\/\/ztsports.com\/?post_type=product&#038;p=19249"},"modified":"2026-02-02T20:40:26","modified_gmt":"2026-02-02T20:40:26","slug":"evo-quarq-st-bi-metal","status":"publish","type":"product","link":"https:\/\/ztsports.com\/fr\/store\/evo-quarq-st-bi-metal\/","title":{"rendered":"Evo QuarQ Short Track Bi-Metal"},"content":{"rendered":"<h1>EVO QUARQ ST Bi-Metal<\/h1>\n<p>La lame Evo QuarQ ST Bi-Metal Full Bimetal offre une adh\u00e9rence sup\u00e9rieure tout en maintenant des niveaux \u00e9lev\u00e9s de contr\u00f4le et de sensation.<\/p>\n<p><span data-sheets-value=\"{\"1\":2,\"2\":\"Stifness\"}\" data-sheets-userformat=\"{\"2\":31231,\"3\":{\"1\":0,\"3\":1},\"4\":[null,2,15197926],\"5\":{\"1\":[{\"1\":2,\"2\":0,\"5\":{\"1\":0}},{\"1\":0,\"2\":0,\"3\":3},{\"1\":1,\"2\":0,\"4\":1}]},\"6\":{\"1\":[{\"1\":2,\"2\":0,\"5\":[null,2,0]},{\"1\":0,\"2\":0,\"3\":3},{\"1\":1,\"2\":0,\"4\":2}]},\"7\":{\"1\":[{\"1\":2,\"2\":0,\"5\":[null,2,0]},{\"1\":0,\"2\":0,\"3\":3},{\"1\":1,\"2\":0,\"4\":2}]},\"8\":{\"1\":[{\"1\":2,\"2\":0,\"5\":[null,2,0]},{\"1\":0,\"2\":0,\"3\":3},{\"1\":1,\"2\":0,\"4\":2}]},\"9\":1,\"10\":1,\"11\":4,\"14\":[null,2,0],\"15\":\"Calibri\",\"16\":12,\"17\":1}\">La lame de patinage de vitesse sur piste courte Evo Quarq convient parfaitement aux patineurs plus l\u00e9gers qui exigent une adh\u00e9rence sup\u00e9rieure tout en conservant des niveaux \u00e9lev\u00e9s de contr\u00f4le et de sensation.<\/span><\/p>\n<p><span data-sheets-value=\"{\"1\":2,\"2\":\"Stifness\"}\" data-sheets-userformat=\"{\"2\":31231,\"3\":{\"1\":0,\"3\":1},\"4\":[null,2,15197926],\"5\":{\"1\":[{\"1\":2,\"2\":0,\"5\":{\"1\":0}},{\"1\":0,\"2\":0,\"3\":3},{\"1\":1,\"2\":0,\"4\":1}]},\"6\":{\"1\":[{\"1\":2,\"2\":0,\"5\":[null,2,0]},{\"1\":0,\"2\":0,\"3\":3},{\"1\":1,\"2\":0,\"4\":2}]},\"7\":{\"1\":[{\"1\":2,\"2\":0,\"5\":[null,2,0]},{\"1\":0,\"2\":0,\"3\":3},{\"1\":1,\"2\":0,\"4\":2}]},\"8\":{\"1\":[{\"1\":2,\"2\":0,\"5\":[null,2,0]},{\"1\":0,\"2\":0,\"3\":3},{\"1\":1,\"2\":0,\"4\":2}]},\"9\":1,\"10\":1,\"11\":4,\"14\":[null,2,0],\"15\":\"Calibri\",\"16\":12,\"17\":1}\">Les lames Quarq sont livr\u00e9es avec des bonnets de taille 0 en standard, mais nous disposons de bonnets de taille +5. <\/span><\/p>\n<p><span data-sheets-value=\"{\"1\":2,\"2\":\"Stifness\"}\" data-sheets-userformat=\"{\"2\":31231,\"3\":{\"1\":0,\"3\":1},\"4\":[null,2,15197926],\"5\":{\"1\":[{\"1\":2,\"2\":0,\"5\":{\"1\":0}},{\"1\":0,\"2\":0,\"3\":3},{\"1\":1,\"2\":0,\"4\":1}]},\"6\":{\"1\":[{\"1\":2,\"2\":0,\"5\":[null,2,0]},{\"1\":0,\"2\":0,\"3\":3},{\"1\":1,\"2\":0,\"4\":2}]},\"7\":{\"1\":[{\"1\":2,\"2\":0,\"5\":[null,2,0]},{\"1\":0,\"2\":0,\"3\":3},{\"1\":1,\"2\":0,\"4\":2}]},\"8\":{\"1\":[{\"1\":2,\"2\":0,\"5\":[null,2,0]},{\"1\":0,\"2\":0,\"3\":3},{\"1\":1,\"2\":0,\"4\":2}]},\"9\":1,\"10\":1,\"11\":4,\"14\":[null,2,0],\"15\":\"Calibri\",\"16\":12,\"17\":1}\">Si vous souhaitez une taille de bonnet diff\u00e9rente de 0, veuillez le pr\u00e9ciser dans les notes de commande. Merci de votre attention !<\/span><\/p>\n<ul class=\"productspecs\">\n<li>Cette lame bi-m\u00e9tal offre une prise en main sup\u00e9rieure tout en maintenant un haut niveau de contr\u00f4le et de sensation.<\/li>\n<li>Le m\u00e9tal en poudre 62HRC maintient une qualit\u00e9 et un tranchant excellents.<\/li>\n<li>7000 Aluminium<\/li>\n<li>Con\u00e7ue au Canada et fabriqu\u00e9e aux Pays-Bas, l&#8217;aluminium et l&#8217;acier de premi\u00e8re qualit\u00e9 proviennent des Pays-Bas.<\/li>\n<li>Le syst\u00e8me de coupelles innovant d&#8217;Evo offre une interface de montage solide pour une mise en place et un r\u00e9glage simples et efficaces.<\/li>\n<li>Pr\u00e9-courb\u00e9<\/li>\n<\/ul>\n<p>Disponible en lame bi-m\u00e9tal.<\/p>\n<p>Enfin, comparez toutes nos <a href=\"https:\/\/ztsports.com\/categorie-produit\/courte-piste\/lame\/?lang=fr\">lames Short Track ici<\/a>.<\/p>\n<h3 data-rm-block-id=\"block-14\">N&#8217;oubliez pas d&#8217;ajouter la <strong><a href=\"https:\/\/ztsports.com\/produit\/preparation-des-lames-pour-la-piste-courte\/?lang=fr\">Pr\u00e9paration de la lame.<\/a><\/strong><\/h3>\n","protected":false},"excerpt":{"rendered":"<p>EVO QUARQ ST Bi-Metal La lame Evo QuarQ ST Bi-Metal Full Bimetal offre une adh\u00e9rence sup\u00e9rieure tout en maintenant des niveaux \u00e9lev\u00e9s de contr\u00f4le et de sensation. La lame de patinage de vitesse sur piste courte Evo Quarq convient parfaitement aux patineurs plus l\u00e9gers qui exigent une adh\u00e9rence sup\u00e9rieure tout en conservant des niveaux \u00e9lev\u00e9s [&hellip;]<\/p>\n","protected":false},"featured_media":19251,"comment_status":"open","ping_status":"closed","template":"","meta":{"_acf_changed":false,"_monsterinsights_skip_tracking":false,"_monsterinsights_sitenote_active":false,"_monsterinsights_sitenote_note":"","_monsterinsights_sitenote_category":0,"_uf_show_specific_survey":0,"_uf_disable_surveys":false,"site-sidebar-layout":"default","site-content-layout":"","ast-site-content-layout":"default","site-content-style":"default","site-sidebar-style":"default","ast-global-header-display":"","ast-banner-title-visibility":"","ast-main-header-display":"","ast-hfb-above-header-display":"","ast-hfb-below-header-display":"","ast-hfb-mobile-header-display":"","site-post-title":"","ast-breadcrumbs-content":"","ast-featured-img":"","footer-sml-layout":"","ast-disable-related-posts":"","theme-transparent-header-meta":"default","adv-header-id-meta":"","stick-header-meta":"","header-above-stick-meta":"","header-main-stick-meta":"","header-below-stick-meta":"","astra-migrate-meta-layouts":"set","ast-page-background-enabled":"default","ast-page-background-meta":{"desktop":{"background-color":"","background-image":"","background-repeat":"repeat","background-position":"center center","background-size":"auto","background-attachment":"scroll","background-type":"","background-media":"","overlay-type":"","overlay-color":"","overlay-opacity":"","overlay-gradient":""},"tablet":{"background-color":"","background-image":"","background-repeat":"repeat","background-position":"center center","background-size":"auto","background-attachment":"scroll","background-type":"","background-media":"","overlay-type":"","overlay-color":"","overlay-opacity":"","overlay-gradient":""},"mobile":{"background-color":"","background-image":"","background-repeat":"repeat","background-position":"center center","background-size":"auto","background-attachment":"scroll","background-type":"","background-media":"","overlay-type":"","overlay-color":"","overlay-opacity":"","overlay-gradient":""}},"ast-content-background-meta":{"desktop":{"background-color":"var(--ast-global-color-5)","background-image":"","background-repeat":"repeat","background-position":"center center","background-size":"auto","background-attachment":"scroll","background-type":"","background-media":"","overlay-type":"","overlay-color":"","overlay-opacity":"","overlay-gradient":""},"tablet":{"background-color":"var(--ast-global-color-5)","background-image":"","background-repeat":"repeat","background-position":"center center","background-size":"auto","background-attachment":"scroll","background-type":"","background-media":"","overlay-type":"","overlay-color":"","overlay-opacity":"","overlay-gradient":""},"mobile":{"background-color":"var(--ast-global-color-5)","background-image":"","background-repeat":"repeat","background-position":"center center","background-size":"auto","background-attachment":"scroll","background-type":"","background-media":"","overlay-type":"","overlay-color":"","overlay-opacity":"","overlay-gradient":""}}},"product_brand":[3297,3338],"product_cat":[3395,3508,3620,3625],"product_tag":[3904,1881,2003,2004,3623,2005],"class_list":{"0":"post-19249","1":"product","2":"type-product","3":"status-publish","4":"has-post-thumbnail","6":"product_brand-evo","7":"product_brand-skate-tec","8":"product_cat-courte-piste","9":"product_cat-lame","10":"product_cat-lames-pour-piste-courte","11":"product_cat-patins-de-vitesse","12":"product_tag-bimedaille","13":"product_tag-evo","14":"product_tag-evo-quarq","15":"product_tag-evo-quarq-bi-medal","16":"product_tag-lames-pour-piste-courte","17":"product_tag-quarq","18":"desktop-align-left","19":"tablet-align-left","20":"mobile-align-left","22":"first","23":"instock","24":"taxable","25":"shipping-taxable","26":"purchasable","27":"product-type-simple"},"acf":[],"_links":{"self":[{"href":"https:\/\/ztsports.com\/fr\/wp-json\/wp\/v2\/product\/19249","targetHints":{"allow":["GET"]}}],"collection":[{"href":"https:\/\/ztsports.com\/fr\/wp-json\/wp\/v2\/product"}],"about":[{"href":"https:\/\/ztsports.com\/fr\/wp-json\/wp\/v2\/types\/product"}],"replies":[{"embeddable":true,"href":"https:\/\/ztsports.com\/fr\/wp-json\/wp\/v2\/comments?post=19249"}],"version-history":[{"count":1,"href":"https:\/\/ztsports.com\/fr\/wp-json\/wp\/v2\/product\/19249\/revisions"}],"predecessor-version":[{"id":19250,"href":"https:\/\/ztsports.com\/fr\/wp-json\/wp\/v2\/product\/19249\/revisions\/19250"}],"wp:featuredmedia":[{"embeddable":true,"href":"https:\/\/ztsports.com\/fr\/wp-json\/wp\/v2\/media\/19251"}],"wp:attachment":[{"href":"https:\/\/ztsports.com\/fr\/wp-json\/wp\/v2\/media?parent=19249"}],"wp:term":[{"taxonomy":"product_brand","embeddable":true,"href":"https:\/\/ztsports.com\/fr\/wp-json\/wp\/v2\/product_brand?post=19249"},{"taxonomy":"product_cat","embeddable":true,"href":"https:\/\/ztsports.com\/fr\/wp-json\/wp\/v2\/product_cat?post=19249"},{"taxonomy":"product_tag","embeddable":true,"href":"https:\/\/ztsports.com\/fr\/wp-json\/wp\/v2\/product_tag?post=19249"}],"curies":[{"name":"wp","href":"https:\/\/api.w.org\/{rel}","templated":true}]}}