{"id":19245,"date":"2021-09-23T02:16:17","date_gmt":"2021-09-23T02:16:17","guid":{"rendered":"https:\/\/ztsports.com\/?post_type=product&#038;p=19245"},"modified":"2026-02-02T20:39:15","modified_gmt":"2026-02-02T20:39:15","slug":"base360-short-track-glove","status":"publish","type":"product","link":"https:\/\/ztsports.com\/fr\/store\/base360-short-track-glove\/","title":{"rendered":"BASE360 Short Track GLOVE ADULT SIZING"},"content":{"rendered":"<p class=\"tw-data-text tw-text-large tw-ta\" dir=\"ltr\" data-placeholder=\"Translation\"><span class=\"Y2IQFc\" lang=\"en\"><strong>BASE360<\/strong> Short Track GLOVE est un gant de protection efficace contre les coupures. Cr\u00e9\u00e9 sp\u00e9cifiquement pour le patinage de vitesse. Son design l\u00e9ger et sportif \u00e9tablit une nouvelle norme en mati\u00e8re de s\u00e9curit\u00e9 et de performance. Parfait pour les patineurs \u00e0 la recherche d&#8217;un avantage suppl\u00e9mentaire pendant l&#8217;entra\u00eenement et la comp\u00e9tition. <\/span><\/p>\n<p class=\"tw-data-text tw-text-large tw-ta\" dir=\"ltr\" data-placeholder=\"Translation\"><span class=\"Y2IQFc\" lang=\"en\">Ce gant est fait pour vous, c&#8217;est le gant de protection le plus fonctionnel pour le short track. offre en outre une protection compl\u00e8te de la paume et de la main contre les coupures. Cr\u00e9\u00e9 sp\u00e9cifiquement pour le patinage de vitesse. <\/span><\/p>\n<p class=\"tw-data-text tw-text-large tw-ta\" dir=\"ltr\" data-placeholder=\"Translation\"><span class=\"Y2IQFc\" lang=\"en\">De plus, ils sont l\u00e9gers et ont un design athl\u00e9tique qui \u00e9tablit une nouvelle norme de s\u00e9curit\u00e9 et de performance pour les patineurs qui recherchent un avantage suppl\u00e9mentaire \u00e0 l&#8217;entra\u00eenement et en comp\u00e9tition.<\/span><\/p>\n<p class=\"tw-data-text tw-text-large tw-ta\" dir=\"ltr\" data-placeholder=\"Translation\">Les gants se rapportent \u00e0 la taille num\u00e9rique comme suit :<\/p>\n<p dir=\"ltr\" data-placeholder=\"Translation\"><strong>TAILLE ADULTE BASE360 Short Track GLOVE<\/strong><\/p>\n<p class=\"tw-data-text tw-text-large tw-ta\" dir=\"ltr\" data-placeholder=\"Translation\">Petit &#8211; 7,<\/p>\n<p class=\"tw-data-text tw-text-large tw-ta\" dir=\"ltr\" data-placeholder=\"Translation\">Moyen &#8211; 8,<\/p>\n<p class=\"tw-data-text tw-text-large tw-ta\" dir=\"ltr\" data-placeholder=\"Translation\">Grand &#8211; 9,Adulte<\/p>\n<p class=\"tw-data-text tw-text-large tw-ta\" dir=\"ltr\" data-placeholder=\"Translation\">X Large &#8211; 10<\/p>\n<p class=\"tw-data-text tw-text-large tw-ta\" dir=\"ltr\" data-placeholder=\"Translation\"><span class=\"Y2IQFc\" lang=\"en\">Enfin voir tous les gants <a href=\"https:\/\/ztsports.com\/product-category\/protection\/gloves\/\"><strong>gants de piste<\/strong><\/a> ici.<\/span><\/p>\n","protected":false},"excerpt":{"rendered":"<p>BASE360 Short Track GLOVE est un gant de protection efficace contre les coupures. Cr\u00e9\u00e9 sp\u00e9cifiquement pour le patinage de vitesse. Son design l\u00e9ger et sportif \u00e9tablit une nouvelle norme en mati\u00e8re de s\u00e9curit\u00e9 et de performance. Parfait pour les patineurs \u00e0 la recherche d&#8217;un avantage suppl\u00e9mentaire pendant l&#8217;entra\u00eenement et la comp\u00e9tition. Ce gant est fait [&hellip;]<\/p>\n","protected":false},"featured_media":19247,"comment_status":"open","ping_status":"closed","template":"","meta":{"_acf_changed":false,"_monsterinsights_skip_tracking":false,"_monsterinsights_sitenote_active":false,"_monsterinsights_sitenote_note":"","_monsterinsights_sitenote_category":0,"_uf_show_specific_survey":0,"_uf_disable_surveys":false,"site-sidebar-layout":"default","site-content-layout":"","ast-site-content-layout":"default","site-content-style":"default","site-sidebar-style":"default","ast-global-header-display":"","ast-banner-title-visibility":"","ast-main-header-display":"","ast-hfb-above-header-display":"","ast-hfb-below-header-display":"","ast-hfb-mobile-header-display":"","site-post-title":"","ast-breadcrumbs-content":"","ast-featured-img":"","footer-sml-layout":"","ast-disable-related-posts":"","theme-transparent-header-meta":"default","adv-header-id-meta":"","stick-header-meta":"","header-above-stick-meta":"","header-main-stick-meta":"","header-below-stick-meta":"","astra-migrate-meta-layouts":"set","ast-page-background-enabled":"default","ast-page-background-meta":{"desktop":{"background-color":"","background-image":"","background-repeat":"repeat","background-position":"center center","background-size":"auto","background-attachment":"scroll","background-type":"","background-media":"","overlay-type":"","overlay-color":"","overlay-opacity":"","overlay-gradient":""},"tablet":{"background-color":"","background-image":"","background-repeat":"repeat","background-position":"center center","background-size":"auto","background-attachment":"scroll","background-type":"","background-media":"","overlay-type":"","overlay-color":"","overlay-opacity":"","overlay-gradient":""},"mobile":{"background-color":"","background-image":"","background-repeat":"repeat","background-position":"center center","background-size":"auto","background-attachment":"scroll","background-type":"","background-media":"","overlay-type":"","overlay-color":"","overlay-opacity":"","overlay-gradient":""}},"ast-content-background-meta":{"desktop":{"background-color":"var(--ast-global-color-5)","background-image":"","background-repeat":"repeat","background-position":"center center","background-size":"auto","background-attachment":"scroll","background-type":"","background-media":"","overlay-type":"","overlay-color":"","overlay-opacity":"","overlay-gradient":""},"tablet":{"background-color":"var(--ast-global-color-5)","background-image":"","background-repeat":"repeat","background-position":"center center","background-size":"auto","background-attachment":"scroll","background-type":"","background-media":"","overlay-type":"","overlay-color":"","overlay-opacity":"","overlay-gradient":""},"mobile":{"background-color":"var(--ast-global-color-5)","background-image":"","background-repeat":"repeat","background-position":"center center","background-size":"auto","background-attachment":"scroll","background-type":"","background-media":"","overlay-type":"","overlay-color":"","overlay-opacity":"","overlay-gradient":""}}},"product_brand":[3279],"product_cat":[3479,3392,3396,3483,3481,3467],"product_tag":[],"class_list":{"0":"post-19245","1":"product","2":"type-product","3":"status-publish","4":"has-post-thumbnail","6":"product_brand-base-360","7":"product_cat-accessoires-pour-le-short-track","8":"product_cat-accessoires-short-track","9":"product_cat-accessories","10":"product_cat-gants","11":"product_cat-gants-pour-short-track","12":"product_cat-patinage-de-vitesse","13":"desktop-align-left","14":"tablet-align-left","15":"mobile-align-left","17":"first","18":"instock","19":"sale","20":"taxable","21":"shipping-taxable","22":"purchasable","23":"product-type-simple"},"acf":[],"_links":{"self":[{"href":"https:\/\/ztsports.com\/fr\/wp-json\/wp\/v2\/product\/19245","targetHints":{"allow":["GET"]}}],"collection":[{"href":"https:\/\/ztsports.com\/fr\/wp-json\/wp\/v2\/product"}],"about":[{"href":"https:\/\/ztsports.com\/fr\/wp-json\/wp\/v2\/types\/product"}],"replies":[{"embeddable":true,"href":"https:\/\/ztsports.com\/fr\/wp-json\/wp\/v2\/comments?post=19245"}],"version-history":[{"count":1,"href":"https:\/\/ztsports.com\/fr\/wp-json\/wp\/v2\/product\/19245\/revisions"}],"predecessor-version":[{"id":19246,"href":"https:\/\/ztsports.com\/fr\/wp-json\/wp\/v2\/product\/19245\/revisions\/19246"}],"wp:featuredmedia":[{"embeddable":true,"href":"https:\/\/ztsports.com\/fr\/wp-json\/wp\/v2\/media\/19247"}],"wp:attachment":[{"href":"https:\/\/ztsports.com\/fr\/wp-json\/wp\/v2\/media?parent=19245"}],"wp:term":[{"taxonomy":"product_brand","embeddable":true,"href":"https:\/\/ztsports.com\/fr\/wp-json\/wp\/v2\/product_brand?post=19245"},{"taxonomy":"product_cat","embeddable":true,"href":"https:\/\/ztsports.com\/fr\/wp-json\/wp\/v2\/product_cat?post=19245"},{"taxonomy":"product_tag","embeddable":true,"href":"https:\/\/ztsports.com\/fr\/wp-json\/wp\/v2\/product_tag?post=19245"}],"curies":[{"name":"wp","href":"https:\/\/api.w.org\/{rel}","templated":true}]}}