{"id":19243,"date":"2021-09-23T02:17:28","date_gmt":"2021-09-23T02:17:28","guid":{"rendered":"https:\/\/ztsports.com\/?post_type=product&#038;p=19243"},"modified":"2026-02-02T20:39:03","modified_gmt":"2026-02-02T20:39:03","slug":"maple-gl-90-bft-lt","status":"publish","type":"product","link":"https:\/\/ztsports.com\/fr\/store\/maple-gl-90-bft-lt\/","title":{"rendered":"MAPLE GL-90-BFT (LT) Long Track Carbon Boot"},"content":{"rendered":"<p>MAPLE GL-90-BFT (LT)<\/p>\n<p>La botte qui s&#8217;adapte parfaitement \u00e0 votre pied apr\u00e8s la m\u00e9thode traditionnelle au four. Cette technologie garantit que vos bottes s&#8217;adaptent facilement et mieux \u00e0 vos pieds, sans perdre de leur solidit\u00e9 apr\u00e8s refroidissement.<\/p>\n<p>The Barefoot technology provides additional comfort. The anatomic shaped boot is equipped with a smooth inside lining to ensure a perfect fit without bumps. De plus, la chaussure est compos\u00e9e \u00e0 100 % de carbone.<\/p>\n<p>La botte Maple GL-90 BFT est une gagnante absolue. La cheville basse combin\u00e9e \u00e0 une coque tr\u00e8s rigide offre suffisamment de libert\u00e9 et de soutien aux patineurs, qu&#8217;il s&#8217;agisse d&#8217;un patineur r\u00e9cr\u00e9atif ou d&#8217;un coureur avanc\u00e9 !<\/p>\n<p>La botte int\u00e9rieure est en cuir v\u00e9ritable. Cela rend la botte tr\u00e8s confortable et prolonge consid\u00e9rablement sa dur\u00e9e de vie ! Le GL-90 BFT est enti\u00e8rement moulable par thermoplastie.<\/p>\n<p>Non seulement la zone du pied et de la cheville, mais aussi l&#8217;avant sont adaptables \u00e0 votre propre pied !<\/p>\n<h4>Description<\/h4>\n<div>\n<p>La botte Maple GL-90 BFT est une gagnante absolue. La cheville basse combin\u00e9e \u00e0 une coque tr\u00e8s rigide offre suffisamment de libert\u00e9 et de soutien aux patineurs, qu&#8217;il s&#8217;agisse d&#8217;un patineur r\u00e9cr\u00e9atif ou d&#8217;un coureur avanc\u00e9 !<\/p>\n<p>La botte int\u00e9rieure est en cuir v\u00e9ritable. Cela rend la botte tr\u00e8s confortable et prolonge consid\u00e9rablement sa dur\u00e9e de vie ! Le GL-90 BFT est enti\u00e8rement moulable par thermoplastie.<\/p>\n<p>Non seulement la zone du pied et de la cheville, mais aussi l&#8217;avant sont adaptables \u00e0 votre propre pied !<\/p>\n<p>&#8211; Convient \u00e0 toutes les lames &#8220;standard&#8221;, qu&#8217;elles soient fixes ou \u00e0 clapet !<\/p>\n<\/div>\n<p><strong>Taille 40 uniquement.<\/strong><\/p>\n<p>Consid\u00e9rez ceci&#8230; <a href=\"https:\/\/www.youtube.com\/watch?v=GopGn7XWqKk&amp;t=22s\" target=\"_blank\" rel=\"noopener\"><strong>Finley A quelle vitesse les patineurs de vitesse longue piste patinent-ils ?<\/strong><\/a><\/p>\n<h5 class=\"style-scope ytd-watch-metadata\">Haralds Silovs speedskating <a href=\"https:\/\/www.youtube.com\/watch?v=vBKOMCjegQ4\" target=\"_blank\" rel=\"noopener\">corner technique in slow-motion<\/a><\/h5>\n<p>Enfin, d\u00e9couvrez toutes nos <a href=\"https:\/\/ztsports.com\/product-category\/long-track\/boots1\/\"><strong>bottes Long Track ici.<\/strong><\/a><\/p>\n","protected":false},"excerpt":{"rendered":"<p>MAPLE GL-90-BFT (LT) La botte qui s&#8217;adapte parfaitement \u00e0 votre pied apr\u00e8s la m\u00e9thode traditionnelle au four. Cette technologie garantit que vos bottes s&#8217;adaptent facilement et mieux \u00e0 vos pieds, sans perdre de leur solidit\u00e9 apr\u00e8s refroidissement. The Barefoot technology provides additional comfort. The anatomic shaped boot is equipped with a smooth inside lining to [&hellip;]<\/p>\n","protected":false},"featured_media":18795,"comment_status":"open","ping_status":"closed","template":"","meta":{"_acf_changed":false,"_monsterinsights_skip_tracking":false,"_monsterinsights_sitenote_active":false,"_monsterinsights_sitenote_note":"","_monsterinsights_sitenote_category":0,"_uf_show_specific_survey":0,"_uf_disable_surveys":false,"site-sidebar-layout":"default","site-content-layout":"","ast-site-content-layout":"default","site-content-style":"default","site-sidebar-style":"default","ast-global-header-display":"","ast-banner-title-visibility":"","ast-main-header-display":"","ast-hfb-above-header-display":"","ast-hfb-below-header-display":"","ast-hfb-mobile-header-display":"","site-post-title":"","ast-breadcrumbs-content":"","ast-featured-img":"","footer-sml-layout":"","ast-disable-related-posts":"","theme-transparent-header-meta":"default","adv-header-id-meta":"","stick-header-meta":"","header-above-stick-meta":"","header-main-stick-meta":"","header-below-stick-meta":"","astra-migrate-meta-layouts":"set","ast-page-background-enabled":"default","ast-page-background-meta":{"desktop":{"background-color":"","background-image":"","background-repeat":"repeat","background-position":"center center","background-size":"auto","background-attachment":"scroll","background-type":"","background-media":"","overlay-type":"","overlay-color":"","overlay-opacity":"","overlay-gradient":""},"tablet":{"background-color":"","background-image":"","background-repeat":"repeat","background-position":"center center","background-size":"auto","background-attachment":"scroll","background-type":"","background-media":"","overlay-type":"","overlay-color":"","overlay-opacity":"","overlay-gradient":""},"mobile":{"background-color":"","background-image":"","background-repeat":"repeat","background-position":"center center","background-size":"auto","background-attachment":"scroll","background-type":"","background-media":"","overlay-type":"","overlay-color":"","overlay-opacity":"","overlay-gradient":""}},"ast-content-background-meta":{"desktop":{"background-color":"var(--ast-global-color-5)","background-image":"","background-repeat":"repeat","background-position":"center center","background-size":"auto","background-attachment":"scroll","background-type":"","background-media":"","overlay-type":"","overlay-color":"","overlay-opacity":"","overlay-gradient":""},"tablet":{"background-color":"var(--ast-global-color-5)","background-image":"","background-repeat":"repeat","background-position":"center center","background-size":"auto","background-attachment":"scroll","background-type":"","background-media":"","overlay-type":"","overlay-color":"","overlay-opacity":"","overlay-gradient":""},"mobile":{"background-color":"var(--ast-global-color-5)","background-image":"","background-repeat":"repeat","background-position":"center center","background-size":"auto","background-attachment":"scroll","background-type":"","background-media":"","overlay-type":"","overlay-color":"","overlay-opacity":"","overlay-gradient":""}}},"product_brand":[3318,3319],"product_cat":[3495,3494,3390],"product_tag":[],"class_list":{"0":"post-19243","1":"product","2":"type-product","3":"status-publish","4":"has-post-thumbnail","6":"product_brand-maple","7":"product_brand-maplez","8":"product_cat-bottes","9":"product_cat-bottes-de-piste-longues","10":"product_cat-longue-piste","11":"desktop-align-left","12":"tablet-align-left","13":"mobile-align-left","15":"first","16":"instock","17":"sale","18":"taxable","19":"shipping-taxable","20":"purchasable","21":"product-type-simple"},"acf":[],"_links":{"self":[{"href":"https:\/\/ztsports.com\/fr\/wp-json\/wp\/v2\/product\/19243","targetHints":{"allow":["GET"]}}],"collection":[{"href":"https:\/\/ztsports.com\/fr\/wp-json\/wp\/v2\/product"}],"about":[{"href":"https:\/\/ztsports.com\/fr\/wp-json\/wp\/v2\/types\/product"}],"replies":[{"embeddable":true,"href":"https:\/\/ztsports.com\/fr\/wp-json\/wp\/v2\/comments?post=19243"}],"version-history":[{"count":1,"href":"https:\/\/ztsports.com\/fr\/wp-json\/wp\/v2\/product\/19243\/revisions"}],"predecessor-version":[{"id":19244,"href":"https:\/\/ztsports.com\/fr\/wp-json\/wp\/v2\/product\/19243\/revisions\/19244"}],"wp:featuredmedia":[{"embeddable":true,"href":"https:\/\/ztsports.com\/fr\/wp-json\/wp\/v2\/media\/18795"}],"wp:attachment":[{"href":"https:\/\/ztsports.com\/fr\/wp-json\/wp\/v2\/media?parent=19243"}],"wp:term":[{"taxonomy":"product_brand","embeddable":true,"href":"https:\/\/ztsports.com\/fr\/wp-json\/wp\/v2\/product_brand?post=19243"},{"taxonomy":"product_cat","embeddable":true,"href":"https:\/\/ztsports.com\/fr\/wp-json\/wp\/v2\/product_cat?post=19243"},{"taxonomy":"product_tag","embeddable":true,"href":"https:\/\/ztsports.com\/fr\/wp-json\/wp\/v2\/product_tag?post=19243"}],"curies":[{"name":"wp","href":"https:\/\/api.w.org\/{rel}","templated":true}]}}