{"id":19241,"date":"2021-09-23T02:17:28","date_gmt":"2021-09-23T02:17:28","guid":{"rendered":"https:\/\/ztsports.com\/?post_type=product&#038;p=19241"},"modified":"2026-02-02T20:38:44","modified_gmt":"2026-02-02T20:38:44","slug":"maple-rl7000-long-track-boot","status":"publish","type":"product","link":"https:\/\/ztsports.com\/fr\/store\/maple-rl7000-long-track-boot\/","title":{"rendered":"MAPLE RL7000 Long Track Boot Closeout"},"content":{"rendered":"<h1>MAPLE RL7000 Long Track Boot Closeout<\/h1>\n<p>Voici la botte MAPLE RL7000 Long Track. Un r\u00eave devenu r\u00e9alit\u00e9 pour tous les patineurs d\u00e9sireux de conqu\u00e9rir le monde exaltant du patinage sur longue piste ! Avec ses performances in\u00e9gal\u00e9es et son prix imbattable, ce mod\u00e8le de la collection de patins Maple change vraiment la donne. En plus d&#8217;\u00eatre fabriqu\u00e9e avec pr\u00e9cision et expertise, cette chaussure b\u00e9n\u00e9ficie d&#8217;une solide construction en fibre de verre qui lui assure une durabilit\u00e9 maximale et donc une long\u00e9vit\u00e9 sur la glace. La doublure int\u00e9rieure en microfibre offre non seulement un confort exceptionnel, mais am\u00e9liore \u00e9galement votre exp\u00e9rience globale du patinage en offrant un soutien sup\u00e9rieur et un ajustement pr\u00e9cis.<\/p>\n<p>Dites adieu \u00e0 l&#8217;inconfort et bonjour au pur bonheur en glissant sans effort sur l&#8217;\u00e9tendue glac\u00e9e. Que vous soyez un amateur enthousiaste ou un professionnel chevronn\u00e9. La botte MAPLE RL7000 Long Track d\u00e9passera toutes vos attentes. En outre, son prix avantageux en fait un choix s\u00e9duisant. Les patineurs de tous \u00e2ges et de tous niveaux qui veulent s&#8217;offrir le luxe sans se ruiner. Alors, lacez ces bottes haut de gamme, profitez de la vitesse comme jamais auparavant et laissez-vous emporter dans un monde o\u00f9 l&#8217;agilit\u00e9 rencontre l&#8217;\u00e9l\u00e9gance sur des surfaces de glace immacul\u00e9es.<\/p>\n<p>Avec son design \u00e9l\u00e9gant et ses capacit\u00e9s de performance in\u00e9gal\u00e9es, il n&#8217;est pas \u00e9tonnant que les athl\u00e8tes professionnels du monde entier fassent confiance \u00e0 la collection de patins Maple.<\/p>\n<p>Tailles : <strong>35, 41, 43<\/strong> Seulement.<\/p>\n<p><a href=\"https:\/\/www.youtube.com\/watch?v=GopGn7XWqKk&amp;t=22s\" target=\"_blank\" rel=\"noopener\"><strong>Finley A quelle vitesse les patineurs de vitesse longue piste patinent-ils ?<\/strong><\/a> | Il s&#8217;agit d&#8217;une question \u00e0 laquelle il faut r\u00e9fl\u00e9chir.<\/p>\n<h4 class=\"style-scope ytd-watch-metadata\">Haralds Silovs speedskating <a href=\"https:\/\/www.youtube.com\/watch?v=vBKOMCjegQ4\" target=\"_blank\" rel=\"noopener\">corner technique in slow-motion<\/a><\/h4>\n<pre id=\"tw-target-text\" class=\"tw-data-text tw-text-large tw-ta\" dir=\"ltr\" data-placeholder=\"Translation\">Lastly you can see all our <strong><a href=\"https:\/\/ztsports.com\/product-category\/long-track\/boots1\/\">Long Track Boots<\/a><\/strong> here<\/pre>\n","protected":false},"excerpt":{"rendered":"<p>MAPLE RL7000 Long Track Boot Closeout Voici la botte MAPLE RL7000 Long Track. Un r\u00eave devenu r\u00e9alit\u00e9 pour tous les patineurs d\u00e9sireux de conqu\u00e9rir le monde exaltant du patinage sur longue piste ! Avec ses performances in\u00e9gal\u00e9es et son prix imbattable, ce mod\u00e8le de la collection de patins Maple change vraiment la donne. En plus [&hellip;]<\/p>\n","protected":false},"featured_media":18790,"comment_status":"open","ping_status":"closed","template":"","meta":{"_acf_changed":false,"_monsterinsights_skip_tracking":false,"_monsterinsights_sitenote_active":false,"_monsterinsights_sitenote_note":"","_monsterinsights_sitenote_category":0,"_uf_show_specific_survey":0,"_uf_disable_surveys":false,"site-sidebar-layout":"default","site-content-layout":"","ast-site-content-layout":"default","site-content-style":"default","site-sidebar-style":"default","ast-global-header-display":"","ast-banner-title-visibility":"","ast-main-header-display":"","ast-hfb-above-header-display":"","ast-hfb-below-header-display":"","ast-hfb-mobile-header-display":"","site-post-title":"","ast-breadcrumbs-content":"","ast-featured-img":"","footer-sml-layout":"","ast-disable-related-posts":"","theme-transparent-header-meta":"default","adv-header-id-meta":"","stick-header-meta":"","header-above-stick-meta":"","header-main-stick-meta":"","header-below-stick-meta":"","astra-migrate-meta-layouts":"set","ast-page-background-enabled":"default","ast-page-background-meta":{"desktop":{"background-color":"","background-image":"","background-repeat":"repeat","background-position":"center center","background-size":"auto","background-attachment":"scroll","background-type":"","background-media":"","overlay-type":"","overlay-color":"","overlay-opacity":"","overlay-gradient":""},"tablet":{"background-color":"","background-image":"","background-repeat":"repeat","background-position":"center center","background-size":"auto","background-attachment":"scroll","background-type":"","background-media":"","overlay-type":"","overlay-color":"","overlay-opacity":"","overlay-gradient":""},"mobile":{"background-color":"","background-image":"","background-repeat":"repeat","background-position":"center center","background-size":"auto","background-attachment":"scroll","background-type":"","background-media":"","overlay-type":"","overlay-color":"","overlay-opacity":"","overlay-gradient":""}},"ast-content-background-meta":{"desktop":{"background-color":"var(--ast-global-color-5)","background-image":"","background-repeat":"repeat","background-position":"center center","background-size":"auto","background-attachment":"scroll","background-type":"","background-media":"","overlay-type":"","overlay-color":"","overlay-opacity":"","overlay-gradient":""},"tablet":{"background-color":"var(--ast-global-color-5)","background-image":"","background-repeat":"repeat","background-position":"center center","background-size":"auto","background-attachment":"scroll","background-type":"","background-media":"","overlay-type":"","overlay-color":"","overlay-opacity":"","overlay-gradient":""},"mobile":{"background-color":"var(--ast-global-color-5)","background-image":"","background-repeat":"repeat","background-position":"center center","background-size":"auto","background-attachment":"scroll","background-type":"","background-media":"","overlay-type":"","overlay-color":"","overlay-opacity":"","overlay-gradient":""}}},"product_brand":[3318],"product_cat":[3495,3494,3390],"product_tag":[3636,3427,3496,2009],"class_list":{"0":"post-19241","1":"product","2":"type-product","3":"status-publish","4":"has-post-thumbnail","6":"product_brand-maple","7":"product_cat-bottes","8":"product_cat-bottes-de-piste-longues","9":"product_cat-longue-piste","10":"product_tag-botte-longue-piste","11":"product_tag-equipement-de-patinage-de-vitesse","12":"product_tag-longue-piste","13":"product_tag-maple-rl7000","14":"desktop-align-left","15":"tablet-align-left","16":"mobile-align-left","18":"first","19":"instock","20":"sale","21":"featured","22":"taxable","23":"shipping-taxable","24":"purchasable","25":"product-type-simple"},"acf":[],"_links":{"self":[{"href":"https:\/\/ztsports.com\/fr\/wp-json\/wp\/v2\/product\/19241","targetHints":{"allow":["GET"]}}],"collection":[{"href":"https:\/\/ztsports.com\/fr\/wp-json\/wp\/v2\/product"}],"about":[{"href":"https:\/\/ztsports.com\/fr\/wp-json\/wp\/v2\/types\/product"}],"replies":[{"embeddable":true,"href":"https:\/\/ztsports.com\/fr\/wp-json\/wp\/v2\/comments?post=19241"}],"version-history":[{"count":1,"href":"https:\/\/ztsports.com\/fr\/wp-json\/wp\/v2\/product\/19241\/revisions"}],"predecessor-version":[{"id":19242,"href":"https:\/\/ztsports.com\/fr\/wp-json\/wp\/v2\/product\/19241\/revisions\/19242"}],"wp:featuredmedia":[{"embeddable":true,"href":"https:\/\/ztsports.com\/fr\/wp-json\/wp\/v2\/media\/18790"}],"wp:attachment":[{"href":"https:\/\/ztsports.com\/fr\/wp-json\/wp\/v2\/media?parent=19241"}],"wp:term":[{"taxonomy":"product_brand","embeddable":true,"href":"https:\/\/ztsports.com\/fr\/wp-json\/wp\/v2\/product_brand?post=19241"},{"taxonomy":"product_cat","embeddable":true,"href":"https:\/\/ztsports.com\/fr\/wp-json\/wp\/v2\/product_cat?post=19241"},{"taxonomy":"product_tag","embeddable":true,"href":"https:\/\/ztsports.com\/fr\/wp-json\/wp\/v2\/product_tag?post=19241"}],"curies":[{"name":"wp","href":"https:\/\/api.w.org\/{rel}","templated":true}]}}