{"id":19239,"date":"2021-09-23T02:17:29","date_gmt":"2021-09-23T02:17:29","guid":{"rendered":"https:\/\/ztsports.com\/?post_type=product&#038;p=19239"},"modified":"2026-02-02T20:38:26","modified_gmt":"2026-02-02T20:38:26","slug":"maple-sl800-long-track-boot-bft","status":"publish","type":"product","link":"https:\/\/ztsports.com\/fr\/store\/maple-sl800-long-track-boot-bft\/","title":{"rendered":"MAPLE SL800 Long Track Boot BFT Closeout"},"content":{"rendered":"<h1>MAPLE SL800 Long Track Boot BFT Closeout<\/h1>\n<p>Les bottes MAPLE SL800 Long Track sont un cran au-dessus des bottes Maple RL-7000 d&#8217;entr\u00e9e de gamme. Les bottes Maple SL-800 Long Track sont les bottes de niveau interm\u00e9diaire de Maple. Leur conception pour les patineurs de vitesse avanc\u00e9s. Il s&#8217;agit de bottes plus larges et plus anatomiques, offrant une coque de talon pr\u00e9form\u00e9e et une zone de tendon.<\/p>\n<p>En outre, les bottes SL-800 de Maple sont dot\u00e9es de la <strong>technologie Barefoot (BFT<\/strong> ). Doublure en microfibre pour une tenue et une adh\u00e9rence optimales. Assure que votre pied ne bouge pas lorsque vous patinez. Le bas de la manchette et la hauteur de l&#8217;\u00e9chancrure du talon d&#8217;Achille donnent aux bottes SL-800 une meilleure flexion de la cheville sur la glace.<\/p>\n<p>De plus, la technologie Hot Water Molding utilise de l&#8217;eau chaude pour chauffer uniform\u00e9ment la botte, ce qui permet d&#8217;obtenir un ajustement personnalis\u00e9 et uniforme. Les bottes SL-800 de Maple sont fabriqu\u00e9es en fibre de carbone et en fibre de verre, ce qui permet d&#8217;obtenir des bottes non seulement l\u00e9g\u00e8res, mais aussi solides.<\/p>\n<p>La botte s&#8217;adapte parfaitement \u00e0 votre pied apr\u00e8s avoir \u00e9t\u00e9 moul\u00e9e selon la<strong> m\u00e9thode traditionnelle au four<\/strong>.<\/p>\n<p>La chaussure est compos\u00e9e de fibres de carbone et de verre. The Barefoot technology provides additional comfort. La botte de forme anatomique est \u00e9quip\u00e9e d&#8217;une doublure int\u00e9rieure lisse qui garantit un ajustement parfait sans asp\u00e9rit\u00e9s.<\/p>\n<p>REG 479.99$ CLOSEOUT $279.99 <strong>Taille 38 et 42 seulement<\/strong>.<\/p>\n<p><a href=\"https:\/\/www.youtube.com\/watch?v=GopGn7XWqKk&amp;t=22s\" target=\"_blank\" rel=\"noopener\"><strong>\u00c0 quelle vitesse les patineurs de vitesse longue piste patinent-ils ?<\/strong><\/a> | Il s&#8217;agit d&#8217;une question \u00e0 laquelle il faut r\u00e9fl\u00e9chir.<\/p>\n<h5 class=\"style-scope ytd-watch-metadata\">Haralds Silovs speedskating <a href=\"https:\/\/www.youtube.com\/watch?v=vBKOMCjegQ4\" target=\"_blank\" rel=\"noopener\">corner technique in slow-motion<\/a><\/h5>\n<pre id=\"tw-target-text\" class=\"tw-data-text tw-text-large tw-ta\" dir=\"ltr\" data-placeholder=\"Translation\">Lastly you can see all our <strong><a href=\"https:\/\/ztsports.com\/product-category\/long-track\/boots1\/\">Long Track Boots<\/a><\/strong> here<\/pre>\n","protected":false},"excerpt":{"rendered":"<p>MAPLE SL800 Long Track Boot BFT Closeout Les bottes MAPLE SL800 Long Track sont un cran au-dessus des bottes Maple RL-7000 d&#8217;entr\u00e9e de gamme. Les bottes Maple SL-800 Long Track sont les bottes de niveau interm\u00e9diaire de Maple. Leur conception pour les patineurs de vitesse avanc\u00e9s. Il s&#8217;agit de bottes plus larges et plus anatomiques, [&hellip;]<\/p>\n","protected":false},"featured_media":18786,"comment_status":"open","ping_status":"closed","template":"","meta":{"_acf_changed":false,"_monsterinsights_skip_tracking":false,"_monsterinsights_sitenote_active":false,"_monsterinsights_sitenote_note":"","_monsterinsights_sitenote_category":0,"_uf_show_specific_survey":0,"_uf_disable_surveys":false,"site-sidebar-layout":"default","site-content-layout":"","ast-site-content-layout":"default","site-content-style":"default","site-sidebar-style":"default","ast-global-header-display":"","ast-banner-title-visibility":"","ast-main-header-display":"","ast-hfb-above-header-display":"","ast-hfb-below-header-display":"","ast-hfb-mobile-header-display":"","site-post-title":"","ast-breadcrumbs-content":"","ast-featured-img":"","footer-sml-layout":"","ast-disable-related-posts":"","theme-transparent-header-meta":"default","adv-header-id-meta":"","stick-header-meta":"","header-above-stick-meta":"","header-main-stick-meta":"","header-below-stick-meta":"","astra-migrate-meta-layouts":"set","ast-page-background-enabled":"default","ast-page-background-meta":{"desktop":{"background-color":"","background-image":"","background-repeat":"repeat","background-position":"center center","background-size":"auto","background-attachment":"scroll","background-type":"","background-media":"","overlay-type":"","overlay-color":"","overlay-opacity":"","overlay-gradient":""},"tablet":{"background-color":"","background-image":"","background-repeat":"repeat","background-position":"center center","background-size":"auto","background-attachment":"scroll","background-type":"","background-media":"","overlay-type":"","overlay-color":"","overlay-opacity":"","overlay-gradient":""},"mobile":{"background-color":"","background-image":"","background-repeat":"repeat","background-position":"center center","background-size":"auto","background-attachment":"scroll","background-type":"","background-media":"","overlay-type":"","overlay-color":"","overlay-opacity":"","overlay-gradient":""}},"ast-content-background-meta":{"desktop":{"background-color":"var(--ast-global-color-5)","background-image":"","background-repeat":"repeat","background-position":"center center","background-size":"auto","background-attachment":"scroll","background-type":"","background-media":"","overlay-type":"","overlay-color":"","overlay-opacity":"","overlay-gradient":""},"tablet":{"background-color":"var(--ast-global-color-5)","background-image":"","background-repeat":"repeat","background-position":"center center","background-size":"auto","background-attachment":"scroll","background-type":"","background-media":"","overlay-type":"","overlay-color":"","overlay-opacity":"","overlay-gradient":""},"mobile":{"background-color":"var(--ast-global-color-5)","background-image":"","background-repeat":"repeat","background-position":"center center","background-size":"auto","background-attachment":"scroll","background-type":"","background-media":"","overlay-type":"","overlay-color":"","overlay-opacity":"","overlay-gradient":""}}},"product_brand":[3318,3319],"product_cat":[3495,3494,3390],"product_tag":[2010,3636,3427,3496,2011,3497],"class_list":{"0":"post-19239","1":"product","2":"type-product","3":"status-publish","4":"has-post-thumbnail","6":"product_brand-maple","7":"product_brand-maplez","8":"product_cat-bottes","9":"product_cat-bottes-de-piste-longues","10":"product_cat-longue-piste","11":"product_tag-bft","12":"product_tag-botte-longue-piste","13":"product_tag-equipement-de-patinage-de-vitesse","14":"product_tag-longue-piste","15":"product_tag-maple-sl800","16":"product_tag-patinage-de-vitesse","17":"desktop-align-left","18":"tablet-align-left","19":"mobile-align-left","21":"first","22":"instock","23":"sale","24":"taxable","25":"shipping-taxable","26":"purchasable","27":"product-type-simple"},"acf":[],"_links":{"self":[{"href":"https:\/\/ztsports.com\/fr\/wp-json\/wp\/v2\/product\/19239","targetHints":{"allow":["GET"]}}],"collection":[{"href":"https:\/\/ztsports.com\/fr\/wp-json\/wp\/v2\/product"}],"about":[{"href":"https:\/\/ztsports.com\/fr\/wp-json\/wp\/v2\/types\/product"}],"replies":[{"embeddable":true,"href":"https:\/\/ztsports.com\/fr\/wp-json\/wp\/v2\/comments?post=19239"}],"version-history":[{"count":1,"href":"https:\/\/ztsports.com\/fr\/wp-json\/wp\/v2\/product\/19239\/revisions"}],"predecessor-version":[{"id":19240,"href":"https:\/\/ztsports.com\/fr\/wp-json\/wp\/v2\/product\/19239\/revisions\/19240"}],"wp:featuredmedia":[{"embeddable":true,"href":"https:\/\/ztsports.com\/fr\/wp-json\/wp\/v2\/media\/18786"}],"wp:attachment":[{"href":"https:\/\/ztsports.com\/fr\/wp-json\/wp\/v2\/media?parent=19239"}],"wp:term":[{"taxonomy":"product_brand","embeddable":true,"href":"https:\/\/ztsports.com\/fr\/wp-json\/wp\/v2\/product_brand?post=19239"},{"taxonomy":"product_cat","embeddable":true,"href":"https:\/\/ztsports.com\/fr\/wp-json\/wp\/v2\/product_cat?post=19239"},{"taxonomy":"product_tag","embeddable":true,"href":"https:\/\/ztsports.com\/fr\/wp-json\/wp\/v2\/product_tag?post=19239"}],"curies":[{"name":"wp","href":"https:\/\/api.w.org\/{rel}","templated":true}]}}